{"id":105,"date":"2017-05-18T16:01:02","date_gmt":"2017-05-18T14:01:02","guid":{"rendered":"http:\/\/autismeurope.akimedia.eu\/?page_id=105&#038;lang=fr"},"modified":"2019-11-06T09:45:05","modified_gmt":"2019-11-06T08:45:05","slug":"que-faisons-nous","status":"publish","type":"page","link":"https:\/\/www.autismeurope.org\/fr\/que-faisons-nous\/","title":{"rendered":"Que faisons-nous"},"content":{"rendered":"<p><span style=\"font-size: 12pt\">Nous collaborons avec nos membres pour\u00a0:<\/span><\/p>\n<ul>\n<li><span style=\"font-size: 12pt\">d\u00e9fendre et faire valoir les droits des personnes autistes aupr\u00e8s des institutions europ\u00e9ennes\u00a0;<\/span><\/li>\n<li><span style=\"font-size: 12pt\">surveiller les lois et politiques europ\u00e9ennes ;<\/span><\/li>\n<li><span style=\"font-size: 12pt\">promouvoir une prise en charge, une \u00e9ducation, une formation et de l\u2019emploi adapt\u00e9s, le soutien dans les t\u00e2ches quotidiennes, des services m\u00e9dicaux et sociaux adapt\u00e9s, un diagnostic professionnel, une intervention pr\u00e9coce, une protection face \u00e0 la discrimination ainsi que l\u2019inclusion sociale afin de garantir le bien-\u00eatre des personnes autistes\u00a0;<\/span><\/li>\n<li><span style=\"font-size: 12pt\">promouvoir l\u2019\u00e9change d\u2019informations, de bonnes pratiques et d\u2019exp\u00e9riences dans le domaine de l\u2019autisme\u00a0;<\/span><\/li>\n<li><span style=\"font-size: 12pt\">sensibiliser \u00e0 l\u2019autisme.<\/span><\/li>\n<\/ul>\n<p><span style=\"font-size: 12pt\">Tous les trois ans, <a href=\"https:\/\/www.autismeurope.org\/fr\/que-faisons-nous\/congres-internationaux\/\" target=\"_blank\" rel=\"noopener noreferrer\">nous organisons un congr\u00e8s<\/a> afin de diss\u00e9miner les r\u00e9sultats des toutes derni\u00e8res recherches ainsi que les bonnes pratiques, notamment en termes de th\u00e9rapies, de soutien, d\u2019inclusion sociale et de prestations de services.<\/span><\/p>\n<p><span style=\"font-size: 12pt\">Nous publions notre <a href=\"http:\/\/autismeurope.akimedia.eu\/fr\/que-faisons-nous\/magazine-link\/\" target=\"_blank\" rel=\"noopener noreferrer\">magazine LINK<\/a>, des bulletins d\u2019information \u00e9lectroniques, des rapports de recherche, des documents de position et des boite-\u00e0-outils pour d\u00e9fendre les droits des personnes autistes\u00a0;<\/span><\/p>\n<p><span style=\"font-size: 12pt\">Chaque ann\u00e9e, nous collaborons avec nos membres pour mener nos <a href=\"https:\/\/www.autismeurope.org\/fr\/que-faisons-nous\/journee-mondiale-de-sensibilisation-a-lautisme\/\" target=\"_blank\" rel=\"noopener noreferrer\">campagnes de sensibilisation<\/a> dans le cadre de la Journ\u00e9e Mondiale de Sensibilisation \u00e0 l\u2019Autisme (2 avril).<\/span><\/p>\n","protected":false},"excerpt":{"rendered":"<p>Nous collaborons avec nos membres pour\u00a0: d\u00e9fendre et faire valoir les droits des personnes autistes aupr\u00e8s des institutions europ\u00e9ennes\u00a0; surveiller les lois et politiques europ\u00e9ennes ; promouvoir une prise en &hellip; <\/p>\n<p class=\"link-more\"><a href=\"https:\/\/www.autismeurope.org\/fr\/que-faisons-nous\/\" class=\"more-link\">Continue reading<span class=\"screen-reader-text\"> \u00ab\u00a0Que faisons-nous\u00a0\u00bb<\/span><\/a><\/p>\n","protected":false},"author":1,"featured_media":0,"parent":0,"menu_order":0,"comment_status":"closed","ping_status":"closed","template":"","meta":{"_acf_changed":false,"_bbp_topic_count":0,"_bbp_reply_count":0,"_bbp_total_topic_count":0,"_bbp_total_reply_count":0,"_bbp_voice_count":0,"_bbp_anonymous_reply_count":0,"_bbp_topic_count_hidden":0,"_bbp_reply_count_hidden":0,"_bbp_forum_subforum_count":0,"footnotes":""},"class_list":["post-105","page","type-page","status-publish","hentry"],"acf":[],"_links":{"self":[{"href":"https:\/\/www.autismeurope.org\/fr\/wp-json\/wp\/v2\/pages\/105","targetHints":{"allow":["GET"]}}],"collection":[{"href":"https:\/\/www.autismeurope.org\/fr\/wp-json\/wp\/v2\/pages"}],"about":[{"href":"https:\/\/www.autismeurope.org\/fr\/wp-json\/wp\/v2\/types\/page"}],"author":[{"embeddable":true,"href":"https:\/\/www.autismeurope.org\/fr\/wp-json\/wp\/v2\/users\/1"}],"replies":[{"embeddable":true,"href":"https:\/\/www.autismeurope.org\/fr\/wp-json\/wp\/v2\/comments?post=105"}],"version-history":[{"count":5,"href":"https:\/\/www.autismeurope.org\/fr\/wp-json\/wp\/v2\/pages\/105\/revisions"}],"predecessor-version":[{"id":32465,"href":"https:\/\/www.autismeurope.org\/fr\/wp-json\/wp\/v2\/pages\/105\/revisions\/32465"}],"wp:attachment":[{"href":"https:\/\/www.autismeurope.org\/fr\/wp-json\/wp\/v2\/media?parent=105"}],"curies":[{"name":"wp","href":"https:\/\/api.w.org\/{rel}","templated":true}]}}