{"id":106,"date":"2017-05-18T16:00:51","date_gmt":"2017-05-18T14:00:51","guid":{"rendered":"http:\/\/autismeurope.akimedia.eu\/?page_id=106&#038;lang=fr"},"modified":"2020-02-06T10:58:10","modified_gmt":"2020-02-06T09:58:10","slug":"qui-sommes-nous","status":"publish","type":"page","link":"https:\/\/www.autismeurope.org\/fr\/qui-sommes-nous\/","title":{"rendered":"Qui sommes-nous"},"content":{"rendered":"<p><span style=\"font-size: 12pt\">Autisme-Europe assure une coordination efficace entre pr\u00e8s de 90 associations de l&rsquo;autisme membres dans une trentaine de pays europ\u00e9ens \u2013 dont 25 Etats membres de l\u2019Union Europ\u00e9enne, les gouvernements et les institutions europ\u00e9ennes et internationales.<\/span><\/p>\n<p><span style=\"font-size: 12pt\">Autisme-Europe joue un r\u00f4le cl\u00e9 dans la sensibilisation du public et des d\u00e9cideurs europ\u00e9ens \u00e0 la probl\u00e9matique de l\u2019autisme et dans la promotion des droits des personnes autistes.<\/span><\/p>\n<p><span style=\"font-size: 12pt\">Les auto-repr\u00e9sentants et les parents jouent un r\u00f4le essentiel au sein de notre organisation, celui de garantir que notre travail refl\u00e8te bien les points de vue et int\u00e9r\u00eats des personnes autistes.\u00a0<\/span><\/p>\n<p><span style=\"font-size: 12pt\">Autisme-Europe a \u00e9tabli un dialogue structur\u00e9 avec les institutions europ\u00e9ennes et entretient aussi des contacts avec l\u2019<a href=\"http:\/\/www.who.int\/fr\/\" target=\"_blank\" rel=\"noopener noreferrer\">Organisation Mondiale de la Sant\u00e9<\/a>\u00a0(OMS).<\/span><\/p>\n<p><span style=\"font-size: 12pt\">Autisme-Europe b\u00e9n\u00e9ficie d\u2019un statut participatif au sein du\u00a0<a href=\"http:\/\/www.coe.int\/fr\/web\/portal\/home\">Conseil de l\u2019Europe<\/a>. En juillet 2002, Autisme-Europe, avec l\u2019appui du\u00a0<a href=\"http:\/\/www.coe.int\/t\/dghl\/monitoring\/socialcharter\/ecsr\/ecsrdefault_FR.asp?\" target=\"_blank\" rel=\"noopener noreferrer\">Comit\u00e9 europ\u00e9en des droits sociaux<\/a>, a introduit une r\u00e9clamation collective, devenant ainsi la premi\u00e8re ONG dans le domaine du handicap \u00e0 entreprendre ce type d\u2019action.<\/span><\/p>\n<blockquote><p><span style=\"font-size: 12pt\"><a href=\"https:\/\/www.autismeurope.org\/wp-content\/uploads\/2019\/08\/Autism-Europe_compressed.pdf\" target=\"_blank\" rel=\"noopener noreferrer\"><strong>T\u00e9l\u00e9chargez notre d\u00e9pliant de pr\u00e9sentation (en anglais)<\/strong><\/a><\/span><\/p><\/blockquote>\n<p><span style=\"font-size: 12pt\">Ce d\u00e9pliant fournit un aper\u00e7u de la mission, du travail et des acquis d\u2019Autisme-Europe ainsi que ses donn\u00e9es de contact.<\/span><\/p>\n<blockquote><p><span style=\"font-size: 12pt\"><strong>For further information:<\/strong><\/span><br \/>\n<span style=\"font-size: 12pt\"> <strong>Addresse :<\/strong>\u00a0Rue Montoyer 39- Brussels<\/span><br \/>\n<span style=\"font-size: 12pt\"> <strong>Phone :<\/strong>\u00a0+32 \u00a0(0)2675 75 05<\/span><br \/>\n<span style=\"font-size: 12pt\"> <strong>Website :<\/strong>\u00a0www.autismeurope.org<\/span><\/p><\/blockquote>\n","protected":false},"excerpt":{"rendered":"<p>Autisme-Europe assure une coordination efficace entre pr\u00e8s de 90 associations de l&rsquo;autisme membres dans une trentaine de pays europ\u00e9ens \u2013 dont 25 Etats membres de l\u2019Union Europ\u00e9enne, les gouvernements et &hellip; <\/p>\n<p class=\"link-more\"><a href=\"https:\/\/www.autismeurope.org\/fr\/qui-sommes-nous\/\" class=\"more-link\">Continue reading<span class=\"screen-reader-text\"> \u00ab\u00a0Qui sommes-nous\u00a0\u00bb<\/span><\/a><\/p>\n","protected":false},"author":1,"featured_media":0,"parent":0,"menu_order":0,"comment_status":"closed","ping_status":"closed","template":"","meta":{"_acf_changed":false,"_bbp_topic_count":0,"_bbp_reply_count":0,"_bbp_total_topic_count":0,"_bbp_total_reply_count":0,"_bbp_voice_count":0,"_bbp_anonymous_reply_count":0,"_bbp_topic_count_hidden":0,"_bbp_reply_count_hidden":0,"_bbp_forum_subforum_count":0,"footnotes":""},"class_list":["post-106","page","type-page","status-publish","hentry"],"acf":[],"_links":{"self":[{"href":"https:\/\/www.autismeurope.org\/fr\/wp-json\/wp\/v2\/pages\/106","targetHints":{"allow":["GET"]}}],"collection":[{"href":"https:\/\/www.autismeurope.org\/fr\/wp-json\/wp\/v2\/pages"}],"about":[{"href":"https:\/\/www.autismeurope.org\/fr\/wp-json\/wp\/v2\/types\/page"}],"author":[{"embeddable":true,"href":"https:\/\/www.autismeurope.org\/fr\/wp-json\/wp\/v2\/users\/1"}],"replies":[{"embeddable":true,"href":"https:\/\/www.autismeurope.org\/fr\/wp-json\/wp\/v2\/comments?post=106"}],"version-history":[{"count":9,"href":"https:\/\/www.autismeurope.org\/fr\/wp-json\/wp\/v2\/pages\/106\/revisions"}],"predecessor-version":[{"id":43221,"href":"https:\/\/www.autismeurope.org\/fr\/wp-json\/wp\/v2\/pages\/106\/revisions\/43221"}],"wp:attachment":[{"href":"https:\/\/www.autismeurope.org\/fr\/wp-json\/wp\/v2\/media?parent=106"}],"curies":[{"name":"wp","href":"https:\/\/api.w.org\/{rel}","templated":true}]}}