{"id":24474,"date":"2017-11-17T11:50:54","date_gmt":"2017-11-17T10:50:54","guid":{"rendered":"http:\/\/www.autismeurope.org\/fr\/?page_id=24474"},"modified":"2018-02-13T13:06:55","modified_gmt":"2018-02-13T12:06:55","slug":"protection-contre-les-violences","status":"publish","type":"page","link":"https:\/\/www.autismeurope.org\/fr\/que-faisons-nous\/domaines-activite\/protection-contre-les-violences\/","title":{"rendered":"Protection contre les violences"},"content":{"rendered":"<p><span style=\"font-size: 12pt\">Les personnes autistes ont des difficult\u00e9s \u00e0 communiquer et \u00e0 interagir socialement, ce qui signifie que leur capacit\u00e9 \u00e0 reconnaitre ou \u00e0 rapporter des signes potentiels d\u2019abus et violences peut \u00eatre affect\u00e9e \u00e0 divers degr\u00e9s. En l\u2019occurrence, les personnes autistes sont des cibles plus faciles pour les abus et les mauvais traitements. Parfois les personnes autistes deviennent \u00e9galement la cible de crimes juste en raison de leur handicap (<em>hate crime<\/em>).<\/span><\/p>\n<p><span style=\"font-size: 12pt\">Leur inclination \u00e0 respecter scrupuleusement les r\u00e8gles et consignes, parfois \u00e0 outrance, est un autre facteur de risque qui les rend plus vuln\u00e9rables aux violences et abus. Nous enseignons aux enfants, d\u00e8s leur plus jeune \u00e2ge, \u00e0 ob\u00e9ir \u00e0 leurs parents et \u00e0 d\u2019autres adultes mais ces r\u00e8gles comportent des nuances qui peuvent pr\u00eater \u00e0 confusion.<\/span><\/p>\n<p><span style=\"font-size: 12pt\">Dans certains cas, un manque de connaissance de l\u2019autisme peut \u00e9galement entra\u00eener des cas de maltraitances, m\u00eame en l\u2019absence de mauvaises intentions. Par exemple, les personnes autistes peuvent \u00eatre soumises \u00e0 des \u00ab\u00a0cures\u00a0\u00bb ou des \u00a0th\u00e9rapies non \u00e9thiques et non bas\u00e9es la preuve scientifique, dispens\u00e9es par des professionnels non form\u00e9s, voire par les membres de la famille, bien que les intentions de ceux-ci soient bonnes. Ces th\u00e9rapies se r\u00e9v\u00e8lent alors inefficaces, voire parfois m\u00eame tr\u00e8s dangereuses pour la personne autiste, et la privent de recevoir un soutien ad\u00e9quat qui lui permettrait de d\u00e9velopper son potentiel. \u00a0<\/span><\/p>\n<p><span style=\"font-size: 12pt\">Ce n&rsquo;est pas seulement le risque de souffrir de violences qui est accentu\u00e9 chez les personnes autistes. Les personnes autistes peuvent \u00e9galement, \u00e0 certains moments et sans le savoir, devenir des auteurs d\u2019actes de violence envers les autres. C\u2019est souvent en raison d\u2019un manque de compr\u00e9hension quant aux barri\u00e8res personnelles ou au comportement \u00e0 adopter en fonction du contexte. Par cons\u00e9quent, Autisme-Europe participe \u00e0 des projets qui favorisent l\u2019acc\u00e8s \u00e0 l\u2019\u00e9ducation, notamment en mati\u00e8re d\u2019\u00e9ducation sexuelle.<\/span><\/p>\n<h2><span style=\"font-size: 14pt\"><strong>Projets li\u00e9s \u00e0 la protection contre les violences<\/strong><\/span><\/h2>\n<blockquote><p><span style=\"font-size: 12pt\"><strong><a href=\"http:\/\/www.autismeurope.org\/project-trase-training-in-sexual-education-for-people-with-disabilities-2015-2017\/\" target=\"_blank\" rel=\"noopener\">Projet TRASE (2015-2017)<\/a><\/strong><\/span><\/p>\n<p><span style=\"font-size: 12pt\"><strong><a href=\"http:\/\/www.autismeurope.org\/speak-up-project-system-for-protection-and-empowerment-of-autistic-child-as-victim-of-abuse-or-unintentional-perpetrator-2013-2015\/\" target=\"_blank\" rel=\"noopener\">Projet Speak Up (2013-2015)<\/a><\/strong><\/span><\/p>\n<p><span style=\"font-size: 12pt\"><a href=\"http:\/\/www.autismeurope.org\/fr\/blog\/1997\/02\/13\/daphne-project-1997-1998\/\" target=\"_blank\" rel=\"noopener\"><strong>Projet DAPHNE (1997-1998)<\/strong><\/a><\/span><\/p><\/blockquote>\n<h2><span style=\"font-size: 14pt\"><strong>Publications li\u00e9es<\/strong><\/span><\/h2>\n<blockquote>\n<p class=\"entry-title\"><span style=\"font-size: 12pt\"><strong><a href=\"http:\/\/www.autismeurope.org\/fr\/blog\/1998\/09\/30\/code-de-bonnes-pratiques-pour-la-prevention-de-la-violence-contre-les-personnes-autistes\/\" target=\"_blank\" rel=\"noopener\">Code de bonnes pratiques pour la pr\u00e9vention de la violence contre les personnes autistes<\/a><\/strong><\/span><\/p>\n<p class=\"entry-title\"><span style=\"font-size: 12pt\"><strong><a href=\"http:\/\/www.autismeurope.org\/fr\/blog\/2015\/07\/14\/prevention-et-reduction-de-la-violence-commise-par-les-enfants-et-les-jeunes-personnes-autistes\/\" target=\"_blank\" rel=\"noopener\">Pr\u00e9vention et r\u00e9duction de la violence commise par les enfants et les jeunes personnes autistes<\/a><\/strong><\/span><\/p>\n<p class=\"entry-title\"><span style=\"font-size: 12pt\"><strong><a href=\"http:\/\/www.autismeurope.org\/fr\/blog\/2015\/07\/15\/la-protection-des-enfants-et-des-jeunes-personnes-autistes-contre-la-violence-et-les-abus\/\" target=\"_blank\" rel=\"noopener\">La protection des enfants et des jeunes personnes autistes contre la violence et les abus<\/a><\/strong><\/span><\/p>\n<\/blockquote>\n","protected":false},"excerpt":{"rendered":"<p>Les personnes autistes ont des difficult\u00e9s \u00e0 communiquer et \u00e0 interagir socialement, ce qui signifie que leur capacit\u00e9 \u00e0 reconnaitre ou \u00e0 rapporter des signes potentiels d\u2019abus et violences peut &hellip; <\/p>\n<p class=\"link-more\"><a href=\"https:\/\/www.autismeurope.org\/fr\/que-faisons-nous\/domaines-activite\/protection-contre-les-violences\/\" class=\"more-link\">Continue reading<span class=\"screen-reader-text\"> \u00ab\u00a0Protection contre les violences\u00a0\u00bb<\/span><\/a><\/p>\n","protected":false},"author":32,"featured_media":0,"parent":3179,"menu_order":10,"comment_status":"closed","ping_status":"closed","template":"","meta":{"_acf_changed":false,"_bbp_topic_count":0,"_bbp_reply_count":0,"_bbp_total_topic_count":0,"_bbp_total_reply_count":0,"_bbp_voice_count":0,"_bbp_anonymous_reply_count":0,"_bbp_topic_count_hidden":0,"_bbp_reply_count_hidden":0,"_bbp_forum_subforum_count":0,"footnotes":""},"class_list":["post-24474","page","type-page","status-publish","hentry"],"acf":[],"_links":{"self":[{"href":"https:\/\/www.autismeurope.org\/fr\/wp-json\/wp\/v2\/pages\/24474","targetHints":{"allow":["GET"]}}],"collection":[{"href":"https:\/\/www.autismeurope.org\/fr\/wp-json\/wp\/v2\/pages"}],"about":[{"href":"https:\/\/www.autismeurope.org\/fr\/wp-json\/wp\/v2\/types\/page"}],"author":[{"embeddable":true,"href":"https:\/\/www.autismeurope.org\/fr\/wp-json\/wp\/v2\/users\/32"}],"replies":[{"embeddable":true,"href":"https:\/\/www.autismeurope.org\/fr\/wp-json\/wp\/v2\/comments?post=24474"}],"version-history":[{"count":4,"href":"https:\/\/www.autismeurope.org\/fr\/wp-json\/wp\/v2\/pages\/24474\/revisions"}],"predecessor-version":[{"id":25908,"href":"https:\/\/www.autismeurope.org\/fr\/wp-json\/wp\/v2\/pages\/24474\/revisions\/25908"}],"up":[{"embeddable":true,"href":"https:\/\/www.autismeurope.org\/fr\/wp-json\/wp\/v2\/pages\/3179"}],"wp:attachment":[{"href":"https:\/\/www.autismeurope.org\/fr\/wp-json\/wp\/v2\/media?parent=24474"}],"curies":[{"name":"wp","href":"https:\/\/api.w.org\/{rel}","templated":true}]}}