{"id":26624,"date":"2018-05-18T15:54:28","date_gmt":"2018-05-18T13:54:28","guid":{"rendered":"http:\/\/www.autismeurope.org\/fr\/?page_id=26624"},"modified":"2018-05-18T15:54:50","modified_gmt":"2018-05-18T13:54:50","slug":"confidentialite-securite-et-cookies","status":"publish","type":"page","link":"https:\/\/www.autismeurope.org\/fr\/impliquez-vous\/confidentialite-securite-et-cookies\/","title":{"rendered":"Confidentialit\u00e9, s\u00e9curit\u00e9 et cookies"},"content":{"rendered":"<h2><span style=\"font-size: 14pt\">Contenu<\/span><\/h2>\n<p><span style=\"font-size: 12pt\">Le site Web d&rsquo;AE t\u00e2che \u00e0 offrir un contenu pr\u00e9cis et mis-\u00e0-jour. Cependant, nous appr\u00e9cions les commentaires qui nous permettent de corriger d\u2019\u00e9ventuelles erreurs existantes.<\/span><\/p>\n<h2><span style=\"font-size: 14pt\">Liens<\/span><\/h2>\n<p><span style=\"font-size: 12pt\">Le site Web d\u2019AE n&rsquo;est pas responsable du contenu ou de la fiabilit\u00e9 des sites Web li\u00e9s et n&rsquo;approuve pas n\u00e9cessairement les opinions qui y sont exprim\u00e9es. Le partage de ces liens ne doit pas \u00eatre consid\u00e9r\u00e9 comme une approbation de quelque nature que ce soit. Nous ne pouvons pas garantir que ces liens fonctionneront tout le temps et nous n&rsquo;avons aucun contr\u00f4le sur la disponibilit\u00e9 des pages li\u00e9es.<\/span><\/p>\n<h2><span style=\"font-size: 14pt\">Quelles informations AE collecte-t-il?<\/span><\/h2>\n<p><span style=\"font-size: 12pt\"><strong>Utilisation normale du site Web<\/strong><\/span><\/p>\n<p><span style=\"font-size: 12pt\">En g\u00e9n\u00e9ral, vous pouvez naviguer sur le site d\u2019AE sans nous dire qui vous \u00eates ou bien en r\u00e9v\u00e9lant des informations personnelles qui vous concernent. Les seules informations que nous collectons lors de la navigation g\u00e9n\u00e9rale proviennent des journaux de serveur standard. Cela inclut votre adresse IP (Internet Protocol), le nom de domaine, le type de navigateur, le syst\u00e8me d&rsquo;exploitation et des informations telles que le site Web qui vous a r\u00e9f\u00e9r\u00e9, les fichiers t\u00e9l\u00e9charg\u00e9s, les pages que vous visitez et les dates \/ heures de ces visites.<\/span><\/p>\n<p><span style=\"font-size: 12pt\"><strong>Collecte d&rsquo;informations personnelles identifiables<\/strong><\/span><\/p>\n<p><span style=\"font-size: 12pt\">Si vous vous inscrivez \u00e0 une newsletter, demandez des informations, postez des questions, postulez pour un travail, rejoignez un groupe de discussion ou rejoignez une liste de diffusion \u00e9lectronique, il vous sera demand\u00e9 de fournir des informations personnelles telles que votre nom, adresse postale et adresse e-mail. Ces informations sont collect\u00e9es uniquement \u00e0 votre connaissance et avec votre autorisation et sont conserv\u00e9es dans diverses bases de donn\u00e9es et listes de diffusion d\u2019AE. Si vous faites un don, il vous sera peut-\u00eatre demand\u00e9 de fournir les d\u00e9tails de votre carte de cr\u00e9dit. Ces informations sont transf\u00e9r\u00e9es vers un service de paiement en ligne s\u00e9curis\u00e9, h\u00e9berg\u00e9 hors d\u2019AE. Les informations de carte de cr\u00e9dit ne sont pas conserv\u00e9es par AE.<\/span><\/p>\n<p><span style=\"font-size: 12pt\">Les sites d&rsquo;AE ayant des exigences sp\u00e9cifiques pour collecter des informations personnelles peuvent publier une politique de confidentialit\u00e9 sp\u00e9cifique \u00e0 ce site. Dans ce cas, les politiques sp\u00e9cifiques au site viendront compl\u00e9ter la politique de confidentialit\u00e9 g\u00e9n\u00e9rale d&rsquo;AE, mais fourniront des d\u00e9tails suppl\u00e9mentaires pour ce site particulier. Vous pouvez demander une copie des informations que nous gardons \u00e0 propos de vous \u00e0 tout moment.<\/span><\/p>\n<h2><span style=\"font-size: 14pt\">Que fait AE avec les informations qu&rsquo;il recueille?<\/span><\/h2>\n<p><span style=\"font-size: 12pt\"><strong>Utilisation normale du site Web<\/strong><\/span><\/p>\n<p><span style=\"font-size: 12pt\">Les informations recueillies lors de la navigation g\u00e9n\u00e9rale du domaine \u00abautismeeurope.org\u00bb permettent d&rsquo;analyser les tendances et l&rsquo;utilisation du site AE et d&rsquo;am\u00e9liorer son utilit\u00e9. Ceci n&rsquo;est connect\u00e9 \u00e0 aucune information personnelle.<\/span><\/p>\n<p><span style=\"font-size: 12pt\"><strong>Informations personnelles identifiables<\/strong><\/span><\/p>\n<p><span style=\"font-size: 12pt\">AE peut utiliser les informations personnelles que vous fournissez pour:<\/span><\/p>\n<ul>\n<li><span style=\"font-size: 12pt\">vous contacter &#8211; soit en r\u00e9ponse \u00e0 une question ou \u00e0 une suggestion, ou bien pour vous envoyer des bulletins d&rsquo;information, des documents, des publications, etc.<\/span><\/li>\n<li><span style=\"font-size: 12pt\">G\u00e9rer et traiter votre demande d&#8217;emploi;<\/span><\/li>\n<li><span style=\"font-size: 12pt\">Confirmer votre inscription sur le site;<\/span><\/li>\n<li><span style=\"font-size: 12pt\">Rappeler votre profil et vos pr\u00e9f\u00e9rences de navigation;<\/span><\/li>\n<li><span style=\"font-size: 12pt\">Vous aider \u00e0 trouver rapidement les informations qui vous int\u00e9ressent en fonction de vos centres d&rsquo;int\u00e9r\u00eat, et nous aider \u00e0 cr\u00e9er un contenu du site plus pertinent pour vous;<\/span><\/li>\n<li><span style=\"font-size: 12pt\">analyser des statistiques.<\/span><\/li>\n<\/ul>\n<p><span style=\"font-size: 12pt\"><strong>Que faire si je ne veux pas fournir des informations personnelles?<\/strong><\/span><\/p>\n<p><span style=\"font-size: 12pt\">La fourniture d&rsquo;informations personnelles sur le site AE est facultative. Si vous choisissez de ne pas fournir d&rsquo;informations personnelles, vous pouvez toujours parcourir et utiliser le site d\u2019AE, mais vous ne pourrez pas effectuer certaines actions telles que des paiements et des achats, vous inscrire \u00e0 un bulletin d&rsquo;information ou postuler pour un emploi.<\/span><\/p>\n<p><span style=\"font-size: 12pt\"><strong>D\u00e9sinscription et modification de vos informations<\/strong><\/span><\/p>\n<p><span style=\"font-size: 12pt\">\u00c0 tout moment, vous pouvez supprimer ou modifier vos informations en retournant \u00e0 la page Web o\u00f9 vous avez d&rsquo;abord fourni les informations et en contactant le point focal de cette page \/ d\u00e9partement d\u2019AE. Lorsque les coordonn\u00e9es ne sont pas fournies sur la page, vous pouvez nous contacter pour plus d&rsquo;informations.<\/span><\/p>\n<p><span style=\"font-size: 12pt\"><strong>La loi sur la protection des donn\u00e9es<\/strong><\/span><\/p>\n<p><span style=\"font-size: 12pt\">En vertu de la loi sur la protection des donn\u00e9es, nous avons l&rsquo;obligation l\u00e9gale de prot\u00e9ger toute information que nous collectons aupr\u00e8s de vous. Nous ne vendons ni ne partageons aucune information personnellement identifiable fournie volontairement sur le site d\u2019AE \u00e0 un tiers. Toute information fournie \u00e0 AE par les utilisateurs du site d\u2019AE est tenue avec le plus grand soin et s\u00e9curit\u00e9, et ne sera pas utilis\u00e9e autrement que tel qu&rsquo;\u00e9nonc\u00e9 dans cette politique de confidentialit\u00e9, ou dans les politiques sp\u00e9cifiques au site, ou d\u2019une mani\u00e8re \u00e0 laquelle vous avez explicitement consenti. AE utilise une gamme de technologies et de mesures de s\u00e9curit\u00e9 pour prot\u00e9ger les informations conserv\u00e9es sur nos syst\u00e8mes contre la perte, l&rsquo;utilisation abusive, l&rsquo;acc\u00e8s non autoris\u00e9 ou la divulgation, l&rsquo;alt\u00e9ration ou la destruction.<\/span><\/p>\n<p><span style=\"font-size: 12pt\">Nous utilisons MailChimp pour vous envoyer nos newsletters et ils sont certifi\u00e9s par le Bouclier de protection des donn\u00e9es UE-\u00c9tats-Unis, ainsi que par le Bouclier de protection des donn\u00e9es Suisse-\u00c9tats-Unis.<\/span><\/p>\n<p><span style=\"font-size: 12pt\">Tous les employ\u00e9s d&rsquo;AE qui ont acc\u00e8s au traitement des donn\u00e9es personnelles et qui sont associ\u00e9s \u00e0 ce traitement sont tenus de respecter la confidentialit\u00e9 des questions commerciales officielles, y compris les donn\u00e9es personnelles.<\/span><\/p>\n<p><span style=\"font-size: 12pt\">Ce site utilise des cookies &#8211; de petits fichiers texte qui sont plac\u00e9s sur votre machine pour aider le site \u00e0 offrir une meilleure exp\u00e9rience utilisateur. En g\u00e9n\u00e9ral, les cookies sont utilis\u00e9s pour conserver les pr\u00e9f\u00e9rences de l&rsquo;utilisateur, stocker des informations pour des choses telles que les paniers d&rsquo;achat, et fournir des donn\u00e9es de suivi anonymis\u00e9es \u00e0 des applications tierces telles que Google Analytics. En r\u00e8gle g\u00e9n\u00e9rale, les cookies am\u00e9lioreront votre exp\u00e9rience de navigation. Cependant, vous pr\u00e9f\u00e9rerez peut-\u00eatre d\u00e9sactiver les cookies sur ce site et sur les autres. Le moyen le plus efficace de le faire est de d\u00e9sactiver les cookies dans votre navigateur. Nous vous sugg\u00e9rons de consulter la section Aide de votre navigateur ou de consulter le site Web \u00c0 propos des cookies, qui offre des conseils pour tous les navigateurs modernes.<\/span><\/p>\n<p><span style=\"font-size: 12pt\">Nous n&rsquo;utiliserons pas de cookies pour collecter des informations personnelles vous concernant. Nous n\u2019utilisons que des cookies strictement n\u00e9cessaires; ceux-ci sont n\u00e9cessaires pour que ce site fonctionne.<\/span><\/p>\n<h2><span style=\"font-size: 14pt\">Notification de changements<\/span><\/h2>\n<p><span style=\"font-size: 12pt\">Les changements \u00e0 cette politique de confidentialit\u00e9 seront affich\u00e9s sur le site Web d&rsquo;AE \u00e0 l\u2019adresse www.autismeurope.org<\/span><\/p>\n<h2><span style=\"font-size: 14pt\">Contact<\/span><\/h2>\n<p><span style=\"font-size: 12pt\">Pour toute question ou demande concernant cette politique de confidentialit\u00e9, veuillez nous contacter \u00e0 secretariat(at)autismeurope.org<\/span><\/p>\n","protected":false},"excerpt":{"rendered":"<p>Contenu Le site Web d&rsquo;AE t\u00e2che \u00e0 offrir un contenu pr\u00e9cis et mis-\u00e0-jour. Cependant, nous appr\u00e9cions les commentaires qui nous permettent de corriger d\u2019\u00e9ventuelles erreurs existantes. Liens Le site Web &hellip; <\/p>\n<p class=\"link-more\"><a href=\"https:\/\/www.autismeurope.org\/fr\/impliquez-vous\/confidentialite-securite-et-cookies\/\" class=\"more-link\">Continue reading<span class=\"screen-reader-text\"> \u00ab\u00a0Confidentialit\u00e9, s\u00e9curit\u00e9 et cookies\u00a0\u00bb<\/span><\/a><\/p>\n","protected":false},"author":32,"featured_media":0,"parent":104,"menu_order":8,"comment_status":"closed","ping_status":"closed","template":"","meta":{"_acf_changed":false,"_bbp_topic_count":0,"_bbp_reply_count":0,"_bbp_total_topic_count":0,"_bbp_total_reply_count":0,"_bbp_voice_count":0,"_bbp_anonymous_reply_count":0,"_bbp_topic_count_hidden":0,"_bbp_reply_count_hidden":0,"_bbp_forum_subforum_count":0,"footnotes":""},"class_list":["post-26624","page","type-page","status-publish","hentry"],"acf":[],"_links":{"self":[{"href":"https:\/\/www.autismeurope.org\/fr\/wp-json\/wp\/v2\/pages\/26624","targetHints":{"allow":["GET"]}}],"collection":[{"href":"https:\/\/www.autismeurope.org\/fr\/wp-json\/wp\/v2\/pages"}],"about":[{"href":"https:\/\/www.autismeurope.org\/fr\/wp-json\/wp\/v2\/types\/page"}],"author":[{"embeddable":true,"href":"https:\/\/www.autismeurope.org\/fr\/wp-json\/wp\/v2\/users\/32"}],"replies":[{"embeddable":true,"href":"https:\/\/www.autismeurope.org\/fr\/wp-json\/wp\/v2\/comments?post=26624"}],"version-history":[{"count":2,"href":"https:\/\/www.autismeurope.org\/fr\/wp-json\/wp\/v2\/pages\/26624\/revisions"}],"predecessor-version":[{"id":26626,"href":"https:\/\/www.autismeurope.org\/fr\/wp-json\/wp\/v2\/pages\/26624\/revisions\/26626"}],"up":[{"embeddable":true,"href":"https:\/\/www.autismeurope.org\/fr\/wp-json\/wp\/v2\/pages\/104"}],"wp:attachment":[{"href":"https:\/\/www.autismeurope.org\/fr\/wp-json\/wp\/v2\/media?parent=26624"}],"curies":[{"name":"wp","href":"https:\/\/api.w.org\/{rel}","templated":true}]}}