{"id":27922,"date":"2018-09-13T15:17:06","date_gmt":"2018-09-13T13:17:06","guid":{"rendered":"http:\/\/www.autismeurope.org\/fr\/?page_id=27922"},"modified":"2019-10-15T11:21:15","modified_gmt":"2019-10-15T09:21:15","slug":"projet-international-aims-2-trials-innovative-medicine-studies-2-trials-2018-2023","status":"publish","type":"page","link":"https:\/\/www.autismeurope.org\/fr\/projet-international-aims-2-trials-innovative-medicine-studies-2-trials-2018-2023\/","title":{"rendered":"Projet international : AIMS-2-TRIALS, Innovative Medicine Studies-2-Trials (2018-2023)"},"content":{"rendered":"<p><span style=\"font-size: 12pt\">Le programme de recherche comprend une s\u00e9rie d&rsquo;\u00e9tudes men\u00e9es par diff\u00e9rents groupes. Ces derniers exploreront comment l&rsquo;autisme se d\u00e9veloppe, de la naissance \u00e0 l&rsquo;\u00e2ge adulte, et comment cela varie d&rsquo;une personne \u00e0 l&rsquo;autre. Le projet tentera d\u2019identifier les <a href=\"https:\/\/www.aims-2-trials.eu\/our-research\/biomarkers\/\">marqueurs biologiques<\/a> responsables du d\u00e9veloppement (av\u00e9r\u00e9 ou probable) de caract\u00e9ristiques particuli\u00e8res chez une personne. Ces marqueurs pourraient aider \u00e0 identifier les personnes qui pourraient b\u00e9n\u00e9ficier de traitements particuliers. AIMS-2-TRIALS testera \u00e9galement des <a href=\"https:\/\/www.aims-2-trials.eu\/our-research\/testing-new-medicines\/\">m\u00e9dicaments<\/a> pour les aider \u00e0 g\u00e9rer leurs difficult\u00e9s sociales, les comportements r\u00e9p\u00e9titifs et l\u2019information sensorielle.<\/span><\/p>\n<p><span style=\"font-size: 12pt\">Afin d\u2019acc\u00e9l\u00e9rer le d\u00e9veloppement des m\u00e9dicaments, AIMS-2-TRIALS va construire un <a href=\"https:\/\/www.aims-2-trials.eu\/our-research\/european-clinical-research-network\/\">r\u00e9seau<\/a> de personnes connect\u00e9es \u00e0 travers l&rsquo;Europe et au-del\u00e0. AIMS-2-TRIALS placera l&rsquo;Europe \u00e0 l&rsquo;avant-garde de la recherche sur l&rsquo;autisme.<\/span><\/p>\n<h2><span style=\"font-size: 14pt\">Objectifs du projet<\/span><\/h2>\n<ul>\n<li><span style=\"font-size: 12pt\">comprendre comment l&rsquo;autisme et les troubles de sant\u00e9 concomitants se d\u00e9veloppent de la naissance \u00e0 l&rsquo;\u00e2ge adulte\u00a0;<\/span><\/li>\n<li><span style=\"font-size: 12pt\">identifier les caract\u00e9ristiques de l&rsquo;autisme pouvant \u00eatre mesur\u00e9es, appel\u00e9es biomarqueurs\u00a0;<\/span><\/li>\n<li><span style=\"font-size: 12pt\">tester de nouveaux m\u00e9dicaments pour celles et ceux qui pourraient choisir de les utiliser\u00a0;<\/span><\/li>\n<li><span style=\"font-size: 12pt\">\u00e9tablir un r\u00e9seau afin de relier les chercheurs, les cliniciens et la communaut\u00e9 de l&rsquo;autisme\u00a0;<\/span><\/li>\n<li><span style=\"font-size: 12pt\">pr\u00e9parer l&rsquo;Europe \u00e0 \u00eatre \u00e0 l&rsquo;avant-garde des essais cliniques de grande envergure sur les futurs m\u00e9dicaments\u00a0;<\/span><\/li>\n<li><span style=\"font-size: 12pt\">am\u00e9liorer et acc\u00e9l\u00e9rer le processus de d\u00e9veloppement de nouveaux m\u00e9dicaments\u00a0;<\/span><\/li>\n<li><span style=\"font-size: 12pt\">analyser et g\u00e9rer les donn\u00e9es recueillies dans le cadre de la recherche\u00a0;<\/span><\/li>\n<li><span style=\"font-size: 12pt\">explorer comment les politiques sur l&rsquo;autisme peuvent mieux soutenir les personnes autistes\u00a0;<\/span><\/li>\n<li><span style=\"font-size: 12pt\">\u00e9laborer des outils \u00e9ducatifs pour am\u00e9liorer la compr\u00e9hension de l&rsquo;autisme\u00a0;<\/span><\/li>\n<li><span style=\"font-size: 12pt\">mettre l&rsquo;Europe \u00e0 l&rsquo;avant-garde de la recherche sur l&rsquo;autisme.<\/span><\/li>\n<\/ul>\n<p><span style=\"font-size: 12pt\">Les objectifs cl\u00e9s ont \u00e9t\u00e9 d\u00e9finis par notre principal organisme de financement, l\u2019Innovative Medicines Initiative. Bon nombre de ces objectifs correspondent aux priorit\u00e9s de la communaut\u00e9 de l&rsquo;autisme. Le partenariat du projet travaillera avec des repr\u00e9sentants de la communaut\u00e9 et tentera d&rsquo;int\u00e9grer leurs points de vue dans ses travaux futurs.<\/span><\/p>\n<h2><span style=\"font-size: 14pt\">La position d\u2019AIMS-2-TRIALS quant au traitement de l\u2019autisme<\/span><\/h2>\n<p><span style=\"font-size: 12pt\">Les partenaires du projet savent que si certaines personnes souhtaient un traitement pour elles-m\u00eames, leur enfant ou un parent, d&rsquo;autres s&rsquo;y opposent. AIMS-2-TRIALS n\u2019aspire pas \u00e0 gu\u00e9rir l&rsquo;autisme. Les partenaires visent \u00e0 mieux comprendre l&rsquo;autisme et \u00e0 mettre \u00e0 l&rsquo;essai des traitements m\u00e9dicaux qui pourraient att\u00e9nuer les difficult\u00e9s particuli\u00e8res auxquelles font face certaines personnes autistes.<\/span><\/p>\n<blockquote><p><span style=\"font-size: 12pt\"><strong><a href=\"https:\/\/www.aims-2-trials.eu\/\" target=\"_blank\" rel=\"noopener noreferrer\">Visiter le site internet du projet (en anglais)<\/a><\/strong><\/span><\/p><\/blockquote>\n","protected":false},"excerpt":{"rendered":"<p>Le programme de recherche comprend une s\u00e9rie d&rsquo;\u00e9tudes men\u00e9es par diff\u00e9rents groupes. Ces derniers exploreront comment l&rsquo;autisme se d\u00e9veloppe, de la naissance \u00e0 l&rsquo;\u00e2ge adulte, et comment cela varie d&rsquo;une &hellip; <\/p>\n<p class=\"link-more\"><a href=\"https:\/\/www.autismeurope.org\/fr\/projet-international-aims-2-trials-innovative-medicine-studies-2-trials-2018-2023\/\" class=\"more-link\">Continue reading<span class=\"screen-reader-text\"> \u00ab\u00a0Projet international : AIMS-2-TRIALS, Innovative Medicine Studies-2-Trials (2018-2023)\u00a0\u00bb<\/span><\/a><\/p>\n","protected":false},"author":32,"featured_media":0,"parent":0,"menu_order":0,"comment_status":"closed","ping_status":"closed","template":"","meta":{"_acf_changed":false,"_bbp_topic_count":0,"_bbp_reply_count":0,"_bbp_total_topic_count":0,"_bbp_total_reply_count":0,"_bbp_voice_count":0,"_bbp_anonymous_reply_count":0,"_bbp_topic_count_hidden":0,"_bbp_reply_count_hidden":0,"_bbp_forum_subforum_count":0,"footnotes":""},"class_list":["post-27922","page","type-page","status-publish","hentry"],"acf":[],"_links":{"self":[{"href":"https:\/\/www.autismeurope.org\/fr\/wp-json\/wp\/v2\/pages\/27922","targetHints":{"allow":["GET"]}}],"collection":[{"href":"https:\/\/www.autismeurope.org\/fr\/wp-json\/wp\/v2\/pages"}],"about":[{"href":"https:\/\/www.autismeurope.org\/fr\/wp-json\/wp\/v2\/types\/page"}],"author":[{"embeddable":true,"href":"https:\/\/www.autismeurope.org\/fr\/wp-json\/wp\/v2\/users\/32"}],"replies":[{"embeddable":true,"href":"https:\/\/www.autismeurope.org\/fr\/wp-json\/wp\/v2\/comments?post=27922"}],"version-history":[{"count":6,"href":"https:\/\/www.autismeurope.org\/fr\/wp-json\/wp\/v2\/pages\/27922\/revisions"}],"predecessor-version":[{"id":32326,"href":"https:\/\/www.autismeurope.org\/fr\/wp-json\/wp\/v2\/pages\/27922\/revisions\/32326"}],"wp:attachment":[{"href":"https:\/\/www.autismeurope.org\/fr\/wp-json\/wp\/v2\/media?parent=27922"}],"curies":[{"name":"wp","href":"https:\/\/api.w.org\/{rel}","templated":true}]}}