{"id":3102,"date":"2017-08-30T11:47:43","date_gmt":"2017-08-30T09:47:43","guid":{"rendered":"http:\/\/autismeurope.akimedia.eu\/fr\/?page_id=3102"},"modified":"2018-01-19T16:27:45","modified_gmt":"2018-01-19T15:27:45","slug":"suivi-de-la-mise-en-oeuvre-de-la-cnudph","status":"publish","type":"page","link":"https:\/\/www.autismeurope.org\/fr\/que-faisons-nous\/promotion-des-droits\/suivi-de-la-mise-en-oeuvre-de-la-cnudph\/","title":{"rendered":"Suivi de la mise en \u0153uvre de la CNUDPH"},"content":{"rendered":"<blockquote><p><strong style=\"font-size: 12pt\">Les \u00c9tats parties ayant sign\u00e9 la Convention des Nations Unies relative aux Droits des Personnes Handicap\u00e9es doivent mettre en place un syst\u00e8me ind\u00e9pendant de m\u00e9canismes de contr\u00f4le, ce qui prend g\u00e9n\u00e9ralement la forme d&rsquo;une institution des droits de l&rsquo;Homme ind\u00e9pendante.<\/strong><\/p><\/blockquote>\n<p><span style=\"font-size: 12pt\">La pleine participation de la soci\u00e9t\u00e9 civile, et en particulier des personnes handicap\u00e9es et de leurs organisations repr\u00e9sentatives, est indispensable pour le suivi et la mise en \u0153uvre de la Convention. En tant que tels, les organisations de personnes handicap\u00e9es (OPH) et les\u00a0<em>self-advocates<\/em>\u00a0devraient y\u00a0\u00eatre impliqu\u00e9s.<\/span><\/p>\n<p><span style=\"font-size: 12pt\">L\u2019observation internationale est assur\u00e9e par le\u00a0<a href=\"http:\/\/www.ohchr.org\/EN\/HRBodies\/CRPD\/Pages\/CRPDIndex.aspx\">Comit\u00e9 des Droits des Personnes Handicap\u00e9es (comit\u00e9 de la CNUDPH) et par la Conf\u00e9rence des \u00c9tats parties<\/a>.<\/span><\/p>\n<p><span style=\"font-size: 12pt\">Pour cette raison, depuis 2012, l&rsquo;Union europ\u00e9enne a mis en place un m\u00e9canisme pour surveiller la mise en \u0153uvre de la Convention qu\u2019on appelle le Cadre de surveillance de l&rsquo;UE. Le Forum Europ\u00e9en des Personnes Handicap\u00e9es (FEPH) dont Autisme-Europe est l\u2019un des membres fondateurs, est membre \u00e0 part enti\u00e8re\u00a0du Cadre de l\u2019UE pour la CNUDPH\u00a0dont elle assure la pr\u00e9sidence, en coop\u00e9ration avec le M\u00e9diateur europ\u00e9en, l&rsquo;Agence europ\u00e9enne des droits fondamentaux et le Parlement europ\u00e9en.<\/span><\/p>\n<p><span style=\"font-size: 12pt\">En juin 2014, l&rsquo;UE a pr\u00e9par\u00e9 et a pr\u00e9sent\u00e9 son\u00a0<a href=\"http:\/\/ec.europa.eu\/justice\/discrimination\/files\/swd_2014_182_en.pdf\">rapport initial sur la mise en \u0153uvre de la Convention au Comit\u00e9 de la CNUDPH<\/a>. En 2015, le Comit\u00e9 a examin\u00e9 le rapport et le travail accompli par l&rsquo;UE au profit des citoyens handicap\u00e9s. En Avril 2015, le Comit\u00e9 des Nations Unies a eu une premi\u00e8re discussion interne sur le rapport de l&rsquo;UE et a pr\u00e9par\u00e9 une liste de questions sur des aspects n\u00e9cessitant des \u00e9claircissements. On appelle cette liste la \u00abliste de questions\u00bb. L&rsquo;UE a d\u00fb r\u00e9pondre \u00e0 cette liste. En ao\u00fbt 2015, le Comit\u00e9 de l&rsquo;ONU a rencontr\u00e9 des repr\u00e9sentants de l&rsquo;UE et a examin\u00e9 le rapport et ses r\u00e9ponses \u00e0 la \u00ab\u00a0liste de questions\u00a0\u00bb. On appelle ceci un \u00abdialogue constructif\u00bb. Suite \u00e0 cela, le Comit\u00e9 des Nations unies a donn\u00e9 son point de vue sur l\u2019efficacit\u00e9 de l&rsquo;UE dans la mise en \u0153uvre de la Convention, et a formul\u00e9 des recommandations pour son am\u00e9lioration, ce qu\u2019on appelle les \u00abobservations finales\u00bb.<\/span><\/p>\n<p><span style=\"font-size: 12pt\">Autisme-Europe, pour sa part, a contribu\u00e9 \u00e0 ce processus en pr\u00e9sentant son propre\u00a0<a href=\"http:\/\/www.autismeurope.org\/files\/files\/autisme-europe-alternative-report.pdf\">rapport alternatif au Comit\u00e9<\/a>. Autisme-Europe a \u00e9galement r\u00e9dig\u00e9 une\u00a0<a href=\"http:\/\/www.autismeurope.org\/files\/files\/int-crpd-css-eur-21346-e.pdf\">r\u00e9ponse \u00e0 la liste des questions sur le rapport de l&rsquo;UE<\/a>.<\/span><\/p>\n<blockquote><p><span style=\"font-size: 12pt\"><a href=\"http:\/\/www.autismeurope.org\/wp-content\/uploads\/2017\/07\/IDA-Compilation-of-CRPD-Committee-COs-NOVEMBER-2017.docx\" target=\"_blank\" rel=\"noopener\"><strong>Cliquez ici pour t\u00e9l\u00e9charger la compilation des observations finales du Comit\u00e9 de la CDPH \u00e0 l&rsquo;attention de tous les Etats parties (Novembre 2017).<\/strong><\/a><\/span><\/p><\/blockquote>\n<p>&nbsp;<\/p>\n<h2><span style=\"font-size: 14pt\"><strong>Publications li\u00e9es<\/strong><\/span><\/h2>\n<blockquote><p><span style=\"font-size: 12pt\"><a href=\"http:\/\/www.autismeurope.org\/fr\/blog\/2015\/08\/30\/observations-finales-du-comite-de-la-cdph-a-lattention-de-lunion-europeenne\/\" target=\"_blank\" rel=\"noopener\"><strong>Observations finales du Comit\u00e9 de la CDPH \u00e0 l\u2019attention de l\u2019Union europ\u00e9enne<\/strong><\/a><\/span><\/p>\n<p><span style=\"font-size: 12pt\"><a href=\"http:\/\/www.autismeurope.org\/fr\/blog\/2015\/05\/05\/rapport-alternatif-dautisme-europe-sur-la-mise-en-oeuvre-de-la-cdph\/\" target=\"_blank\" rel=\"noopener\"><strong>Rapport alternatif d\u2019Autisme-Europe sur la mise en oeuvre de la CDPH<\/strong><\/a><\/span><\/p>\n<p><span style=\"font-size: 12pt\"><a href=\"http:\/\/www.autismeurope.org\/fr\/blog\/2015\/03\/05\/rapport-allternatif-du-forum-europeen-des-personnes-handicapees-sur-la-mise-en-oeuvre-de-la-cdph\/\" target=\"_blank\" rel=\"noopener\"><strong>Rapport alternatif du Forum europ\u00e9en des personnes handicap\u00e9es sur la mise en oeuvre de la CDPH<\/strong><\/a><\/span><\/p>\n<p><span style=\"font-size: 12pt\"><a href=\"http:\/\/www.autismeurope.org\/fr\/blog\/2017\/01\/05\/la-reponse-dautisme-europes-a-la-liste-de-questions-sur-le-rapport-de-lue-sur-la-cdph\/\" target=\"_blank\" rel=\"noopener\"><strong>La r\u00e9ponse d\u2019Autisme-Europe\u2019s \u00e0 la liste de questions sur le rapport de l\u2019UE sur la CDPH<\/strong><\/a><\/span><\/p>\n<p><span style=\"font-size: 12pt\"><a href=\"http:\/\/www.autismeurope.org\/fr\/blog\/2015\/10\/15\/le-role-des-detenteurs-de-droits-des-organisations-de-personnes-handicapees-et-de-la-societe-civile-dans-les-rapports-du-comite-de-la-cdph\/\" target=\"_blank\" rel=\"noopener\"><strong>Comment jouer un r\u00f4le dans le cycle de rapporting du Comit\u00e9 de la CDPH<\/strong><\/a><\/span><\/p>\n<p><span style=\"font-size: 12pt\"><a href=\"http:\/\/www.autismeurope.org\/fr\/blog\/2016\/10\/21\/avis-du-cese-sur-les-observations-finales-du-comite-des-droits-des-personnes-handicapees-des-nations-unies-adressees-a-lunion-europeenne\/\" target=\"_blank\" rel=\"noopener\"><strong>Avis du CESE sur les observations finales du Comit\u00e9 des droits des personnes handicap\u00e9es des Nations Unies adress\u00e9es \u00e0 l\u2019Union europ\u00e9enne<\/strong><\/a><\/span><\/p><\/blockquote>\n","protected":false},"excerpt":{"rendered":"<p>Les \u00c9tats parties ayant sign\u00e9 la Convention des Nations Unies relative aux Droits des Personnes Handicap\u00e9es doivent mettre en place un syst\u00e8me ind\u00e9pendant de m\u00e9canismes de contr\u00f4le, ce qui prend &hellip; <\/p>\n<p class=\"link-more\"><a href=\"https:\/\/www.autismeurope.org\/fr\/que-faisons-nous\/promotion-des-droits\/suivi-de-la-mise-en-oeuvre-de-la-cnudph\/\" class=\"more-link\">Continue reading<span class=\"screen-reader-text\"> \u00ab\u00a0Suivi de la mise en \u0153uvre de la CNUDPH\u00a0\u00bb<\/span><\/a><\/p>\n","protected":false},"author":32,"featured_media":0,"parent":3871,"menu_order":1,"comment_status":"closed","ping_status":"closed","template":"","meta":{"_acf_changed":false,"_bbp_topic_count":0,"_bbp_reply_count":0,"_bbp_total_topic_count":0,"_bbp_total_reply_count":0,"_bbp_voice_count":0,"_bbp_anonymous_reply_count":0,"_bbp_topic_count_hidden":0,"_bbp_reply_count_hidden":0,"_bbp_forum_subforum_count":0,"footnotes":""},"class_list":["post-3102","page","type-page","status-publish","hentry"],"acf":[],"_links":{"self":[{"href":"https:\/\/www.autismeurope.org\/fr\/wp-json\/wp\/v2\/pages\/3102","targetHints":{"allow":["GET"]}}],"collection":[{"href":"https:\/\/www.autismeurope.org\/fr\/wp-json\/wp\/v2\/pages"}],"about":[{"href":"https:\/\/www.autismeurope.org\/fr\/wp-json\/wp\/v2\/types\/page"}],"author":[{"embeddable":true,"href":"https:\/\/www.autismeurope.org\/fr\/wp-json\/wp\/v2\/users\/32"}],"replies":[{"embeddable":true,"href":"https:\/\/www.autismeurope.org\/fr\/wp-json\/wp\/v2\/comments?post=3102"}],"version-history":[{"count":12,"href":"https:\/\/www.autismeurope.org\/fr\/wp-json\/wp\/v2\/pages\/3102\/revisions"}],"predecessor-version":[{"id":25651,"href":"https:\/\/www.autismeurope.org\/fr\/wp-json\/wp\/v2\/pages\/3102\/revisions\/25651"}],"up":[{"embeddable":true,"href":"https:\/\/www.autismeurope.org\/fr\/wp-json\/wp\/v2\/pages\/3871"}],"wp:attachment":[{"href":"https:\/\/www.autismeurope.org\/fr\/wp-json\/wp\/v2\/media?parent=3102"}],"curies":[{"name":"wp","href":"https:\/\/api.w.org\/{rel}","templated":true}]}}