{"id":3122,"date":"2017-08-30T12:00:18","date_gmt":"2017-08-30T10:00:18","guid":{"rendered":"http:\/\/autismeurope.akimedia.eu\/fr\/?page_id=3122"},"modified":"2018-01-19T17:39:20","modified_gmt":"2018-01-19T16:39:20","slug":"une-strategie-europeenne-pour-lautisme","status":"publish","type":"page","link":"https:\/\/www.autismeurope.org\/fr\/que-faisons-nous\/promotion-des-droits\/une-strategie-europeenne-pour-lautisme\/","title":{"rendered":"Une strat\u00e9gie europ\u00e9enne pour l&rsquo;autisme"},"content":{"rendered":"<p class=\"p1\"><span class=\"s1\" style=\"font-size: 12pt\">Cette d\u00e9claration \u00e9crite appelle l\u2019Union europ\u00e9enne et ses Etats membres \u00e0 adopter une strat\u00e9gie europ\u00e9enne de l\u2019autisme qui :<\/span><\/p>\n<ul>\n<li><span class=\"s1\" style=\"font-size: 12pt\">soutienne un d\u00e9pistage et un diagnostic pr\u00e9cis de l\u2019autisme \u00e0 travers l\u2019Europe ;<\/span><\/li>\n<li><span class=\"s1\" style=\"font-size: 12pt\">encourage le traitement bas\u00e9 sur la preuve et le soutien tout au long de la vie ;<\/span><\/li>\n<li><span class=\"s1\" style=\"font-size: 12pt\">stimule la recherche et les \u00e9tudes de pr\u00e9valence ;<\/span><\/li>\n<li><span class=\"s1\" style=\"font-size: 12pt\"><span class=\"s1\" style=\"font-size: 12pt\">favorise l\u2019\u00e9change de bonnes pratiques.<br \/>\n<\/span><\/span><\/li>\n<\/ul>\n<h2><span style=\"font-size: 14pt\">Qu\u2019est-ce qu\u2019une d\u00e9claration \u00e9crite du Parlement europ\u00e9en ?\u00a0<\/span><\/h2>\n<p class=\"p1\"><span class=\"s1\" style=\"font-size: 12pt\">Une d\u00e9claration \u00e9crite du Parlement europ\u00e9en est un document de principe donnant une direction aux institutions de l\u2019Union europ\u00e9enne et aux Etats membres. Par exemple, en 1996, le Parlement europ\u00e9en a adopt\u00e9 en tant que d\u00e9claration \u00e9crite la \u00ab\u00a0<a href=\"http:\/\/www.autismeurope.org\/files\/files\/ajouts\/charte.pdf?phpMyAdmin=6b5bf7f8d78e834db66115fb8a480868\">Charte des personnes autistes<\/a>\u00a0\u00bb, r\u00e9dig\u00e9e par Autisme-Europe. De nombreux membres d\u2019Autisme-Europe ont utilis\u00e9 cette charte pour plaider pour un meilleur soutien aux personnes avec autisme au niveau national. N\u00e9anmoins, les d\u00e9clarations \u00e9crites du Parlement europ\u00e9en n\u2019appellent \u00e0 aucune action l\u00e9gislative et n\u2019ont pas force de loi.<\/span><\/p>\n<h2 class=\"p1\"><span style=\"font-size: 14pt\">Une conf\u00e9rence au Parlement europ\u00e9en pour l&rsquo;adoption d&rsquo;une strat\u00e9gie europ\u00e9enne pour l&rsquo;autisme\u00a0<\/span><\/h2>\n<p class=\"p1\"><span style=\"font-size: 12pt\">Suite \u00e0 la signature de la D\u00e9claration \u00e9crite sur l\u2019autisme par 418 eurod\u00e9put\u00e9s, une conf\u00e9rence sera organis\u00e9e autour de ce th\u00e8me au Parlement europ\u00e9en le 29 septembre 2015 \u00e0 Bruxelles. Il sera copr\u00e9sid\u00e9 par les eurod\u00e9put\u00e9s\u00a0<a href=\"http:\/\/www.europarl.europa.eu\/meps\/fr\/124851\/Nicola_CAPUTO_home.html\">Nicola Caputo<\/a>\u00a0(premier signataire de la d\u00e9claration \u00e9crite),\u00a0<a href=\"http:\/\/www.europarl.europa.eu\/meps\/fr\/124881\/MAREK_PLURA_home.html\">Marek Plura<\/a>\u00a0(cosignataire et copr\u00e9sident de l\u2019Intergroupe sur le handicap) et\u00a0<a href=\"http:\/\/www.europarl.europa.eu\/meps\/en\/124970\/Miriam_DALLI_home.html\">Miriam Dalli<\/a>\u00a0(cosignataire). Ont particip\u00e9 au panel des repr\u00e9sentants et des experts de l\u2019autisme ainsi que des repr\u00e9sentants de la Commission europ\u00e9enne<\/span>.<\/p>\n<p>&nbsp;<\/p>\n<h2><span style=\"font-size: 14pt\"><strong>Publications li\u00e9es<\/strong><\/span><\/h2>\n<p><span style=\"font-size: 12pt\"><strong><a href=\"http:\/\/www.autismeurope.org\/fr\/blog\/2015\/09\/01\/la-declaration-ecrite-du-parlement-europeen-a-propos-de-lautisme\/\" target=\"_blank\" rel=\"noopener\">La d\u00e9claration \u00e9crite du Parlement europ\u00e9en \u00e0 propos de l\u2019autisme<\/a><\/strong><\/span><\/p>\n<p><span style=\"font-size: 12pt\"><strong><a href=\"http:\/\/www.autismeurope.org\/fr\/blog\/2015\/09\/30\/rapport-de-conference-une-strategie-europeenne-pour-lautisme\/\" target=\"_blank\" rel=\"noopener\">Rapport de conf\u00e9rence : \u00ab Une strat\u00e9gie europ\u00e9enne pour l\u2019autisme \u00bb<\/a><\/strong><\/span><\/p>\n<p><span style=\"font-size: 12pt\"><strong><a href=\"http:\/\/www.autismeurope.org\/fr\/blog\/2017\/04\/02\/manifeste-brisons-les-barrieres-pour-lautisme-construisons-une-societe-accessible\/\" target=\"_blank\" rel=\"noopener\">Manifeste : Brisons les barri\u00e8res pour l\u2019autisme, construisons une soci\u00e9t\u00e9 accessible<\/a><\/strong><\/span><\/p>\n<p><span style=\"font-size: 12pt\"><strong><a href=\"http:\/\/www.autismeurope.org\/fr\/blog\/2016\/04\/02\/manifeste-respect-tolerance-inclusion\/\" target=\"_blank\" rel=\"noopener\">Manifeste : Respect, tol\u00e9rance, inclusion<\/a><\/strong><\/span><\/p>\n","protected":false},"excerpt":{"rendered":"<p>Cette d\u00e9claration \u00e9crite appelle l\u2019Union europ\u00e9enne et ses Etats membres \u00e0 adopter une strat\u00e9gie europ\u00e9enne de l\u2019autisme qui : soutienne un d\u00e9pistage et un diagnostic pr\u00e9cis de l\u2019autisme \u00e0 travers &hellip; <\/p>\n<p class=\"link-more\"><a href=\"https:\/\/www.autismeurope.org\/fr\/que-faisons-nous\/promotion-des-droits\/une-strategie-europeenne-pour-lautisme\/\" class=\"more-link\">Continue reading<span class=\"screen-reader-text\"> \u00ab\u00a0Une strat\u00e9gie europ\u00e9enne pour l&rsquo;autisme\u00a0\u00bb<\/span><\/a><\/p>\n","protected":false},"author":32,"featured_media":0,"parent":3871,"menu_order":2,"comment_status":"closed","ping_status":"closed","template":"","meta":{"_acf_changed":false,"_bbp_topic_count":0,"_bbp_reply_count":0,"_bbp_total_topic_count":0,"_bbp_total_reply_count":0,"_bbp_voice_count":0,"_bbp_anonymous_reply_count":0,"_bbp_topic_count_hidden":0,"_bbp_reply_count_hidden":0,"_bbp_forum_subforum_count":0,"footnotes":""},"class_list":["post-3122","page","type-page","status-publish","hentry"],"acf":[],"_links":{"self":[{"href":"https:\/\/www.autismeurope.org\/fr\/wp-json\/wp\/v2\/pages\/3122","targetHints":{"allow":["GET"]}}],"collection":[{"href":"https:\/\/www.autismeurope.org\/fr\/wp-json\/wp\/v2\/pages"}],"about":[{"href":"https:\/\/www.autismeurope.org\/fr\/wp-json\/wp\/v2\/types\/page"}],"author":[{"embeddable":true,"href":"https:\/\/www.autismeurope.org\/fr\/wp-json\/wp\/v2\/users\/32"}],"replies":[{"embeddable":true,"href":"https:\/\/www.autismeurope.org\/fr\/wp-json\/wp\/v2\/comments?post=3122"}],"version-history":[{"count":7,"href":"https:\/\/www.autismeurope.org\/fr\/wp-json\/wp\/v2\/pages\/3122\/revisions"}],"predecessor-version":[{"id":25653,"href":"https:\/\/www.autismeurope.org\/fr\/wp-json\/wp\/v2\/pages\/3122\/revisions\/25653"}],"up":[{"embeddable":true,"href":"https:\/\/www.autismeurope.org\/fr\/wp-json\/wp\/v2\/pages\/3871"}],"wp:attachment":[{"href":"https:\/\/www.autismeurope.org\/fr\/wp-json\/wp\/v2\/media?parent=3122"}],"curies":[{"name":"wp","href":"https:\/\/api.w.org\/{rel}","templated":true}]}}