{"id":3150,"date":"2017-08-30T12:47:11","date_gmt":"2017-08-30T10:47:11","guid":{"rendered":"http:\/\/autismeurope.akimedia.eu\/fr\/?page_id=3150"},"modified":"2019-10-21T11:16:10","modified_gmt":"2019-10-21T09:16:10","slug":"acte-juridique-europeen-sur-laccessibilite","status":"publish","type":"page","link":"https:\/\/www.autismeurope.org\/fr\/que-faisons-nous\/promotion-des-droits\/acte-juridique-europeen-sur-laccessibilite\/","title":{"rendered":"Acte juridique europ\u00e9en sur l\u2019Accessibilit\u00e9"},"content":{"rendered":"<p><span style=\"font-size: 12pt\">La version finale de la loi europ\u00e9enne sur l&rsquo;accessibilit\u00e9 (il s\u2019agit en fait d\u2019un directive de l&rsquo;UE) est maintenant disponible au <a href=\"https:\/\/eur-lex.europa.eu\/legal-content\/EN\/TXT\/?uri=OJ:L:2019:151:TOC\">Journal officiel de l&rsquo;Union europ\u00e9enne<\/a>. Bien que ce texte l\u00e9gislatif ait un champ d&rsquo;application restreint, il constitue n\u00e9anmoins un premier vers une meilleure accessibilit\u00e9 pour les personnes handicap\u00e9es. Il est donc essentiel que les \u00c9tats membres de l&rsquo;UE prennent les mesures n\u00e9cessaires pour <a href=\"https:\/\/www.autismeurope.org\/blog\/2019\/06\/28\/the-european-accessibility-act-has-been-adopted-time-for-an-ambitious-transposition\/\">mettre en \u0153uvre la directive au niveau national<\/a>.<\/span><\/p>\n<p><span style=\"font-size: 12pt\">Autisme-Europe avait publi\u00e9 une <a href=\"http:\/\/www.autismeurope.org\/blog\/2016\/02\/04\/autism-europes-response-to-the-proposal-for-a-european-accessibility-act\/\">r\u00e9ponse \u00e0 la proposition initiale<\/a> de la Commission europ\u00e9enne dans laquelle elle formulait un certain nombre de recommandations cl\u00e9s pour s&rsquo;assurer que les besoins sp\u00e9cifiques des personnes autistes ne soient pas n\u00e9glig\u00e9s dans la future directive.<\/span><\/p>\n<p><span style=\"font-size: 12pt\">Autisme-Europe a \u00e9galement contribu\u00e9 \u00e0 la <a href=\"http:\/\/cms.horus.be\/files\/99909\/MediaArchive\/EDF%20Initial%20response%20European%20Accessibility%20Act%20Feb%202016%20-%20final.pdf\">r\u00e9ponse officielle du Forum europ\u00e9en des personnes handicap\u00e9es<\/a> \u00e0 la proposition l\u00e9gislative.<\/span><\/p>\n<p><span style=\"font-size: 12pt\">Cette r\u00e9ponse comporte les <a href=\"http:\/\/www.autismeurope.org\/files\/files\/un-crpd-concluding-observations-on-eu-initial-report-1-1.pdf\">recommandations adress\u00e9es \u00e0 l&rsquo;UE par le Comit\u00e9 des droits des personnes handicap\u00e9es des Nations unies<\/a> l\u2019exhortant \u00e0 adopter rapidement l&rsquo;Acte europ\u00e9en sur l&rsquo;accessibilit\u00e9, avec la participation des personnes handicap\u00e9es.<\/span><\/p>\n<p><span style=\"font-size: 12pt\">Cela fait plusieurs ann\u00e9es qu&rsquo;Autisme-Europe plaide en faveur d&rsquo;une l\u00e9gislation europ\u00e9enne sur l&rsquo;accessibilit\u00e9 des produits et services pour les personnes handicap\u00e9es, tout en soulignant les besoins sp\u00e9cifiques des personnes autistes en mati\u00e8re d&rsquo;acc\u00e8s.<\/span><\/p>\n<p><iframe loading=\"lazy\" title=\"We need a strong Accessibility Act!\" width=\"525\" height=\"295\" src=\"https:\/\/www.youtube.com\/embed\/ALtmGkBYu10?feature=oembed\" frameborder=\"0\" allow=\"accelerometer; autoplay; clipboard-write; encrypted-media; gyroscope; picture-in-picture; web-share\" referrerpolicy=\"strict-origin-when-cross-origin\" allowfullscreen><\/iframe><\/p>\n<h2><span style=\"font-size: 14pt\">Publications li\u00e9es<\/span><\/h2>\n<blockquote><p><span style=\"font-size: 12pt\"><a href=\"http:\/\/www.autismeurope.org\/fr\/blog\/2012\/02\/28\/autisme-europe-contribue-a-lelaboration-du-nouvel-acte-europeen-sur-laccessibilite\/\" target=\"_blank\" rel=\"noopener noreferrer\"><strong>La r\u00e9action d\u2019Autisme-Europe \u00e0 la proposition d\u2019un Acte europ\u00e9en sur l\u2019Accessibilit\u00e9<\/strong><\/a><\/span><\/p><\/blockquote>\n","protected":false},"excerpt":{"rendered":"<p>La version finale de la loi europ\u00e9enne sur l&rsquo;accessibilit\u00e9 (il s\u2019agit en fait d\u2019un directive de l&rsquo;UE) est maintenant disponible au Journal officiel de l&rsquo;Union europ\u00e9enne. Bien que ce texte &hellip; <\/p>\n<p class=\"link-more\"><a href=\"https:\/\/www.autismeurope.org\/fr\/que-faisons-nous\/promotion-des-droits\/acte-juridique-europeen-sur-laccessibilite\/\" class=\"more-link\">Continue reading<span class=\"screen-reader-text\"> \u00ab\u00a0Acte juridique europ\u00e9en sur l\u2019Accessibilit\u00e9\u00a0\u00bb<\/span><\/a><\/p>\n","protected":false},"author":32,"featured_media":0,"parent":3871,"menu_order":3,"comment_status":"closed","ping_status":"closed","template":"","meta":{"_acf_changed":false,"_bbp_topic_count":0,"_bbp_reply_count":0,"_bbp_total_topic_count":0,"_bbp_total_reply_count":0,"_bbp_voice_count":0,"_bbp_anonymous_reply_count":0,"_bbp_topic_count_hidden":0,"_bbp_reply_count_hidden":0,"_bbp_forum_subforum_count":0,"footnotes":""},"class_list":["post-3150","page","type-page","status-publish","hentry"],"acf":[],"_links":{"self":[{"href":"https:\/\/www.autismeurope.org\/fr\/wp-json\/wp\/v2\/pages\/3150","targetHints":{"allow":["GET"]}}],"collection":[{"href":"https:\/\/www.autismeurope.org\/fr\/wp-json\/wp\/v2\/pages"}],"about":[{"href":"https:\/\/www.autismeurope.org\/fr\/wp-json\/wp\/v2\/types\/page"}],"author":[{"embeddable":true,"href":"https:\/\/www.autismeurope.org\/fr\/wp-json\/wp\/v2\/users\/32"}],"replies":[{"embeddable":true,"href":"https:\/\/www.autismeurope.org\/fr\/wp-json\/wp\/v2\/comments?post=3150"}],"version-history":[{"count":11,"href":"https:\/\/www.autismeurope.org\/fr\/wp-json\/wp\/v2\/pages\/3150\/revisions"}],"predecessor-version":[{"id":32384,"href":"https:\/\/www.autismeurope.org\/fr\/wp-json\/wp\/v2\/pages\/3150\/revisions\/32384"}],"up":[{"embeddable":true,"href":"https:\/\/www.autismeurope.org\/fr\/wp-json\/wp\/v2\/pages\/3871"}],"wp:attachment":[{"href":"https:\/\/www.autismeurope.org\/fr\/wp-json\/wp\/v2\/media?parent=3150"}],"curies":[{"name":"wp","href":"https:\/\/api.w.org\/{rel}","templated":true}]}}