{"id":3167,"date":"2017-08-30T12:52:54","date_gmt":"2017-08-30T10:52:54","guid":{"rendered":"http:\/\/autismeurope.akimedia.eu\/fr\/?page_id=3167"},"modified":"2018-01-19T17:52:58","modified_gmt":"2018-01-19T16:52:58","slug":"socle-europeen-des-droits-sociaux","status":"publish","type":"page","link":"https:\/\/www.autismeurope.org\/fr\/que-faisons-nous\/promotion-des-droits\/socle-europeen-des-droits-sociaux\/","title":{"rendered":"Socle europ\u00e9en des droits sociaux"},"content":{"rendered":"<p><span style=\"font-size: 12pt\">Dans le cadre du<a href=\"http:\/\/www.autismeurope.org\/fr\/blog\/2017\/11\/17\/autisme-europe-salue-lapprobation-du-socle-europeen-des-droits-sociaux\/\" target=\"_blank\" rel=\"noopener\"> Sommet social europ\u00e9en pour des emplois et une croissance \u00e9quitables <\/a>qui a eu lieu \u00e0 G\u00f6teborg ce 17 novembre, la Commission europ\u00e9enne, conjointement avec le Parlement europ\u00e9en et le Conseil du l\u2019UE, a solennellement approuv\u00e9 le Socle europ\u00e9en des droits sociaux, un cadre de r\u00e9f\u00e9rence qui servira \u00e0 mesurer la performance des Etats membres quant \u00e0 leurs politiques sociales et d\u2019emploi.<\/span><\/p>\n<p><span style=\"font-size: 12pt\">La premi\u00e8re \u00e9bauche du socle europ\u00e9en a \u00e9t\u00e9 publi\u00e9e par la Commission europ\u00e9enne le 8 mars 2016. La Commission a \u00e9galement invit\u00e9 les parties prenantes \u00e0 s&rsquo;impliquer dans le processus de consultation en pr\u00e9sentant leurs commentaires et\u00a0 partageant leur expertise.<\/span><\/p>\n<p><span style=\"font-size: 12pt\">Le socle europ\u00e9en des droits sociaux vise \u00e0 fournir un cadre permettant de mieux \u00e9valuer si les politiques sociales et de l&#8217;emploi des Etats membres sont conformes aux recommandations de l&rsquo;UE et de donner des orientations sur la mani\u00e8re de les am\u00e9liorer.<\/span><\/p>\n<div><span style=\"font-size: 12pt\">Les principes propos\u00e9s dans le socle europ\u00e9en des droits sociaux ne remplaceront pas les droits existants, mais s&rsquo;appuieront plut\u00f4t sur les acquis sociaux de l&rsquo;UE, c&rsquo;est-\u00e0-dire sur les r\u00e8gles sociales qui existent actuellement dans l&rsquo;ordre juridique europ\u00e9en.<\/span><\/div>\n<div><span style=\"font-size: 12pt\">\u00a0<\/span><\/div>\n<div><span style=\"font-size: 12pt\">Le premier jet sugg\u00e8re qu\u2019il ne s&rsquo;appliquera d&rsquo;abord qu&rsquo;aux pays de la zone euro.<\/span><\/div>\n<h2><span style=\"font-size: 14pt\">Le processus de consultation avec les parties prenantes<\/span><\/h2>\n<div><span style=\"font-size: 12pt\">Le 8 mars 2016, la Commission europ\u00e9enne a publi\u00e9 le premier sch\u00e9ma du socle europ\u00e9en de droits sociaux et a ouvert une consultation avec des parties prenantes.<\/span><\/div>\n<div><span style=\"font-size: 12pt\">\u00a0<\/span><\/div>\n<div><span style=\"font-size: 12pt\">Tout au long de l&rsquo;ann\u00e9e 2016, la Commission s\u2019est engag\u00e9e dans un d\u00e9bat avec les autorit\u00e9s de l&rsquo;UE, des partenaires sociaux, la soci\u00e9t\u00e9 civile et des citoyens sur le contenu et le r\u00f4le du socle, pour aller vers ce qu&rsquo;elle qualifie d\u2019une \u00abUnion \u00e9conomique et mon\u00e9taire plus approfondie et plus \u00e9quitable\u00bb.<\/span><\/div>\n<div><span style=\"font-size: 12pt\">\u00a0<\/span><\/div>\n<div><span style=\"font-size: 12pt\">Autisme-Europe a jou\u00e9 un r\u00f4le actif tout au long de ce processus, en participant aux dialogues strat\u00e9giques organis\u00e9s par la Commission europ\u00e9enne dans le cadre du processus de consultation. Autisme-Europe y soulignait la n\u00e9cessit\u00e9 d&rsquo;int\u00e9grer le handicap dans la proposition.<\/span><\/div>\n<div><span style=\"font-size: 12pt\">\u00a0<\/span><\/div>\n<div><span style=\"font-size: 12pt\">Autisme-Europe a \u00e9galement contribu\u00e9 \u00e0 l&rsquo;\u00e9laboration du socle europ\u00e9en des droits sociaux en pr\u00e9sentant un ensemble de recommandations quant \u00e0 son contenu. D&rsquo;autres r\u00e9seaux europ\u00e9ens ont \u00e9galement propos\u00e9 leurs propres recommandations, notamment le Forum Europ\u00e9en des Personnes Handicap\u00e9es (FEPH) dont Autisme-Europe est membre fondateur. Vous trouverez ci-dessous des liens vers l&rsquo;ensemble des recommandations d&rsquo;Autisme-Europe et du FEPH sur la proposition du socle europ\u00e9en des droits sociaux.<\/span><\/div>\n<div><span style=\"font-size: 12pt\">\u00a0<\/span><\/div>\n<div><span style=\"font-size: 12pt\">Avec l&rsquo;apport des parties prenantes travaillant dans le domaine du handicap, nous esp\u00e9rons que le socle europ\u00e9en des droits sociaux permettra d&rsquo;\u00e9valuer la performance des \u00c9tats membres dans la lutte contre la discrimination \u00e0 l&rsquo;\u00e9gard des personnes handicap\u00e9es, et de veiller \u00e0 ce que les droits sociaux dans les \u00c9tats membres de l&rsquo;UE soient mieux prot\u00e9g\u00e9s.<\/span><\/div>\n<div><\/div>\n<div><\/div>\n<h2><span style=\"font-size: 14pt\"><strong>Publications li\u00e9es<\/strong><\/span><\/h2>\n<blockquote><p><span style=\"font-size: 12pt\"><a href=\"http:\/\/www.autismeurope.org\/fr\/blog\/2017\/10\/26\/socle-europeen-des-droits-sociaux-depliant\/\" target=\"_blank\" rel=\"noopener\"><strong>Socle europ\u00e9en des droits sociaux- d\u00e9pliant<\/strong><\/a><\/span><\/p>\n<p><span style=\"font-size: 12pt\"><a href=\"http:\/\/www.autismeurope.org\/fr\/blog\/2016\/12\/20\/la-reponse-du-forum-europeen-des-personnes-handicapees-au-socle-europeen-des-droits-sociaux\/\" target=\"_blank\" rel=\"noopener\"><strong>La r\u00e9ponse du Forum europ\u00e9en des personnes handicap\u00e9es au Socle europ\u00e9en des droits sociaux<\/strong><\/a><\/span><\/p>\n<p><span style=\"font-size: 12pt\"><a href=\"http:\/\/www.autismeurope.org\/fr\/blog\/2016\/12\/22\/la-reponse-dautisme-europe-a-la-proposition-dun-pilier-social-europeen\/\" target=\"_blank\" rel=\"noopener\"><strong>La r\u00e9ponse d\u2019Autisme-Europe \u00e0 la proposition d\u2019un Socle europ\u00e9en de droits sociaux<\/strong><\/a><\/span><\/p><\/blockquote>\n","protected":false},"excerpt":{"rendered":"<p>Dans le cadre du Sommet social europ\u00e9en pour des emplois et une croissance \u00e9quitables qui a eu lieu \u00e0 G\u00f6teborg ce 17 novembre, la Commission europ\u00e9enne, conjointement avec le Parlement &hellip; <\/p>\n<p class=\"link-more\"><a href=\"https:\/\/www.autismeurope.org\/fr\/que-faisons-nous\/promotion-des-droits\/socle-europeen-des-droits-sociaux\/\" class=\"more-link\">Continue reading<span class=\"screen-reader-text\"> \u00ab\u00a0Socle europ\u00e9en des droits sociaux\u00a0\u00bb<\/span><\/a><\/p>\n","protected":false},"author":32,"featured_media":0,"parent":3871,"menu_order":4,"comment_status":"closed","ping_status":"closed","template":"","meta":{"_acf_changed":false,"_bbp_topic_count":0,"_bbp_reply_count":0,"_bbp_total_topic_count":0,"_bbp_total_reply_count":0,"_bbp_voice_count":0,"_bbp_anonymous_reply_count":0,"_bbp_topic_count_hidden":0,"_bbp_reply_count_hidden":0,"_bbp_forum_subforum_count":0,"footnotes":""},"class_list":["post-3167","page","type-page","status-publish","hentry"],"acf":[],"_links":{"self":[{"href":"https:\/\/www.autismeurope.org\/fr\/wp-json\/wp\/v2\/pages\/3167","targetHints":{"allow":["GET"]}}],"collection":[{"href":"https:\/\/www.autismeurope.org\/fr\/wp-json\/wp\/v2\/pages"}],"about":[{"href":"https:\/\/www.autismeurope.org\/fr\/wp-json\/wp\/v2\/types\/page"}],"author":[{"embeddable":true,"href":"https:\/\/www.autismeurope.org\/fr\/wp-json\/wp\/v2\/users\/32"}],"replies":[{"embeddable":true,"href":"https:\/\/www.autismeurope.org\/fr\/wp-json\/wp\/v2\/comments?post=3167"}],"version-history":[{"count":10,"href":"https:\/\/www.autismeurope.org\/fr\/wp-json\/wp\/v2\/pages\/3167\/revisions"}],"predecessor-version":[{"id":25656,"href":"https:\/\/www.autismeurope.org\/fr\/wp-json\/wp\/v2\/pages\/3167\/revisions\/25656"}],"up":[{"embeddable":true,"href":"https:\/\/www.autismeurope.org\/fr\/wp-json\/wp\/v2\/pages\/3871"}],"wp:attachment":[{"href":"https:\/\/www.autismeurope.org\/fr\/wp-json\/wp\/v2\/media?parent=3167"}],"curies":[{"name":"wp","href":"https:\/\/api.w.org\/{rel}","templated":true}]}}