{"id":3176,"date":"2017-08-30T13:04:29","date_gmt":"2017-08-30T11:04:29","guid":{"rendered":"http:\/\/autismeurope.akimedia.eu\/fr\/?page_id=3176"},"modified":"2018-01-19T18:06:18","modified_gmt":"2018-01-19T17:06:18","slug":"lalliance-europeenne-de-lutte-contre-les-mesures-dausterite-dans-le-domaine-du-handicap","status":"publish","type":"page","link":"https:\/\/www.autismeurope.org\/fr\/que-faisons-nous\/promotion-des-droits\/lalliance-europeenne-de-lutte-contre-les-mesures-dausterite-dans-le-domaine-du-handicap\/","title":{"rendered":"L\u2019Alliance europ\u00e9enne de lutte contre les mesures d\u2019aust\u00e9rit\u00e9 dans le domaine du handicap"},"content":{"rendered":"<p><span style=\"font-size: 12pt\">L\u2019Alliance a \u00e9t\u00e9 fond\u00e9e par le\u00a0<a href=\"http:\/\/enil.eu\/\">R\u00e9seau europ\u00e9en pour la vie autonome (ENIL)<\/a>, avec le soutien d\u2019Autisme-Europe, le\u00a0<a href=\"http:\/\/www.efc.be\/\">European Foundation Centre<\/a>, le\u00a0<a href=\"http:\/\/www.edf-feph.org\/\">Forum Europ\u00e9en des Personnes Handicap\u00e9es (FEPH)<\/a>,\u00a0<a href=\"http:\/\/inclusion-europe.eu\/\">Inclusion Europe<\/a>,\u00a0<a href=\"http:\/\/www.mhe-sme.org\/\">Mental Health Europe<\/a>, le\u00a0<a href=\"http:\/\/enusp.org\/\">R\u00e9seau Europ\u00e9en des (ex-) Usagers et Survivants de la Psychiatrie (ENUSP)<\/a>, Disabled People Against Cuts (DPAC), et\u00a0<a href=\"http:\/\/www.easpd.eu\/\">l&rsquo;Association europ\u00e9enne des prestataires de services pour les personnes en situation de handicap (EASPD)<\/a>. \u00a0 \u00a0<\/span><\/p>\n<p><span style=\"font-size: 12pt\">Ces organisations travaillent ensemble afin de d\u00e9noncer la crise sociale et des droits humains que traverse l\u2019Europe suite aux drastiques coupures budg\u00e9taires dans les services et le soutien destin\u00e9s aux personnes handicap\u00e9es. Elles le font par le biais d\u2019activit\u00e9s de sensibilisation et en s\u2019effor\u00e7ant de hisser la question parmi les priorit\u00e9s de l&rsquo;agenda politique europ\u00e9en.<\/span><\/p>\n<h2><span style=\"font-size: 14pt\"><strong>Ressources<\/strong><\/span><\/h2>\n<p><span style=\"font-size: 12pt\"><strong><a href=\"http:\/\/autismeurope.akimedia.eu\/wp-content\/uploads\/2017\/07\/The-effect-of-austerity-on-people-with-autism.pdf\" target=\"_blank\" rel=\"noopener\">The Effect of Austerity on People with Autism in Europe<\/a><\/strong><\/span><\/p>\n<p>&nbsp;<\/p>\n<h2><span style=\"font-size: 14pt\"><strong>Publications li\u00e9es<\/strong><\/span><\/h2>\n<blockquote><p><span style=\"font-size: 12pt\"><a href=\"http:\/\/www.autismeurope.org\/fr\/blog\/2015\/12\/03\/lalliance-europeenne-de-lutte-contre-les-mesures-dausterite-rapport-de-la-reunion-au-parlement-europeen\/\" target=\"_blank\" rel=\"noopener\"><strong>L\u2019Alliance europ\u00e9enne de lutte contre les mesures d\u2019aust\u00e9rit\u00e9 : rapport de la r\u00e9union au Parlement europ\u00e9en<\/strong><\/a><\/span><\/p><\/blockquote>\n","protected":false},"excerpt":{"rendered":"<p>L\u2019Alliance a \u00e9t\u00e9 fond\u00e9e par le\u00a0R\u00e9seau europ\u00e9en pour la vie autonome (ENIL), avec le soutien d\u2019Autisme-Europe, le\u00a0European Foundation Centre, le\u00a0Forum Europ\u00e9en des Personnes Handicap\u00e9es (FEPH),\u00a0Inclusion Europe,\u00a0Mental Health Europe, le\u00a0R\u00e9seau Europ\u00e9en &hellip; <\/p>\n<p class=\"link-more\"><a href=\"https:\/\/www.autismeurope.org\/fr\/que-faisons-nous\/promotion-des-droits\/lalliance-europeenne-de-lutte-contre-les-mesures-dausterite-dans-le-domaine-du-handicap\/\" class=\"more-link\">Continue reading<span class=\"screen-reader-text\"> \u00ab\u00a0L\u2019Alliance europ\u00e9enne de lutte contre les mesures d\u2019aust\u00e9rit\u00e9 dans le domaine du handicap\u00a0\u00bb<\/span><\/a><\/p>\n","protected":false},"author":32,"featured_media":0,"parent":3871,"menu_order":5,"comment_status":"closed","ping_status":"closed","template":"","meta":{"_acf_changed":false,"_bbp_topic_count":0,"_bbp_reply_count":0,"_bbp_total_topic_count":0,"_bbp_total_reply_count":0,"_bbp_voice_count":0,"_bbp_anonymous_reply_count":0,"_bbp_topic_count_hidden":0,"_bbp_reply_count_hidden":0,"_bbp_forum_subforum_count":0,"footnotes":""},"class_list":["post-3176","page","type-page","status-publish","hentry"],"acf":[],"_links":{"self":[{"href":"https:\/\/www.autismeurope.org\/fr\/wp-json\/wp\/v2\/pages\/3176","targetHints":{"allow":["GET"]}}],"collection":[{"href":"https:\/\/www.autismeurope.org\/fr\/wp-json\/wp\/v2\/pages"}],"about":[{"href":"https:\/\/www.autismeurope.org\/fr\/wp-json\/wp\/v2\/types\/page"}],"author":[{"embeddable":true,"href":"https:\/\/www.autismeurope.org\/fr\/wp-json\/wp\/v2\/users\/32"}],"replies":[{"embeddable":true,"href":"https:\/\/www.autismeurope.org\/fr\/wp-json\/wp\/v2\/comments?post=3176"}],"version-history":[{"count":5,"href":"https:\/\/www.autismeurope.org\/fr\/wp-json\/wp\/v2\/pages\/3176\/revisions"}],"predecessor-version":[{"id":25658,"href":"https:\/\/www.autismeurope.org\/fr\/wp-json\/wp\/v2\/pages\/3176\/revisions\/25658"}],"up":[{"embeddable":true,"href":"https:\/\/www.autismeurope.org\/fr\/wp-json\/wp\/v2\/pages\/3871"}],"wp:attachment":[{"href":"https:\/\/www.autismeurope.org\/fr\/wp-json\/wp\/v2\/media?parent=3176"}],"curies":[{"name":"wp","href":"https:\/\/api.w.org\/{rel}","templated":true}]}}