{"id":3179,"date":"2017-08-30T13:17:12","date_gmt":"2017-08-30T11:17:12","guid":{"rendered":"http:\/\/autismeurope.akimedia.eu\/fr\/?page_id=3179"},"modified":"2018-01-22T11:22:46","modified_gmt":"2018-01-22T10:22:46","slug":"domaines-activite","status":"publish","type":"page","link":"https:\/\/www.autismeurope.org\/fr\/que-faisons-nous\/domaines-activite\/","title":{"rendered":"Domaines d&rsquo;activit\u00e9"},"content":{"rendered":"<p><span style=\"font-size: 12pt\">Autisme-Europe \u0153uvre pour que les personnes avec autisme puissent b\u00e9n\u00e9ficier des m\u00eames droits que le reste de la population europ\u00e9enne. Ces droits sont ancr\u00e9s dans la D\u00e9claration sur les Droits des Personnes avec autisme, pr\u00e9sent\u00e9e \u00e0 l\u2019occasion du 4e Congr\u00e8s d\u2019Autisme-Europe en 1982 et adopt\u00e9e par le Parlement europ\u00e9en le 9 mai 1996 en tant que d\u00e9claration \u00e9crite.<\/span><\/p>\n<h2><span style=\"font-size: 14pt\"><strong>Convention des Nations Unies relative aux Droits des Personnes Handicap\u00e9es<\/strong><\/span><\/h2>\n<p><span style=\"font-size: 12pt\">Autisme-Europe approuve et soutient la pleine mise en \u0153uvre de la\u00a0<strong><a href=\"http:\/\/www.un.org\/disabilities\/documents\/convention\/convoptprot-f.pdf\">Convention des Nations Unies relative aux Droits des Personnes Handicap\u00e9es<\/a><\/strong>, adopt\u00e9e en 2006. Autisme-Europe a collabor\u00e9 \u00e0 la pr\u00e9paration de cette Convention.<\/span><\/p>\n<h2><span style=\"font-size: 14pt\"><strong>Une approche du handicap fond\u00e9e sur les droits<\/strong><strong>\u00a0<\/strong><\/span><\/h2>\n<p><span style=\"font-size: 12pt\">Autisme-Europe encourage le basculement des valeurs d\u2019un mod\u00e8le traditionnel m\u00e9dicalis\u00e9 (qui consid\u00e8re les personnes handicap\u00e9es comme des \u00ab\u00a0objets\u00a0\u00bb b\u00e9n\u00e9ficiant d\u2019actions de charit\u00e9 et d\u2019assistance) vers une approche du handicap bas\u00e9e sur les droits (o\u00f9 les personnes handicap\u00e9es sont consid\u00e9r\u00e9es comme des sujets actifs ayant des droits). Pour cette raison, Autisme-Europe soutient le mod\u00e8le social du handicap<b>.<\/b><\/span><\/p>\n<h2><span style=\"font-size: 14pt\"><strong>La compr\u00e9hension sociale de l&rsquo;hadicap et les droits<\/strong><\/span><\/h2>\n<p><span style=\"font-size: 12pt\">Afin de garantir toute leur dignit\u00e9, les personnes autistes ne devraient plus \u00eatre consid\u00e9r\u00e9es ni trait\u00e9es comme une population incapable d\u2019atteindre des objectifs tels que l\u2019autonomie et l\u2019auto-d\u00e9termination, contrairement aux autres citoyens europ\u00e9ens.<\/span><\/p>\n<p><span style=\"font-size: 12pt\">Une ancienne perspective, erron\u00e9e, consiste \u00e0 se focaliser sur le handicap, \u00e0 consid\u00e9rer les personnes handicap\u00e9es comme des objets d\u2019assistance et se limite \u00e0 leur fournir des structures con\u00e7ues pour leur type de handicap. Autisme-Europe encourage le d\u00e9placement des valeurs d\u2019un mod\u00e8le traditionnel m\u00e9dicalis\u00e9 vers un mod\u00e8le \u00ab social \u00bb, bas\u00e9 sur le droit qui consid\u00e8re les personnes handicap\u00e9es comme des sujets actifs ayant des droits et non des objets d\u2019assistance passifs.<\/span><\/p>\n<p><span style=\"font-size: 12pt\">Cela signifie qu\u2019AE consid\u00e8re que les personnes atteintes de TSA ne sont pas d\u00e9savantag\u00e9es en raison de leur handicap mais qu\u2019elles sont victimes de discrimination, d\u2019exclusion et se retrouvent dans une situation de d\u00e9pendance tout au long de leur vie parce que la soci\u00e9t\u00e9 ne parvient pas \u00e0 r\u00e9pondre \u00e0 leurs besoins, \u00e0 renverser les barri\u00e8res de pr\u00e9jug\u00e9s ni \u00e0 contrecarrer l\u2019injustice \u00e0 laquelle ces personnes sont confront\u00e9es tout au long de leur vie.<\/span><\/p>\n<p><span style=\"font-size: 12pt\">En d\u2019autres termes, cela signifie que la soci\u00e9t\u00e9 n\u2019est pas parvenue \u00e0 mettre en place des actions positives en faveur des personnes atteintes de TSA pour qu\u2019elles puissent acc\u00e9der \u00e0 des structures et services ad\u00e9quats leur garantissant une \u00e9ducation tout au long de la vie, pr\u00e9coce et efficace, des formations professionnelles, des programmes de sant\u00e9 et d\u2019adaptation. En raison du manque de structures et de services adapt\u00e9s, les personnes atteintes de TSA n\u2019ont pas acc\u00e8s \u00e0 un travail ordinaire, ni \u00e0 des activit\u00e9 ordinaires de loisir, de sport ou culturelles.<\/span><\/p>\n<p>&nbsp;<\/p>\n<h2><span style=\"font-size: 14pt\"><strong>Publication li\u00e9es<\/strong><\/span><\/h2>\n<blockquote><p><span style=\"font-size: 12pt\"><a href=\"http:\/\/www.autismeurope.org\/fr\/blog\/2006\/11\/25\/autisme-europe-et-les-instruments-internationaux-des-droits-de-lhomme\/\" target=\"_blank\" rel=\"noopener\"><strong>Autisme-Europe et les instruments internationaux des droits de l\u2019homme<\/strong><\/a><\/span><\/p>\n<p><span style=\"font-size: 12pt\"><a href=\"http:\/\/www.autismeurope.org\/fr\/blog\/2012\/12\/20\/autisme-et-la-convention-des-nations-unies-relative-aux-droits-des-personnes-handicapees\/\" target=\"_blank\" rel=\"noopener\"><strong>Autisme et la Convention des Nations Unies relative aux droits des personnes handicap\u00e9es<\/strong><\/a><\/span><\/p>\n<p><span style=\"font-size: 12pt\"><a href=\"http:\/\/www.autismeurope.org\/fr\/blog\/2012\/12\/20\/autisme-et-la-convention-des-nations-unies-relative-aux-droits-des-personnes-handicapees\/\" target=\"_blank\" rel=\"noopener\"><strong>Convention des Nations Unies relative aux droits des personnes handicap\u00e9es<\/strong><\/a><\/span><\/p>\n<p><span style=\"font-size: 12pt\"><a href=\"http:\/\/www.autismeurope.org\/fr\/blog\/2012\/06\/15\/capacite-juridique-des-personnes-autistes\/\" target=\"_blank\" rel=\"noopener\"><strong>Capacit\u00e9 juridique des personnes autistes<\/strong><\/a><\/span><\/p>\n<p><span style=\"font-size: 12pt\"><a href=\"http:\/\/www.autismeurope.org\/fr\/blog\/1996\/12\/11\/charte-des-droits\/\" target=\"_blank\" rel=\"noopener\"><strong>Charte des droits<\/strong><\/a><\/span><\/p><\/blockquote>\n","protected":false},"excerpt":{"rendered":"<p>Autisme-Europe \u0153uvre pour que les personnes avec autisme puissent b\u00e9n\u00e9ficier des m\u00eames droits que le reste de la population europ\u00e9enne. Ces droits sont ancr\u00e9s dans la D\u00e9claration sur les Droits &hellip; <\/p>\n<p class=\"link-more\"><a href=\"https:\/\/www.autismeurope.org\/fr\/que-faisons-nous\/domaines-activite\/\" class=\"more-link\">Continue reading<span class=\"screen-reader-text\"> \u00ab\u00a0Domaines d&rsquo;activit\u00e9\u00a0\u00bb<\/span><\/a><\/p>\n","protected":false},"author":32,"featured_media":0,"parent":105,"menu_order":2,"comment_status":"closed","ping_status":"closed","template":"","meta":{"_acf_changed":false,"_bbp_topic_count":0,"_bbp_reply_count":0,"_bbp_total_topic_count":0,"_bbp_total_reply_count":0,"_bbp_voice_count":0,"_bbp_anonymous_reply_count":0,"_bbp_topic_count_hidden":0,"_bbp_reply_count_hidden":0,"_bbp_forum_subforum_count":0,"footnotes":""},"class_list":["post-3179","page","type-page","status-publish","hentry"],"acf":[],"_links":{"self":[{"href":"https:\/\/www.autismeurope.org\/fr\/wp-json\/wp\/v2\/pages\/3179","targetHints":{"allow":["GET"]}}],"collection":[{"href":"https:\/\/www.autismeurope.org\/fr\/wp-json\/wp\/v2\/pages"}],"about":[{"href":"https:\/\/www.autismeurope.org\/fr\/wp-json\/wp\/v2\/types\/page"}],"author":[{"embeddable":true,"href":"https:\/\/www.autismeurope.org\/fr\/wp-json\/wp\/v2\/users\/32"}],"replies":[{"embeddable":true,"href":"https:\/\/www.autismeurope.org\/fr\/wp-json\/wp\/v2\/comments?post=3179"}],"version-history":[{"count":7,"href":"https:\/\/www.autismeurope.org\/fr\/wp-json\/wp\/v2\/pages\/3179\/revisions"}],"predecessor-version":[{"id":25662,"href":"https:\/\/www.autismeurope.org\/fr\/wp-json\/wp\/v2\/pages\/3179\/revisions\/25662"}],"up":[{"embeddable":true,"href":"https:\/\/www.autismeurope.org\/fr\/wp-json\/wp\/v2\/pages\/105"}],"wp:attachment":[{"href":"https:\/\/www.autismeurope.org\/fr\/wp-json\/wp\/v2\/media?parent=3179"}],"curies":[{"name":"wp","href":"https:\/\/api.w.org\/{rel}","templated":true}]}}