{"id":3184,"date":"2017-08-30T14:54:51","date_gmt":"2017-08-30T12:54:51","guid":{"rendered":"http:\/\/autismeurope.akimedia.eu\/fr\/?page_id=3184"},"modified":"2018-09-05T15:10:51","modified_gmt":"2018-09-05T13:10:51","slug":"cnudph","status":"publish","type":"page","link":"https:\/\/www.autismeurope.org\/fr\/que-faisons-nous\/domaines-activite\/cnudph\/","title":{"rendered":"CNUDPH"},"content":{"rendered":"<p><span style=\"font-size: 12pt\">Ses articles pr\u00e9cisent que toutes les personnes handicap\u00e9es ont le droit de participer \u00e0 la vie civile, politique, \u00e9conomique et culturelle de la communaut\u00e9, au m\u00eame titre que n\u2019importe quel autre citoyen.<\/span><\/p>\n<p><span style=\"font-size: 12pt\">La Convention stipule clairement ce que les autorit\u00e9s publiques et priv\u00e9es doivent mettre en oeuvre pour garantir et promouvoir la pleine jouissance de ces droits par toutes les personnes handicap\u00e9es.<\/span><\/p>\n<p><span style=\"font-size: 12pt\">La CNUDPH a \u00e9t\u00e9 sign\u00e9e par l\u2019UE en 2007 et ratifi\u00e9e en d\u00e9cembre 2010.<\/span><\/p>\n<p><span style=\"font-size: 12pt\">Les 27 et 28 septembre 2015, le\u00a0<a href=\"http:\/\/www.ohchr.org\/FR\/HRBodies\/CRPD\/Pages\/CRPDIndex.aspx\">Comit\u00e9 de l\u2019ONU sur les droits des personnes handicap\u00e9es<\/a>\u00a0a adress\u00e9 \u00e0 l\u2019UE ses observations finales sur les progr\u00e8s r\u00e9alis\u00e9s jusqu\u2019\u00e0 ce jour avec une liste de recommandations sur la meilleure fa\u00e7on de mettre en \u0153uvre la Convention.<\/span><\/p>\n<p>&nbsp;<\/p>\n<blockquote><p><span style=\"font-size: 14pt\"><strong><a href=\"http:\/\/www.autismeurope.org\/fr\/pourquoi-la-cnudph-est-elle-importante\/\" target=\"_blank\" rel=\"noopener\">Pourquoi la CNUDP est-elle importante?\u00a0<\/a><\/strong><\/span><\/p><\/blockquote>\n<p>&nbsp;<\/p>\n<h2><span style=\"font-size: 14pt\"><strong>Publication li\u00e9es<\/strong><\/span><\/h2>\n<blockquote><p><span style=\"font-size: 12pt\"><a href=\"http:\/\/www.autismeurope.org\/fr\/blog\/2016\/09\/23\/mise-en-oeuvre-de-la-cdph-des-nations-unies-pour-les-conditions-du-spectre-de-lautisme\/\" target=\"_blank\" rel=\"noopener\"><strong>Mise en \u0153uvre de la CDPH des Nations Unies pour les conditions du spectre de l\u2019autisme<\/strong><\/a><\/span><\/p>\n<p><span style=\"font-size: 12pt\"><a href=\"http:\/\/www.autismeurope.org\/fr\/blog\/2015\/10\/15\/le-role-des-detenteurs-de-droits-des-organisations-de-personnes-handicapees-et-de-la-societe-civile-dans-les-rapports-du-comite-de-la-cdph\/\" target=\"_blank\" rel=\"noopener\"><strong>Comment jouer un r\u00f4le dans le cycle de rapporting du Comit\u00e9 de la CDPH<\/strong><\/a><\/span><\/p>\n<p><span style=\"font-size: 12pt\"><a href=\"http:\/\/www.autismeurope.org\/fr\/blog\/2015\/10\/30\/une-introduction-aux-mecanismes-des-droits-de-lhomme-des-nations-unies\/\" target=\"_blank\" rel=\"noopener\"><strong>Une introduction aux m\u00e9canismes des droits de l\u2019homme des Nations Unies<\/strong><\/a><\/span><\/p><\/blockquote>\n","protected":false},"excerpt":{"rendered":"<p>Ses articles pr\u00e9cisent que toutes les personnes handicap\u00e9es ont le droit de participer \u00e0 la vie civile, politique, \u00e9conomique et culturelle de la communaut\u00e9, au m\u00eame titre que n\u2019importe quel &hellip; <\/p>\n<p class=\"link-more\"><a href=\"https:\/\/www.autismeurope.org\/fr\/que-faisons-nous\/domaines-activite\/cnudph\/\" class=\"more-link\">Continue reading<span class=\"screen-reader-text\"> \u00ab\u00a0CNUDPH\u00a0\u00bb<\/span><\/a><\/p>\n","protected":false},"author":32,"featured_media":0,"parent":3179,"menu_order":1,"comment_status":"closed","ping_status":"closed","template":"","meta":{"_acf_changed":false,"_bbp_topic_count":0,"_bbp_reply_count":0,"_bbp_total_topic_count":0,"_bbp_total_reply_count":0,"_bbp_voice_count":0,"_bbp_anonymous_reply_count":0,"_bbp_topic_count_hidden":0,"_bbp_reply_count_hidden":0,"_bbp_forum_subforum_count":0,"footnotes":""},"class_list":["post-3184","page","type-page","status-publish","hentry"],"acf":[],"_links":{"self":[{"href":"https:\/\/www.autismeurope.org\/fr\/wp-json\/wp\/v2\/pages\/3184","targetHints":{"allow":["GET"]}}],"collection":[{"href":"https:\/\/www.autismeurope.org\/fr\/wp-json\/wp\/v2\/pages"}],"about":[{"href":"https:\/\/www.autismeurope.org\/fr\/wp-json\/wp\/v2\/types\/page"}],"author":[{"embeddable":true,"href":"https:\/\/www.autismeurope.org\/fr\/wp-json\/wp\/v2\/users\/32"}],"replies":[{"embeddable":true,"href":"https:\/\/www.autismeurope.org\/fr\/wp-json\/wp\/v2\/comments?post=3184"}],"version-history":[{"count":6,"href":"https:\/\/www.autismeurope.org\/fr\/wp-json\/wp\/v2\/pages\/3184\/revisions"}],"predecessor-version":[{"id":27772,"href":"https:\/\/www.autismeurope.org\/fr\/wp-json\/wp\/v2\/pages\/3184\/revisions\/27772"}],"up":[{"embeddable":true,"href":"https:\/\/www.autismeurope.org\/fr\/wp-json\/wp\/v2\/pages\/3179"}],"wp:attachment":[{"href":"https:\/\/www.autismeurope.org\/fr\/wp-json\/wp\/v2\/media?parent=3184"}],"curies":[{"name":"wp","href":"https:\/\/api.w.org\/{rel}","templated":true}]}}