{"id":3198,"date":"2017-08-30T15:20:38","date_gmt":"2017-08-30T13:20:38","guid":{"rendered":"http:\/\/autismeurope.akimedia.eu\/fr\/?page_id=3198"},"modified":"2020-09-25T14:26:39","modified_gmt":"2020-09-25T12:26:39","slug":"emploi","status":"publish","type":"page","link":"https:\/\/www.autismeurope.org\/fr\/que-faisons-nous\/domaines-activite\/emploi\/","title":{"rendered":"Emploi"},"content":{"rendered":"<p><span style=\"font-size: 12pt\">Les difficult\u00e9s de communication et d&rsquo;interaction sociale que connaissent les personnes autistes affectent souvent leur capacit\u00e9 \u00e0 participer aux entretiens d&#8217;embauche, \u00e0 comprendre les attentes des employeurs et \u00e0 communiquer avec leurs sup\u00e9rieurs et leurs coll\u00e8gues.<\/span><\/p>\n<p><span style=\"font-size: 12pt\">Pourtant, les plus grands d\u00e9fis rencontr\u00e9s par les personnes autistes en mati\u00e8re d&#8217;emploi sont le manque d&rsquo;acc\u00e8s aux opportunit\u00e9s et la discrimination.<\/span><\/p>\n<p><span style=\"font-size: 12pt\">Ces obstacles \u00e0 l&#8217;emploi sont pr\u00e9sents bien avant qu&rsquo;une personne autiste ne se mette \u00e0 la recherche d&rsquo;un emploi. Dans toute l&rsquo;Europe, on d\u00e9plore un grave manque d&rsquo;\u00e9ducation et de formation adapt\u00e9es afin de permettre aux personnes autistes d&rsquo;acqu\u00e9rir les comp\u00e9tences professionnelles, sociales et de communication n\u00e9cessaires pour exercer un travail. Lorsqu&rsquo;une personne autiste se met \u00e0 chercher un emploi, qu&rsquo;elle ait re\u00e7u une formation adapt\u00e9e ou non, celle-ci est souvent confront\u00e9e \u00e0 la discrimination en raison de son autisme.<\/span><\/p>\n<p><span style=\"font-size: 12pt\">Malgr\u00e9 les difficult\u00e9s internes et les barri\u00e8res soci\u00e9tales auxquelles se heurtent les personnes autistes, celles-ci poss\u00e8dent de nombreux atouts qui les rendent potentiellement exceptionnelles dans le monde du travail. Il s&rsquo;agit notamment de la capacit\u00e9 \u00e0 se concentrer sur les d\u00e9tails, \u00e0 exceller dans les t\u00e2ches logiques et r\u00e9p\u00e9titives, et de leur propension \u00e0 \u00eatre tr\u00e8s loyales et fiables.<\/span><\/p>\n<p><span style=\"font-size: 12pt\">Les personnes autistes ont besoin de soutien pour obtenir un emploi et r\u00e9aliser leur potentiel au travail.<\/span><\/p>\n<p><span style=\"font-size: 12pt\">En vertu de la <a href=\"https:\/\/www.un.org\/disabilities\/documents\/convention\/convoptprot-f.pdf\" target=\"_blank\" rel=\"noopener noreferrer\">Convention des Nations Unies relative aux droit des personnes handicap\u00e9es<\/a>, les personnes autistes ont droit au soutien \u00e0 l\u2019emploi.<\/span><\/p>\n<h2><span style=\"font-size: 14pt\">Ressources d\u2019Autisme-Europe<\/span><\/h2>\n<blockquote><p><span style=\"font-size: 12pt\">Campagne de sensibilisation : <strong><a href=\"https:\/\/www.autismeurope.org\/what-we-do\/world-autism-awareness-day\/current-campaign\/\" target=\"_blank\" rel=\"noopener noreferrer\">Je peux apprendre. Je peux travailler<\/a><\/strong> (2020- 2021)<\/span><\/p>\n<p><span style=\"font-size: 12pt\"><strong><a href=\"https:\/\/www.autismeurope.org\/fr\/ivea-formation-professionnelle-innovante-au-service-de-lautisme-2018-2021\/\" target=\"_blank\" rel=\"noopener noreferrer\">Projet IVEA<\/a><\/strong> : Formation professionnelle innovante au service de l\u2019autisme (2018-2021)<\/span><\/p>\n<p><span style=\"font-size: 12pt\"><a href=\"http:\/\/www.autismeurope.org\/fr\/projet-jotradi-formation-de-formateurs-a-lemploi-pour-les-personnes-atteintes-dun-handicap-intellectuel-et-de-troubles-du-spectre-autistique-2013-2015\/\"><strong>Projet: JoTraDi<\/strong>\u00a0<\/a>\u2013 &#8211; Formateurs d&#8217;emplois pour les personnes ayant une d\u00e9ficience intellectuelle et des troubles du spectre autistique (2013- 2015)<\/span><\/p>\n<p><span style=\"font-size: 12pt\">Campagne de sensibilisation : <strong><a href=\"http:\/\/www.autismeurope.org\/fr\/autisme-et-travail-ensemble-cest-possible-journee-mondial-de-sensibilisation-a-lautisme-2014\/\">Autisme et travail. ensemble c\u2019est possible<\/a> <\/strong>(2014).<\/span><\/p>\n<p><span style=\"font-size: 12pt\"><a href=\"http:\/\/www.autismeurope.org\/fr\/european-days-of-autism-2014\/\" target=\"_blank\" rel=\"noopener noreferrer\"><strong>Journ\u00e9es europ\u00e9ennes de l&rsquo;autisme<\/strong><\/a> (2014)<\/span><\/p>\n<p><span style=\"font-size: 12pt\"><a href=\"http:\/\/www.autismeurope.org\/fr\/together-we-can-manage-projet-de-soutien-a-lemploi-pour-les-personnes-avec-autisme-en-republique-tcheque\/\"><strong>Projet : Together We Can Manage<\/strong><\/a>\u2013 soutenir l&#8217;emploi des personnes autistes en R\u00e9publique tch\u00e8que (2012- 2015)<\/span><\/p><\/blockquote>\n<h2><span style=\"font-size: 14pt\">Publications li\u00e9es<\/span><\/h2>\n<blockquote><p><span style=\"font-size: 12pt\"><a href=\"http:\/\/www.autismeurope.org\/fr\/blog\/2014\/03\/03\/autisme-et-travail-ensemble-cest-possible-2\/\" target=\"_blank\" rel=\"noopener noreferrer\"><strong>Autisme et travail, ensemble c\u2019est possible &#8211; 2014<\/strong><\/a><\/span><\/p>\n<p><span style=\"font-size: 12pt\"><strong><a href=\"https:\/\/www.autismeurope.org\/fr\/blog\/2020\/09\/08\/mettre-en-place-des-amenagements-raisonnables-guide-2020-des-pratiques-prometteuses\/\" target=\"_blank\" rel=\"noopener noreferrer\">Mettre en place des am\u00e9nagements raisonnables \u2013 Guide des pratiques prometteuses &#8211; 2020<\/a><\/strong><\/span><\/p>\n<p><a href=\"https:\/\/www.autismeurope.org\/blog\/2019\/03\/30\/the-autism-work-playbook\/\" target=\"_blank\" rel=\"noopener noreferrer\"><strong><span style=\"font-size: 12pt;color: #333333\">The Autism @ Work Playbook<\/span><\/strong><\/a><\/p>\n<p class=\"entry-title\"><a href=\"https:\/\/www.autismeurope.org\/fr\/blog\/2018\/11\/30\/situation-sociale-et-professionnelle-des-personnes-handicapees\/\" target=\"_blank\" rel=\"noopener noreferrer\"><strong><span style=\"font-size: 12pt\">Situation sociale et professionnelle des personnes handicap\u00e9es<\/span><\/strong><\/a><\/p>\n<p class=\"entry-title\"><a href=\"https:\/\/www.autismeurope.org\/fr\/blog\/2016\/07\/01\/promouvoir-la-diversite-et-linclusion-grace-a-des-ajustements-dans-le-milieu-de-travail\/\" target=\"_blank\" rel=\"noopener noreferrer\"><strong><span style=\"font-size: 12pt\">Promouvoir la diversit\u00e9 et l\u2019inclusion gr\u00e2ce \u00e0 des ajustements dans le milieu de travail<\/span><\/strong><\/a><\/p>\n<p><span style=\"font-size: 12pt\"><a href=\"http:\/\/www.autismeurope.org\/fr\/blog\/2015\/03\/29\/protecting-the-rights-of-people-with-autism-in-the-fields-of-education-and-employment-international-and-european-perspectives\/\" target=\"_blank\" rel=\"noopener noreferrer\"><strong>Prot\u00e9ger les droits des personnes autistes dans les domaines de l\u2019\u00e9ducation et de l\u2019emploi \u2013 Perspectives internationales et europ\u00e9ennes<\/strong><\/a><\/span><\/p>\n<p><span style=\"font-size: 12pt\"><a href=\"http:\/\/www.autismeurope.org\/fr\/blog\/2014\/05\/30\/rapport-resultats-de-quatre-projets-pilotes-sur-lemploi-des-personnes-autistes\/\" target=\"_blank\" rel=\"noopener noreferrer\"><strong>Rapport : R\u00e9sultats de quatre projets pilotes sur l\u2019emploi des personnes autistes<\/strong><\/a><\/span><\/p>\n<p><span style=\"font-size: 12pt\"><a href=\"http:\/\/www.autismeurope.org\/fr\/blog\/2014\/04\/06\/formation-professionnelle-pour-les-personnes-handicapees-a-travers-les-institutions-culturelles\/\" target=\"_blank\" rel=\"noopener noreferrer\"><strong>Formation professionnelle pour les personnes handicap\u00e9es \u00e0 travers les institutions culturelles<\/strong><\/a><\/span><\/p>\n<p><span style=\"font-size: 12pt\"><a href=\"http:\/\/www.autismeurope.org\/fr\/blog\/2014\/02\/11\/competences-en-informatique-pour-tous\/\" target=\"_blank\" rel=\"noopener noreferrer\"><strong>Comp\u00e9tences en informatique pour tous<\/strong><\/a><\/span><\/p>\n<p><span style=\"font-size: 12pt\"><a href=\"http:\/\/www.autismeurope.org\/fr\/blog\/2013\/12\/30\/declaration-ecrite-du-parlement-europeen-00252013-soutenir-leducation-et-lemploi-des-personnes-autistes-en-europe\/\" target=\"_blank\" rel=\"noopener noreferrer\"><strong>D\u00e9claration \u00e9crite du Parlement europ\u00e9en (0025\/2013) : Soutenir l\u2019\u00e9ducation et l\u2019emploi des personnes autistes en Europe<\/strong><\/a><\/span><\/p><\/blockquote>\n","protected":false},"excerpt":{"rendered":"<p>Les difficult\u00e9s de communication et d&rsquo;interaction sociale que connaissent les personnes autistes affectent souvent leur capacit\u00e9 \u00e0 participer aux entretiens d&#8217;embauche, \u00e0 comprendre les attentes des employeurs et \u00e0 communiquer &hellip; <\/p>\n<p class=\"link-more\"><a href=\"https:\/\/www.autismeurope.org\/fr\/que-faisons-nous\/domaines-activite\/emploi\/\" class=\"more-link\">Continue reading<span class=\"screen-reader-text\"> \u00ab\u00a0Emploi\u00a0\u00bb<\/span><\/a><\/p>\n","protected":false},"author":32,"featured_media":0,"parent":3179,"menu_order":5,"comment_status":"closed","ping_status":"closed","template":"","meta":{"_acf_changed":false,"_bbp_topic_count":0,"_bbp_reply_count":0,"_bbp_total_topic_count":0,"_bbp_total_reply_count":0,"_bbp_voice_count":0,"_bbp_anonymous_reply_count":0,"_bbp_topic_count_hidden":0,"_bbp_reply_count_hidden":0,"_bbp_forum_subforum_count":0,"footnotes":""},"class_list":["post-3198","page","type-page","status-publish","hentry"],"acf":[],"_links":{"self":[{"href":"https:\/\/www.autismeurope.org\/fr\/wp-json\/wp\/v2\/pages\/3198","targetHints":{"allow":["GET"]}}],"collection":[{"href":"https:\/\/www.autismeurope.org\/fr\/wp-json\/wp\/v2\/pages"}],"about":[{"href":"https:\/\/www.autismeurope.org\/fr\/wp-json\/wp\/v2\/types\/page"}],"author":[{"embeddable":true,"href":"https:\/\/www.autismeurope.org\/fr\/wp-json\/wp\/v2\/users\/32"}],"replies":[{"embeddable":true,"href":"https:\/\/www.autismeurope.org\/fr\/wp-json\/wp\/v2\/comments?post=3198"}],"version-history":[{"count":14,"href":"https:\/\/www.autismeurope.org\/fr\/wp-json\/wp\/v2\/pages\/3198\/revisions"}],"predecessor-version":[{"id":44436,"href":"https:\/\/www.autismeurope.org\/fr\/wp-json\/wp\/v2\/pages\/3198\/revisions\/44436"}],"up":[{"embeddable":true,"href":"https:\/\/www.autismeurope.org\/fr\/wp-json\/wp\/v2\/pages\/3179"}],"wp:attachment":[{"href":"https:\/\/www.autismeurope.org\/fr\/wp-json\/wp\/v2\/media?parent=3198"}],"curies":[{"name":"wp","href":"https:\/\/api.w.org\/{rel}","templated":true}]}}