{"id":3202,"date":"2017-08-30T15:31:36","date_gmt":"2017-08-30T13:31:36","guid":{"rendered":"http:\/\/autismeurope.akimedia.eu\/fr\/?page_id=3202"},"modified":"2018-01-22T14:43:16","modified_gmt":"2018-01-22T13:43:16","slug":"integrer-le-handicap-dans-le-developpement","status":"publish","type":"page","link":"https:\/\/www.autismeurope.org\/fr\/que-faisons-nous\/domaines-activite\/integrer-le-handicap-dans-le-developpement\/","title":{"rendered":"Int\u00e9grer le handicap dans le d\u00e9veloppement"},"content":{"rendered":"<p><span style=\"font-size: 12pt\">Dans ses observations finales, le Comit\u00e9 d&rsquo;experts de l&rsquo;ONU a recommand\u00e9 \u00e0 l&rsquo;UE \u00abd&rsquo;adopter une politique harmonis\u00e9e de d\u00e9veloppement qui inclut le handicap et d&rsquo;adopter une approche syst\u00e9matique pour int\u00e9grer les droits des personnes handicap\u00e9es dans toutes les politiques et dans les programmes de coop\u00e9ration internationale de l&rsquo;Union europ\u00e9enne ; d\u2019\u00e9tablir des points de convergence et montrer l\u2019exemple en mettant en \u0153uvre l&rsquo;Agenda pour le d\u00e9veloppement durable 2030, avec le handicap faisant partie int\u00e9grale \u00bb.<\/span><\/p>\n<p><span style=\"font-size: 12pt\">Par cons\u00e9quent, les personnes handicap\u00e9es ne devraient plus \u00eatre consid\u00e9r\u00e9es comme \u00e9tant seulement les b\u00e9n\u00e9ficiaires de projets de d\u00e9veloppement mais aussi comme contributeurs potentiels et ce, d\u2019autant plus quand il s\u2019agit de l&rsquo;autisme, o\u00f9 tant les organisations de personnes handicap\u00e9es \u0153uvrant dans ce domaine que les auto-repr\u00e9sentants devraient \u00eatre impliqu\u00e9s dans la conception et la participation \u00e0 des projets les concernant. Ces groupes peuvent apporter leur exp\u00e9rience pratique et leur expertise afin d\u2019aider \u00e0 d\u00e9velopper des actions qui auront un impact r\u00e9el et durable. Il ne faut pas oublier que les personnes autistes ont souvent des comp\u00e9tences, tant professionnelles que personnelles, pouvant largement contribuer \u00e0 de tels projets et initiatives de d\u00e9veloppement.<\/span><\/p>\n<p>&nbsp;<\/p>\n<h2><span style=\"font-size: 14pt\"><strong>Publications li\u00e9es<\/strong><\/span><\/h2>\n<blockquote><p><span style=\"font-size: 12pt\"><a href=\"http:\/\/www.autismeurope.org\/fr\/blog\/2011\/03\/26\/pietro-cirrincione-mon-experience-de-benevolat\/\" target=\"_blank\" rel=\"noopener\"><strong>Pietro Cirrincione \u2013 Mon exp\u00e9rience de b\u00e9n\u00e9volat<\/strong><\/a><\/span><\/p>\n<p><span style=\"font-size: 12pt\"><a href=\"http:\/\/www.autismeurope.org\/fr\/blog\/2013\/08\/30\/terminer-un-projet-de-solidarite-pour-ameliorer-la-qualite-de-vie-des-personnes-autistes-au-bangladesh\/\" target=\"_blank\" rel=\"noopener\"><strong>Terminer un projet de solidarit\u00e9 pour am\u00e9liorer la qualit\u00e9 de vie des personnes autistes au Bangladesh<\/strong><\/a><\/span><\/p>\n<p><span style=\"font-size: 12pt\"><a href=\"http:\/\/www.autismeurope.org\/fr\/blog\/2014\/01\/28\/projet-de-collaboration-danois-pour-sensibiliser-le-public-a-lautisme-au-nepal\/\" target=\"_blank\" rel=\"noopener\"><strong>Projet de collaboration danois pour sensibiliser le public \u00e0 l\u2019autisme au N\u00e9pal<\/strong><\/a><\/span><\/p><\/blockquote>\n","protected":false},"excerpt":{"rendered":"<p>Dans ses observations finales, le Comit\u00e9 d&rsquo;experts de l&rsquo;ONU a recommand\u00e9 \u00e0 l&rsquo;UE \u00abd&rsquo;adopter une politique harmonis\u00e9e de d\u00e9veloppement qui inclut le handicap et d&rsquo;adopter une approche syst\u00e9matique pour int\u00e9grer &hellip; <\/p>\n<p class=\"link-more\"><a href=\"https:\/\/www.autismeurope.org\/fr\/que-faisons-nous\/domaines-activite\/integrer-le-handicap-dans-le-developpement\/\" class=\"more-link\">Continue reading<span class=\"screen-reader-text\"> \u00ab\u00a0Int\u00e9grer le handicap dans le d\u00e9veloppement\u00a0\u00bb<\/span><\/a><\/p>\n","protected":false},"author":32,"featured_media":0,"parent":3179,"menu_order":11,"comment_status":"closed","ping_status":"closed","template":"","meta":{"_acf_changed":false,"_bbp_topic_count":0,"_bbp_reply_count":0,"_bbp_total_topic_count":0,"_bbp_total_reply_count":0,"_bbp_voice_count":0,"_bbp_anonymous_reply_count":0,"_bbp_topic_count_hidden":0,"_bbp_reply_count_hidden":0,"_bbp_forum_subforum_count":0,"footnotes":""},"class_list":["post-3202","page","type-page","status-publish","hentry"],"acf":[],"_links":{"self":[{"href":"https:\/\/www.autismeurope.org\/fr\/wp-json\/wp\/v2\/pages\/3202","targetHints":{"allow":["GET"]}}],"collection":[{"href":"https:\/\/www.autismeurope.org\/fr\/wp-json\/wp\/v2\/pages"}],"about":[{"href":"https:\/\/www.autismeurope.org\/fr\/wp-json\/wp\/v2\/types\/page"}],"author":[{"embeddable":true,"href":"https:\/\/www.autismeurope.org\/fr\/wp-json\/wp\/v2\/users\/32"}],"replies":[{"embeddable":true,"href":"https:\/\/www.autismeurope.org\/fr\/wp-json\/wp\/v2\/comments?post=3202"}],"version-history":[{"count":3,"href":"https:\/\/www.autismeurope.org\/fr\/wp-json\/wp\/v2\/pages\/3202\/revisions"}],"predecessor-version":[{"id":25680,"href":"https:\/\/www.autismeurope.org\/fr\/wp-json\/wp\/v2\/pages\/3202\/revisions\/25680"}],"up":[{"embeddable":true,"href":"https:\/\/www.autismeurope.org\/fr\/wp-json\/wp\/v2\/pages\/3179"}],"wp:attachment":[{"href":"https:\/\/www.autismeurope.org\/fr\/wp-json\/wp\/v2\/media?parent=3202"}],"curies":[{"name":"wp","href":"https:\/\/api.w.org\/{rel}","templated":true}]}}