{"id":3204,"date":"2017-08-30T15:41:07","date_gmt":"2017-08-30T13:41:07","guid":{"rendered":"http:\/\/autismeurope.akimedia.eu\/fr\/?page_id=3204"},"modified":"2024-04-04T17:05:58","modified_gmt":"2024-04-04T15:05:58","slug":"journee-mondiale-de-sensibilisation-a-lautisme","status":"publish","type":"page","link":"https:\/\/www.autismeurope.org\/fr\/que-faisons-nous\/journee-mondiale-de-sensibilisation-a-lautisme\/","title":{"rendered":"Journ\u00e9e Mondiale de Sensibilisation \u00e0 l\u2019Autisme"},"content":{"rendered":"<p><span style=\"font-size: 12pt\">Son altesse la Sheikha Mozah Bint Nasser Al-Missned, premi\u00e8re Dame du Qatar, et le Sheikh Hamad Bin Khalifa Al-Thani, \u00e9mir du Qatar, ont soutenu la campagne pour la Journ\u00e9e Mondiale de Sensibilisation \u00e0 l\u2019Autisme lors de la 62e Assembl\u00e9e G\u00e9n\u00e9rale des NU, obtenant le consensus de tous les Etats membres des Nations Unies.<\/span><\/p>\n<p><span style=\"font-size: 12pt\"><a href=\"http:\/\/undocs.org\/fr\/A\/RES\/62\/139\" target=\"_blank\" rel=\"noopener noreferrer\">La r\u00e9solution instituant la Journ\u00e9e Mondiale de Sensibilisation \u00e0 l\u2019Autisme<\/a> incite tous les Etats membres \u00e0 prendre les mesures n\u00e9cessaires afin de sensibiliser la soci\u00e9t\u00e9 \u00e0 l\u2019autisme et d\u2019encourager le diagnostic et l\u2019intervention pr\u00e9coces. En outre, la r\u00e9solution refl\u00e8te la profonde pr\u00e9occupation de l\u2019Assembl\u00e9e G\u00e9n\u00e9rale quant \u00e0 la pr\u00e9valence de l\u2019autisme, son taux \u00e9lev\u00e9 chez les enfants du monde entier et les d\u00e9fis li\u00e9s \u00e0 cette probl\u00e9matique dans le domaine du d\u00e9veloppement.\u00a0<\/span><\/p>\n<h2><span style=\"font-size: 14pt\"><strong>Campagnes europ\u00e9ennes<\/strong><\/span><\/h2>\n<p><span style=\"font-size: 12pt\">Chaque ann\u00e9e Autisme-Europe lance une campagne de sensibilisation \u00e0 l&rsquo;autisme pour mettre en avance les droits des personnes autistes \u00e0 travers l&rsquo;Europe.<\/span><\/p>\n<blockquote><p><a href=\"http:\/\/www.autismeurope.org\/fr\/campagne-actuelle\/\"><span style=\"font-size: 12pt\"><strong>Campagne en cours : \u00ab\u00a0Not invisible\u00a0\u00bb<\/strong><\/span><\/a><\/p>\n<p><span style=\"font-size: 12pt\"><strong><a title=\"Campagnes pr\u00e9c\u00e9dentes\" href=\"http:\/\/www.autismeurope.org\/fr\/que-faisons-nous\/journee-mondiale-de-sensibilisation-a-lautisme\/campagnes-precedentes\/\">Campagnes pr\u00e9c\u00e9dentes<\/a><\/strong><\/span><\/p><\/blockquote>\n<h2><span style=\"font-size: 14pt\"><strong>Activit\u00e9s et \u00e9v\u00e8nements en Europe<\/strong><\/span><\/h2>\n<p><span style=\"font-size: 12pt\">Chaque ann\u00e9e les membres d\u2019Autisme-Europe organisent et participent \u00e0 une s\u00e9rie d\u2019\u00e9v\u00e9nements et d\u2019activit\u00e9s \u00e0 travers l\u2019Europe en vue de marquer la Journ\u00e9e Mondiale de Sensibilisation \u00e0 l\u2019Autisme.<\/span><\/p>\n<h2><span style=\"font-size: 14pt\"><strong>Voir aussi :<\/strong><\/span><\/h2>\n<blockquote><p><span style=\"font-size: 12pt\"><a href=\"http:\/\/www.un.org\/fr\/events\/autismday\/\" target=\"_blank\" rel=\"noopener noreferrer\"><strong>Site web des Nations Unies de la Journ\u00e9e mondiale de la sensibilisation \u00e0 l&rsquo;autisme<\/strong><\/a><\/span><\/p>\n<p><span style=\"font-size: 12pt\"><strong><a href=\"http:\/\/www.lightitupblue.org\/Markslist\/home.do\" target=\"_blank\" rel=\"noopener noreferrer\">Site web \u00abLight It Up Blue website\u00bb<\/a><\/strong><\/span><\/p><\/blockquote>\n","protected":false},"excerpt":{"rendered":"<p>Son altesse la Sheikha Mozah Bint Nasser Al-Missned, premi\u00e8re Dame du Qatar, et le Sheikh Hamad Bin Khalifa Al-Thani, \u00e9mir du Qatar, ont soutenu la campagne pour la Journ\u00e9e Mondiale &hellip; <\/p>\n<p class=\"link-more\"><a href=\"https:\/\/www.autismeurope.org\/fr\/que-faisons-nous\/journee-mondiale-de-sensibilisation-a-lautisme\/\" class=\"more-link\">Continue reading<span class=\"screen-reader-text\"> \u00ab\u00a0Journ\u00e9e Mondiale de Sensibilisation \u00e0 l\u2019Autisme\u00a0\u00bb<\/span><\/a><\/p>\n","protected":false},"author":32,"featured_media":0,"parent":105,"menu_order":3,"comment_status":"closed","ping_status":"closed","template":"","meta":{"_acf_changed":false,"_bbp_topic_count":0,"_bbp_reply_count":0,"_bbp_total_topic_count":0,"_bbp_total_reply_count":0,"_bbp_voice_count":0,"_bbp_anonymous_reply_count":0,"_bbp_topic_count_hidden":0,"_bbp_reply_count_hidden":0,"_bbp_forum_subforum_count":0,"footnotes":""},"class_list":["post-3204","page","type-page","status-publish","hentry"],"acf":[],"_links":{"self":[{"href":"https:\/\/www.autismeurope.org\/fr\/wp-json\/wp\/v2\/pages\/3204","targetHints":{"allow":["GET"]}}],"collection":[{"href":"https:\/\/www.autismeurope.org\/fr\/wp-json\/wp\/v2\/pages"}],"about":[{"href":"https:\/\/www.autismeurope.org\/fr\/wp-json\/wp\/v2\/types\/page"}],"author":[{"embeddable":true,"href":"https:\/\/www.autismeurope.org\/fr\/wp-json\/wp\/v2\/users\/32"}],"replies":[{"embeddable":true,"href":"https:\/\/www.autismeurope.org\/fr\/wp-json\/wp\/v2\/comments?post=3204"}],"version-history":[{"count":19,"href":"https:\/\/www.autismeurope.org\/fr\/wp-json\/wp\/v2\/pages\/3204\/revisions"}],"predecessor-version":[{"id":48861,"href":"https:\/\/www.autismeurope.org\/fr\/wp-json\/wp\/v2\/pages\/3204\/revisions\/48861"}],"up":[{"embeddable":true,"href":"https:\/\/www.autismeurope.org\/fr\/wp-json\/wp\/v2\/pages\/105"}],"wp:attachment":[{"href":"https:\/\/www.autismeurope.org\/fr\/wp-json\/wp\/v2\/media?parent=3204"}],"curies":[{"name":"wp","href":"https:\/\/api.w.org\/{rel}","templated":true}]}}