{"id":32258,"date":"2019-09-20T16:15:17","date_gmt":"2019-09-20T14:15:17","guid":{"rendered":"https:\/\/www.autismeurope.org\/fr\/?page_id=32258"},"modified":"2021-02-03T10:02:11","modified_gmt":"2021-02-03T09:02:11","slug":"xiie-congres-international-autisme-europe-nice-france-2019","status":"publish","type":"page","link":"https:\/\/www.autismeurope.org\/fr\/xiie-congres-international-autisme-europe-nice-france-2019\/","title":{"rendered":"XIIe Congr\u00e8s International Autisme-Europe, Nice, France, 2019"},"content":{"rendered":"<p><span style=\"font-size: 12pt\">Des personnes autistes, chercheurs, praticiens, enseignants et autres parties int\u00e9ress\u00e9es ont soumis des r\u00e9sum\u00e9s explorant un large \u00e9ventail de perspectives, tant th\u00e9oriques que pratiques. Plus de 700 r\u00e9sum\u00e9s ont \u00e9t\u00e9 re\u00e7us et, au cours du processus de s\u00e9lection, toute l\u2019importance a \u00e9t\u00e9 accord\u00e9e aux connaissances solides et bien \u00e9tablies, y compris la recherche universitaire et professionnelle, ainsi que l\u2019exp\u00e9rience personnelle et collective dans des domaines th\u00e9matiques cl\u00e9s.<\/span><\/p>\n<p><span style=\"font-size: 12pt\">Ce congr\u00e8s d\u2019Autisme-Europe a port\u00e9 sur les d\u00e9veloppements les plus r\u00e9cents dans le domaine de l\u2019autisme, y compris l\u2019analyse des causes, le diagnostic, les interventions, l\u2019\u00e9ducation, le soutien tout au long de la vie, l\u2019emploi, les droits et politiques ainsi que l\u2019utilisation des nouvelles technologies.<\/span><\/p>\n<p><span style=\"font-size: 12pt\">Le th\u00e8me du congr\u00e8s de 2019 \u00e9tais \u00ab Une nouvelle dynamique pour le changement et l\u2019inclusion \u00bb. Nous entendions y partager toutes les nouvelles connaissances et exp\u00e9riences qui permettront d\u2019avancer vers une soci\u00e9t\u00e9 inclusive pour les personnes autistes.<\/span><\/p>\n<p><span style=\"font-size: 12pt\">Les principaux orateurs \u00e9taient des personnalit\u00e9s ayant contribu\u00e9 de fa\u00e7on significative \u00e0 la compr\u00e9hension de l\u2019autisme et des moyens \u00e0 mettre en \u0153uvre pour am\u00e9liorer la qualit\u00e9 de vie des personnes autistes.<\/span><\/p>\n<p><span style=\"font-size: 12pt\">Zsuzsanna Szilv\u00e1sy, Pr\u00e9sidente d\u2019Autisme-Europe, a d\u00e9clar\u00e9 :<\/span><\/p>\n<blockquote><p><span style=\"font-size: 12pt\">\u00ab\u00a0La devise du congr\u00e8s de 2019,\u00a0<em>Une nouvelle dynamique pour le changement et l\u2019inclusion<\/em>, refl\u00e8te bien notre aspiration \u00e0 ce que la recherche scientifique internationale sur l\u2019autisme se traduise par des changements concrets et favorise l\u2019inclusion sociale des personnes autistes de tous \u00e2ges et besoins. Nos congr\u00e8s s\u2019efforcent donc d\u2019\u00eatre un lieu o\u00f9 toutes les parties int\u00e9ress\u00e9es peuvent se rencontrer pour \u00e9changer et r\u00e9fl\u00e9chir sur la fa\u00e7on d\u2019am\u00e9liorer la vie des personnes autistes\u00a0\u00bb.<\/span><\/p><\/blockquote>\n<p><span style=\"font-size: 12pt\">Dani\u00e8le Langloys, pr\u00e9sidente d\u2019Autisme France, s\u2019est exprim\u00e9e en ces termes :<\/span><\/p>\n<blockquote><p><span style=\"font-size: 12pt\">\u00ab\u00a0Nous serons particuli\u00e8rement heureux d\u2019accueillir des professionnels et des familles du monde entier pour discuter des d\u00e9fis et des avanc\u00e9es sociales et scientifiques. Les diagnostics sont encore trop laborieux ou tardifs \u00e0 obtenir dans de nombreux pays, et il est important de partager les outils permettant de les am\u00e9liorer car il est essentiel de d\u00e9velopper les facteurs d\u2019une v\u00e9ritable inclusion des personnes autistes \u00e0 l\u2019\u00e9cole et au travail, dans les activit\u00e9s sportives et de loisirs, ainsi que d\u2019apporter un soutien aux familles\u00a0\u00bb.<\/span><\/p><\/blockquote>\n<p><span style=\"font-size: 12pt\">Le congr\u00e8s abordeait un large \u00e9ventail de th\u00e8mes, notamment : le diagnostic et l\u2019\u00e9valuation, le langage et la communication, l\u2019acc\u00e8s \u00e0 l\u2019\u00e9ducation, l\u2019emploi, la recherche et l\u2019\u00e9thique, le genre et la sexualit\u00e9, l\u2019inclusion et la vie communautaire, la sant\u00e9 mentale et physique, les interventions, les programmes strat\u00e9giques et la coordination des services ainsi que les droits et la participation. <\/span><\/p>\n<p><span style=\"font-size: 12pt\">La conf\u00e9rence a eu lieu au Palais des Congr\u00e8s Nice Acropolis. Situ\u00e9 au c\u0153ur de Nice, \u00e0 7 km de l\u2019a\u00e9roport international Nice-C\u00f4te d\u2019Azur, l\u2019Acropolis compte parmi les centres de congr\u00e8s et d\u2019expositions les plus c\u00e9l\u00e8bres du monde.<\/span><\/p>\n<h2><span style=\"font-size: 14pt\">Orateurs principaux\u00a0<\/span><\/h2>\n<ul>\n<li><span style=\"font-size: 12pt\">Pr. Simon Baron-Cohen (Royaume-Uni)<\/span><\/li>\n<li><span style=\"font-size: 12pt\">Pr. Jean Decety (Etats-Unis et France)<\/span><\/li>\n<li><span style=\"font-size: 12pt\">Pr. Hilde Geurts (Pays-Bas)<\/span><\/li>\n<li><span style=\"font-size: 12pt\">Pr. Sven B\u00f6lte (Su\u00e8de)<\/span><\/li>\n<li><span style=\"font-size: 12pt\">Mme St\u00e9fany Bonnot-Briey (France)<\/span><\/li>\n<li><span style=\"font-size: 12pt\">Pr. Ami Klin (Etats-Unis)<\/span><\/li>\n<\/ul>\n<h2><span style=\"font-size: 14pt\">Resources<\/span><\/h2>\n<blockquote><p><a href=\"https:\/\/www.autismeurope.org\/wp-content\/uploads\/2019\/11\/ABSTRACT_BOOK_AE_MAJ_Novembre.pdf\" target=\"_blank\" rel=\"noopener noreferrer\"><span style=\"font-size: 12pt\"><strong>T\u00e9l\u00e9charger le livre des r\u00e9sum\u00e9s<\/strong><\/span><\/a><\/p>\n<p><a href=\"http:\/\/bit.ly\/presentations_AECongress19\" target=\"_blank\" rel=\"noopener noreferrer\"><span style=\"font-size: 12pt\"><strong>T\u00e9l\u00e9charger les diaporamas<\/strong><\/span><\/a><\/p>\n<p><span style=\"font-size: 12pt\"><strong><a href=\"http:\/\/bit.ly\/videos_AECongress19\" target=\"_blank\" rel=\"noopener noreferrer\">Regarder les videos<\/a><\/strong><\/span><\/p>\n<p><span style=\"font-size: 12pt\"><strong><a href=\"http:\/\/bit.ly\/image_gallery_AECongress19\">Voir la galerie d&rsquo;images<\/a><\/strong><\/span><\/p><\/blockquote>\n","protected":false},"excerpt":{"rendered":"<p>Des personnes autistes, chercheurs, praticiens, enseignants et autres parties int\u00e9ress\u00e9es ont soumis des r\u00e9sum\u00e9s explorant un large \u00e9ventail de perspectives, tant th\u00e9oriques que pratiques. Plus de 700 r\u00e9sum\u00e9s ont \u00e9t\u00e9 &hellip; <\/p>\n<p class=\"link-more\"><a href=\"https:\/\/www.autismeurope.org\/fr\/xiie-congres-international-autisme-europe-nice-france-2019\/\" class=\"more-link\">Continue reading<span class=\"screen-reader-text\"> \u00ab\u00a0XIIe Congr\u00e8s International Autisme-Europe, Nice, France, 2019\u00a0\u00bb<\/span><\/a><\/p>\n","protected":false},"author":32,"featured_media":0,"parent":0,"menu_order":0,"comment_status":"closed","ping_status":"closed","template":"","meta":{"_acf_changed":false,"_bbp_topic_count":0,"_bbp_reply_count":0,"_bbp_total_topic_count":0,"_bbp_total_reply_count":0,"_bbp_voice_count":0,"_bbp_anonymous_reply_count":0,"_bbp_topic_count_hidden":0,"_bbp_reply_count_hidden":0,"_bbp_forum_subforum_count":0,"footnotes":""},"class_list":["post-32258","page","type-page","status-publish","hentry"],"acf":[],"_links":{"self":[{"href":"https:\/\/www.autismeurope.org\/fr\/wp-json\/wp\/v2\/pages\/32258","targetHints":{"allow":["GET"]}}],"collection":[{"href":"https:\/\/www.autismeurope.org\/fr\/wp-json\/wp\/v2\/pages"}],"about":[{"href":"https:\/\/www.autismeurope.org\/fr\/wp-json\/wp\/v2\/types\/page"}],"author":[{"embeddable":true,"href":"https:\/\/www.autismeurope.org\/fr\/wp-json\/wp\/v2\/users\/32"}],"replies":[{"embeddable":true,"href":"https:\/\/www.autismeurope.org\/fr\/wp-json\/wp\/v2\/comments?post=32258"}],"version-history":[{"count":13,"href":"https:\/\/www.autismeurope.org\/fr\/wp-json\/wp\/v2\/pages\/32258\/revisions"}],"predecessor-version":[{"id":45073,"href":"https:\/\/www.autismeurope.org\/fr\/wp-json\/wp\/v2\/pages\/32258\/revisions\/45073"}],"wp:attachment":[{"href":"https:\/\/www.autismeurope.org\/fr\/wp-json\/wp\/v2\/media?parent=32258"}],"curies":[{"name":"wp","href":"https:\/\/api.w.org\/{rel}","templated":true}]}}