{"id":3264,"date":"2017-08-31T10:45:55","date_gmt":"2017-08-31T08:45:55","guid":{"rendered":"http:\/\/autismeurope.akimedia.eu\/fr\/?page_id=3264"},"modified":"2018-10-22T10:05:33","modified_gmt":"2018-10-22T08:05:33","slug":"european-days-of-autism-2014","status":"publish","type":"page","link":"https:\/\/www.autismeurope.org\/fr\/european-days-of-autism-2014\/","title":{"rendered":"European Days of Autism 2014"},"content":{"rendered":"<p><span style=\"font-size: 12pt\">Dans le cadre de la pr\u00e9sidence italienne de l&rsquo;Union europ\u00e9enne, Autism-Europe a organis\u00e9 une conf\u00e9rence \u00e0 Turin pour partager des bonnes pratiques de toute l&rsquo;Europe et discuter de la voie \u00e0 suivre pour la mise en \u0153uvre effective de la Convention des Nations Unies relative aux droits des personnes handicap\u00e9s dans le domaine de l&rsquo;\u00e9ducation et de l&#8217;emploi.<\/span><\/p>\n<blockquote><p><strong><span style=\"font-size: 12pt\"><a href=\"http:\/\/www.autismeurope.org\/wp-content\/uploads\/2017\/08\/programme-conference-autism-and-employment.pdf\" target=\"_blank\" rel=\"noopener\">Cliquez ici pour visualiser le programme complet de la conf\u00e9rence<\/a><\/span><\/strong><\/p><\/blockquote>\n<p><span style=\"font-size: 12pt\">Ci-dessous, vous pouvez voir les diff\u00e9rents expos\u00e9s pr\u00e9sent\u00e9s durant la conf\u00e9rence :<\/span><\/p>\n<ul>\n<li>\n<blockquote><p><strong><span style=\"font-size: 12pt\"><a href=\"http:\/\/autismeurope.akimedia.eu\/wp-content\/uploads\/2017\/08\/ae-employment-education-friedel-1.pdf\" target=\"_blank\" rel=\"noopener\">L\u2019\u00e9ducation et l\u2019emploi des personnes autistes<\/a><\/span><\/strong><\/p><\/blockquote>\n<\/li>\n<li>\n<blockquote><p><a href=\"http:\/\/autismeurope.akimedia.eu\/wp-content\/uploads\/2017\/08\/della-fina-national-autism-plans-and-strategies-conference-29-nov.pdf\" target=\"_blank\" rel=\"noopener\"><strong><span style=\"font-size: 12pt\">Plans nationaux de l\u2019autisme et strat\u00e9gies au sein de l\u2019UE<\/span><\/strong><\/a><\/p><\/blockquote>\n<\/li>\n<li>\n<blockquote><p><strong><span style=\"font-size: 12pt\"><a href=\"http:\/\/autismeurope.akimedia.eu\/wp-content\/uploads\/2017\/08\/supported-employment-turin-carol-povey.pdf\" target=\"_blank\" rel=\"noopener\">Soutien \u00e0 l\u2019emploi \u00e0 la National Austistic Society<\/a><\/span><\/strong><\/p><\/blockquote>\n<\/li>\n<li>\n<blockquote><p><strong><span style=\"font-size: 12pt\"><a href=\"http:\/\/autismeurope.akimedia.eu\/wp-content\/uploads\/2017\/08\/cera.pdf\" target=\"_blank\" rel=\"noopener\">Article 24 de la CNUDPH et l\u2019\u00e9ducation inclusive des personnes autistes <\/a><\/span><\/strong><\/p><\/blockquote>\n<\/li>\n<li>\n<blockquote><p><strong><span style=\"font-size: 12pt\"><a href=\"http:\/\/autismeurope.akimedia.eu\/wp-content\/uploads\/2017\/08\/presentazione-meloni.pdf\" target=\"_blank\" rel=\"noopener\">Le travail comme cl\u00e9 d\u2019int\u00e9gration des personnes autistes<\/a><\/span><\/strong><\/p><\/blockquote>\n<\/li>\n<li>\n<blockquote><p><strong><span style=\"font-size: 12pt\"><a href=\"http:\/\/autismeurope.akimedia.eu\/wp-content\/uploads\/2017\/08\/fasciglione-art-27-crpd-final.pdf\" target=\"_blank\" rel=\"noopener\">Article 27 de la CNUDPH : le droit \u00e0 l\u2019emploi des personnes avec autisme et SRC <\/a><\/span><\/strong><\/p><\/blockquote>\n<\/li>\n<li>\n<blockquote><p><strong><span style=\"font-size: 12pt\"><a href=\"http:\/\/autismeurope.akimedia.eu\/wp-content\/uploads\/2017\/08\/turin-autismo-andalucia-.pdf\" target=\"_blank\" rel=\"noopener\">Cr\u00e9er des pistes pour l\u2019emploi<\/a><\/span><\/strong><\/p><\/blockquote>\n<\/li>\n<li>\n<blockquote><p><strong><span style=\"font-size: 12pt\"><a href=\"http:\/\/autismeurope.akimedia.eu\/wp-content\/uploads\/2017\/08\/ae-turin-pietro-29-11-2014.pdf\" target=\"_blank\" rel=\"noopener\">L\u2019\u00e9mancipation au travail gr\u00e2ce \u00e0 une coop\u00e9rative autog\u00e9r\u00e9e <\/a><\/span><\/strong><\/p><\/blockquote>\n<\/li>\n<\/ul>\n","protected":false},"excerpt":{"rendered":"<p>Dans le cadre de la pr\u00e9sidence italienne de l&rsquo;Union europ\u00e9enne, Autism-Europe a organis\u00e9 une conf\u00e9rence \u00e0 Turin pour partager des bonnes pratiques de toute l&rsquo;Europe et discuter de la voie &hellip; <\/p>\n<p class=\"link-more\"><a href=\"https:\/\/www.autismeurope.org\/fr\/european-days-of-autism-2014\/\" class=\"more-link\">Continue reading<span class=\"screen-reader-text\"> \u00ab\u00a0European Days of Autism 2014\u00a0\u00bb<\/span><\/a><\/p>\n","protected":false},"author":32,"featured_media":0,"parent":0,"menu_order":0,"comment_status":"closed","ping_status":"closed","template":"","meta":{"_acf_changed":false,"_bbp_topic_count":0,"_bbp_reply_count":0,"_bbp_total_topic_count":0,"_bbp_total_reply_count":0,"_bbp_voice_count":0,"_bbp_anonymous_reply_count":0,"_bbp_topic_count_hidden":0,"_bbp_reply_count_hidden":0,"_bbp_forum_subforum_count":0,"footnotes":""},"class_list":["post-3264","page","type-page","status-publish","hentry"],"acf":[],"_links":{"self":[{"href":"https:\/\/www.autismeurope.org\/fr\/wp-json\/wp\/v2\/pages\/3264","targetHints":{"allow":["GET"]}}],"collection":[{"href":"https:\/\/www.autismeurope.org\/fr\/wp-json\/wp\/v2\/pages"}],"about":[{"href":"https:\/\/www.autismeurope.org\/fr\/wp-json\/wp\/v2\/types\/page"}],"author":[{"embeddable":true,"href":"https:\/\/www.autismeurope.org\/fr\/wp-json\/wp\/v2\/users\/32"}],"replies":[{"embeddable":true,"href":"https:\/\/www.autismeurope.org\/fr\/wp-json\/wp\/v2\/comments?post=3264"}],"version-history":[{"count":6,"href":"https:\/\/www.autismeurope.org\/fr\/wp-json\/wp\/v2\/pages\/3264\/revisions"}],"predecessor-version":[{"id":28316,"href":"https:\/\/www.autismeurope.org\/fr\/wp-json\/wp\/v2\/pages\/3264\/revisions\/28316"}],"wp:attachment":[{"href":"https:\/\/www.autismeurope.org\/fr\/wp-json\/wp\/v2\/media?parent=3264"}],"curies":[{"name":"wp","href":"https:\/\/api.w.org\/{rel}","templated":true}]}}