{"id":3310,"date":"2017-08-31T12:38:10","date_gmt":"2017-08-31T10:38:10","guid":{"rendered":"http:\/\/autismeurope.akimedia.eu\/fr\/?page_id=3310"},"modified":"2017-11-30T15:21:44","modified_gmt":"2017-11-30T14:21:44","slug":"journees-europeennes-de-lautisme","status":"publish","type":"page","link":"https:\/\/www.autismeurope.org\/fr\/que-faisons-nous\/journees-europeennes-de-lautisme\/","title":{"rendered":"Journ\u00e9es Europ\u00e9ennes de l\u2019Autisme"},"content":{"rendered":"<p><span style=\"font-size: 12pt\">A cette occasion, Autisme-Europe rassemble toutes les parties prenantes lors d\u2019une conf\u00e9rence de haut niveau afin de d\u00e9battre sur les probl\u00e9matiques sp\u00e9cifiques li\u00e9es \u00e0 l\u2019autisme et d\u2019\u00e9changer les connaissances et expertises au niveau europ\u00e9en. Des \u00e9v\u00e9nements sont aussi organis\u00e9s par les membres d\u2019Autisme-Europe dans diff\u00e9rents pays dans le but de sensibiliser \u00e0 l\u2019autisme au niveau national.<\/span><\/p>\n<div class=\"boxDocL\">\n<h2><span style=\"font-size: 14pt\">Les Journ\u00e9es Europ\u00e9ennes de l&rsquo;Autisme 2015<\/span><\/h2>\n<div class=\"text\"><span style=\"font-size: 12pt\">En 2015, Autisme-Europe a men\u00e9 la campagne \u00ab\u00a0<a href=\"http:\/\/www.autismeurope.org\/fr\/activites\/journee-mondiale-de-sensibilisation-a-l-autisme\/autisme-arretons-la-discrimination\/\">Autisme. Arr\u00eatons la discrimination<\/a>\u00a0\u00bb appelant les leaders europ\u00e9ens \u00e0 promouvoir l\u2019inclusion des personnes autistes dans tous les domaines de la vie. Cet appel a abouti \u00e0 l\u2019adoption de la D\u00e9claration \u00e9crite sur l\u2019autisme, gr\u00e2ce au soutien de 418 membres du Parlement europ\u00e9en. Suite \u00e0 cela, une conf\u00e9rence a \u00e9t\u00e9 organis\u00e9e au Parlement europ\u00e9en afin de discuter d\u2019une possible Strat\u00e9gie europ\u00e9enne de l\u2019autisme. Ont particip\u00e9 \u00e0 l\u2019\u00e9v\u00e9nement\u00a0: des repr\u00e9sentants d\u2019associations de l\u2019autisme, des chercheurs, des m\u00e9decins, des d\u00e9cideurs politiques de toute l\u2019Europe ainsi que d\u2019autres parties int\u00e9ress\u00e9es.<\/span><\/div>\n<div><span style=\"font-size: 12pt\">\u00a0<\/span><\/div>\n<\/div>\n<blockquote>\n<div><span style=\"font-size: 12pt\"><a href=\"http:\/\/www.autismeurope.org\/fr\/1-conference-au-parlement-europeen-vers-ladoption-dune-strategie-europeenne-de-lautisme\/\" target=\"_blank\" rel=\"noopener\"><strong>Plus d&rsquo;informations<\/strong><\/a><\/span><\/div>\n<\/blockquote>\n<div><\/div>\n<div class=\"boxDoc\">\n<div class=\"text\">\n<h2><span style=\"font-size: 14pt\">Les Journ\u00e9es Europ\u00e9ennes de l&rsquo;Autisme 2014<\/span><\/h2>\n<p><span style=\"font-size: 12pt\">En 2014, les Journ\u00e9es Europ\u00e9ennes de l\u2019autisme avaient pour th\u00e8me l\u2019acc\u00e8s \u00e0 la formation professionnelle et \u00e0 l\u2019emploi. Dans le cadre de la Pr\u00e9sidence italienne de l\u2019Union europ\u00e9enne, une conf\u00e9rence a \u00e9t\u00e9 organis\u00e9e \u00e0 Turin pour partager les bonnes pratiques \u00e0 travers toute l\u2019Europe.<\/span><\/p>\n<\/div>\n<blockquote><p><span style=\"font-size: 12pt\"><a href=\"http:\/\/www.autismeurope.org\/fr\/european-days-of-autism-2014\/\" target=\"_blank\" rel=\"noopener\"><strong>Plus d&rsquo;informations<\/strong><\/a><\/span><\/p><\/blockquote>\n<div><\/div>\n<\/div>\n<div class=\"boxDocL\">\n<div class=\"text\">\n<h2><span style=\"font-size: 14pt\">Les Journ\u00e9es Europ\u00e9ennes de l&rsquo;Autisme\u00a02012<\/span><\/h2>\n<p><span style=\"font-size: 12pt\">L\u2019Autisme et les d\u00e9fis du vieillissement &#8211; Ann\u00e9e Europ\u00e9enne du Vieillissement Actif et de la Solidarit\u00e9 Interg\u00e9n\u00e9rationnelle.\u00a0<\/span><\/p>\n<\/div>\n<blockquote>\n<div><span style=\"font-size: 12pt\"><a href=\"http:\/\/www.autismeurope.org\/fr\/journees-europeennes-autisme-2012\/\"> <strong>Plus d&rsquo;informations<\/strong><\/a><\/span><\/div>\n<\/blockquote>\n<div><\/div>\n<\/div>\n<div class=\"boxDoc\">\n<div class=\"text\">\n<h2><span style=\"font-size: 14pt\">Les Journ\u00e9es Europ\u00e9ennes de l&rsquo;Autisme 2011<\/span><\/h2>\n<\/div>\n<blockquote>\n<div class=\"clear\"><span style=\"font-size: 12pt\"><a href=\"http:\/\/www.autismeurope.org\/fr\/journees-europeennes-de-lautisme-2011\/\" target=\"_blank\" rel=\"noopener\"><strong> Plus d&rsquo;informations<\/strong><\/a><\/span><\/div>\n<\/blockquote>\n<h2><span style=\"font-size: 14pt\">Les Journ\u00e9es Europ\u00e9ennes de l&rsquo;Autisme 2010<\/span><\/h2>\n<\/div>\n<div class=\"boxDocL\">\n<div class=\"boxDocL\">\n<div class=\"text\">\n<blockquote><p><span style=\"font-size: 12pt\"><strong><a href=\"http:\/\/www.autismeurope.org\/fr\/blog\/2010\/10\/15\/les-journees-europeennes-de-lautisme-2010\/\" target=\"_blank\" rel=\"noopener\">Plus d&rsquo;informations<br \/>\n<\/a><\/strong><\/span><\/p><\/blockquote>\n<h2><span style=\"font-size: 14pt\">Les Journ\u00e9es Europ\u00e9ennes de l&rsquo;Autisme 2009<\/span><\/h2>\n<blockquote><p><span style=\"font-size: 12pt\"><a href=\"http:\/\/www.autismeurope.org\/wp-content\/uploads\/2017\/08\/JEA-2009fr.pdf\" target=\"_blank\" rel=\"noopener\"><strong>Plus d&rsquo;informations<\/strong><\/a><\/span><\/p><\/blockquote>\n<\/div>\n<\/div>\n<div class=\"boxDoc\">\n<div class=\"text\">\n<h2><span style=\"font-size: 14pt\">Les Journ\u00e9es Europ\u00e9ennes de l&rsquo;Autisme 2008\u00a0<\/span><\/h2>\n<blockquote><p><span style=\"font-size: 12pt\"><a href=\"\/\/www.autismeurope.org\/wp-content\/uploads\/2017\/08\/JEA-2008-fr.pdf\" target=\"_blank\" rel=\"noopener\"><strong>Plus d&rsquo;informations<\/strong><\/a><\/span><\/p><\/blockquote>\n<h2><span style=\"font-size: 14pt\">Les Journ\u00e9es Europ\u00e9ennes de l&rsquo;Autisme 2007<\/span><\/h2>\n<blockquote><p><span style=\"font-size: 12pt\"><a href=\"http:\/\/www.autismeurope.org\/wp-content\/uploads\/2017\/08\/jea2007.pdf\" target=\"_blank\" rel=\"noopener\"><strong>Plus d&rsquo;informations<\/strong><\/a><\/span><\/p><\/blockquote>\n<\/div>\n<\/div>\n<\/div>\n","protected":false},"excerpt":{"rendered":"<p>A cette occasion, Autisme-Europe rassemble toutes les parties prenantes lors d\u2019une conf\u00e9rence de haut niveau afin de d\u00e9battre sur les probl\u00e9matiques sp\u00e9cifiques li\u00e9es \u00e0 l\u2019autisme et d\u2019\u00e9changer les connaissances et &hellip; <\/p>\n<p class=\"link-more\"><a href=\"https:\/\/www.autismeurope.org\/fr\/que-faisons-nous\/journees-europeennes-de-lautisme\/\" class=\"more-link\">Continue reading<span class=\"screen-reader-text\"> \u00ab\u00a0Journ\u00e9es Europ\u00e9ennes de l\u2019Autisme\u00a0\u00bb<\/span><\/a><\/p>\n","protected":false},"author":32,"featured_media":0,"parent":105,"menu_order":3,"comment_status":"closed","ping_status":"closed","template":"","meta":{"_acf_changed":false,"_bbp_topic_count":0,"_bbp_reply_count":0,"_bbp_total_topic_count":0,"_bbp_total_reply_count":0,"_bbp_voice_count":0,"_bbp_anonymous_reply_count":0,"_bbp_topic_count_hidden":0,"_bbp_reply_count_hidden":0,"_bbp_forum_subforum_count":0,"footnotes":""},"class_list":["post-3310","page","type-page","status-publish","hentry"],"acf":[],"_links":{"self":[{"href":"https:\/\/www.autismeurope.org\/fr\/wp-json\/wp\/v2\/pages\/3310","targetHints":{"allow":["GET"]}}],"collection":[{"href":"https:\/\/www.autismeurope.org\/fr\/wp-json\/wp\/v2\/pages"}],"about":[{"href":"https:\/\/www.autismeurope.org\/fr\/wp-json\/wp\/v2\/types\/page"}],"author":[{"embeddable":true,"href":"https:\/\/www.autismeurope.org\/fr\/wp-json\/wp\/v2\/users\/32"}],"replies":[{"embeddable":true,"href":"https:\/\/www.autismeurope.org\/fr\/wp-json\/wp\/v2\/comments?post=3310"}],"version-history":[{"count":14,"href":"https:\/\/www.autismeurope.org\/fr\/wp-json\/wp\/v2\/pages\/3310\/revisions"}],"predecessor-version":[{"id":25213,"href":"https:\/\/www.autismeurope.org\/fr\/wp-json\/wp\/v2\/pages\/3310\/revisions\/25213"}],"up":[{"embeddable":true,"href":"https:\/\/www.autismeurope.org\/fr\/wp-json\/wp\/v2\/pages\/105"}],"wp:attachment":[{"href":"https:\/\/www.autismeurope.org\/fr\/wp-json\/wp\/v2\/media?parent=3310"}],"curies":[{"name":"wp","href":"https:\/\/api.w.org\/{rel}","templated":true}]}}