{"id":3323,"date":"2017-08-31T14:22:26","date_gmt":"2017-08-31T12:22:26","guid":{"rendered":"http:\/\/autismeurope.akimedia.eu\/fr\/?page_id=3323"},"modified":"2017-09-29T17:31:13","modified_gmt":"2017-09-29T15:31:13","slug":"projet-europeen-brainview-2015-2019","status":"publish","type":"page","link":"https:\/\/www.autismeurope.org\/fr\/projet-europeen-brainview-2015-2019\/","title":{"rendered":"Projet europ\u00e9en: BRAINVIEW (2015- 2019)"},"content":{"rendered":"<p><span style=\"font-size: 12pt\">Le r\u00e9seau constitue un environnement polyvalent, compos\u00e9 de partenaires issus d\u2019universit\u00e9s, de grandes entreprises et d\u2019organisations de patients. BRAINVIEW entend fournir de nouvelles connaissances, m\u00e9thodes et technologies pour soutenir les efforts de compr\u00e9hension, de pr\u00e9vention, de diagnostic et de traitement de troubles tels que l\u2019autisme et le TDAH. Ces troubles pourraient \u00eatre caus\u00e9s par des perturbations du d\u00e9veloppement du cerveau durant la p\u00e9riode pr\u00e9natale et post-natale pr\u00e9coce.<\/span><\/p>\n<p><span style=\"font-size: 12pt\">Les recherches devront faciliter le d\u00e9veloppement de nouvelles approches pour la d\u00e9tection pr\u00e9coce, le diagnostic et les traitements. Les derni\u00e8res avanc\u00e9es en mati\u00e8re de technologie, d\u2019\u00e9quipements et d\u2019outils analytiques ont cr\u00e9\u00e9 un environnement propice au recueil optimal de donn\u00e9es sur des f\u0153tus et des jeunes enfants \u00e0 l\u2019aide de techniques non invasives de neuroimagerie. Dans une premi\u00e8re phase, BRAINVIEW a cibl\u00e9 les m\u00e9canismes impliqu\u00e9s dans la survenue pr\u00e9coce de l\u2019autisme et examin\u00e9 les liens possibles avec le d\u00e9veloppement des sympt\u00f4mes de l\u2019autisme et du TDAH.<\/span><\/p>\n<p><span style=\"font-size: 12pt\">BRAINVIEW permettra de comprendre les m\u00e9canismes sous-jacents du \u00ab cerveau social \u00bb pr\u00e9coce gr\u00e2ce \u00e0 des recherches men\u00e9es en g\u00e9n\u00e9tique et sur les facteurs environnementaux susceptibles de causer des troubles du d\u00e9veloppement neurologique. Le projet entend \u00e9galement d\u00e9velopper de nouveaux outils et applications en vue de soutenir la recherche europ\u00e9enne sur l\u2019apparition des troubles du d\u00e9veloppement neurologique ; cr\u00e9er un r\u00e9seau d\u2019excellence permanent en Europe ; former les professionnels et le public sur l\u2019apparition pr\u00e9coce des troubles du d\u00e9veloppement neurologique afin de lutter contre la stigmatisation ; promouvoir la sensibilisation et enfin promouvoir un style de vie sain en initiant un dialogue ouvert avec les d\u00e9cideurs politiques sur les programmes de pr\u00e9vention et d\u2019identification pr\u00e9coce des troubles du d\u00e9veloppement neurologique \u00e0 travers l\u2019Europe.<\/span><\/p>\n<p><span style=\"font-size: 12pt\">Pour en savoir plus sur le projet BRAINVIEW, nous vous invitons \u00e0<strong>\u00a0<\/strong>visiter<strong>\u00a0<\/strong><strong><a href=\"http:\/\/www.brainview.org\/\">le site web du projet<\/a><\/strong><\/span><\/p>\n<h2><span style=\"font-size: 14pt\">A propos d\u2019Horizon 2020<\/span><\/h2>\n<p><a href=\"https:\/\/ec.europa.eu\/programmes\/horizon2020\/\" target=\"_blank\" rel=\"noopener\"><span style=\"font-size: 12pt\">Horizon 2020<\/span><\/a><span style=\"font-size: 12pt\"> Horizon 2020 est le plus grand programme de recherche et d&rsquo;innovation jamais r\u00e9alis\u00e9 par l&rsquo;Union europ\u00e9enne. Outre l\u2019int\u00e9r\u00eat que lui portent les investisseurs des secteurs public et priv\u00e9, il b\u00e9n\u00e9ficie d&rsquo;un financement de pr\u00e8s de 80 milliards d&rsquo;euros sur 7 ans. En favorisant la transition des grandes id\u00e9es, du laboratoire au march\u00e9, il conduira \u00e0 des avanc\u00e9es r\u00e9volutionnaires, des d\u00e9couvertes et des premi\u00e8res mondiales.<\/span><\/p>\n","protected":false},"excerpt":{"rendered":"<p>Le r\u00e9seau constitue un environnement polyvalent, compos\u00e9 de partenaires issus d\u2019universit\u00e9s, de grandes entreprises et d\u2019organisations de patients. BRAINVIEW entend fournir de nouvelles connaissances, m\u00e9thodes et technologies pour soutenir les &hellip; <\/p>\n<p class=\"link-more\"><a href=\"https:\/\/www.autismeurope.org\/fr\/projet-europeen-brainview-2015-2019\/\" class=\"more-link\">Continue reading<span class=\"screen-reader-text\"> \u00ab\u00a0Projet europ\u00e9en: BRAINVIEW (2015- 2019)\u00a0\u00bb<\/span><\/a><\/p>\n","protected":false},"author":32,"featured_media":0,"parent":0,"menu_order":0,"comment_status":"closed","ping_status":"closed","template":"","meta":{"_acf_changed":false,"_bbp_topic_count":0,"_bbp_reply_count":0,"_bbp_total_topic_count":0,"_bbp_total_reply_count":0,"_bbp_voice_count":0,"_bbp_anonymous_reply_count":0,"_bbp_topic_count_hidden":0,"_bbp_reply_count_hidden":0,"_bbp_forum_subforum_count":0,"footnotes":""},"class_list":["post-3323","page","type-page","status-publish","hentry"],"acf":[],"_links":{"self":[{"href":"https:\/\/www.autismeurope.org\/fr\/wp-json\/wp\/v2\/pages\/3323","targetHints":{"allow":["GET"]}}],"collection":[{"href":"https:\/\/www.autismeurope.org\/fr\/wp-json\/wp\/v2\/pages"}],"about":[{"href":"https:\/\/www.autismeurope.org\/fr\/wp-json\/wp\/v2\/types\/page"}],"author":[{"embeddable":true,"href":"https:\/\/www.autismeurope.org\/fr\/wp-json\/wp\/v2\/users\/32"}],"replies":[{"embeddable":true,"href":"https:\/\/www.autismeurope.org\/fr\/wp-json\/wp\/v2\/comments?post=3323"}],"version-history":[{"count":4,"href":"https:\/\/www.autismeurope.org\/fr\/wp-json\/wp\/v2\/pages\/3323\/revisions"}],"predecessor-version":[{"id":4169,"href":"https:\/\/www.autismeurope.org\/fr\/wp-json\/wp\/v2\/pages\/3323\/revisions\/4169"}],"wp:attachment":[{"href":"https:\/\/www.autismeurope.org\/fr\/wp-json\/wp\/v2\/media?parent=3323"}],"curies":[{"name":"wp","href":"https:\/\/api.w.org\/{rel}","templated":true}]}}