{"id":3326,"date":"2017-08-31T14:27:42","date_gmt":"2017-08-31T12:27:42","guid":{"rendered":"http:\/\/autismeurope.akimedia.eu\/fr\/?page_id=3326"},"modified":"2020-02-12T10:57:52","modified_gmt":"2020-02-12T09:57:52","slug":"projet-de-enigma-interaction-entre-humains-et-robots-pour-le-developpement-de-limagination-sociale-des-enfants-autistes-2016-2019","status":"publish","type":"page","link":"https:\/\/www.autismeurope.org\/fr\/projet-de-enigma-interaction-entre-humains-et-robots-pour-le-developpement-de-limagination-sociale-des-enfants-autistes-2016-2019\/","title":{"rendered":"DE-ENIGMA : Interaction entre humains et robots pour le d\u00e9veloppement de l\u2019imagination sociale des enfants autistes (2016- 2019)"},"content":{"rendered":"<p><!--more--><\/p>\n<p>https:\/\/vimeo.com\/235881378<\/p>\n<p>L&rsquo;autisme affecte les enfants de plusieurs fa\u00e7ons, mais particuli\u00e8rement leur capacit\u00e9 \u00e0 communiquer et \u00e0 interagir avec les autres. Les d\u00e9fis propres \u00e0 l&rsquo;enfance, lorsqu\u2019ils sont li\u00e9s \u00e0 ces difficult\u00e9s sociales, peuvent avoir des r\u00e9percussions n\u00e9gatives importantes plus tard dans la vie. Les robots sont consid\u00e9r\u00e9s comme un outil potentiellement puissant pour soutenir l&rsquo;apprentissage des enfants autistes, car ils peuvent \u00eatre moins exigeants socialement et obtenir une meilleure participation des enfants par rapport aux m\u00e9thodes d\u2019enseignement traditionnelles. Il subsiste cependant encore beaucoup d&rsquo;inconnues concernant les interactions enfant-robot.<\/p>\n<p>Le projet DE-ENIGMA a \u00e9tudi\u00e9 le potentiel d&rsquo;un robot disponible dans le commerce (Zeno de la soci\u00e9t\u00e9 Robokind), \u00e0 qui l\u2019on a int\u00e9gr\u00e9 de l&rsquo;intelligence artificielle, comme futur outil \u00e9ducatif pour les enfants autistes. Ax\u00e9 sur les comp\u00e9tences de reconnaissance des \u00e9motions, un domaine social cl\u00e9, DE-ENIGMA a d\u00e9velopp\u00e9 et test\u00e9 de mani\u00e8re it\u00e9rative des prototypes de jeux interactifs avec \u00ab\u00a0Zeno\u00a0\u00bb. Ces jeux s&rsquo;adressent aux enfants autistes d&rsquo;\u00e2ge scolaire (primaire) qui ont un handicap intellectuel associ\u00e9, une communication orale limit\u00e9e, ou les deux. Ils constituent une plateforme servant \u00e0 d\u00e9terminer de quelle mani\u00e8re les enfants autistes interagissent avec diff\u00e9rents aspects de la technologie DE-ENIGMA et de quelle mani\u00e8re les diff\u00e9rentes caract\u00e9ristiques des robots peuvent influencer les enfants.<\/p>\n<p>Tout au long du projet, le syst\u00e8me DE-ENIGMA est pass\u00e9 par des phases de d\u00e9veloppement successives, \u00e9voluant en fonction des enseignements tir\u00e9s de l\u2019exp\u00e9rience avec les enfants et les \u00e9coles. Depuis ses d\u00e9buts en 2016, le projet a \u00e9volu\u00e9, passant d&rsquo;activit\u00e9s tr\u00e8s structur\u00e9es avec des \u00e9tapes clairement d\u00e9finies \u00e0 un style d&rsquo;interaction plus ludique donnant aux enfants plus de chances d&rsquo;explorer le contenu \u00e9motionnel \u00e0 leur propre rythme et de choisir comment interagir avec Zeno.<\/p>\n<p><span style=\"font-size: 12pt\">L\u2019institution coordinatrice du projet,\u00a0<a href=\"https:\/\/www.utwente.nl\/en\/\">Universiteit Twente<\/a> (UT) des Pays Bas,\u00a0 a collabor\u00e9 \u00e9troitement avec huit partenaires europ\u00e9ens lors de la conception de ce projet. Les autres partenaires sont les suivants : <a href=\"https:\/\/www.imperial.ac.uk\/\">Imperial College of Science Technology and Medicine<\/a>\u00a0(ICL) Royaume-Uni,\u00a0<a href=\"http:\/\/www.uni-passau.de\/en\/\">Universit\u00e4t Passau<\/a>\u00a0(UP) Allemagne,\u00a0<a href=\"http:\/\/www.imar.ro\/\">Institute Of Mathematics Simion Stoilow Of The Romanian Academy<\/a>\u00a0(IMAR) Roumanie,\u00a0<a href=\"http:\/\/www.ucl.ac.uk\/\">University College London<\/a>\u00a0(UCL) Royaume-Uni,\u00a0<a href=\"http:\/\/autizam.org.rs\/\">Savez udruzenja Srbije za pomoc osobama sa autizmom<\/a> (SSA) Serbie, Autism-Europe Belgique et\u00a0<a href=\"http:\/\/www.idmind.pt\/\">IDMIND &#8211; Engenharia De Sistemas LDA<\/a>\u00a0(IDM) Portugal.<\/span><\/p>\n<blockquote><p><a href=\"http:\/\/de-enigma.eu\/\" target=\"_blank\" rel=\"noopener noreferrer\"><strong><span style=\"font-size: 12pt\">Visiter\u00a0le site web du projet<\/span><\/strong><\/a><\/p><\/blockquote>\n<h2><span style=\"font-size: 14pt\">A propos d\u2019Horizon 2020<\/span><\/h2>\n<p><span style=\"font-size: 12pt\"><a href=\"https:\/\/ec.europa.eu\/programmes\/horizon2020\/\" target=\"_blank\" rel=\"noopener noreferrer\">Horizon 2020<\/a>\u00a0 est le plus grand programme de recherche et d&rsquo;innovation jamais r\u00e9alis\u00e9 par l&rsquo;Union europ\u00e9enne. Outre l\u2019int\u00e9r\u00eat que lui portent les investisseurs des secteurs public et priv\u00e9, il b\u00e9n\u00e9ficie d&rsquo;un financement de pr\u00e8s de 80 milliards d&rsquo;euros sur 7 ans. En favorisant la transition des grandes id\u00e9es, du laboratoire au march\u00e9, il conduira \u00e0 des avanc\u00e9es r\u00e9volutionnaires, des d\u00e9couvertes et des premi\u00e8res mondiales.<\/span><\/p>\n","protected":false},"excerpt":{"rendered":"","protected":false},"author":32,"featured_media":0,"parent":0,"menu_order":0,"comment_status":"closed","ping_status":"closed","template":"","meta":{"_acf_changed":false,"_bbp_topic_count":0,"_bbp_reply_count":0,"_bbp_total_topic_count":0,"_bbp_total_reply_count":0,"_bbp_voice_count":0,"_bbp_anonymous_reply_count":0,"_bbp_topic_count_hidden":0,"_bbp_reply_count_hidden":0,"_bbp_forum_subforum_count":0,"footnotes":""},"class_list":["post-3326","page","type-page","status-publish","hentry"],"acf":[],"_links":{"self":[{"href":"https:\/\/www.autismeurope.org\/fr\/wp-json\/wp\/v2\/pages\/3326","targetHints":{"allow":["GET"]}}],"collection":[{"href":"https:\/\/www.autismeurope.org\/fr\/wp-json\/wp\/v2\/pages"}],"about":[{"href":"https:\/\/www.autismeurope.org\/fr\/wp-json\/wp\/v2\/types\/page"}],"author":[{"embeddable":true,"href":"https:\/\/www.autismeurope.org\/fr\/wp-json\/wp\/v2\/users\/32"}],"replies":[{"embeddable":true,"href":"https:\/\/www.autismeurope.org\/fr\/wp-json\/wp\/v2\/comments?post=3326"}],"version-history":[{"count":7,"href":"https:\/\/www.autismeurope.org\/fr\/wp-json\/wp\/v2\/pages\/3326\/revisions"}],"predecessor-version":[{"id":43295,"href":"https:\/\/www.autismeurope.org\/fr\/wp-json\/wp\/v2\/pages\/3326\/revisions\/43295"}],"wp:attachment":[{"href":"https:\/\/www.autismeurope.org\/fr\/wp-json\/wp\/v2\/media?parent=3326"}],"curies":[{"name":"wp","href":"https:\/\/api.w.org\/{rel}","templated":true}]}}