{"id":3332,"date":"2017-08-31T14:35:20","date_gmt":"2017-08-31T12:35:20","guid":{"rendered":"http:\/\/autismeurope.akimedia.eu\/fr\/?page_id=3332"},"modified":"2019-04-26T15:46:16","modified_gmt":"2019-04-26T13:46:16","slug":"mind-maitrise-des-competences-dans-le-reseau-de-formation-pour-lhyperactivite-avec-deficit-de-lattention-et-pour-lautisme","status":"publish","type":"page","link":"https:\/\/www.autismeurope.org\/fr\/mind-maitrise-des-competences-dans-le-reseau-de-formation-pour-lhyperactivite-avec-deficit-de-lattention-et-pour-lautisme\/","title":{"rendered":"MiND (ma\u00eetrise des comp\u00e9tences dans le r\u00e9seau de formation pour l&rsquo;hyperactivit\u00e9 avec d\u00e9ficit de l&rsquo;attention et pour l\u2019autisme)"},"content":{"rendered":"<blockquote><p><strong><span style=\"font-size: 12pt\">Le r\u00e9seau de formation paneurop\u00e9en MiND (acronyme en anglais pour : Mastering skills in the training Network for attention deficit hyperactivity and autism spectrum Disorders) vise \u00e0 former une nouvelle g\u00e9n\u00e9ration de chercheurs dans le domaine des troubles neurod\u00e9veloppementaux, \u00e0 travers une recherche orient\u00e9e vers l&rsquo;innovation, combin\u00e9e \u00e0 des programmes de formations internationaux interdisciplinaires et intersectoriels.<\/span><\/strong><\/p>\n<div><strong><span style=\"font-size: 12pt\">\u00a0<\/span><\/strong><\/div>\n<\/blockquote>\n<div><span style=\"font-size: 12pt\">Pour en savoir plus, consultez le site Web du projet MinD: <a href=\"http:\/\/www.mind-project.eu\/\">http:\/\/www.mind-project.eu\/<\/a><\/span><\/div>\n<div><\/div>\n<div><\/div>\n<div>\n<h2><span style=\"font-size: 14pt\">A propos d\u2019Horizon 2020<\/span><\/h2>\n<p><span style=\"font-size: 12pt\"><a href=\"https:\/\/ec.europa.eu\/programmes\/horizon2020\/\" target=\"_blank\" rel=\"noopener noreferrer\">Horizon 2020<\/a> Horizon 2020 est le plus grand programme de recherche et d&rsquo;innovation jamais r\u00e9alis\u00e9 par l&rsquo;Union europ\u00e9enne. Outre l\u2019int\u00e9r\u00eat que lui portent les investisseurs des secteurs public et priv\u00e9, il b\u00e9n\u00e9ficie d&rsquo;un financement de pr\u00e8s de 80 milliards d&rsquo;euros sur 7 ans. En favorisant la transition des grandes id\u00e9es, du laboratoire au march\u00e9, il conduira \u00e0 des avanc\u00e9es r\u00e9volutionnaires, des d\u00e9couvertes et des premi\u00e8res mondiales.<\/span><\/p>\n<\/div>\n","protected":false},"excerpt":{"rendered":"<p>Le r\u00e9seau de formation paneurop\u00e9en MiND (acronyme en anglais pour : Mastering skills in the training Network for attention deficit hyperactivity and autism spectrum Disorders) vise \u00e0 former une nouvelle &hellip; <\/p>\n<p class=\"link-more\"><a href=\"https:\/\/www.autismeurope.org\/fr\/mind-maitrise-des-competences-dans-le-reseau-de-formation-pour-lhyperactivite-avec-deficit-de-lattention-et-pour-lautisme\/\" class=\"more-link\">Continue reading<span class=\"screen-reader-text\"> \u00ab\u00a0MiND (ma\u00eetrise des comp\u00e9tences dans le r\u00e9seau de formation pour l&rsquo;hyperactivit\u00e9 avec d\u00e9ficit de l&rsquo;attention et pour l\u2019autisme)\u00a0\u00bb<\/span><\/a><\/p>\n","protected":false},"author":32,"featured_media":0,"parent":0,"menu_order":0,"comment_status":"closed","ping_status":"closed","template":"","meta":{"_acf_changed":false,"_bbp_topic_count":0,"_bbp_reply_count":0,"_bbp_total_topic_count":0,"_bbp_total_reply_count":0,"_bbp_voice_count":0,"_bbp_anonymous_reply_count":0,"_bbp_topic_count_hidden":0,"_bbp_reply_count_hidden":0,"_bbp_forum_subforum_count":0,"footnotes":""},"class_list":["post-3332","page","type-page","status-publish","hentry"],"acf":[],"_links":{"self":[{"href":"https:\/\/www.autismeurope.org\/fr\/wp-json\/wp\/v2\/pages\/3332","targetHints":{"allow":["GET"]}}],"collection":[{"href":"https:\/\/www.autismeurope.org\/fr\/wp-json\/wp\/v2\/pages"}],"about":[{"href":"https:\/\/www.autismeurope.org\/fr\/wp-json\/wp\/v2\/types\/page"}],"author":[{"embeddable":true,"href":"https:\/\/www.autismeurope.org\/fr\/wp-json\/wp\/v2\/users\/32"}],"replies":[{"embeddable":true,"href":"https:\/\/www.autismeurope.org\/fr\/wp-json\/wp\/v2\/comments?post=3332"}],"version-history":[{"count":3,"href":"https:\/\/www.autismeurope.org\/fr\/wp-json\/wp\/v2\/pages\/3332\/revisions"}],"predecessor-version":[{"id":30505,"href":"https:\/\/www.autismeurope.org\/fr\/wp-json\/wp\/v2\/pages\/3332\/revisions\/30505"}],"wp:attachment":[{"href":"https:\/\/www.autismeurope.org\/fr\/wp-json\/wp\/v2\/media?parent=3332"}],"curies":[{"name":"wp","href":"https:\/\/api.w.org\/{rel}","templated":true}]}}