{"id":3336,"date":"2017-08-31T14:45:56","date_gmt":"2017-08-31T12:45:56","guid":{"rendered":"http:\/\/autismeurope.akimedia.eu\/fr\/?page_id=3336"},"modified":"2019-01-31T10:48:19","modified_gmt":"2019-01-31T09:48:19","slug":"projet-ipa-autisme-formation-pour-linclusion-2016-2018","status":"publish","type":"page","link":"https:\/\/www.autismeurope.org\/fr\/projet-ipa-autisme-formation-pour-linclusion-2016-2018\/","title":{"rendered":"Projet IPA+ : Autisme- Formation pour l&rsquo;inclusion (2016- 2018)"},"content":{"rendered":"<p><span style=\"font-size: 12pt\">Tenant compte de la diversit\u00e9 des profils des personnes autistes, ainsi que des approches de l\u2019autisme et des mod\u00e8les d&rsquo;intervention actuels qui restructurent les services de soutien et le r\u00f4le des professionnels, le projet IPA+ propose une nouvelle strat\u00e9gie \u00e9ducative pour qualifier les professionnels \u00e0 soutenir les personnes autistes dans diff\u00e9rents contextes et domaines de la vie.<\/span><\/p>\n<p><span style=\"font-size: 12pt\">Le projet a r\u00e9uni des universitaires, des professionnels de diverses disciplines, des parents et des auto-repr\u00e9sentants en provenance de divers organismes de l\u2019autisme en Espagne (le coordinateur de projet <a href=\"http:\/\/www.polibienestar.org\/\">Polibienestar<\/a> de l&rsquo;Universit\u00e9 de Valence et l\u2019association de parents <a href=\"http:\/\/www.autismoburgos.es\/\">Autismo Burgos<\/a>), au Portugal (la <a href=\"http:\/\/www.fpda.pt\/\">F\u00e9d\u00e9ration portugaise de l&rsquo;autisme<\/a>) et en Serbie (<a href=\"http:\/\/autizam.org.rs\/\">l\u2019Association serbe de l&rsquo;autisme<\/a>). Les personnes impliqu\u00e9es viennent d&rsquo;horizons divers et poss\u00e8dent un large \u00e9ventail de comp\u00e9tences.<\/span><\/p>\n<p><span style=\"font-size: 12pt\">Les partenaires du projet ont cr\u00e9\u00e9 et test\u00e9 une formation globale pour les professionnels qui ont besoin d&rsquo;acqu\u00e9rir les connaissances de base pour travailler avec des personnes autistes et un niveau avanc\u00e9 pour ceux qui veulent acqu\u00e9rir des connaissances et comp\u00e9tences sp\u00e9cialis\u00e9es.\u00a0Le r\u00e9sultat est un cours \u00ab de base \u00bb de trois mois (niveau I) avec 7 modules et un cours \u00ab expert\u00a0\u00bb de trois mois (niveau II) avec trois modules.<\/span><\/p>\n<p><span style=\"font-size: 12pt\">La formation du cycle de vie de la personne autiste et adopte une approche fond\u00e9e sur des donn\u00e9es probantes. Le programme final d&rsquo;IPA+ et la bo\u00eete-\u00e0-outils sont disponibles gratuitement sur le site web du projet en anglais, fran\u00e7ais, espagnol, portugais et serbe.<\/span><\/p>\n<p><span style=\"font-size: 12pt\">La formation a \u00e9t\u00e9 \u00e9labor\u00e9e \u00e0 partir des r\u00e9sultats d&rsquo;une analyse documentaire et d\u2019entrevues, notamment des groupes de discussion avec 48 professionnels internationaux exer\u00e7ant dans divers domaines et une \u00e9tude Delphi \u00e0 laquelle ont particip\u00e9 28 personnes (des personnes autistes, des parents, des formateurs et des professionnels), tous visant \u00e0 donner un aper\u00e7u pr\u00e9cis des besoins et des attentes concernant les exigences du programme de formation.<\/span><\/p>\n<h2><span style=\"font-size: 14pt\">Le programme de formation IPA+ et la bo\u00eete \u00e0-outils<\/span><\/h2>\n<p><span style=\"font-size: 12pt\">La participation aux modules d&rsquo;IPA+ aidera les professionnels \u00e0 gagner de l\u2019assurance, en les aidant \u00e0 \u00e9laborer et \u00e0 mettre en \u0153uvre des strat\u00e9gies pour r\u00e9pondre aux besoins des personnes autistes avec qui ils travaillent. Les strat\u00e9gies d\u2019auto-assistance les aideront \u00e9galement \u00e0 r\u00e9duire le stress associ\u00e9 \u00e0 leur activit\u00e9 professionnelle.<\/span><\/p>\n<p><span style=\"font-size: 12pt\">Le contenu de chaque module pr\u00e9sente les derniers exemples de meilleures pratiques reconnues par les praticiens de l&rsquo;autisme et les experts dans le domaine. On esp\u00e8re que la participation aux modules aidera les professionnels \u00e0 acqu\u00e9rir de l&rsquo;assurance.<\/span><\/p>\n<p><span style=\"font-size: 12pt\">Le contenu des modules encourage l&rsquo;utilisation de strat\u00e9gies positives et s&rsquo;articule autour des th\u00e8mes suivants :<\/span><\/p>\n<ul>\n<li><span style=\"font-size: 12pt\">Comment reconna\u00eetre l&rsquo;autisme ;<\/span><\/li>\n<li><span style=\"font-size: 12pt\">Contenu scientifique ou fond\u00e9 sur des donn\u00e9es probantes ;<\/span><\/li>\n<li><span style=\"font-size: 12pt\">Comment soutenir les personnes autistes et leurs familles ;<\/span><\/li>\n<li><span style=\"font-size: 12pt\">Ce que signifient les comportements r\u00e9p\u00e9titifs et comment travailler avec les personnes autistes ;<\/span><\/li>\n<li><span style=\"font-size: 12pt\">Comment concevoir et mettre en \u0153uvre des programmes individualis\u00e9s ;<\/span><\/li>\n<li><span style=\"font-size: 12pt\">Comment interagir avec les familles et les impliquer dans les soins ou l&rsquo;intervention ;<\/span><\/li>\n<li><span style=\"font-size: 12pt\">Comment superviser et \u00e9valuer les personnes autistes ;<\/span><\/li>\n<li><span style=\"font-size: 12pt\">Comment collaborer et communiquer avec d&rsquo;autres professionnels ;<\/span><\/li>\n<li><span style=\"font-size: 12pt\">Comment intervenir aupr\u00e8s des personnes autistes ;<\/span><\/li>\n<li><span style=\"font-size: 12pt\">Promotion de la qualit\u00e9 de vie : ind\u00e9pendance, aspects sociaux, etc. ;<\/span><\/li>\n<li><span style=\"font-size: 12pt\">L&rsquo;auto-assistance (ou le bien-\u00eatre) des professionnels.<\/span><\/li>\n<\/ul>\n<h2><span style=\"font-size: 14pt\">T\u00e9l\u00e9charger les cours<\/span><\/h2>\n<p><span style=\"font-size: 12pt\">En cliquant sur les liens ci-dessous, vous pouvez t\u00e9l\u00e9charger gratuitement les deux cours dans la langue de votre choix :<\/span><\/p>\n<blockquote><p><span style=\"font-size: 12pt\"><a href=\"http:\/\/ipa-project.eu\/training\/\" target=\"_blank\" rel=\"noopener\"><strong>Autism-Training for inclusion- English version<\/strong><\/a><\/span><\/p>\n<p><span style=\"font-size: 12pt\"><a href=\"http:\/\/ipa-project.eu\/fr\/training-4\/\" target=\"_blank\" rel=\"noopener\"><strong>Autisme- Formation pour l\u2019inclusion- Version fran\u00e7aise<\/strong><\/a><\/span><\/p>\n<p><span style=\"font-size: 12pt\"><a href=\"https:\/\/gallery.mailchimp.com\/cdc5c8c7a8e403b463ece7fa5\/images\/6305d4dd-7275-4fa7-854d-18f4ef2d49a3.jpg\" target=\"_blank\" rel=\"noopener\"><strong>Autismo- Formaci\u00f3n para la inclusi\u00f3n- Versi\u00f3n en espa\u00f1ol<\/strong><\/a><\/span><\/p>\n<p><span style=\"font-size: 12pt\"><a href=\"http:\/\/ipa-project.eu\/pt\/training-2\/\" target=\"_blank\" rel=\"noopener\"><strong>Autismo- Forma\u00e7\u00e3o para a Inclus\u00e3o- Vers\u00e3o em portugu\u00eas<\/strong><\/a><\/span><\/p>\n<p><span style=\"font-size: 12pt\"><a href=\"http:\/\/ipa-project.eu\/sr\/training-3\/\" target=\"_blank\" rel=\"noopener\"><strong>Autizam- Trening za Inkluziju- Srpska verzija<\/strong><\/a><\/span><\/p><\/blockquote>\n<h2><span style=\"font-size: 14pt\">L&rsquo;impact du projet IPA+<\/span><\/h2>\n<p><span style=\"font-size: 12pt\">Depuis 2016, le projet IPA+ a dispens\u00e9 6 sessions de formation en face \u00e0 face \u00e0 une centaine de professionnels en Espagne, au Portugal et en Serbie.<\/span><\/p>\n<p><span style=\"font-size: 12pt\">Tout au long de l&rsquo;ann\u00e9e 2018, plus de 250 professionnels, parents, d\u00e9cideurs, journalistes et autres parties int\u00e9ress\u00e9es ont particip\u00e9 aux 4 \u00e9v\u00e9nements multiplicateurs d\u2019IPA+ organis\u00e9s \u00e0 Lisbonne, Belgrade, Burgos et Bruxelles. Ces \u00e9v\u00e9nements visaient \u00e0 sensibiliser les professionnels \u00e0 l&rsquo;importance de la formation sur l\u2019autisme et \u00e0 partager les travaux et l&rsquo;expertise des partenaires du projet avec un public plus large.<\/span><\/p>\n<p><span style=\"font-size: 12pt\">Avant chacun de ces \u00e9v\u00e9nements, les partenaires du projet ont tenu des discussions avec les principales parties prenantes nationales, r\u00e9gionales et locales (telles que des repr\u00e9sentants de gouvernement, des autorit\u00e9s locales, des ONG, des universit\u00e9s, des \u00e9tablissements d&rsquo;enseignement et\/ou des institutions pour personnes handicap\u00e9es, etc.) pour traiter de l&rsquo;importance de poursuivre les formations IPA+ une fois le projet achev\u00e9.<\/span><\/p>\n<blockquote><p><span style=\"font-size: 12pt\"><strong><a href=\"http:\/\/ipa-project.eu\/fr\/home-5\/\" target=\"_blank\" rel=\"noopener\">Visiter le site web du projet<\/a><\/strong><\/span><\/p><\/blockquote>\n<h2><span style=\"font-size: 14pt\">A propos du programme Erasmus+<\/span><\/h2>\n<p><span style=\"font-size: 12pt\">Erasmus+ est le programme du l\u2019UE d\u00e9di\u00e9 \u00e0 l\u2019\u00e9ducation, la formation, la jeunesse et les sports en Europe. Dot\u00e9 d\u2019un budget de 14.7 millions d\u2019euros, il permettra \u00e0 plus de 4 millions d\u2019europ\u00e9ens d\u2019\u00e9tudier, de suivre une formation, d\u2019acqu\u00e9rir de l\u2019exp\u00e9rience et de faire du b\u00e9n\u00e9volat \u00e0 l\u2019\u00e9tranger.\u00a0<\/span><\/p>\n","protected":false},"excerpt":{"rendered":"<p>Tenant compte de la diversit\u00e9 des profils des personnes autistes, ainsi que des approches de l\u2019autisme et des mod\u00e8les d&rsquo;intervention actuels qui restructurent les services de soutien et le r\u00f4le &hellip; <\/p>\n<p class=\"link-more\"><a href=\"https:\/\/www.autismeurope.org\/fr\/projet-ipa-autisme-formation-pour-linclusion-2016-2018\/\" class=\"more-link\">Continue reading<span class=\"screen-reader-text\"> \u00ab\u00a0Projet IPA+ : Autisme- Formation pour l&rsquo;inclusion (2016- 2018)\u00a0\u00bb<\/span><\/a><\/p>\n","protected":false},"author":32,"featured_media":0,"parent":0,"menu_order":0,"comment_status":"closed","ping_status":"closed","template":"","meta":{"_acf_changed":false,"_bbp_topic_count":0,"_bbp_reply_count":0,"_bbp_total_topic_count":0,"_bbp_total_reply_count":0,"_bbp_voice_count":0,"_bbp_anonymous_reply_count":0,"_bbp_topic_count_hidden":0,"_bbp_reply_count_hidden":0,"_bbp_forum_subforum_count":0,"footnotes":""},"class_list":["post-3336","page","type-page","status-publish","hentry"],"acf":[],"_links":{"self":[{"href":"https:\/\/www.autismeurope.org\/fr\/wp-json\/wp\/v2\/pages\/3336","targetHints":{"allow":["GET"]}}],"collection":[{"href":"https:\/\/www.autismeurope.org\/fr\/wp-json\/wp\/v2\/pages"}],"about":[{"href":"https:\/\/www.autismeurope.org\/fr\/wp-json\/wp\/v2\/types\/page"}],"author":[{"embeddable":true,"href":"https:\/\/www.autismeurope.org\/fr\/wp-json\/wp\/v2\/users\/32"}],"replies":[{"embeddable":true,"href":"https:\/\/www.autismeurope.org\/fr\/wp-json\/wp\/v2\/comments?post=3336"}],"version-history":[{"count":6,"href":"https:\/\/www.autismeurope.org\/fr\/wp-json\/wp\/v2\/pages\/3336\/revisions"}],"predecessor-version":[{"id":29584,"href":"https:\/\/www.autismeurope.org\/fr\/wp-json\/wp\/v2\/pages\/3336\/revisions\/29584"}],"wp:attachment":[{"href":"https:\/\/www.autismeurope.org\/fr\/wp-json\/wp\/v2\/media?parent=3336"}],"curies":[{"name":"wp","href":"https:\/\/api.w.org\/{rel}","templated":true}]}}