{"id":3342,"date":"2017-08-31T15:13:48","date_gmt":"2017-08-31T13:13:48","guid":{"rendered":"http:\/\/autismeurope.akimedia.eu\/fr\/?page_id=3342"},"modified":"2017-09-29T17:39:46","modified_gmt":"2017-09-29T15:39:46","slug":"projet-trase-formation-en-education-sexuelle-pour-les-personnes-en-situation-de-handicap-2015-2017","status":"publish","type":"page","link":"https:\/\/www.autismeurope.org\/fr\/projet-trase-formation-en-education-sexuelle-pour-les-personnes-en-situation-de-handicap-2015-2017\/","title":{"rendered":"Projet TRASE : Formation en \u00e9ducation sexuelle pour les personnes en situation de handicap (2015-2017)"},"content":{"rendered":"<p><span style=\"font-size: 12pt\">Le projet vise \u00e0 d\u00e9velopper\u00a0un cours de formation destin\u00e9 aux personnes qui dispensent des s\u00e9ances d&rsquo;\u00e9ducation sexuelle pour les personnes ayant un handicap intellectuel. Il est le fruit du projet\u00a0<a href=\"http:\/\/www.autismeurope.org\/fr\/activites\/projets\/sead-projet-d-education-sexuelle-pour-les-personnes-atteintes-d-un-handicap-intellectuel.html\">SEAD (Education sexuelle pour adultes handicap\u00e9s)<\/a>, au sein duquel les partnaires ont d\u00e9velopp\u00e9 des outils et du mat\u00e9riel pour l&rsquo;\u00e9ducation sexuelle des personnes handicap\u00e9es. TRASE cherche \u00e0 d\u00e9velopper et \u00e0 \u00e9valuer la meilleure fa\u00e7on d&rsquo;utiliser des outils adapt\u00e9s et cr\u00e9atifs afin d&rsquo;optimiser la participation et la compr\u00e9hension des personnes ayant un handicap intellectuel. L\u2019objectif du projet est de donner aux personnes handicap\u00e9es les moyens de faire valoir leurs droits humains en leur donnant acc\u00e8s \u00e0 des informations essentielles sur le sexe, la sexualit\u00e9 et les relations.<\/span><\/p>\n<p><span style=\"font-size: 12pt\">Un cours de formation est n\u00e9cessaire pour les personnes qui dispensent une \u00e9ducation sexuelle aux\u00a0 personnes avec un handicaps intellectuel. TRASE entend offir aux Europ\u00e9ens avec un handicap intellectuel \u00e0 poser des choix \u00e9clair\u00e9s, y compris lorsqu&rsquo;il s&rsquo;agit d\u2019avoir des relations amoureuses, se marier et fonder une famille.<\/span><\/p>\n<p><span style=\"font-size: 12pt\">L&rsquo;article 23 de la Convention des Nations Unies relative aux droits des personnes handicap\u00e9es (CDPH de l&rsquo;ONU) pr\u00e9voit que les personnes ayant un handicap intellectuel ont le droit de fonder une famille, de d\u00e9cider librement du nombre et de l&rsquo;espacement des enfants et de conserver leur fertilit\u00e9 sur un pied d&rsquo;\u00e9galit\u00e9 avec les autres. En outre, l&rsquo;article 25 sur la sant\u00e9 stipule que \u00able consentement libre et \u00e9clair\u00e9\u00bb doit sous-tendre\u00a0 les prestations de soins de sant\u00e9, y compris en mati\u00e8re de reproduction.<\/span><\/p>\n<p><span style=\"font-size: 12pt\">Autisme-Europe se joint \u00e0 six autres partenaires dans la conception de ce projet. Les partenaires de TRASE sont :\u00a0<a href=\"http:\/\/www.hs-merseburg.de\/en\/university\/\">Hochschule Merseburg, Universit\u00e9 des Sciences Appliqu\u00e9es<\/a>\u00a0(Allemagne),\u00a0<a href=\"http:\/\/aeob.edu.pt\/\">Agrupamento de Escolas de Oliveira do Bairro<\/a>\u00a0(Portugal),\u00a0<a href=\"http:\/\/www.nju.lt\/en\/\">Kauno neigaliojo jaunimo U\u017eimtumo centras<\/a>\u00a0(Lituanie),\u00a0<a href=\"http:\/\/www.e-learningstudios.com\/\">elearning Studios<\/a>(Royaume-Uni),\u00a0<a href=\"http:\/\/wwwen.uni.lu\/\">Universit\u00e9 de Luxembourg<\/a>\u00a0(Luxembourg),\u00a0<a href=\"http:\/\/www.sexualpaedagogik.at\/\">l&rsquo;Institut pour l&rsquo;\u00e9ducation sexuelle Vienne<\/a>\u00a0(Autriche).<\/span><\/p>\n<p><span style=\"font-size: 12pt\">Pour plus d&rsquo;informations, visitez le site internet du project TRASE en\u00a0<a href=\"http:\/\/www.traseproject.com\/\">cliquant ici<\/a>.<\/span><\/p>\n<h2><span style=\"font-size: 14pt\">A propos du programme Erasmus+<\/span><\/h2>\n<p><span style=\"font-size: 12pt\">Erasmus+ est le programme du l\u2019UE d\u00e9di\u00e9 \u00e0 l\u2019\u00e9ducation, la formation, la jeunesse et les sports en Europe. Dot\u00e9 d\u2019un budget de 14.7 millions d\u2019euros, il permettra \u00e0 plus de 4 millions d\u2019europ\u00e9ens d\u2019\u00e9tudier, de suivre une formation, d\u2019acqu\u00e9rir de l\u2019exp\u00e9rience et de faire du b\u00e9n\u00e9volat \u00e0 l\u2019\u00e9tranger.\u00a0<\/span><\/p>\n","protected":false},"excerpt":{"rendered":"<p>Le projet vise \u00e0 d\u00e9velopper\u00a0un cours de formation destin\u00e9 aux personnes qui dispensent des s\u00e9ances d&rsquo;\u00e9ducation sexuelle pour les personnes ayant un handicap intellectuel. Il est le fruit du projet\u00a0SEAD &hellip; <\/p>\n<p class=\"link-more\"><a href=\"https:\/\/www.autismeurope.org\/fr\/projet-trase-formation-en-education-sexuelle-pour-les-personnes-en-situation-de-handicap-2015-2017\/\" class=\"more-link\">Continue reading<span class=\"screen-reader-text\"> \u00ab\u00a0Projet TRASE : Formation en \u00e9ducation sexuelle pour les personnes en situation de handicap (2015-2017)\u00a0\u00bb<\/span><\/a><\/p>\n","protected":false},"author":32,"featured_media":0,"parent":0,"menu_order":0,"comment_status":"closed","ping_status":"closed","template":"","meta":{"_acf_changed":false,"_bbp_topic_count":0,"_bbp_reply_count":0,"_bbp_total_topic_count":0,"_bbp_total_reply_count":0,"_bbp_voice_count":0,"_bbp_anonymous_reply_count":0,"_bbp_topic_count_hidden":0,"_bbp_reply_count_hidden":0,"_bbp_forum_subforum_count":0,"footnotes":""},"class_list":["post-3342","page","type-page","status-publish","hentry"],"acf":[],"_links":{"self":[{"href":"https:\/\/www.autismeurope.org\/fr\/wp-json\/wp\/v2\/pages\/3342","targetHints":{"allow":["GET"]}}],"collection":[{"href":"https:\/\/www.autismeurope.org\/fr\/wp-json\/wp\/v2\/pages"}],"about":[{"href":"https:\/\/www.autismeurope.org\/fr\/wp-json\/wp\/v2\/types\/page"}],"author":[{"embeddable":true,"href":"https:\/\/www.autismeurope.org\/fr\/wp-json\/wp\/v2\/users\/32"}],"replies":[{"embeddable":true,"href":"https:\/\/www.autismeurope.org\/fr\/wp-json\/wp\/v2\/comments?post=3342"}],"version-history":[{"count":3,"href":"https:\/\/www.autismeurope.org\/fr\/wp-json\/wp\/v2\/pages\/3342\/revisions"}],"predecessor-version":[{"id":4175,"href":"https:\/\/www.autismeurope.org\/fr\/wp-json\/wp\/v2\/pages\/3342\/revisions\/4175"}],"wp:attachment":[{"href":"https:\/\/www.autismeurope.org\/fr\/wp-json\/wp\/v2\/media?parent=3342"}],"curies":[{"name":"wp","href":"https:\/\/api.w.org\/{rel}","templated":true}]}}