{"id":3353,"date":"2017-08-31T16:26:34","date_gmt":"2017-08-31T14:26:34","guid":{"rendered":"http:\/\/autismeurope.akimedia.eu\/fr\/?page_id=3353"},"modified":"2023-06-22T17:19:57","modified_gmt":"2023-06-22T15:19:57","slug":"anciens-projets","status":"publish","type":"page","link":"https:\/\/www.autismeurope.org\/fr\/que-faisons-nous\/projets-europeens\/anciens-projets\/","title":{"rendered":"Anciens projets"},"content":{"rendered":"<h2><span style=\"font-size: 14pt\">Train-ASD : Formation professionnelle sur les syst\u00e8mes de communication et les approaches p\u00e9dagogiques pour les \u00e9l\u00e8ves autistes (2018-2020)<\/span><\/h2>\n<p><span style=\"font-size: 12pt\">L&rsquo;objectif de ce partenariat strat\u00e9gique \u00e9tait l&rsquo;\u00e9change de savoir-faire entre les pays impliqu\u00e9s dans le projet, en vue de d\u00e9velopper un programme de formation \u00e0 grande \u00e9chelle sur l&rsquo;utilisation des syst\u00e8mes de communication alternatifs pour les enfants autistes.<\/span><\/p>\n<blockquote><p><strong><a href=\"https:\/\/www.autismeurope.org\/fr\/blog\/what-we-do\/train-asd-formation-professionnelle-sur-les-systemes-de-communication-et-les-approaches-pedagogiques-pour-les-eleves-autistes-2018-2020\/\" target=\"_blank\" rel=\"noopener noreferrer\"><span style=\"font-size: 12pt\">Plus d&rsquo;informations<\/span><\/a><\/strong><\/p><\/blockquote>\n<h2><span style=\"font-size: 14pt\">ASD-EAST :\u00a0Autisme : responsabiliser et soutenir les \u00e9ducateurs enseignants (2018-2020)<\/span><\/h2>\n<p>Le projet ASD-EAST visait \u00e0 responsabiliser les \u00e9ducateurs sp\u00e9cialis\u00e9s de l&rsquo;Europe centrale et orientale\/balkanique en vue de favoriser une inclusion efficace des enfants autistes dans le domaine de l&rsquo;\u00e9ducation. Le projet, qui s&rsquo;\u00e9tendait de septembre 2018 \u00e0 ao\u00fbt 2020, \u00e9tait financ\u00e9 par le programme Erasmus+ de la Commission europ\u00e9enne.<\/p>\n<blockquote><p><span style=\"font-size: 12pt\"><a href=\"https:\/\/www.autismeurope.org\/fr\/blog\/what-we-do\/asd-east-autisme-responsabiliser-et-soutenir-les-educateurs-enseignants-2018-2020\/\" target=\"_blank\" rel=\"noopener noreferrer\"><strong>Plus d&rsquo;informations<\/strong><\/a><\/span><\/p><\/blockquote>\n<h2><span style=\"font-size: 14pt\">NAATE : Activit\u00e9s d\u2019apprentissage non formel pour les adolescents autistes en Europe (2019- 2020)<\/span><\/h2>\n<p><span style=\"font-size: 12pt\">Le projet \u00ab\u00a0Activit\u00e9s d&rsquo;apprentissage non formel pour adolescents autistes en Europe\u00a0\u00bb (projet NAATE selon l\u2019acronyme anglais) se concentre sur l&rsquo;apprentissage non formel pour soutenir la formation des animateurs de jeunesse et pour d\u00e9velopper les comp\u00e9tences sociales des adolescents autistes. Ce projet de 22 mois, qui a d\u00e9but\u00e9 en f\u00e9vrier 2019, est financ\u00e9 par le programme Erasmus+ de la Commission europ\u00e9enne.<\/span><\/p>\n<blockquote><p><a href=\"https:\/\/www.autismeurope.org\/fr\/blog\/what-we-do\/naate-activites-dapprentissage-non-formel-pour-les-adolescents-autistes-en-europe-2019-2020\/\" target=\"_blank\" rel=\"noopener noreferrer\"><span style=\"font-size: 12pt\"><strong>Plus d&rsquo;informations<\/strong><\/span><\/a><\/p><\/blockquote>\n<h2><span style=\"font-size: 14pt\">DE-ENIGMA : Interaction entre humains et robots pour le d\u00e9veloppement de l\u2019imagination sociale des enfants autistes (2016- 2019)<\/span><\/h2>\n<p><span style=\"font-size: 12pt\">DE-ENIGMA est l&rsquo;un des plus grands projets d&rsquo;\u00e9tude des technologies d&rsquo;assistance pour l&rsquo;autisme au sein duquel une expertise paneurop\u00e9enne a collabor\u00e9 au\u00a0 d\u00e9veloppement d\u2019un robot humano\u00efde intelligent. Autisme-Europe a fait partie de l&rsquo;\u00e9quipe qui a d\u00e9velopp\u00e9 des syst\u00e8mes techniques de pointe, bas\u00e9s sur l&rsquo;intelligence artificielle, capables de d\u00e9tecter et d\u2019interpr\u00e9ter automatiquement les comportements des enfants autistes pendant les activit\u00e9s avec le robot. L&rsquo;un des principaux objectifs \u00e9tait de v\u00e9rifier les affirmations selon lesquelles le comportement pr\u00e9visible des robots pourrait avoir un impact positif sur les interactions avec les enfants autistes.<\/span><\/p>\n<blockquote><p><a href=\"https:\/\/www.autismeurope.org\/fr\/projet-de-enigma-interaction-entre-humains-et-robots-pour-le-developpement-de-limagination-sociale-des-enfants-autistes-2016-2019\/\" target=\"_blank\" rel=\"noopener noreferrer\"><span style=\"font-size: 12pt\"><strong>Plus d&rsquo;informations<\/strong><\/span><\/a><\/p><\/blockquote>\n<h2 class=\"entry-title\"><span style=\"font-size: 14pt\">ETTECEC : Grandir ensemble (2018-2019)<\/span><\/h2>\n<p><span style=\"font-size: 12pt\">Ce projet Erasmus+ a d\u00e9velopp\u00e9 et mis en \u0153uvre une approche p\u00e9dagogique innovante bas\u00e9e sur le paradigme d\u2019inclusion de l\u2019\u00e9ducation, en d\u00e9veloppant un cours didactique en ligne ax\u00e9 sur les enfants de 0 \u00e0 6 ans (pr\u00e9scolaire).<\/span><\/p>\n<blockquote><p><a href=\"https:\/\/www.autismeurope.org\/fr\/blog\/what-we-do\/ettecec-grandir-ensemble-2017-2019\/\" target=\"_blank\" rel=\"noopener noreferrer\"><strong><span style=\"font-size: 12pt\">Plus d&rsquo;informations<\/span><\/strong><\/a><\/p><\/blockquote>\n<h2 class=\"entry-title\"><span style=\"font-size: 14pt\">Alliance pour la mobilit\u00e9 inclusive (2018-2019)<\/span><\/h2>\n<p><span style=\"font-size: 12pt\">Le projet Alliance pour la mobilit\u00e9 inclusive vise \u00e0 \u00e9laborer des recommandations concr\u00e8tes sur la mani\u00e8re de rendre le prochain programme Erasmus+ post 2020 plus inclusif et de cr\u00e9er une alliance sur le th\u00e8me de la mobilit\u00e9 inclusive. Ce projet d&rsquo;une dur\u00e9e de six mois, qui d\u00e9butera en septembre 2018, est financ\u00e9 par le programme Erasmus + de la Commission europ\u00e9enne.<\/span><\/p>\n<blockquote><p><strong><a href=\"https:\/\/www.autismeurope.org\/fr\/alliance-pour-la-mobilite-inclusive-2018-2019\/\" target=\"_blank\" rel=\"noopener noreferrer\"><span style=\"font-size: 12pt\">Plus d&rsquo;informations<\/span><\/a><\/strong><\/p><\/blockquote>\n<h2><span style=\"font-size: 14pt\">ASDEU :\u00a0les troubles du spectre autistique dans l\u2019Union europ\u00e9enne (2015- 2018)<\/span><\/h2>\n<p><span style=\"font-size: 12pt\">Notre compr\u00e9hension de l\u2019autisme sera renforc\u00e9e alors que les universit\u00e9s, les associations de repr\u00e9sentation et les instituts de recherche sp\u00e9cialis\u00e9s de 14 pays europ\u00e9ens se sont rassembl\u00e9s autour de ce grand programme. <em>Autism Spectrum Disorders in the European Union<\/em> (ASDEU) a \u00e9t\u00e9 financ\u00e9 par la Commission europ\u00e9enne pour mener de la recherche dans sur le diagnostic, la pr\u00e9valence et les interventions dans le domaine de l\u2019autisme et pour am\u00e9liorer la prise en charge et le soutien aux personnes autistes.<\/span><\/p>\n<blockquote><p><span style=\"font-size: 12pt\"><strong><a href=\"http:\/\/www.autismeurope.org\/fr\/programme-asdeu-troubles-du-spectre-autistique-dans-lunion-europeenne-2015-2017\/\" target=\"_blank\" rel=\"noopener noreferrer\">Plus d&rsquo;informations<\/a><\/strong><\/span><\/p><\/blockquote>\n<h2><span style=\"font-size: 14pt\">MiND : Ma\u00eetrise des comp\u00e9tences dans le r\u00e9seau de formation pour l&rsquo;hyperactivit\u00e9 avec d\u00e9ficit de l&rsquo;attention et pour l\u2019autisme (2015-2019)<\/span><\/h2>\n<p><span style=\"font-size: 12pt\">Le r\u00e9seau de formation paneurop\u00e9en MiND\u00a0 \u00e0 form\u00e9 une nouvelle g\u00e9n\u00e9ration de chercheurs dans le domaine des troubles neurod\u00e9veloppementaux, \u00e0 travers une recherche orient\u00e9e vers l&rsquo;innovation, combin\u00e9e \u00e0 des programmes de formations internationaux interdisciplinaires et intersectoriels.<\/span><\/p>\n<blockquote>\n<div><strong><span style=\"font-size: 12pt\"><a href=\"http:\/\/autismeurope.akimedia.eu\/fr\/mind-maitrise-des-competences-dans-le-reseau-de-formation-pour-lhyperactivite-avec-deficit-de-lattention-et-pour-lautisme\/\" target=\"_blank\" rel=\"noopener noreferrer\">Plus d&rsquo;information<\/a><\/span><\/strong><\/div>\n<div><\/div>\n<\/blockquote>\n<div>\n<h2 class=\"entry-title\"><span style=\"font-size: 14pt\">BRAINVIEW (2015- 2019)<\/span><\/h2>\n<\/div>\n<div>\n<p><span style=\"font-size: 12pt\">Le projet BRAINVIEW est un r\u00e9seau de formation multidisciplinaire europ\u00e9en, fond\u00e9 par la Commission europ\u00e9enne, et qui s\u2019inscrit dans le cadre de d\u00e9veloppement Horizon 2020. Son premier objectif \u00e9tait l\u2019\u00e9tude des perturbations du d\u00e9veloppement du cerveau en d\u00e9but de vie, susceptibles de causer des troubles de l\u2019autisme et TDAH, et la transmission de ce savoir \u00e0 de jeunes chercheurs.<\/span><\/p>\n<\/div>\n<blockquote>\n<div>\n<p><strong><span style=\"font-size: 12pt\"><a href=\"https:\/\/www.autismeurope.org\/fr\/projet-europeen-brainview-2015-2019\/\" target=\"_blank\" rel=\"noopener noreferrer\">Plus d&rsquo;informations<\/a><\/span><\/strong><\/p>\n<\/div>\n<\/blockquote>\n<h2><span style=\"font-size: 14pt\">I<\/span><span style=\"font-size: 14pt\">PA+ : D\u00e9veloppement de formation sp\u00e9cialis\u00e9e pour les professionnels pour l&rsquo;inclusion des personnes autistes (2016- 2018)\u00a0<\/span><\/h2>\n<p><span style=\"font-size: 12pt\">Le projet IPA+ (Inclusion des personnes autistes en Europe. Vers une mod\u00e8le de formation sp\u00e9cialis\u00e9e pour les professionnels) a \u00e9labor\u00e9 un mod\u00e8le de r\u00e9f\u00e9rence point pour la formation de tous les professionnels travaillant avec des personnes atteintes d&rsquo;autisme ind\u00e9pendamment de leur domaine de connaissance.<\/span><\/p>\n<blockquote><p><a href=\"http:\/\/www.autismeurope.org\/fr\/projet-ipa-autisme-formation-pour-linclusion-2016-2018\/\" target=\"_blank\" rel=\"noopener noreferrer\"><span style=\"font-size: 12pt\"><strong>Plus d&rsquo;informations\u00a0<\/strong><\/span><\/a><\/p><\/blockquote>\n<h2><span style=\"font-size: 14pt\">ESIPP : D\u00e9veloppement de pratiques parentales positives pour promouvoir l&rsquo;\u00e9galit\u00e9 et l\u2019inclusion sociale (2015- 2018)\u00a0<\/span><\/h2>\n<p><span style=\"font-size: 12pt\">Cr\u00e9\u00e9 en 2015 pour d\u00e9velopper un programme d\u2019\u00e9ducation parentale adapt\u00e9 au contexte local, le projet ESIPP, financ\u00e9 par le programme Erasmus+ d\u00e9montre l\u2019impact tr\u00e8s positif de cette initiative sur la vie des enfants autistes et leurs familles en Europe du Sud-Est.<\/span><\/p>\n<blockquote><p><a href=\"http:\/\/www.autismeurope.org\/fr\/projet-esipp-projet-de-developpement-de-pratiques-parentales-positives-pour-promouvoir-legalite-et-linclusion-sociale-2015-2018\/\" target=\"_blank\" rel=\"noopener noreferrer\"><span style=\"font-size: 12pt\"><strong>Plus d&rsquo;informations\u00a0<\/strong><\/span><\/a><\/p><\/blockquote>\n<h2><span style=\"font-size: 14pt\">TRASE : Formation en \u00e9ducation sexuelle pour les personnes en situation de handicap (2015-2017)<\/span><\/h2>\n<p><span style=\"font-size: 12pt\">Le projet vise \u00e0 d\u00e9velopper\u00a0un cours de formation destin\u00e9 aux personnes qui dispensent des s\u00e9ances d\u2019\u00e9ducation sexuelle pour les personnes ayant un handicap intellectuel. Il est le fruit du projet\u00a0<a href=\"http:\/\/www.autismeurope.org\/fr\/activites\/projets\/sead-projet-d-education-sexuelle-pour-les-personnes-atteintes-d-un-handicap-intellectuel.html\">SEAD<\/a>, au sein duquel les partnaires ont d\u00e9velopp\u00e9 des outils et du mat\u00e9riel pour l\u2019\u00e9ducation sexuelle des personnes handicap\u00e9es.<\/span><\/p>\n<blockquote><p><span style=\"font-size: 12pt\"><strong><a href=\"https:\/\/www.autismeurope.org\/fr\/blog\/what-we-do\/trase-formation-en-education-sexuelle-pour-les-personnes-en-situation-de-handicap-2015-2017\/\" target=\"_blank\" rel=\"noopener noreferrer\">Plus d&rsquo;informations\u00a0<\/a><\/strong><\/span><\/p><\/blockquote>\n<h2><span style=\"font-size: 14pt\">SEAD : Education sexuelle pour les personnes atteintes d\u2019un handicap intellectuel (2012- 2015)<\/span><\/h2>\n<p><span style=\"font-size: 12pt\">Le projet SEAD a \u00e9t\u00e9 centr\u00e9 sur le d\u00e9veloppement des nouveaux outils cr\u00e9atifs pour \u00e9duquer les personnes atteintes d\u2019un handicap intellectuel \u00e0 la sant\u00e9 sexuelle et aux relations.<\/span><\/p>\n<blockquote><p><span style=\"font-size: 12pt\"><a href=\"https:\/\/www.autismeurope.org\/fr\/blog\/what-we-do\/projet-sead-education-sexuelle-pour-les-personnes-atteintes-dun-handicap-intellectuel-2012-2015\/\" target=\"_blank\" rel=\"noopener noreferrer\"><strong>Plus d&rsquo;informations\u00a0<\/strong><\/a><\/span><\/p><\/blockquote>\n<h2><span style=\"font-size: 14pt\">JoTraDi : Formation de formateurs \u00e0 l\u2019emploi pour les personnes atteintes d\u2019un handicap intellectuel et de troubles du spectre autistique (2013- 2015)<\/span><\/h2>\n<p><span style=\"font-size: 12pt\">JoTraDi \u00e9tait une initiative de collaboration qui visait \u00e0 renforcer la pleine int\u00e9gration des personnes handicap\u00e9es dans la soci\u00e9t\u00e9 gr\u00e2ce \u00e0 l\u2019emploi. Cette initiative se base ait sur un programme d\u2019inclusion au travail men\u00e9 avec succ\u00e8s dans la R\u00e9gion d\u2019Emilie, Italie.<\/span><\/p>\n<blockquote><p><span style=\"font-size: 12pt\"><a href=\"http:\/\/autismeurope.akimedia.eu\/fr\/projet-jotradi-formation-de-formateurs-a-lemploi-pour-les-personnes-atteintes-dun-handicap-intellectuel-et-de-troubles-du-spectre-autistique-2013-2015\/\" target=\"_blank\" rel=\"noopener noreferrer\"><strong>Plus d&rsquo;informations\u00a0<\/strong><\/a><\/span><\/p><\/blockquote>\n<h2><span style=\"font-size: 14pt\">SPEAK UP : Syst\u00e8me de protection et d\u2019empowerment des enfants avec autisme victimes ou auteurs involontaires d\u2019abus (2013- 2015)<\/span><\/h2>\n<p><span style=\"font-size: 12pt\">Le projet SPEAK UP a \u00e9tudi\u00e9 les facteurs de risque de violence \u00e0 l\u2019encontre des personnes avec autisme au niveau europ\u00e9en. Le projet entendait proposer des outils op\u00e9rationnels de pr\u00e9vention et de protection pour les enfants victimes ou auteurs de violence, en se basant sur les quelques pratiques existantes.<\/span><\/p>\n<blockquote><p><span style=\"font-size: 12pt\"><a href=\"http:\/\/autismeurope.akimedia.eu\/fr\/projet-speak-up-systeme-de-protection-et-dempowerment-des-enfants-avec-autisme-victimes-ou-auteurs-involontaires-dabus-2013-2015\/\" target=\"_blank\" rel=\"noopener noreferrer\"><strong>Plus d&rsquo;informations\u00a0<\/strong><\/a><\/span><\/p><\/blockquote>\n<h2><span style=\"font-size: 14pt\">MapAbility : projet pour l\u2019inclusion sociale des \u00e9tudiants en situation de handicap\u00a0(+2014)<\/span><\/h2>\n<p><span style=\"font-size: 12pt\">Autisme-Europe a collabor\u00e9 avec l\u2019Erasmus Student Network (ESN) pour attirer l\u2019attention sur les droits et les besoins des personnes handicap\u00e9es ayant des besoins sp\u00e9cifiques, notamment les personnes avec autisme.<\/span><\/p>\n<blockquote><p><span style=\"font-size: 12pt\"><a href=\"http:\/\/autismeurope.akimedia.eu\/fr\/mapability-projet-pour-linclusion-sociale-des-etudiants-en-situation-de-handicap\/\" target=\"_blank\" rel=\"noopener noreferrer\"><strong>Plus d&rsquo;informations\u00a0<\/strong><\/a><\/span><\/p><\/blockquote>\n<h2><span style=\"font-size: 14pt\">Count Me In :<strong>\u00a0<\/strong>Inclusion sociale des personnes atteintes d\u2019un handicap intellectuel dans les secteurs artistique et culturel (2013-2014)<\/span><\/h2>\n<p><span style=\"font-size: 12pt\">Le projet d\u2019\u00e9ducation et de formation professionnel \u201cCount Me In\u201d entendait cr\u00e9er des outils pour les \u00e9ducateurs de l\u2019enseignement sp\u00e9cialis\u00e9 pour inclure les personnes atteintes d\u2019un handicap intellectuel dans les activit\u00e9s culturelles.<\/span><\/p>\n<blockquote><p><span style=\"font-size: 12pt\"><a href=\"http:\/\/autismeurope.akimedia.eu\/fr\/projet-count-me-in-inclusion-sociale-des-personnes-atteintes-dun-handicap-intellectuel-dans-les-secteurs-artistique-et-culturel\/\" target=\"_blank\" rel=\"noopener noreferrer\"><strong>Plus d&rsquo;informations\u00a0<\/strong><\/a><\/span><\/p><\/blockquote>\n<h2><span style=\"font-size: 14pt\">Together We Can Manage : projet de soutien \u00e0 l\u2019emploi pour les personnes avec autisme en R\u00e9publique tch\u00e8que (2012-2015)<\/span><\/h2>\n<p><span style=\"font-size: 12pt\">Le projet Together We Can Manage entendait d\u00e9velopper des bonnes pratiques dans le domaine de l\u2019emploi des personnes avec autisme en R\u00e9publique tch\u00e8que.<\/span><\/p>\n<blockquote><p><span style=\"font-size: 12pt\"><a href=\"http:\/\/autismeurope.akimedia.eu\/fr\/together-we-can-manage-projet-de-soutien-a-lemploi-pour-les-personnes-avec-autisme-en-republique-tcheque\/\" target=\"_blank\" rel=\"noopener noreferrer\"><strong>Plus d&rsquo;informations\u00a0<\/strong><\/a><\/span><\/p><\/blockquote>\n<h2><span style=\"font-size: 14pt\">FIRST : d\u00e9veloppement d\u2019un outil de simplification de textes et de documents pour les personnes avec autisme (2011- 2014)<\/span><\/h2>\n<p><span style=\"font-size: 12pt\">Le projet FIRST \u00e9tait centr\u00e9 sur le d\u00e9veloppement du \u00ab Open Book \u00bb, un outil permettant aux personnes avec autisme d\u2019adapter des documents \u00e9crits en un format plus facile \u00e0 lire et \u00e0 comprendre.<\/span><\/p>\n<blockquote><p><span style=\"font-size: 12pt\"><a href=\"http:\/\/autismeurope.akimedia.eu\/fr\/projet-first-developpement-dun-outil-de-simplification-de-textes-et-de-documents-pour-les-personnes-avec-autisme\/\" target=\"_blank\" rel=\"noopener noreferrer\"><strong>Plus d&rsquo;informations\u00a0<\/strong><\/a><\/span><\/p><\/blockquote>\n<h2><span style=\"font-size: 14pt\">ASC-Inclusion : Cr\u00e9ation des jeux d&rsquo;\u00e9motion interactifs pour des enfants autistes (2011-2014)<\/span><\/h2>\n<p><span style=\"font-size: 12pt\">Le logiciel d\u00e9velopp\u00e9 dans ce projet (EmotiPlay) aide les enfants autistes \u00e0 comprendre et \u00e0 exprimer des \u00e9motions sur la base d&rsquo;expressions faciales, du ton de la voix et de gestes. De ce fait, il contribue \u00e0 renforcer leur insertion dans la soci\u00e9t\u00e9.<\/span><\/p>\n<blockquote><p><span style=\"font-size: 12pt\"><strong><a href=\"http:\/\/autismeurope.akimedia.eu\/fr\/asc-inclusion-creation-des-jeux-demotion-interactifs-pour-des-enfants-autistes\/\" target=\"_blank\" rel=\"noopener noreferrer\">Plus d&rsquo;informations<\/a><\/strong><\/span><\/p><\/blockquote>\n<h2><span style=\"font-size: 14pt\">D\u00e9institutionalisation et vie communautaire &#8211; r\u00e9sultats et co\u00fbts\u00a0(2007)<\/span><\/h2>\n<p><span style=\"font-size: 12pt\">Ce projet visait \u00e0 r\u00e9colter des informations sur le nombre de personnes handicap\u00e9es plac\u00e9es dans des institutions r\u00e9sidentielles dans 28 pays europ\u00e9ens ; \u00e0 fournir une comparaison des co\u00fbts li\u00e9s au placement de personnes handicap\u00e9es en institutions et dans des services au sein de la communaut\u00e9 et \u00e0 identifier les meilleures strat\u00e9gies de transition vers la communaut\u00e9.<\/span><\/p>\n<blockquote><p><span style=\"font-size: 12pt\"><strong><a href=\"https:\/\/research.kent.ac.uk\/tizard\/wp-content\/uploads\/sites\/495\/2019\/01\/DECLOC_Volume_1_Exec_Summary.pdf\">Executive summary<\/a> <\/strong><strong>(en anglais)<br \/>\n<a href=\"https:\/\/research.kent.ac.uk\/tizard\/wp-content\/uploads\/sites\/495\/2019\/01\/DECLOC_Volume_2_Report.pdf\">Full Report <\/a><\/strong><strong>(en anglais)<br \/>\n<a href=\"https:\/\/research.kent.ac.uk\/tizard\/wp-content\/uploads\/sites\/495\/2019\/01\/DECLOC_Volume_3_Country_Reports.pdf\">Country reports<\/a> (601 pages en anglais)<\/strong><\/span><\/p><\/blockquote>\n<div class=\"entry-content\">\n<div class=\"chapeau\"><\/div>\n<div>\n<h2><span style=\"font-size: 14pt\">Inclus dans la soci\u00e9t\u00e9 \u2013 D\u00e9sinstitutionalisation des personnes handicap\u00e9es (2003-2004)<\/span><\/h2>\n<p><span style=\"font-size: 12pt\">Ce projet \u00e9tait une initiative de recherche europ\u00e9enne ax\u00e9e sur la d\u00e9sinstitutionalisation des personnes handicap\u00e9es.<\/span><\/p>\n<p><span style=\"font-size: 12pt\"><strong><a href=\"http:\/\/www.autismeurope.org\/fr\/projet-inclus-dans-la-societe-desinstitutionalisation-des-personnes-handicapees-2003-2004\/\" target=\"_blank\" rel=\"noopener noreferrer\">Plus d&rsquo;informations<\/a><\/strong><\/span><\/p>\n<h2><span style=\"font-size: 14pt\">Projet DAPHNE (1997-1998)<\/span><\/h2>\n<p><span style=\"font-size: 12pt\">Ce projet a tenu compte du fait que les pr\u00e9judices subis par les personnes handicap\u00e9es \u00e9taient de plus en plus pr\u00e9occupants. Il visait \u00e0 examiner sp\u00e9cifiquement les personnes autistes et \u00e0 r\u00e9diger un code de bonne pratique dans le respect des principes directeurs de la Charte des droits des personnes autistes redig\u00e9e par Autisme Europe.<\/span><\/p>\n<blockquote><p><span style=\"font-size: 12pt\"><a href=\"http:\/\/www.autismeurope.org\/fr\/blog\/1997\/02\/13\/daphne-project-1997-1998\/\" target=\"_blank\" rel=\"noopener noreferrer\"><strong>Plus d&rsquo;informations<\/strong><\/a><\/span><\/p><\/blockquote>\n<\/div>\n<\/div>\n","protected":false},"excerpt":{"rendered":"<p>Train-ASD : Formation professionnelle sur les syst\u00e8mes de communication et les approaches p\u00e9dagogiques pour les \u00e9l\u00e8ves autistes (2018-2020) L&rsquo;objectif de ce partenariat strat\u00e9gique \u00e9tait l&rsquo;\u00e9change de savoir-faire entre les pays &hellip; <\/p>\n<p class=\"link-more\"><a href=\"https:\/\/www.autismeurope.org\/fr\/que-faisons-nous\/projets-europeens\/anciens-projets\/\" class=\"more-link\">Continue reading<span class=\"screen-reader-text\"> \u00ab\u00a0Anciens projets\u00a0\u00bb<\/span><\/a><\/p>\n","protected":false},"author":32,"featured_media":0,"parent":3313,"menu_order":0,"comment_status":"closed","ping_status":"closed","template":"","meta":{"_acf_changed":false,"_bbp_topic_count":0,"_bbp_reply_count":0,"_bbp_total_topic_count":0,"_bbp_total_reply_count":0,"_bbp_voice_count":0,"_bbp_anonymous_reply_count":0,"_bbp_topic_count_hidden":0,"_bbp_reply_count_hidden":0,"_bbp_forum_subforum_count":0,"footnotes":""},"class_list":["post-3353","page","type-page","status-publish","hentry"],"acf":[],"_links":{"self":[{"href":"https:\/\/www.autismeurope.org\/fr\/wp-json\/wp\/v2\/pages\/3353","targetHints":{"allow":["GET"]}}],"collection":[{"href":"https:\/\/www.autismeurope.org\/fr\/wp-json\/wp\/v2\/pages"}],"about":[{"href":"https:\/\/www.autismeurope.org\/fr\/wp-json\/wp\/v2\/types\/page"}],"author":[{"embeddable":true,"href":"https:\/\/www.autismeurope.org\/fr\/wp-json\/wp\/v2\/users\/32"}],"replies":[{"embeddable":true,"href":"https:\/\/www.autismeurope.org\/fr\/wp-json\/wp\/v2\/comments?post=3353"}],"version-history":[{"count":58,"href":"https:\/\/www.autismeurope.org\/fr\/wp-json\/wp\/v2\/pages\/3353\/revisions"}],"predecessor-version":[{"id":48050,"href":"https:\/\/www.autismeurope.org\/fr\/wp-json\/wp\/v2\/pages\/3353\/revisions\/48050"}],"up":[{"embeddable":true,"href":"https:\/\/www.autismeurope.org\/fr\/wp-json\/wp\/v2\/pages\/3313"}],"wp:attachment":[{"href":"https:\/\/www.autismeurope.org\/fr\/wp-json\/wp\/v2\/media?parent=3353"}],"curies":[{"name":"wp","href":"https:\/\/api.w.org\/{rel}","templated":true}]}}