{"id":3357,"date":"2017-08-31T16:47:34","date_gmt":"2017-08-31T14:47:34","guid":{"rendered":"http:\/\/autismeurope.akimedia.eu\/fr\/?page_id=3357"},"modified":"2017-09-29T17:42:23","modified_gmt":"2017-09-29T15:42:23","slug":"projet-sead-education-sexuelle-pour-les-personnes-atteintes-dun-handicap-intellectuel-2012-2015","status":"publish","type":"page","link":"https:\/\/www.autismeurope.org\/fr\/projet-sead-education-sexuelle-pour-les-personnes-atteintes-dun-handicap-intellectuel-2012-2015\/","title":{"rendered":"Projet SEAD : Education sexuelle pour les personnes atteintes d\u2019un handicap intellectuel (2012- 2015)"},"content":{"rendered":"<p><span style=\"font-size: 12pt\">L\u2019examen des rapports europ\u00e9ens et des \u00e9tudes comparatives a permis de compiler les bonnes pratiques dans le domaine et produire des outils de communication adapt\u00e9s. Les outils produits comme partie du projet seront utilis\u00e9s et adapt\u00e9s lors du d\u00e9roulement du nouveau\u00a0<a href=\"http:\/\/www.autismeurope.org\/fr\/activites\/projets\/training-in-sexual-education-for-persons-with-disabilities-trase-2015-2017.html\">projet TRASE<\/a>, dont Autisme-Europe est \u00e9galement partenaire.\u00a0<\/span><\/p>\n<p><span style=\"font-size: 12pt\">Autisme-Europe a \u00e9t\u00e9 partenaire de ce projet, parmi d\u2019autres organisations. Le projet a \u00e9t\u00e9 financ\u00e9 par le programme Grundtvig de l\u2019Union europ\u00e9enne et s\u2019est \u00e9tendu d\u2019octobre 2012 \u00e0 septembre 2015.<\/span><\/p>\n<p><span style=\"font-size: 12pt\">Pour\u00a0<strong>en savoir plus sur le projet SEAD<\/strong>, nous vous invitons \u00e0 visiter le <a href=\"http:\/\/sead-project.eu\/\" target=\"_blank\" rel=\"noopener\">page web du projet<\/a><\/span><\/p>\n<h2><span style=\"font-size: 14pt\">A propos du programme pour l\u2019\u00e9ducation et la formation tout au long de la vie<\/span><\/h2>\n<p><span style=\"font-size: 12pt\">Le programme pour l\u2019\u00e9ducation et la formation tout au long de la vie (Life Learning Programme (LLP)) a \u00e9t\u00e9 con\u00e7u pour permettre aux gens, quel que soit leur \u00e2ge, de vivre une exp\u00e9rience d\u2019apprentissage stimulante ou encore de d\u00e9velopper leurs connaissances ou de suivre une formation partout en Europe.<\/span><\/p>\n<p><span style=\"font-size: 12pt\">Dot\u00e9 d\u2019un budget de pr\u00e8s de 7 millions d\u2019euros, le programme, qui couvrait la p\u00e9riode 2007-2013, a financ\u00e9 une s\u00e9rie d\u2019\u00e9changes, de visites d\u2019\u00e9tude et d\u2019activit\u00e9s de r\u00e9seautage.<\/span><\/p>\n<p><span style=\"font-size: 12pt\">Les activit\u00e9s de LLP se poursuivent dans le cadre du nouveau <a href=\"http:\/\/ec.europa.eu\/programmes\/erasmus-plus\/\">programme Erasmus+<\/a> qui couvre la p\u00e9riode 2014-2020.<\/span><\/p>\n","protected":false},"excerpt":{"rendered":"<p>L\u2019examen des rapports europ\u00e9ens et des \u00e9tudes comparatives a permis de compiler les bonnes pratiques dans le domaine et produire des outils de communication adapt\u00e9s. Les outils produits comme partie &hellip; <\/p>\n<p class=\"link-more\"><a href=\"https:\/\/www.autismeurope.org\/fr\/projet-sead-education-sexuelle-pour-les-personnes-atteintes-dun-handicap-intellectuel-2012-2015\/\" class=\"more-link\">Continue reading<span class=\"screen-reader-text\"> \u00ab\u00a0Projet SEAD : Education sexuelle pour les personnes atteintes d\u2019un handicap intellectuel (2012- 2015)\u00a0\u00bb<\/span><\/a><\/p>\n","protected":false},"author":32,"featured_media":0,"parent":0,"menu_order":0,"comment_status":"closed","ping_status":"closed","template":"","meta":{"_acf_changed":false,"_bbp_topic_count":0,"_bbp_reply_count":0,"_bbp_total_topic_count":0,"_bbp_total_reply_count":0,"_bbp_voice_count":0,"_bbp_anonymous_reply_count":0,"_bbp_topic_count_hidden":0,"_bbp_reply_count_hidden":0,"_bbp_forum_subforum_count":0,"footnotes":""},"class_list":["post-3357","page","type-page","status-publish","hentry"],"acf":[],"_links":{"self":[{"href":"https:\/\/www.autismeurope.org\/fr\/wp-json\/wp\/v2\/pages\/3357","targetHints":{"allow":["GET"]}}],"collection":[{"href":"https:\/\/www.autismeurope.org\/fr\/wp-json\/wp\/v2\/pages"}],"about":[{"href":"https:\/\/www.autismeurope.org\/fr\/wp-json\/wp\/v2\/types\/page"}],"author":[{"embeddable":true,"href":"https:\/\/www.autismeurope.org\/fr\/wp-json\/wp\/v2\/users\/32"}],"replies":[{"embeddable":true,"href":"https:\/\/www.autismeurope.org\/fr\/wp-json\/wp\/v2\/comments?post=3357"}],"version-history":[{"count":2,"href":"https:\/\/www.autismeurope.org\/fr\/wp-json\/wp\/v2\/pages\/3357\/revisions"}],"predecessor-version":[{"id":4177,"href":"https:\/\/www.autismeurope.org\/fr\/wp-json\/wp\/v2\/pages\/3357\/revisions\/4177"}],"wp:attachment":[{"href":"https:\/\/www.autismeurope.org\/fr\/wp-json\/wp\/v2\/media?parent=3357"}],"curies":[{"name":"wp","href":"https:\/\/api.w.org\/{rel}","templated":true}]}}