{"id":3360,"date":"2017-08-31T16:57:31","date_gmt":"2017-08-31T14:57:31","guid":{"rendered":"http:\/\/autismeurope.akimedia.eu\/fr\/?page_id=3360"},"modified":"2017-09-29T17:47:24","modified_gmt":"2017-09-29T15:47:24","slug":"projet-jotradi-formation-de-formateurs-a-lemploi-pour-les-personnes-atteintes-dun-handicap-intellectuel-et-de-troubles-du-spectre-autistique-2013-2015","status":"publish","type":"page","link":"https:\/\/www.autismeurope.org\/fr\/projet-jotradi-formation-de-formateurs-a-lemploi-pour-les-personnes-atteintes-dun-handicap-intellectuel-et-de-troubles-du-spectre-autistique-2013-2015\/","title":{"rendered":"Projet JoTraDi : Formation de formateurs \u00e0 l\u2019emploi pour les personnes atteintes d\u2019un handicap intellectuel et de troubles du spectre autistique (2013- 2015)"},"content":{"rendered":"<p><span style=\"font-size: 12pt\">Le projet entendait \u00e9galement renforcer le d\u00e9veloppement de bonnes conditions d\u2019emploi pour les personnes handicap\u00e9es.<\/span><\/p>\n<p><span style=\"font-size: 12pt\">Par ailleurs, JoTraDi comprenait un programme de placement professionnel visant \u00e0 fournir une exp\u00e9rience professionnelle concr\u00e8te aux personnes handicap\u00e9es et, \u00e0 terme, obtenir leur embauche au sein d\u2019une grande entreprise.<\/span><\/p>\n<p><span style=\"font-size: 12pt\">Le projet JoTraDi a b\u00e9n\u00e9fici\u00e9 du soutien de la Commission europ\u00e9enne, dans le cadre du\u00a0<a href=\"http:\/\/ec.europa.eu\/education\/tools\/llp_en.htm\">programme Lifelong Learning<\/a>.<\/span><\/p>\n<p><span style=\"font-size: 12pt\"><strong>Pour en savoir plus<\/strong>, nous vous invitons \u00e0 visiter le\u00a0<a href=\"http:\/\/www.trainingforjob.eu\/wp\/\">site web de JoTraDi<\/a><\/span><\/p>\n<p>&nbsp;<\/p>\n<h2><span style=\"font-size: 14pt\">A propos du programme pour l\u2019\u00e9ducation et la formation tout au long de la vie<\/span><\/h2>\n<p><span style=\"font-size: 12pt\">Le programme pour l\u2019\u00e9ducation et la formation tout au long de la vie (Life Learning Programme (LLP)) a \u00e9t\u00e9 con\u00e7u pour permettre aux gens, quel que soit leur \u00e2ge, de vivre une exp\u00e9rience d\u2019apprentissage stimulante ou encore de d\u00e9velopper leurs connaissances ou de suivre une formation partout en Europe.<\/span><\/p>\n<p><span style=\"font-size: 12pt\">Dot\u00e9 d\u2019un budget de pr\u00e8s de 7 millions d\u2019euros, le programme, qui couvrait la p\u00e9riode 2007-2013, a financ\u00e9 une s\u00e9rie d\u2019\u00e9changes, de visites d\u2019\u00e9tude et d\u2019activit\u00e9s de r\u00e9seautage.<\/span><\/p>\n<p><span style=\"font-size: 12pt\">Les activit\u00e9s de LLP se poursuivent dans le cadre du nouveau <a href=\"http:\/\/ec.europa.eu\/programmes\/erasmus-plus\/\" target=\"_blank\" rel=\"noopener\">programme Erasmus+<\/a> qui couvre la p\u00e9riode 2014-2020.<\/span><\/p>\n","protected":false},"excerpt":{"rendered":"<p>Le projet entendait \u00e9galement renforcer le d\u00e9veloppement de bonnes conditions d\u2019emploi pour les personnes handicap\u00e9es. Par ailleurs, JoTraDi comprenait un programme de placement professionnel visant \u00e0 fournir une exp\u00e9rience professionnelle &hellip; <\/p>\n<p class=\"link-more\"><a href=\"https:\/\/www.autismeurope.org\/fr\/projet-jotradi-formation-de-formateurs-a-lemploi-pour-les-personnes-atteintes-dun-handicap-intellectuel-et-de-troubles-du-spectre-autistique-2013-2015\/\" class=\"more-link\">Continue reading<span class=\"screen-reader-text\"> \u00ab\u00a0Projet JoTraDi : Formation de formateurs \u00e0 l\u2019emploi pour les personnes atteintes d\u2019un handicap intellectuel et de troubles du spectre autistique (2013- 2015)\u00a0\u00bb<\/span><\/a><\/p>\n","protected":false},"author":32,"featured_media":0,"parent":0,"menu_order":0,"comment_status":"closed","ping_status":"closed","template":"","meta":{"_acf_changed":false,"_bbp_topic_count":0,"_bbp_reply_count":0,"_bbp_total_topic_count":0,"_bbp_total_reply_count":0,"_bbp_voice_count":0,"_bbp_anonymous_reply_count":0,"_bbp_topic_count_hidden":0,"_bbp_reply_count_hidden":0,"_bbp_forum_subforum_count":0,"footnotes":""},"class_list":["post-3360","page","type-page","status-publish","hentry"],"acf":[],"_links":{"self":[{"href":"https:\/\/www.autismeurope.org\/fr\/wp-json\/wp\/v2\/pages\/3360","targetHints":{"allow":["GET"]}}],"collection":[{"href":"https:\/\/www.autismeurope.org\/fr\/wp-json\/wp\/v2\/pages"}],"about":[{"href":"https:\/\/www.autismeurope.org\/fr\/wp-json\/wp\/v2\/types\/page"}],"author":[{"embeddable":true,"href":"https:\/\/www.autismeurope.org\/fr\/wp-json\/wp\/v2\/users\/32"}],"replies":[{"embeddable":true,"href":"https:\/\/www.autismeurope.org\/fr\/wp-json\/wp\/v2\/comments?post=3360"}],"version-history":[{"count":3,"href":"https:\/\/www.autismeurope.org\/fr\/wp-json\/wp\/v2\/pages\/3360\/revisions"}],"predecessor-version":[{"id":4180,"href":"https:\/\/www.autismeurope.org\/fr\/wp-json\/wp\/v2\/pages\/3360\/revisions\/4180"}],"wp:attachment":[{"href":"https:\/\/www.autismeurope.org\/fr\/wp-json\/wp\/v2\/media?parent=3360"}],"curies":[{"name":"wp","href":"https:\/\/api.w.org\/{rel}","templated":true}]}}