{"id":3364,"date":"2017-08-31T17:23:03","date_gmt":"2017-08-31T15:23:03","guid":{"rendered":"http:\/\/autismeurope.akimedia.eu\/fr\/?page_id=3364"},"modified":"2017-11-02T17:35:55","modified_gmt":"2017-11-02T16:35:55","slug":"projet-speak-up-systeme-de-protection-et-dempowerment-des-enfants-avec-autisme-victimes-ou-auteurs-involontaires-dabus-2013-2015","status":"publish","type":"page","link":"https:\/\/www.autismeurope.org\/fr\/projet-speak-up-systeme-de-protection-et-dempowerment-des-enfants-avec-autisme-victimes-ou-auteurs-involontaires-dabus-2013-2015\/","title":{"rendered":"Projet SPEAK UP : Syst\u00e8me de protection et d\u2019empowerment des enfants avec autisme victimes ou auteurs involontaires d\u2019abus (2013- 2015)"},"content":{"rendered":"<p><span style=\"font-size: 12pt\">Le projet a conduit au d\u00e9veloppement des activit\u00e9s suivantes :<\/span><\/p>\n<ul>\n<li><span style=\"font-size: 12pt\">Recherche, au niveau europ\u00e9en, sur l\u2019incidence du ph\u00e9nom\u00e8ne d\u2019abus \u00e0 l\u2019encontre des enfants et adolescents avec autisme ;<\/span><\/li>\n<li><span style=\"font-size: 12pt\">Planification et activation d\u2019un parcours de formation exp\u00e9rimental pour le personnel ;<\/span><\/li>\n<li><span style=\"font-size: 12pt\">D\u00e9finition et exp\u00e9rimentation d\u2019un programme pilote pour la pr\u00e9vention du risque de maltraitance d\u2019enfants avec autisme dans les familles les plus vuln\u00e9rables ;<\/span><\/li>\n<li><span style=\"font-size: 12pt\">R\u00e9alisation d\u2019une campagne d\u2019information pour la pr\u00e9vention et la protection contre la violence inflig\u00e9e aux enfants avec autisme et par les enfants avec autisme.<\/span><\/li>\n<li><span style=\"font-size: 12pt\">Etablissement de deux protocoles d\u2019intervention exp\u00e9rimentaux fournissant des principes d\u2019action sp\u00e9cifiques en cas de suspicion de violence.<\/span><\/li>\n<\/ul>\n<p><span style=\"font-size: 12pt\">SPEAK UP a \u00e9t\u00e9 financ\u00e9 par le\u00a0<a href=\"http:\/\/ec.europa.eu\/justice\/fundamental-rights\/programme\/daphne-programme\/index_en.htm\">programme europ\u00e9en DAPHNE III<\/a>.<\/span><\/p>\n<p><span style=\"font-size: 12pt\">Liste des partenaires :<\/span><\/p>\n<ul>\n<li><span style=\"font-size: 12pt\">Fondation de l\u2019autisme \u2018Il Cireneo\u2019 (Coordinateur de projet), Italie<\/span><\/li>\n<li><span style=\"font-size: 12pt\">Progetti Sociali s.r.l. Impresa Sociale, Italie<\/span><\/li>\n<li><span style=\"font-size: 12pt\">Associazione Focolare Maria Regina onlus, Italie<\/span><\/li>\n<li><span style=\"font-size: 12pt\">Autism-Europe, Belgique<\/span><\/li>\n<li><span style=\"font-size: 12pt\">Alpha Foundation, Pologne<\/span><\/li>\n<li><span style=\"font-size: 12pt\">Autismo Burgos, Espagne<\/span><\/li>\n<li><span style=\"font-size: 12pt\">National Autistic Society, Royaume-Uni<\/span><\/li>\n<\/ul>\n<p><span style=\"font-size: 12pt\">SPEAK UP entendait am\u00e9liorer les connaissances actuelles sur la protection des enfants et des jeunes avec autisme victimes d\u2019abus en Europe et sur la diminution et la pr\u00e9vention d\u2019abus et d\u2019actes de violence commis par les enfants avec autisme. Les partenaires de SPEAK UP ont \u00e9galement travaill\u00e9 \u00e0 d\u00e9velopper des guides pour pr\u00e9venir et diminuer la violence inflig\u00e9e tant \u00e0 l\u2019encontre que par les enfants avec autisme.<\/span><\/p>\n<p>&nbsp;<\/p>\n<blockquote><p><span style=\"font-size: 12pt\"><a href=\"http:\/\/speakup.progettisociali.it\/en\" target=\"_blank\" rel=\"noopener\"><strong>Cliquez ici pour visiter le site du projet.<\/strong><\/a><\/span><\/p>\n<p><span style=\"font-size: 12pt\"><a href=\"http:\/\/www.autismeurope.org\/wp-content\/uploads\/2017\/10\/1959_EU-Safeguarding_Guide-one_A4_20pp_4-Colour_FINAL-ARTWORK_LOW-RES_18.._.pdf\" target=\"_blank\" rel=\"noopener\"><strong>T\u00e9l\u00e9chargez le premier guide du projet Speak Up sur la pr\u00e9vention des violences contres des enfants et de jeunes personnes autistes (en anglais).<\/strong><\/a><\/span><\/p>\n<p><span style=\"font-size: 12pt\"><strong><a href=\"http:\/\/www.autismeurope.org\/wp-content\/uploads\/2017\/08\/guide_two.pdf\" target=\"_blank\" rel=\"noopener\">T\u00e9l\u00e9chargez\u00a0 le deuxi\u00e8me guide du projet Speak Up sur la pr\u00e9vention et la r\u00e9duction des violences commises par des enfants et de jeunes personnes autistes (en anglais).<\/a><\/strong><\/span><\/p>\n<p><span style=\"font-size: 12pt\"><a href=\"http:\/\/www.autismeurope.org\/wp-content\/uploads\/2017\/08\/pilot_programme.pdf\" target=\"_blank\" rel=\"noopener\"><strong>T\u00e9l\u00e9chargez le mod\u00e8le du programme pilote pour le projet Speak Up (en anglais)<\/strong><strong>.<\/strong><\/a><\/span><\/p><\/blockquote>\n<p>&nbsp;<\/p>\n<h2><span style=\"font-size: 14pt\">\u00c0 propos du programme DAPHNE III<\/span><\/h2>\n<p><span style=\"font-size: 12pt\">Le programme Daphne III vise \u00e0 contribuer \u00e0 la protection des enfants, des jeunes et des femmes contre toutes formes de violence et d&rsquo;assurer un haut niveau de protection de sant\u00e9, de bien-\u00eatre et de coh\u00e9sion sociale.<\/span><\/p>\n<p><span style=\"font-size: 12pt\">Son objectif sp\u00e9cifique est de contribuer \u00e0 la pr\u00e9vention et \u00e0 la lutte contre toutes formes de violence dans le domaine public ou priv\u00e9, y compris l&rsquo;exploitation sexuelle et le trafic d&rsquo;\u00eatres humains.<\/span><\/p>\n<p><span style=\"font-size: 12pt\">Il vise \u00e0 prendre des mesures pr\u00e9ventives et \u00e0 fournir un soutien et une protection aux victimes et aux groupes \u00e0 risque.<\/span><\/p>\n","protected":false},"excerpt":{"rendered":"<p>Le projet a conduit au d\u00e9veloppement des activit\u00e9s suivantes : Recherche, au niveau europ\u00e9en, sur l\u2019incidence du ph\u00e9nom\u00e8ne d\u2019abus \u00e0 l\u2019encontre des enfants et adolescents avec autisme ; Planification et &hellip; <\/p>\n<p class=\"link-more\"><a href=\"https:\/\/www.autismeurope.org\/fr\/projet-speak-up-systeme-de-protection-et-dempowerment-des-enfants-avec-autisme-victimes-ou-auteurs-involontaires-dabus-2013-2015\/\" class=\"more-link\">Continue reading<span class=\"screen-reader-text\"> \u00ab\u00a0Projet SPEAK UP : Syst\u00e8me de protection et d\u2019empowerment des enfants avec autisme victimes ou auteurs involontaires d\u2019abus (2013- 2015)\u00a0\u00bb<\/span><\/a><\/p>\n","protected":false},"author":32,"featured_media":0,"parent":0,"menu_order":0,"comment_status":"closed","ping_status":"closed","template":"","meta":{"_acf_changed":false,"_bbp_topic_count":0,"_bbp_reply_count":0,"_bbp_total_topic_count":0,"_bbp_total_reply_count":0,"_bbp_voice_count":0,"_bbp_anonymous_reply_count":0,"_bbp_topic_count_hidden":0,"_bbp_reply_count_hidden":0,"_bbp_forum_subforum_count":0,"footnotes":""},"class_list":["post-3364","page","type-page","status-publish","hentry"],"acf":[],"_links":{"self":[{"href":"https:\/\/www.autismeurope.org\/fr\/wp-json\/wp\/v2\/pages\/3364","targetHints":{"allow":["GET"]}}],"collection":[{"href":"https:\/\/www.autismeurope.org\/fr\/wp-json\/wp\/v2\/pages"}],"about":[{"href":"https:\/\/www.autismeurope.org\/fr\/wp-json\/wp\/v2\/types\/page"}],"author":[{"embeddable":true,"href":"https:\/\/www.autismeurope.org\/fr\/wp-json\/wp\/v2\/users\/32"}],"replies":[{"embeddable":true,"href":"https:\/\/www.autismeurope.org\/fr\/wp-json\/wp\/v2\/comments?post=3364"}],"version-history":[{"count":8,"href":"https:\/\/www.autismeurope.org\/fr\/wp-json\/wp\/v2\/pages\/3364\/revisions"}],"predecessor-version":[{"id":5275,"href":"https:\/\/www.autismeurope.org\/fr\/wp-json\/wp\/v2\/pages\/3364\/revisions\/5275"}],"wp:attachment":[{"href":"https:\/\/www.autismeurope.org\/fr\/wp-json\/wp\/v2\/media?parent=3364"}],"curies":[{"name":"wp","href":"https:\/\/api.w.org\/{rel}","templated":true}]}}