{"id":3367,"date":"2017-08-31T17:31:40","date_gmt":"2017-08-31T15:31:40","guid":{"rendered":"http:\/\/autismeurope.akimedia.eu\/fr\/?page_id=3367"},"modified":"2018-10-08T10:21:37","modified_gmt":"2018-10-08T08:21:37","slug":"mapability-projet-pour-linclusion-sociale-des-etudiants-en-situation-de-handicap","status":"publish","type":"page","link":"https:\/\/www.autismeurope.org\/fr\/mapability-projet-pour-linclusion-sociale-des-etudiants-en-situation-de-handicap\/","title":{"rendered":"MapAbility : projet pour l\u2019inclusion sociale des \u00e9tudiants en situation de handicap"},"content":{"rendered":"<p><span style=\"font-size: 12pt\">Parmi ses activit\u00e9s, le projet a compt\u00e9 une conf\u00e9rence europ\u00e9enne organis\u00e9e \u00e0 Bruxelles en vue de sensibiliser la communaut\u00e9 estudiantine sur l\u2019importance de renforcer l\u2019inclusion sociale de tous les \u00e9tudiants en Europe. Dans le cadre de cet \u00e9v\u00e9nement, diff\u00e9rentes universit\u00e9s europ\u00e9ennes ont \u00e9t\u00e9 recens\u00e9es en fonction de leurs obstacles structurels et de leur accessibilit\u00e9, le but \u00e9tant de cr\u00e9er une vision commune concernant l\u2019inclusion sociale et la mobilit\u00e9 des \u00e9tudiants en situation de handicap.\u00a0<\/span><\/p>\n<p><span style=\"font-size: 12pt\">L\u2019ESN a \u00e9galement d\u00e9velopp\u00e9 l\u2019initiative <a href=\"https:\/\/exchangeability.eu\/\" target=\"_blank\" rel=\"noopener\">ExchangeAbility<\/a>, en vue d\u2019am\u00e9liorer la participation des \u00e9tudiants handicap\u00e9s dans la mobilit\u00e9. ExchangeAbility propose un\u00a0<a href=\"http:\/\/exchangeability.esn.org\/?q=mapability-questionnaire\">questionnaire<\/a>\u00a0pour recueillir des informations sur l\u2019accessibilit\u00e9 des \u00e9tablissements d\u2019enseignement sup\u00e9rieur et des services en Europe.<\/span><\/p>\n<p><span style=\"font-size: 12pt\">L\u2019ESN est une association d\u2019\u00e9tudiants non lucrative, forte de 12 000 membres b\u00e9n\u00e9voles actifs dans 36 pays et repr\u00e9sentant les \u00e9tudiants internationaux dans les \u00e9tablissement d\u2019enseignement sup\u00e9rieur.<\/span><\/p>\n<p><span style=\"font-size: 12pt\"><strong>Pour en savoir plus<\/strong>, nous vous invitons \u00e0 consulter le<a href=\"http:\/\/www.esn.org\/content\/mapability\">\u00a0site Internet du projet<\/a>.<\/span><\/p>\n","protected":false},"excerpt":{"rendered":"<p>Parmi ses activit\u00e9s, le projet a compt\u00e9 une conf\u00e9rence europ\u00e9enne organis\u00e9e \u00e0 Bruxelles en vue de sensibiliser la communaut\u00e9 estudiantine sur l\u2019importance de renforcer l\u2019inclusion sociale de tous les \u00e9tudiants &hellip; <\/p>\n<p class=\"link-more\"><a href=\"https:\/\/www.autismeurope.org\/fr\/mapability-projet-pour-linclusion-sociale-des-etudiants-en-situation-de-handicap\/\" class=\"more-link\">Continue reading<span class=\"screen-reader-text\"> \u00ab\u00a0MapAbility : projet pour l\u2019inclusion sociale des \u00e9tudiants en situation de handicap\u00a0\u00bb<\/span><\/a><\/p>\n","protected":false},"author":32,"featured_media":0,"parent":0,"menu_order":0,"comment_status":"closed","ping_status":"closed","template":"","meta":{"_acf_changed":false,"_bbp_topic_count":0,"_bbp_reply_count":0,"_bbp_total_topic_count":0,"_bbp_total_reply_count":0,"_bbp_voice_count":0,"_bbp_anonymous_reply_count":0,"_bbp_topic_count_hidden":0,"_bbp_reply_count_hidden":0,"_bbp_forum_subforum_count":0,"footnotes":""},"class_list":["post-3367","page","type-page","status-publish","hentry"],"acf":[],"_links":{"self":[{"href":"https:\/\/www.autismeurope.org\/fr\/wp-json\/wp\/v2\/pages\/3367","targetHints":{"allow":["GET"]}}],"collection":[{"href":"https:\/\/www.autismeurope.org\/fr\/wp-json\/wp\/v2\/pages"}],"about":[{"href":"https:\/\/www.autismeurope.org\/fr\/wp-json\/wp\/v2\/types\/page"}],"author":[{"embeddable":true,"href":"https:\/\/www.autismeurope.org\/fr\/wp-json\/wp\/v2\/users\/32"}],"replies":[{"embeddable":true,"href":"https:\/\/www.autismeurope.org\/fr\/wp-json\/wp\/v2\/comments?post=3367"}],"version-history":[{"count":2,"href":"https:\/\/www.autismeurope.org\/fr\/wp-json\/wp\/v2\/pages\/3367\/revisions"}],"predecessor-version":[{"id":28172,"href":"https:\/\/www.autismeurope.org\/fr\/wp-json\/wp\/v2\/pages\/3367\/revisions\/28172"}],"wp:attachment":[{"href":"https:\/\/www.autismeurope.org\/fr\/wp-json\/wp\/v2\/media?parent=3367"}],"curies":[{"name":"wp","href":"https:\/\/api.w.org\/{rel}","templated":true}]}}