{"id":3369,"date":"2017-08-31T17:34:29","date_gmt":"2017-08-31T15:34:29","guid":{"rendered":"http:\/\/autismeurope.akimedia.eu\/fr\/?page_id=3369"},"modified":"2017-09-29T17:53:56","modified_gmt":"2017-09-29T15:53:56","slug":"projet-count-me-in-inclusion-sociale-des-personnes-atteintes-dun-handicap-intellectuel-dans-les-secteurs-artistique-et-culturel","status":"publish","type":"page","link":"https:\/\/www.autismeurope.org\/fr\/projet-count-me-in-inclusion-sociale-des-personnes-atteintes-dun-handicap-intellectuel-dans-les-secteurs-artistique-et-culturel\/","title":{"rendered":"Projet Count Me In : Inclusion sociale des personnes atteintes d\u2019un handicap intellectuel dans les secteurs artistique et culturel"},"content":{"rendered":"<p><span style=\"font-size: 12pt\">Le projet aspire \u00e9galement \u00e0 constituer une ressource interdisciplinaire qui expliquerait comment placer l\u2019art et la culture au service de l\u2019\u00e9ducation et la formation professionnelle pour les groupes \u00e0 besoins sp\u00e9cifiques. Pour ce faire, le projet compte explorer les diff\u00e9rentes pratiques et m\u00e9thodologies existantes en Europe et int\u00e9grer les d\u00e9veloppements innovants issus de projets Life Learning ant\u00e9rieurs.\u00a0<\/span><\/p>\n<p><span style=\"font-size: 12pt\">Le projet Count Me In a \u00e9dit\u00e9 une\u00a0<a href=\"http:\/\/count-me-in.eu\/index.php\/publication\">publication<\/a>\u00a0pr\u00e9sentant les bonnes pratiques appliqu\u00e9es par le Mus\u00e9e GAIA d\u2019art brut de Randers, Danemark, et dans les ateliers Debajo del Sombrero \u00e0 Madrid, Espagne. Cette publication comportait aussi des conseils et des lignes directrices \u00e0 l\u2019intention des professionnels de l\u2019\u00e9ducation et de la formation professionnelle, bas\u00e9s sur l\u2019exp\u00e9rience des partenaires du projet, et illustr\u00e9s par des cas concrets de bonnes pratiques dans le domaine de la formation professionnelle pour les personnes handicap\u00e9es dans les associations culturelles.\u00a0<\/span><\/p>\n<p><span style=\"font-size: 12pt\">Autisme-Europe est partenaire du projet Count Me In, aux c\u00f4t\u00e9s d\u2019autres associations europ\u00e9ennes.<\/span><\/p>\n<p><span style=\"font-size: 12pt\"><strong>Voir la publication sur<\/strong>\u00a0la\u00a0<\/span><span style=\"font-size: 12pt\"><a href=\"http:\/\/count-me-in.eu\/index.php\/publication\">formation professionnelle des personnes handicap\u00e9es dans les institutions culturelles<\/a><\/span><\/p>\n<p><span style=\"font-size: 12pt\"><strong>Pour en savoir plus<\/strong>, nous vous invitons \u00e0 consulter le\u00a0<a href=\"http:\/\/count-me-in.eu\/\">site web du projet<\/a><\/span><\/p>\n<h2><span style=\"font-size: 14pt\">A propos du programme pour l\u2019\u00e9ducation et la formation tout au long de la vie<\/span><\/h2>\n<p><span style=\"font-size: 12pt\">Le programme pour l\u2019\u00e9ducation et la formation tout au long de la vie (Life Learning Programme (LLP)) a \u00e9t\u00e9 con\u00e7u pour permettre aux gens, quel que soit leur \u00e2ge, de vivre une exp\u00e9rience d\u2019apprentissage stimulante ou encore de d\u00e9velopper leurs connaissances ou de suivre une formation partout en Europe.<\/span><\/p>\n<p><span style=\"font-size: 12pt\">Dot\u00e9 d\u2019un budget de pr\u00e8s de 7 millions d\u2019euros, le programme, qui couvrait la p\u00e9riode 2007-2013, a financ\u00e9 une s\u00e9rie d\u2019\u00e9changes, de visites d\u2019\u00e9tude et d\u2019activit\u00e9s de r\u00e9seautage.<\/span><\/p>\n<p><span style=\"font-size: 12pt\">Les activit\u00e9s de LLP se poursuivent dans le cadre du nouveau <a href=\"http:\/\/ec.europa.eu\/programmes\/erasmus-plus\/\">programme Erasmus+<\/a> qui couvre la p\u00e9riode 2014-2020.<\/span><\/p>\n","protected":false},"excerpt":{"rendered":"<p>Le projet aspire \u00e9galement \u00e0 constituer une ressource interdisciplinaire qui expliquerait comment placer l\u2019art et la culture au service de l\u2019\u00e9ducation et la formation professionnelle pour les groupes \u00e0 besoins &hellip; <\/p>\n<p class=\"link-more\"><a href=\"https:\/\/www.autismeurope.org\/fr\/projet-count-me-in-inclusion-sociale-des-personnes-atteintes-dun-handicap-intellectuel-dans-les-secteurs-artistique-et-culturel\/\" class=\"more-link\">Continue reading<span class=\"screen-reader-text\"> \u00ab\u00a0Projet Count Me In : Inclusion sociale des personnes atteintes d\u2019un handicap intellectuel dans les secteurs artistique et culturel\u00a0\u00bb<\/span><\/a><\/p>\n","protected":false},"author":32,"featured_media":0,"parent":0,"menu_order":0,"comment_status":"closed","ping_status":"closed","template":"","meta":{"_acf_changed":false,"_bbp_topic_count":0,"_bbp_reply_count":0,"_bbp_total_topic_count":0,"_bbp_total_reply_count":0,"_bbp_voice_count":0,"_bbp_anonymous_reply_count":0,"_bbp_topic_count_hidden":0,"_bbp_reply_count_hidden":0,"_bbp_forum_subforum_count":0,"footnotes":""},"class_list":["post-3369","page","type-page","status-publish","hentry"],"acf":[],"_links":{"self":[{"href":"https:\/\/www.autismeurope.org\/fr\/wp-json\/wp\/v2\/pages\/3369","targetHints":{"allow":["GET"]}}],"collection":[{"href":"https:\/\/www.autismeurope.org\/fr\/wp-json\/wp\/v2\/pages"}],"about":[{"href":"https:\/\/www.autismeurope.org\/fr\/wp-json\/wp\/v2\/types\/page"}],"author":[{"embeddable":true,"href":"https:\/\/www.autismeurope.org\/fr\/wp-json\/wp\/v2\/users\/32"}],"replies":[{"embeddable":true,"href":"https:\/\/www.autismeurope.org\/fr\/wp-json\/wp\/v2\/comments?post=3369"}],"version-history":[{"count":2,"href":"https:\/\/www.autismeurope.org\/fr\/wp-json\/wp\/v2\/pages\/3369\/revisions"}],"predecessor-version":[{"id":4185,"href":"https:\/\/www.autismeurope.org\/fr\/wp-json\/wp\/v2\/pages\/3369\/revisions\/4185"}],"wp:attachment":[{"href":"https:\/\/www.autismeurope.org\/fr\/wp-json\/wp\/v2\/media?parent=3369"}],"curies":[{"name":"wp","href":"https:\/\/api.w.org\/{rel}","templated":true}]}}