{"id":3697,"date":"2017-09-12T10:02:10","date_gmt":"2017-09-12T08:02:10","guid":{"rendered":"http:\/\/autismeurope.akimedia.eu\/fr\/?page_id=3697"},"modified":"2017-09-19T15:48:08","modified_gmt":"2017-09-19T13:48:08","slug":"xe-congres-international-autisme-europe-budapest-hongrie-2013","status":"publish","type":"page","link":"https:\/\/www.autismeurope.org\/fr\/xe-congres-international-autisme-europe-budapest-hongrie-2013\/","title":{"rendered":"Xe Congr\u00e8s International Autisme-Europe, Budapest, Hongrie, 2013"},"content":{"rendered":"<p>Environ 1100 parents, professionnels et personnes avec autisme en provenance de 73 pays se sont r\u00e9unis en vue de discuter de sujets en lien avec le th\u00e8me principal du Congr\u00e8s, \u00ab de nouvelles dimensions pour l\u2019autisme \u00bb, qui offriraient la possibilit\u00e9 aux personnes avec autisme et leur famille de jouir pleinement de leurs droits humains et d\u2019une meilleure qualit\u00e9 de vie. Ont \u00e9t\u00e9 abord\u00e9es, entre autres, des questions telles que les Technologies de l\u2019Information et de la Communication et le vieillissement des personnes avec autisme.<\/p>\n<blockquote><p><span style=\"font-size: 14pt\"><a href=\"http:\/\/autismeurope.akimedia.eu\/wp-content\/uploads\/2017\/08\/autism-europe-congress-2013-programme.pdf\" target=\"_blank\" rel=\"noopener\"><strong><span style=\"font-size: 12pt\">Liste d&rsquo;orateurs principaux et programme du congr\u00e8s (en anglais)<\/span><\/strong><\/a><\/span><\/p><\/blockquote>\n<p>&nbsp;<\/p>\n","protected":false},"excerpt":{"rendered":"<p>Environ 1100 parents, professionnels et personnes avec autisme en provenance de 73 pays se sont r\u00e9unis en vue de discuter de sujets en lien avec le th\u00e8me principal du Congr\u00e8s, &hellip; <\/p>\n<p class=\"link-more\"><a href=\"https:\/\/www.autismeurope.org\/fr\/xe-congres-international-autisme-europe-budapest-hongrie-2013\/\" class=\"more-link\">Continue reading<span class=\"screen-reader-text\"> \u00ab\u00a0Xe Congr\u00e8s International Autisme-Europe, Budapest, Hongrie, 2013\u00a0\u00bb<\/span><\/a><\/p>\n","protected":false},"author":32,"featured_media":0,"parent":0,"menu_order":0,"comment_status":"closed","ping_status":"closed","template":"","meta":{"_acf_changed":false,"_bbp_topic_count":0,"_bbp_reply_count":0,"_bbp_total_topic_count":0,"_bbp_total_reply_count":0,"_bbp_voice_count":0,"_bbp_anonymous_reply_count":0,"_bbp_topic_count_hidden":0,"_bbp_reply_count_hidden":0,"_bbp_forum_subforum_count":0,"footnotes":""},"class_list":["post-3697","page","type-page","status-publish","hentry"],"acf":[],"_links":{"self":[{"href":"https:\/\/www.autismeurope.org\/fr\/wp-json\/wp\/v2\/pages\/3697","targetHints":{"allow":["GET"]}}],"collection":[{"href":"https:\/\/www.autismeurope.org\/fr\/wp-json\/wp\/v2\/pages"}],"about":[{"href":"https:\/\/www.autismeurope.org\/fr\/wp-json\/wp\/v2\/types\/page"}],"author":[{"embeddable":true,"href":"https:\/\/www.autismeurope.org\/fr\/wp-json\/wp\/v2\/users\/32"}],"replies":[{"embeddable":true,"href":"https:\/\/www.autismeurope.org\/fr\/wp-json\/wp\/v2\/comments?post=3697"}],"version-history":[{"count":2,"href":"https:\/\/www.autismeurope.org\/fr\/wp-json\/wp\/v2\/pages\/3697\/revisions"}],"predecessor-version":[{"id":3950,"href":"https:\/\/www.autismeurope.org\/fr\/wp-json\/wp\/v2\/pages\/3697\/revisions\/3950"}],"wp:attachment":[{"href":"https:\/\/www.autismeurope.org\/fr\/wp-json\/wp\/v2\/media?parent=3697"}],"curies":[{"name":"wp","href":"https:\/\/api.w.org\/{rel}","templated":true}]}}