{"id":3699,"date":"2017-09-12T10:10:41","date_gmt":"2017-09-12T08:10:41","guid":{"rendered":"http:\/\/autismeurope.akimedia.eu\/fr\/?page_id=3699"},"modified":"2017-09-19T15:46:49","modified_gmt":"2017-09-19T13:46:49","slug":"ixe-congres-international-autisme-europe-2010","status":"publish","type":"page","link":"https:\/\/www.autismeurope.org\/fr\/ixe-congres-international-autisme-europe-2010\/","title":{"rendered":"IXe Congr\u00e8s International Autisme-Europe 2010"},"content":{"rendered":"<p><span style=\"font-size: 12pt\">Cet \u00e9v\u00e9nement a \u00e9t\u00e9 l\u2019occasion de mettre \u00e0 jour et de partager les connaissances sur un large \u00e9ventail de questions relatives \u00e0 l\u2019autisme, depuis les caract\u00e9ristiques g\u00e9n\u00e9tiques et les d\u00e9couvertes neurobiologiques jusqu\u2019au d\u00e9veloppement social et cognitif, en passant par le diagnostic, la classification, l\u2019intervention et les politiques.Le rapport, bien que non exhaustif, r\u00e9sume les questions les plus pertinentes abord\u00e9es au Congr\u00e8s.<\/span><\/p>\n<blockquote><p><span style=\"font-size: 14pt\"><strong><a href=\"http:\/\/autismeurope.akimedia.eu\/wp-content\/uploads\/2017\/08\/congress-catania-report-en.pdf\" target=\"_blank\" rel=\"noopener\">Lisez le rapport du congr\u00e8s (en anglais)<\/a><\/strong><\/span><\/p><\/blockquote>\n","protected":false},"excerpt":{"rendered":"<p>Cet \u00e9v\u00e9nement a \u00e9t\u00e9 l\u2019occasion de mettre \u00e0 jour et de partager les connaissances sur un large \u00e9ventail de questions relatives \u00e0 l\u2019autisme, depuis les caract\u00e9ristiques g\u00e9n\u00e9tiques et les d\u00e9couvertes &hellip; <\/p>\n<p class=\"link-more\"><a href=\"https:\/\/www.autismeurope.org\/fr\/ixe-congres-international-autisme-europe-2010\/\" class=\"more-link\">Continue reading<span class=\"screen-reader-text\"> \u00ab\u00a0IXe Congr\u00e8s International Autisme-Europe 2010\u00a0\u00bb<\/span><\/a><\/p>\n","protected":false},"author":32,"featured_media":0,"parent":0,"menu_order":0,"comment_status":"closed","ping_status":"closed","template":"","meta":{"_acf_changed":false,"_bbp_topic_count":0,"_bbp_reply_count":0,"_bbp_total_topic_count":0,"_bbp_total_reply_count":0,"_bbp_voice_count":0,"_bbp_anonymous_reply_count":0,"_bbp_topic_count_hidden":0,"_bbp_reply_count_hidden":0,"_bbp_forum_subforum_count":0,"footnotes":""},"class_list":["post-3699","page","type-page","status-publish","hentry"],"acf":[],"_links":{"self":[{"href":"https:\/\/www.autismeurope.org\/fr\/wp-json\/wp\/v2\/pages\/3699","targetHints":{"allow":["GET"]}}],"collection":[{"href":"https:\/\/www.autismeurope.org\/fr\/wp-json\/wp\/v2\/pages"}],"about":[{"href":"https:\/\/www.autismeurope.org\/fr\/wp-json\/wp\/v2\/types\/page"}],"author":[{"embeddable":true,"href":"https:\/\/www.autismeurope.org\/fr\/wp-json\/wp\/v2\/users\/32"}],"replies":[{"embeddable":true,"href":"https:\/\/www.autismeurope.org\/fr\/wp-json\/wp\/v2\/comments?post=3699"}],"version-history":[{"count":2,"href":"https:\/\/www.autismeurope.org\/fr\/wp-json\/wp\/v2\/pages\/3699\/revisions"}],"predecessor-version":[{"id":3949,"href":"https:\/\/www.autismeurope.org\/fr\/wp-json\/wp\/v2\/pages\/3699\/revisions\/3949"}],"wp:attachment":[{"href":"https:\/\/www.autismeurope.org\/fr\/wp-json\/wp\/v2\/media?parent=3699"}],"curies":[{"name":"wp","href":"https:\/\/api.w.org\/{rel}","templated":true}]}}