{"id":3701,"date":"2017-09-12T10:17:33","date_gmt":"2017-09-12T08:17:33","guid":{"rendered":"http:\/\/autismeurope.akimedia.eu\/fr\/?page_id=3701"},"modified":"2024-08-23T14:43:10","modified_gmt":"2024-08-23T12:43:10","slug":"magazine-link","status":"publish","type":"page","link":"https:\/\/www.autismeurope.org\/fr\/que-faisons-nous\/magazine-link\/","title":{"rendered":"Magazine LINK"},"content":{"rendered":"<h2><span style=\"font-size: 14pt\">S\u2019abonner au magazine LINK<\/span><\/h2>\n<p><span lang=\"FR-BE\" style=\"font-size: 12pt\">Pour recevoir les informations les plus r\u00e9centes sur le domaine de l\u2019autisme en Europe, vous pouvez vous abonner au LINK, le magazine d\u2019Autisme-Europe, en versant \u20ac25 pour l\u2019abonnement annuel (2 num\u00e9ros par an).<\/span><\/p>\n<p><span lang=\"FR\" style=\"font-size: 12pt\">Si vous souhaitez souscrire un abonnement au LINK, veuillez envoyer un <a href=\"mailto:secretariat@autismeurope.org\" target=\"_blank\" rel=\"noopener noreferrer\">e-mail au secr\u00e9tariat d\u2019AE<\/a> avec vos nom et pr\u00e9nom, votre adresse postale et \u00e9lectronique et votre choix de langue (EN ou FR).<\/span><\/p>\n<p><span style=\"font-size: 12pt\"><span lang=\"FR\">Ensuite, vous pouvez choisir de r\u00e9gler votre abonnement par virement<br \/>\n<\/span><span lang=\"FR\">bancaire :<br \/>\n<\/span><\/span><\/p>\n<p><span style=\"font-size: 12pt\">IBAN : LU12 0030 0913 1082 3000<\/span><\/p>\n<p><span style=\"font-size: 12pt\">BIC : BGLLLULL<\/span><br \/>\n<span style=\"font-size: 12pt\"> Banque GBL BNP Paribas S.A.<\/span><br \/>\n<span style=\"font-size: 12pt\"> 50, avenue J.F. Kennedy<\/span><\/p>\n<p><span style=\"font-size: 12pt\">L-2951 Luxembourg<\/span><br \/>\n<span style=\"font-size: 12pt\">(Frais bancaires \u00e0 charge de l\u2019\u00e9metteur)<em>\u00a0<\/em><\/span><\/p>\n<p><span style=\"font-size: 12pt\"><strong><span lang=\"FR\">Ou de\u00a0<\/span><span lang=\"FR\">payer en ligne en utilisant <a href=\"https:\/\/www.paypal.com\/webapps\/shoppingcart?flowlogging_id=278c4c434a908&amp;mfid=1569232857787_278c4c434a908#\/checkout\/openButton\" target=\"_blank\" rel=\"noopener noreferrer\">notre page Paypal.<\/a><\/span><\/strong><\/span><\/p>\n<h2><span style=\"font-size: 14pt\">Faites de la publicit\u00e9 avec nous<\/span><\/h2>\n<p><span style=\"font-size: 12pt\">Si vous voulez atteindre un large \u00e9ventail de parties prenantes int\u00e9ress\u00e9es dans le domaine de l&rsquo;autisme en Europe, il est possible depublier votre publicit\u00e9 dans notre magazine !<\/span><\/p>\n<p><span style=\"font-size: 12pt\">Notre magazine:<\/span><\/p>\n<ul>\n<li><span style=\"font-size: 12pt\">est produit et distribu\u00e9 deux fois par an ;<\/span><\/li>\n<li><span style=\"font-size: 12pt\">chaque \u00e9dition est produite en anglais et en fran\u00e7ais ;<\/span><\/li>\n<li><span style=\"font-size: 12pt\">a une distribution de 1 500 exemplaires par \u00e9dition ;<\/span><\/li>\n<li><span style=\"font-size: 12pt\">est distribu\u00e9 aux abonn\u00e9s (organisations de l&rsquo;autisme en Europe et \u00e0 l&rsquo;\u00e9tranger) ;<\/span><\/li>\n<\/ul>\n<blockquote><p><span style=\"font-size: 12pt\"><strong>Les anciennes \u00e9ditions du LINK sont <a href=\"https:\/\/www.autismeurope.org\/fr\/blog\/category\/link-magazine-fr\/\" target=\"_blank\" rel=\"noopener noreferrer\">disponibles en ligne<\/a>.<\/strong><\/span><\/p>\n<p><span style=\"font-size: 12pt\"><a href=\"http:\/\/autismeurope.akimedia.eu\/wp-content\/uploads\/2017\/09\/link-adv-fr.pdf\" target=\"_blank\" rel=\"noopener noreferrer\"><strong>T\u00e9l\u00e9charger la brochure avec les tarifs publicitaires<\/strong><\/a><\/span><\/p><\/blockquote>\n","protected":false},"excerpt":{"rendered":"<p>S\u2019abonner au magazine LINK Pour recevoir les informations les plus r\u00e9centes sur le domaine de l\u2019autisme en Europe, vous pouvez vous abonner au LINK, le magazine d\u2019Autisme-Europe, en versant \u20ac25 &hellip; <\/p>\n<p class=\"link-more\"><a href=\"https:\/\/www.autismeurope.org\/fr\/que-faisons-nous\/magazine-link\/\" class=\"more-link\">Continue reading<span class=\"screen-reader-text\"> \u00ab\u00a0Magazine LINK\u00a0\u00bb<\/span><\/a><\/p>\n","protected":false},"author":32,"featured_media":0,"parent":105,"menu_order":6,"comment_status":"closed","ping_status":"closed","template":"","meta":{"_acf_changed":false,"_bbp_topic_count":0,"_bbp_reply_count":0,"_bbp_total_topic_count":0,"_bbp_total_reply_count":0,"_bbp_voice_count":0,"_bbp_anonymous_reply_count":0,"_bbp_topic_count_hidden":0,"_bbp_reply_count_hidden":0,"_bbp_forum_subforum_count":0,"footnotes":""},"class_list":["post-3701","page","type-page","status-publish","hentry"],"acf":[],"_links":{"self":[{"href":"https:\/\/www.autismeurope.org\/fr\/wp-json\/wp\/v2\/pages\/3701","targetHints":{"allow":["GET"]}}],"collection":[{"href":"https:\/\/www.autismeurope.org\/fr\/wp-json\/wp\/v2\/pages"}],"about":[{"href":"https:\/\/www.autismeurope.org\/fr\/wp-json\/wp\/v2\/types\/page"}],"author":[{"embeddable":true,"href":"https:\/\/www.autismeurope.org\/fr\/wp-json\/wp\/v2\/users\/32"}],"replies":[{"embeddable":true,"href":"https:\/\/www.autismeurope.org\/fr\/wp-json\/wp\/v2\/comments?post=3701"}],"version-history":[{"count":18,"href":"https:\/\/www.autismeurope.org\/fr\/wp-json\/wp\/v2\/pages\/3701\/revisions"}],"predecessor-version":[{"id":49613,"href":"https:\/\/www.autismeurope.org\/fr\/wp-json\/wp\/v2\/pages\/3701\/revisions\/49613"}],"up":[{"embeddable":true,"href":"https:\/\/www.autismeurope.org\/fr\/wp-json\/wp\/v2\/pages\/105"}],"wp:attachment":[{"href":"https:\/\/www.autismeurope.org\/fr\/wp-json\/wp\/v2\/media?parent=3701"}],"curies":[{"name":"wp","href":"https:\/\/api.w.org\/{rel}","templated":true}]}}