{"id":3707,"date":"2017-09-12T11:07:08","date_gmt":"2017-09-12T09:07:08","guid":{"rendered":"http:\/\/autismeurope.akimedia.eu\/fr\/?page_id=3707"},"modified":"2017-09-19T15:54:36","modified_gmt":"2017-09-19T13:54:36","slug":"collecte-de-fonds","status":"publish","type":"page","link":"https:\/\/www.autismeurope.org\/fr\/que-faisons-nous\/collecte-de-fonds\/","title":{"rendered":"Collecte de fonds"},"content":{"rendered":"<p><span style=\"font-size: 12pt\">Vous pouvez nous aider de diff\u00e9rentes fa\u00e7ons et contribuer \u00e0 faire bouger les choses, par exemple\u00a0:<\/span><\/p>\n<ul>\n<li><span style=\"font-size: 12pt\">Organiser votre propre \u00e9v\u00e9nement et reverser une partie des b\u00e9n\u00e9fices \u00e0 Autisme-Europe ;<\/span><\/li>\n<li><span style=\"font-size: 12pt\">Participer \u00e0 une course locale, demander \u00e0 vos amis de vous parrainer, et courir au nom d\u2019Autisme-Europe ;<\/span><\/li>\n<li><span style=\"font-size: 12pt\">Demander \u00e0 vos amis et \u00e0 votre famille de faire un don \u00e0 Autisme-Europe en votre nom, en tant que cadeau d&rsquo;anniversaire ou de No\u00ebl par exemple ;<\/span><\/li>\n<li><span style=\"font-size: 12pt\">Offrir \u00e0 Autisme-Europe une partie des b\u00e9n\u00e9fices r\u00e9alis\u00e9s par votre entreprise pendant une journ\u00e9e, une semaine, voire plus longtemps, etc.<\/span><\/li>\n<\/ul>\n<p><span style=\"font-size: 12pt\">Autisme-Europe peut vous soutenir dans vos \u00e9v\u00e8nements de collecte de fonds. N\u2019h\u00e9sitez pas \u00e0 prendre contact avec nous \u00e0 l\u2019adresse\u00a0communication(at)autismeurope.org\u00a0afin de voir dans quelle mesure nous pourrons vous aider.<\/span><\/p>\n<p><span style=\"font-size: 12pt\"><a href=\"http:\/\/autismeurope.akimedia.eu\/fr\/impliquez-vous\/don\/\" target=\"_blank\" rel=\"noopener\">Les\u00a0dons<\/a>\u00a0sup\u00e9rieurs \u00e0 40\u20ac sont fiscalement d\u00e9ductibles en Belgique, en Allemagne et au Luxembourg.<\/span><\/p>\n","protected":false},"excerpt":{"rendered":"<p>Vous pouvez nous aider de diff\u00e9rentes fa\u00e7ons et contribuer \u00e0 faire bouger les choses, par exemple\u00a0: Organiser votre propre \u00e9v\u00e9nement et reverser une partie des b\u00e9n\u00e9fices \u00e0 Autisme-Europe ; Participer &hellip; <\/p>\n<p class=\"link-more\"><a href=\"https:\/\/www.autismeurope.org\/fr\/que-faisons-nous\/collecte-de-fonds\/\" class=\"more-link\">Continue reading<span class=\"screen-reader-text\"> \u00ab\u00a0Collecte de fonds\u00a0\u00bb<\/span><\/a><\/p>\n","protected":false},"author":32,"featured_media":0,"parent":105,"menu_order":7,"comment_status":"closed","ping_status":"closed","template":"","meta":{"_acf_changed":false,"_bbp_topic_count":0,"_bbp_reply_count":0,"_bbp_total_topic_count":0,"_bbp_total_reply_count":0,"_bbp_voice_count":0,"_bbp_anonymous_reply_count":0,"_bbp_topic_count_hidden":0,"_bbp_reply_count_hidden":0,"_bbp_forum_subforum_count":0,"footnotes":""},"class_list":["post-3707","page","type-page","status-publish","hentry"],"acf":[],"_links":{"self":[{"href":"https:\/\/www.autismeurope.org\/fr\/wp-json\/wp\/v2\/pages\/3707","targetHints":{"allow":["GET"]}}],"collection":[{"href":"https:\/\/www.autismeurope.org\/fr\/wp-json\/wp\/v2\/pages"}],"about":[{"href":"https:\/\/www.autismeurope.org\/fr\/wp-json\/wp\/v2\/types\/page"}],"author":[{"embeddable":true,"href":"https:\/\/www.autismeurope.org\/fr\/wp-json\/wp\/v2\/users\/32"}],"replies":[{"embeddable":true,"href":"https:\/\/www.autismeurope.org\/fr\/wp-json\/wp\/v2\/comments?post=3707"}],"version-history":[{"count":4,"href":"https:\/\/www.autismeurope.org\/fr\/wp-json\/wp\/v2\/pages\/3707\/revisions"}],"predecessor-version":[{"id":3957,"href":"https:\/\/www.autismeurope.org\/fr\/wp-json\/wp\/v2\/pages\/3707\/revisions\/3957"}],"up":[{"embeddable":true,"href":"https:\/\/www.autismeurope.org\/fr\/wp-json\/wp\/v2\/pages\/105"}],"wp:attachment":[{"href":"https:\/\/www.autismeurope.org\/fr\/wp-json\/wp\/v2\/media?parent=3707"}],"curies":[{"name":"wp","href":"https:\/\/api.w.org\/{rel}","templated":true}]}}