{"id":3711,"date":"2017-09-12T11:27:06","date_gmt":"2017-09-12T09:27:06","guid":{"rendered":"http:\/\/autismeurope.akimedia.eu\/fr\/?page_id=3711"},"modified":"2023-02-22T16:39:56","modified_gmt":"2023-02-22T15:39:56","slug":"congres-precedents","status":"publish","type":"page","link":"https:\/\/www.autismeurope.org\/fr\/que-faisons-nous\/congres-internationaux\/congres-precedents\/","title":{"rendered":"Congr\u00e8s pr\u00e9c\u00e9dents"},"content":{"rendered":"<p><span style=\"font-size: 12pt\">Chaque congr\u00e8s est organis\u00e9 en partenariat avec une organisation membre \u00e9lue par le Conseil d&rsquo;Administration. Ici vous trouverez plus d&rsquo;informations sur les congr\u00e8s des ann\u00e9es pr\u00e9c\u00e9dentes ayant eu lieu en Europe.\u00a0<\/span><\/p>\n<h2><span style=\"font-size: 14pt\">XIIIe Congr\u00e8s International Autisme-Europe, Cracovie, Pologne 2022<\/span><\/h2>\n<blockquote><p><a href=\"https:\/\/www.autismeurope.org\/fr\/xiiie-congres-international-autisme-europe-cracovie-pologne-2022\/\" target=\"_blank\" rel=\"noopener\"><span style=\"font-size: 12pt\"><strong>Plus d&rsquo;information<\/strong><\/span><\/a><\/p><\/blockquote>\n<h2><span style=\"font-size: 14pt\">XIIe Congr\u00e8s International Autisme-Europe, Nice, France 2019<\/span><\/h2>\n<blockquote><p><span style=\"font-size: 12pt\"><a href=\"https:\/\/www.autismeurope.org\/fr\/xiie-congres-international-autisme-europe-nice-france-2019\/\" target=\"_blank\" rel=\"noopener noreferrer\"><strong>Plus d&rsquo;information<\/strong><\/a><\/span><\/p><\/blockquote>\n<h2><span style=\"font-size: 14pt\">XIe Congr\u00e8s International Autisme-Europe, \u00c9dimbourg, \u00c9cosse, 2016<\/span><\/h2>\n<blockquote><p><span style=\"font-size: 12pt\"><strong><a href=\"http:\/\/www.autismeurope.org\/fr\/xie-congres-international\/\" target=\"_blank\" rel=\"noopener noreferrer\">Plus d&rsquo;information<\/a><\/strong><\/span><\/p><\/blockquote>\n<h2><span style=\"font-size: 14pt\">Xe Congr\u00e8s International Autisme-Europe, Budapest, Hongrie, 2013\u00a0<\/span><\/h2>\n<blockquote><p><span style=\"font-size: 12pt\"><a href=\"http:\/\/autismeurope.akimedia.eu\/fr\/xe-congres-international-autisme-europe-budapest-hongrie-2013\/\" target=\"_blank\" rel=\"noopener noreferrer\"><strong>Plus d&rsquo;information<\/strong><\/a><\/span><\/p><\/blockquote>\n<h2><span style=\"font-size: 14pt\">IXe Congr\u00e8s International Autisme-Europe, Catania, Italie, 2010<\/span><\/h2>\n<blockquote><p><span style=\"font-size: 12pt\"><a href=\"http:\/\/autismeurope.akimedia.eu\/fr\/ixe-congres-international-autisme-europe-2010\/\" target=\"_blank\" rel=\"noopener noreferrer\"><strong>Plus d&rsquo;information<\/strong><\/a><\/span><\/p><\/blockquote>\n<h2><span style=\"font-size: 14pt\">VIIIe Congr\u00e8s International Autisme-Europe, Oslo, Norv\u00e8ge 2007<\/span><\/h2>\n<blockquote><p><span style=\"font-size: 12pt\"><a href=\"http:\/\/www.autismeurope.org\/fr\/viiieme-congres-international-dautisme-europe-oslo-norvege-2007\/\" target=\"_blank\" rel=\"noopener noreferrer\"><strong>Plus d&rsquo;information<\/strong><\/a><\/span><\/p><\/blockquote>\n","protected":false},"excerpt":{"rendered":"<p>Chaque congr\u00e8s est organis\u00e9 en partenariat avec une organisation membre \u00e9lue par le Conseil d&rsquo;Administration. Ici vous trouverez plus d&rsquo;informations sur les congr\u00e8s des ann\u00e9es pr\u00e9c\u00e9dentes ayant eu lieu en &hellip; <\/p>\n<p class=\"link-more\"><a href=\"https:\/\/www.autismeurope.org\/fr\/que-faisons-nous\/congres-internationaux\/congres-precedents\/\" class=\"more-link\">Continue reading<span class=\"screen-reader-text\"> \u00ab\u00a0Congr\u00e8s pr\u00e9c\u00e9dents\u00a0\u00bb<\/span><\/a><\/p>\n","protected":false},"author":32,"featured_media":0,"parent":3943,"menu_order":3,"comment_status":"closed","ping_status":"closed","template":"","meta":{"_acf_changed":false,"_bbp_topic_count":0,"_bbp_reply_count":0,"_bbp_total_topic_count":0,"_bbp_total_reply_count":0,"_bbp_voice_count":0,"_bbp_anonymous_reply_count":0,"_bbp_topic_count_hidden":0,"_bbp_reply_count_hidden":0,"_bbp_forum_subforum_count":0,"footnotes":""},"class_list":["post-3711","page","type-page","status-publish","hentry"],"acf":[],"_links":{"self":[{"href":"https:\/\/www.autismeurope.org\/fr\/wp-json\/wp\/v2\/pages\/3711","targetHints":{"allow":["GET"]}}],"collection":[{"href":"https:\/\/www.autismeurope.org\/fr\/wp-json\/wp\/v2\/pages"}],"about":[{"href":"https:\/\/www.autismeurope.org\/fr\/wp-json\/wp\/v2\/types\/page"}],"author":[{"embeddable":true,"href":"https:\/\/www.autismeurope.org\/fr\/wp-json\/wp\/v2\/users\/32"}],"replies":[{"embeddable":true,"href":"https:\/\/www.autismeurope.org\/fr\/wp-json\/wp\/v2\/comments?post=3711"}],"version-history":[{"count":12,"href":"https:\/\/www.autismeurope.org\/fr\/wp-json\/wp\/v2\/pages\/3711\/revisions"}],"predecessor-version":[{"id":47381,"href":"https:\/\/www.autismeurope.org\/fr\/wp-json\/wp\/v2\/pages\/3711\/revisions\/47381"}],"up":[{"embeddable":true,"href":"https:\/\/www.autismeurope.org\/fr\/wp-json\/wp\/v2\/pages\/3943"}],"wp:attachment":[{"href":"https:\/\/www.autismeurope.org\/fr\/wp-json\/wp\/v2\/media?parent=3711"}],"curies":[{"name":"wp","href":"https:\/\/api.w.org\/{rel}","templated":true}]}}