{"id":3713,"date":"2017-09-12T11:40:28","date_gmt":"2017-09-12T09:40:28","guid":{"rendered":"http:\/\/autismeurope.akimedia.eu\/fr\/?page_id=3713"},"modified":"2025-09-30T16:42:18","modified_gmt":"2025-09-30T14:42:18","slug":"don","status":"publish","type":"page","link":"https:\/\/www.autismeurope.org\/fr\/impliquez-vous\/don\/","title":{"rendered":"Soutenez nos activit\u00e9s en faisant un don !"},"content":{"rendered":"<h2><span style=\"font-size: 14pt\">Vous pouvez faire un don par virement bancaire<\/span><\/h2>\n<table style=\"border-collapse: collapse;width: 100%\">\n<tbody>\n<tr>\n<td style=\"width: 100%\"><span style=\"font-size: 12pt\">IBAN:\u00a0 BE21 0682 0816 9303<\/span><\/td>\n<\/tr>\n<tr>\n<td style=\"width: 100%\"><span style=\"font-size: 12pt\">BIC: GKCCBEBB<\/span><\/td>\n<\/tr>\n<tr>\n<td style=\"width: 100%\"><span style=\"font-size: 12pt\">N\u00b0 de compte bancaire (\u00e0 partir d&rsquo;un compte belge) : BBAN 068-2081693-03<\/span><\/td>\n<\/tr>\n<\/tbody>\n<\/table>\n<h2><span style=\"font-size: 14pt\">Faites un don en ligne en toute s\u00e9curit\u00e9 \u00a0<\/span><\/h2>\n    <form class=\"paypal_don\" action=\"https:\/\/www.paypal.com\/us\/cgi-bin\/webscr\" method=\"post\">\n        <input type=\"hidden\" name=\"cmd\" value=\"_xclick\">\n        <input type=\"hidden\" name=\"business\" value=\"secretariat@autismeurope.org\">\n        <input type=\"hidden\" name=\"item_name\" value=\"Autism Europe - Donation\">\n        <input type=\"hidden\" name=\"currency_code\" value=\"EUR\">\n        <label for=\"amount_euro\">Indiquez ici le montant que vous souhaitez payer<\/label><input type=\"text\" id=\"amount_euro\" name=\"amount\" value=\"\" size=\"3\" style=\"text-align: right;\"><span id=\"amount_virg\">.<\/span><input type=\"text\" id=\"amount_cent\" value=\"00\" size=\"2\"> EUR \n        <input type=\"hidden\" name=\"custom\" value=\"Donation\">\n        <input onclick=\"$('#amount_cent, #amount_virg').hide(); $('#amount_euro').attr('value',$('#amount_euro').attr('value')+'.'+$('#amount_cent').attr('value'))\" type=\"image\" src=\"http:\/\/www.paypal.com\/fr_XC\/i\/btn\/x-click-but04.gif\" name=\"submit\" alt=\"Effectuez vos paiements via PayPal : une solution rapide, gratuite et s\u00e9curis\u00e9e\" class=\"submit\">\n    <\/form>\n    \n<p>&nbsp;<\/p>\n<p><a href=\"https:\/\/www.autismeurope.org\/wp-content\/uploads\/2025\/09\/3.-Tableau-du-synthese.pdf\"><img loading=\"lazy\" decoding=\"async\" class=\"alignleft wp-image-49618 size-medium\" src=\"https:\/\/www.autismeurope.org\/wp-content\/uploads\/2024\/09\/logo-re-ef-300x103.jpg\" alt=\"\" width=\"300\" height=\"103\" srcset=\"https:\/\/www.autismeurope.org\/wp-content\/uploads\/2024\/09\/logo-re-ef-300x103.jpg 300w, https:\/\/www.autismeurope.org\/wp-content\/uploads\/2024\/09\/logo-re-ef-768x264.jpg 768w, https:\/\/www.autismeurope.org\/wp-content\/uploads\/2024\/09\/logo-re-ef.jpg 938w\" sizes=\"auto, (max-width: 300px) 100vw, 300px\" \/><\/a><\/p>\n<h2><span style=\"font-size: 14pt\">Nous soutenir en toute confiance<\/span><\/h2>\n<p><span style=\"font-size: 12pt\">[accordion=true tag=h2]<\/span><\/p>\n<p><span style=\"font-size: 12pt\">[accordion-item title=\u00a0\u00bbAutisme- Europe adh\u00e8re au Code \u00e9thique de RE-FE\u00a0\u00bb]<\/span><\/p>\n<p><span style=\"font-size: 12pt\">Autisme-Europe adh\u00e8re au Code \u00e9thique de \u00ab l\u2019association pour la R\u00e9colte de fonds Ethique \u00bb RE-EF.<\/span><\/p>\n<p><span style=\"font-size: 12pt\">Ceci implique\u00a0:<\/span><\/p>\n<ul>\n<li><span style=\"font-size: 12pt\">que les donateurs, collaborateurs et employ\u00e9s sont inform\u00e9s au moins annuellement de l\u2019utilisation des fonds r\u00e9colt\u00e9s.<\/span><\/li>\n<li><span style=\"font-size: 12pt\">que nos comptes sont certifi\u00e9s par un expert-comptable externe.<\/span><\/li>\n<\/ul>\n<p><span style=\"font-size: 12pt\">Depuis 2014, Autisme-Europe peut fournir une attestation fiscale en Belgique. Cet accord est valable jusqu&rsquo;\u00e0 fin 2025 et sera renouvel\u00e9.<\/span><\/p>\n<p><span style=\"font-size: 12pt\">Dans le cas de la Belgique, vous recevrez une attestation fiscale si vos dons sont \u00e9gaux ou sup\u00e9rieurs \u00e0 40 \u20ac par an. Cette attestation vous est automatiquement envoy\u00e9e par courrier au mois de f\u00e9vrier de l&rsquo;ann\u00e9e qui suit votre don. Les donn\u00e9es figurant sur ce re\u00e7u fiscal seront communiqu\u00e9es par voie \u00e9lectronique \u00e0 l&rsquo;administration fiscale belge, y compris le num\u00e9ro d&rsquo;identification du registre national (ou le num\u00e9ro d&rsquo;entreprise si le donateur est une entreprise). Les donateurs sont invit\u00e9s \u00e0 nous communiquer ce num\u00e9ro.<\/span><\/p>\n<p><span style=\"font-size: 12pt\">Du fait de sa reconnaissance en Belgique, Autisme Europe peut fournir aux donateurs de certains pays de l&rsquo;Union europ\u00e9enne (notamment le Luxembourg et l&rsquo;Allemagne) un certificat attestant de cette reconnaissance afin de permettre la d\u00e9ductibilit\u00e9 fiscale de leurs dons conform\u00e9ment \u00e0 leur l\u00e9gislation nationale respective.<\/span><\/p>\n<p><span style=\"font-size: 12pt\">N\u2019h\u00e9sitez pas \u00e0 nous contacter si vous avez la moindre question \u00e0 ce sujet.<\/span><\/p>\n<blockquote><p><a href=\"https:\/\/www.autismeurope.org\/wp-content\/uploads\/2025\/09\/3.-Tableau-du-synthese.pdf\"><span style=\"font-size: 12pt\"><strong>Voir le tableau de transparence financi\u00e8re pour 2022-2024<\/strong><\/span><\/a><\/p>\n<p><span style=\"font-size: 12pt\"><strong><a href=\"https:\/\/www.vef-aerf.be\/?Code-Ethique\" target=\"_blank\" rel=\"noopener noreferrer\">En savoir plus<\/a><\/strong><\/span><\/p><\/blockquote>\n<p><a href=\"https:\/\/www.autismeurope.org\/wp-content\/uploads\/2025\/09\/3.-Tableau-du-synthese.pdf\"><img loading=\"lazy\" decoding=\"async\" class=\"alignleft wp-image-49618 size-medium\" src=\"https:\/\/www.autismeurope.org\/wp-content\/uploads\/2024\/09\/logo-re-ef-300x103.jpg\" alt=\"\" width=\"300\" height=\"103\" srcset=\"https:\/\/www.autismeurope.org\/wp-content\/uploads\/2024\/09\/logo-re-ef-300x103.jpg 300w, https:\/\/www.autismeurope.org\/wp-content\/uploads\/2024\/09\/logo-re-ef-768x264.jpg 768w, https:\/\/www.autismeurope.org\/wp-content\/uploads\/2024\/09\/logo-re-ef.jpg 938w\" sizes=\"auto, (max-width: 300px) 100vw, 300px\" \/><\/a><\/p>\n<p>&nbsp;<\/p>\n<p>&nbsp;<\/p>\n<p>[\/accordion-item][accordion-item title=\u00a0\u00bbRegistre de transparence\u00a0\u00bb]<\/p>\n<p><span style=\"font-size: 12pt\">Autism-Europe met \u00e0 jour chaque ann\u00e9e le<a href=\"https:\/\/transparency-register.europa.eu\/search-register-or-update\/organisation-detail_en?id=396580546242-82\" target=\"_blank\" rel=\"noopener noreferrer\"> registre de transparence de l&rsquo;Union europ\u00e9enne<\/a> concernant ses activit\u00e9s et ses donn\u00e9es financi\u00e8res.<\/span><\/p>\n<p><span style=\"font-size: 12pt\">[\/accordion-item][accordion-item title=\u00a0\u00bbAttestation fiscale\u00a0\u00bb]<\/span><\/p>\n<p><span style=\"font-size: 12pt\">\u00a0Autisme-Europe peut fournir une attestation fiscale en Belgique, en Allemagne et au Luxembourg.<\/span><\/p>\n<p><span style=\"font-size: 12pt\">Dans le cas de la Belgique, vous recevez une attestation fiscale si vos dons \u00e9galent ou sont sup\u00e9rieurs \u00e0 40\u20ac par an. Cette attestation vous est envoy\u00e9e automatiquement par courrier en f\u00e9vrier de l&rsquo;ann\u00e9e suivant votre don.\u00a0<\/span><\/p>\n<p><span style=\"font-size: 12pt\">[\/accordion-item][accordion-item title=\u00a0\u00bbRespect de votre vie priv\u00e9e et s\u00e9curit\u00e9\u00a0\u00bb]<\/span><\/p>\n<p><span style=\"font-size: 12pt\">Autisme-Europe respecte votre vie priv\u00e9e et se conforme au R\u00e8glement G\u00e9n\u00e9ral sur la Protection des Donn\u00e9es (RGPD) approuv\u00e9 par le Parlement europ\u00e9en. Vos coordonn\u00e9es nous sont indispensables pour vous tenir au courant de nos actions et vous envoyer votre attestation fiscale.<\/span><\/p>\n<blockquote>\n<p class=\"entry-title\"><strong><a href=\"https:\/\/www.autismeurope.org\/fr\/impliquez-vous\/confidentialite-securite-et-cookies\/\" target=\"_blank\" rel=\"noopener noreferrer\"><span style=\"font-size: 12pt\">Confidentialit\u00e9, s\u00e9curit\u00e9 et cookies<\/span><\/a><\/strong><\/p>\n<\/blockquote>\n<p><span style=\"font-size: 12pt\">[\/accordion-item]<\/span><\/p>\n<p><span style=\"font-size: 12pt\">[\/accordion]<\/span><\/p>\n","protected":false},"excerpt":{"rendered":"<p>Vous pouvez faire un don par virement bancaire IBAN:\u00a0 BE21 0682 0816 9303 BIC: GKCCBEBB N\u00b0 de compte bancaire (\u00e0 partir d&rsquo;un compte belge) : BBAN 068-2081693-03 Faites un don &hellip; <\/p>\n<p class=\"link-more\"><a href=\"https:\/\/www.autismeurope.org\/fr\/impliquez-vous\/don\/\" class=\"more-link\">Continue reading<span class=\"screen-reader-text\"> \u00ab\u00a0Soutenez nos activit\u00e9s en faisant un don !\u00a0\u00bb<\/span><\/a><\/p>\n","protected":false},"author":32,"featured_media":0,"parent":104,"menu_order":2,"comment_status":"closed","ping_status":"closed","template":"","meta":{"_acf_changed":false,"_bbp_topic_count":0,"_bbp_reply_count":0,"_bbp_total_topic_count":0,"_bbp_total_reply_count":0,"_bbp_voice_count":0,"_bbp_anonymous_reply_count":0,"_bbp_topic_count_hidden":0,"_bbp_reply_count_hidden":0,"_bbp_forum_subforum_count":0,"footnotes":""},"class_list":["post-3713","page","type-page","status-publish","hentry"],"acf":[],"_links":{"self":[{"href":"https:\/\/www.autismeurope.org\/fr\/wp-json\/wp\/v2\/pages\/3713","targetHints":{"allow":["GET"]}}],"collection":[{"href":"https:\/\/www.autismeurope.org\/fr\/wp-json\/wp\/v2\/pages"}],"about":[{"href":"https:\/\/www.autismeurope.org\/fr\/wp-json\/wp\/v2\/types\/page"}],"author":[{"embeddable":true,"href":"https:\/\/www.autismeurope.org\/fr\/wp-json\/wp\/v2\/users\/32"}],"replies":[{"embeddable":true,"href":"https:\/\/www.autismeurope.org\/fr\/wp-json\/wp\/v2\/comments?post=3713"}],"version-history":[{"count":77,"href":"https:\/\/www.autismeurope.org\/fr\/wp-json\/wp\/v2\/pages\/3713\/revisions"}],"predecessor-version":[{"id":50509,"href":"https:\/\/www.autismeurope.org\/fr\/wp-json\/wp\/v2\/pages\/3713\/revisions\/50509"}],"up":[{"embeddable":true,"href":"https:\/\/www.autismeurope.org\/fr\/wp-json\/wp\/v2\/pages\/104"}],"wp:attachment":[{"href":"https:\/\/www.autismeurope.org\/fr\/wp-json\/wp\/v2\/media?parent=3713"}],"curies":[{"name":"wp","href":"https:\/\/api.w.org\/{rel}","templated":true}]}}