{"id":3720,"date":"2017-09-12T12:21:07","date_gmt":"2017-09-12T10:21:07","guid":{"rendered":"http:\/\/autismeurope.akimedia.eu\/fr\/?page_id=3720"},"modified":"2018-02-23T12:41:33","modified_gmt":"2018-02-23T11:41:33","slug":"les-criteres-de-diagnostic","status":"publish","type":"page","link":"https:\/\/www.autismeurope.org\/fr\/a-propos-dautism-europe\/les-criteres-de-diagnostic\/","title":{"rendered":"Les crit\u00e8res de diagnostic"},"content":{"rendered":"<p><span style=\"font-size: 12pt\">Les professionnels de la sant\u00e9 \u00e0 travers le monde se servent de deux manuels pour diagnostiquer l\u2019autisme.<\/span><\/p>\n<p><span style=\"font-size: 12pt\">Ces sont l&rsquo;International Classification of Diseases (ICD-10)\u00a0de l&rsquo;Organisation Mondiale de la Sant\u00e9 et le Diagnostic and Statistical Manual of Mental Disorders (DSM-5). (Manuel diagnostique et statistique des troubles mentaux), publi\u00e9 par l&rsquo;American Psychiatric Association.\u00a0<\/span><\/p>\n<p><span style=\"font-size: 12pt\">Il s\u2019agit de la Classification Internationale des Maladies (CIM-10) de l\u2019Organisation Mondiale de la Sant\u00e9 et du Manuel diagnostique et statistique des troubles mentaux (DSM-5), publi\u00e9 par l\u2019Association am\u00e9ricaine de psychiatrie.<\/span><\/p>\n<blockquote><p><span style=\"font-size: 12pt\"><strong><a href=\"http:\/\/www.who.int\/classifications\/icd\/en\/\" target=\"_blank\" rel=\"noopener\">La Classification Internationale des Maladies (CIM-10)<\/a><\/strong><\/span><\/p><\/blockquote>\n<p><span style=\"font-size: 12pt\">La derni\u00e8re version de ce manuel est la CIM-10. Elle est actuellement en cours de r\u00e9vision. La CIM-11 est programm\u00e9e pour 2018.<\/span><\/p>\n<blockquote><p><span style=\"font-size: 12pt\"><strong><a href=\"https:\/\/www.psychiatry.org\/psychiatrists\/practice\/dsm\" target=\"_blank\" rel=\"noopener\">Le Manuel diagnostique et statistique des troubles mentaux (DSM-5)<\/a><\/strong><\/span><\/p><\/blockquote>\n<p><span style=\"font-size: 12pt\">La derni\u00e8re version de ce manuel est le DSM-5. Des changements de d\u00e9finition de l\u2019autisme dans le DSM-5 ont soulev\u00e9 une certaine inqui\u00e9tude aupr\u00e8s de la communaut\u00e9 autistique. Ci-dessous, vous trouverez des informations sur ces changements.<\/span><\/p>\n<h2><span style=\"font-size: 14pt\"><strong>Pour en savoir plus sur les crit\u00e8res de diagnostic, veuillez cliquer sur les liens ci-dessous :<\/strong><\/span><\/h2>\n<blockquote><p><span style=\"font-size: 12pt\"><strong><a href=\"http:\/\/autismeurope.akimedia.eu\/wp-content\/uploads\/2017\/08\/Diagnostic-criteria-for-autism-under-the-DSM-5.pdf\">Consulter les crit\u00e8res de diagnostic en anglais<\/a><\/strong><\/span><\/p>\n<p><span style=\"font-size: 12pt\"><strong><a href=\"http:\/\/autismeurope.akimedia.eu\/wp-content\/uploads\/2017\/08\/Les-crit\u00e8res-de-diagnostic-de-l.pdf\">Consulter les crit\u00e8res de diagnostic en fran\u00e7ais<\/a><\/strong><\/span><\/p>\n<p><span style=\"font-size: 12pt\"><strong><a href=\"http:\/\/autismeurope.akimedia.eu\/wp-content\/uploads\/2017\/08\/Los-criterios-de-diagn\u00f3stico-para-el-autismo.pdf\">Consulter les crit\u00e8res de diagnostic en espagnol<\/a><\/strong><\/span><\/p><\/blockquote>\n<p>&nbsp;<\/p>\n","protected":false},"excerpt":{"rendered":"<p>Les professionnels de la sant\u00e9 \u00e0 travers le monde se servent de deux manuels pour diagnostiquer l\u2019autisme. Ces sont l&rsquo;International Classification of Diseases (ICD-10)\u00a0de l&rsquo;Organisation Mondiale de la Sant\u00e9 et &hellip; <\/p>\n<p class=\"link-more\"><a href=\"https:\/\/www.autismeurope.org\/fr\/a-propos-dautism-europe\/les-criteres-de-diagnostic\/\" class=\"more-link\">Continue reading<span class=\"screen-reader-text\"> \u00ab\u00a0Les crit\u00e8res de diagnostic\u00a0\u00bb<\/span><\/a><\/p>\n","protected":false},"author":32,"featured_media":0,"parent":28,"menu_order":1,"comment_status":"closed","ping_status":"closed","template":"","meta":{"_acf_changed":false,"_bbp_topic_count":0,"_bbp_reply_count":0,"_bbp_total_topic_count":0,"_bbp_total_reply_count":0,"_bbp_voice_count":0,"_bbp_anonymous_reply_count":0,"_bbp_topic_count_hidden":0,"_bbp_reply_count_hidden":0,"_bbp_forum_subforum_count":0,"footnotes":""},"class_list":["post-3720","page","type-page","status-publish","hentry"],"acf":[],"_links":{"self":[{"href":"https:\/\/www.autismeurope.org\/fr\/wp-json\/wp\/v2\/pages\/3720","targetHints":{"allow":["GET"]}}],"collection":[{"href":"https:\/\/www.autismeurope.org\/fr\/wp-json\/wp\/v2\/pages"}],"about":[{"href":"https:\/\/www.autismeurope.org\/fr\/wp-json\/wp\/v2\/types\/page"}],"author":[{"embeddable":true,"href":"https:\/\/www.autismeurope.org\/fr\/wp-json\/wp\/v2\/users\/32"}],"replies":[{"embeddable":true,"href":"https:\/\/www.autismeurope.org\/fr\/wp-json\/wp\/v2\/comments?post=3720"}],"version-history":[{"count":6,"href":"https:\/\/www.autismeurope.org\/fr\/wp-json\/wp\/v2\/pages\/3720\/revisions"}],"predecessor-version":[{"id":26032,"href":"https:\/\/www.autismeurope.org\/fr\/wp-json\/wp\/v2\/pages\/3720\/revisions\/26032"}],"up":[{"embeddable":true,"href":"https:\/\/www.autismeurope.org\/fr\/wp-json\/wp\/v2\/pages\/28"}],"wp:attachment":[{"href":"https:\/\/www.autismeurope.org\/fr\/wp-json\/wp\/v2\/media?parent=3720"}],"curies":[{"name":"wp","href":"https:\/\/api.w.org\/{rel}","templated":true}]}}