{"id":3823,"date":"2017-09-12T18:30:00","date_gmt":"2017-09-12T16:30:00","guid":{"rendered":"http:\/\/autismeurope.akimedia.eu\/fr\/?page_id=3823"},"modified":"2024-04-17T13:41:32","modified_gmt":"2024-04-17T11:41:32","slug":"mission-vision-et-valeurs","status":"publish","type":"page","link":"https:\/\/www.autismeurope.org\/fr\/qui-sommes-nous\/mission-vision-et-valeurs\/","title":{"rendered":"Mission, Vision et Valeurs"},"content":{"rendered":"<p><span style=\"font-size: 12pt\"> de favoriser une meilleure r\u00e9ponse politique aux besoins des personnes autistes. AE m\u00e8ne \u00e9galement un travail de sensibilisation et vise \u00e0 am\u00e9liorer la compr\u00e9hension de l\u2019autisme dans la soci\u00e9t\u00e9. <\/span><\/p>\n<p><span style=\"font-size: 12pt\">Autisme-Europe assure la liaison entre plus de 90 associations-membres, actives dans le domaine de l\u2019autisme dans 38 pays europ\u00e9ens et repr\u00e9sente le nombre estim\u00e9 de 7 millions de personnes \u00e0 travers l\u2019Europe.\u00a0Les auto-repr\u00e9sentants et leurs familles jouent un r\u00f4le essentiel au sein de notre organisation.\u00a0AE jouit de la reconnaissance des institutions europ\u00e9ennes en tant que principal r\u00e9seau de repr\u00e9sentants des personnes autistes et de leurs familles en Europe.<\/span><\/p>\n<p><span style=\"font-size: 12pt\">Autisme-Europe est une organisation internationale sans but lucratif, \u00e9tablie en 1983 et reconnue par le droit belge.<\/span><\/p>\n<p><a href=\"https:\/\/www.autismeurope.org\/wp-content\/uploads\/2024\/04\/Statuts-AE_FR-2023.pdf\"><span style=\"font-size: 12pt\"><strong>T\u00e9l\u00e9charger ici les statuts juridiques d\u2019Autisme-Europe (2023)<\/strong><\/span><\/a><\/p>\n<h2><\/h2>\n<h2><span style=\"font-size: 14pt\">Mission<\/span><a id=\"mission\"><\/a><\/h2>\n<p><span style=\"font-size: 12pt\">La mission d\u2019Autisme-Europe est d\u2019am\u00e9liorer la qualit\u00e9 de vie des personnes autistes et de leurs familles \u00e0 travers l\u2019Europe. Nous nous concentrons sur les priorit\u00e9s suivantes\u00a0:<\/span><\/p>\n<ul>\n<li><span style=\"font-size: 12pt\">repr\u00e9senter les personnes autistes aupr\u00e8s des institutions europ\u00e9ennes\u00a0;<\/span><\/li>\n<li><span style=\"font-size: 12pt\">d\u00e9fendre et faire valoir les droits des personnes autistes et favoriser leur inclusion\u00a0;<\/span><\/li>\n<li><span style=\"font-size: 12pt\">am\u00e9liorer l\u2019acc\u00e8s \u00e0 l\u2019\u00e9ducation, \u00e0 la formation, aux soins de sant\u00e9 et \u00e0 l\u2019emploi, et promouvoir le soutien tout au long de la vie dans la communaut\u00e9\u00a0;<\/span><\/li>\n<li><span style=\"font-size: 12pt\">assurer la liaison entre les organisations non gouvernementales partageant les m\u00eames objectifs\u00a0;<\/span><\/li>\n<li><span style=\"font-size: 12pt\">promouvoir l\u2019\u00e9change d\u2019informations, de bonnes pratiques et d\u2019exp\u00e9riences.<\/span><\/li>\n<\/ul>\n<h2><span style=\"font-size: 14pt\">Vision<\/span><a id=\"vision\"><\/a><\/h2>\n<p><span style=\"font-size: 12pt\">Autisme-Europe poursuit les objectifs suivants :<\/span><\/p>\n<ul>\n<li><span style=\"font-size: 12pt\">garantir la pleine mise en \u0153uvre et le respect des droits des personnes handicap\u00e9es ainsi que leur participation effective dans la soci\u00e9t\u00e9\u00a0;<\/span><\/li>\n<li><span style=\"font-size: 12pt\">promouvoir une approche de l\u2019autisme fond\u00e9e sur les droits et sur la preuve, en collaboration avec les personnes autistes, les familles, les professionnels et les d\u00e9cideurs politiques\u00a0;<\/span><\/li>\n<li><span style=\"font-size: 12pt\">encourager la recherche sur l\u2019autisme, les \u00e9tudes de pr\u00e9valence, l\u2019\u00e9change des bonnes pratiques, les interventions aupr\u00e8s des enfants autistes fond\u00e9es sur la preuve ainsi que les services de soutien et d\u2019adaptation et de r\u00e9adaptation pour les adultes.<\/span><\/li>\n<\/ul>\n<h2><span style=\"font-size: 14pt\">Valeurs<\/span><a id=\"values\"><\/a><\/h2>\n<p><span style=\"font-size: 12pt\">Le travail d\u2019Autisme-Europe est ax\u00e9 sur les principes de la <a href=\"http:\/\/www.google.be\/url?sa=t&amp;rct=j&amp;q=&amp;esrc=s&amp;source=web&amp;cd=1&amp;ved=0ahUKEwi2zLzXy_7VAhXIIlAKHQoYAP8QFggnMAA&amp;url=http%3A%2F%2Fwww.un.org%2Ffrench%2Fdisabilities%2Fdefault.asp%3Fid%3D1413&amp;usg=AFQjCNFuv6Gckrq2FvEgD1rBds4veiZ8Zg\">Convention des Nations Unies relative aux Droits des Personnes Handicap\u00e9es (CNUDPH)<\/a><u> :<\/u><\/span><\/p>\n<ul>\n<li><span style=\"font-size: 12pt\">respect de la dignit\u00e9 intrins\u00e8que\u00a0;<\/span><\/li>\n<li><span style=\"font-size: 12pt\">ind\u00e9pendance des personnes, y compris la libert\u00e9 de faire leurs propres choix\u00a0;<\/span><\/li>\n<li><span style=\"font-size: 12pt\">non-discrimination\u00a0;<\/span><\/li>\n<li><span style=\"font-size: 12pt\">participation pleine et effective et inclusion dans la soci\u00e9t\u00e9\u00a0;<\/span><\/li>\n<li><span style=\"font-size: 12pt\">respect de la diff\u00e9rence et acceptation des personnes handicap\u00e9es comme faisant partie de la diversit\u00e9 humaine et de l\u2019humanit\u00e9\u00a0;<\/span><\/li>\n<li><span style=\"font-size: 12pt\">\u00e9galit\u00e9 des chances\u00a0;<\/span><\/li>\n<li><span style=\"font-size: 12pt\">accessibilit\u00e9\u00a0;<\/span><\/li>\n<li><span style=\"font-size: 12pt\">\u00e9galit\u00e9 des genres\u00a0;<\/span><\/li>\n<li><span style=\"font-size: 12pt\">respect du d\u00e9veloppement des capacit\u00e9s de l\u2019enfant handicap\u00e9 et respect du droit des enfants handicap\u00e9s \u00e0 pr\u00e9server leur identit\u00e9.<\/span><\/li>\n<\/ul>\n","protected":false},"excerpt":{"rendered":"<p>de favoriser une meilleure r\u00e9ponse politique aux besoins des personnes autistes. AE m\u00e8ne \u00e9galement un travail de sensibilisation et vise \u00e0 am\u00e9liorer la compr\u00e9hension de l\u2019autisme dans la soci\u00e9t\u00e9. Autisme-Europe &hellip; <\/p>\n<p class=\"link-more\"><a href=\"https:\/\/www.autismeurope.org\/fr\/qui-sommes-nous\/mission-vision-et-valeurs\/\" class=\"more-link\">Continue reading<span class=\"screen-reader-text\"> \u00ab\u00a0Mission, Vision et Valeurs\u00a0\u00bb<\/span><\/a><\/p>\n","protected":false},"author":32,"featured_media":0,"parent":106,"menu_order":1,"comment_status":"closed","ping_status":"closed","template":"","meta":{"_acf_changed":false,"_bbp_topic_count":0,"_bbp_reply_count":0,"_bbp_total_topic_count":0,"_bbp_total_reply_count":0,"_bbp_voice_count":0,"_bbp_anonymous_reply_count":0,"_bbp_topic_count_hidden":0,"_bbp_reply_count_hidden":0,"_bbp_forum_subforum_count":0,"footnotes":""},"class_list":["post-3823","page","type-page","status-publish","hentry"],"acf":[],"_links":{"self":[{"href":"https:\/\/www.autismeurope.org\/fr\/wp-json\/wp\/v2\/pages\/3823","targetHints":{"allow":["GET"]}}],"collection":[{"href":"https:\/\/www.autismeurope.org\/fr\/wp-json\/wp\/v2\/pages"}],"about":[{"href":"https:\/\/www.autismeurope.org\/fr\/wp-json\/wp\/v2\/types\/page"}],"author":[{"embeddable":true,"href":"https:\/\/www.autismeurope.org\/fr\/wp-json\/wp\/v2\/users\/32"}],"replies":[{"embeddable":true,"href":"https:\/\/www.autismeurope.org\/fr\/wp-json\/wp\/v2\/comments?post=3823"}],"version-history":[{"count":6,"href":"https:\/\/www.autismeurope.org\/fr\/wp-json\/wp\/v2\/pages\/3823\/revisions"}],"predecessor-version":[{"id":48917,"href":"https:\/\/www.autismeurope.org\/fr\/wp-json\/wp\/v2\/pages\/3823\/revisions\/48917"}],"up":[{"embeddable":true,"href":"https:\/\/www.autismeurope.org\/fr\/wp-json\/wp\/v2\/pages\/106"}],"wp:attachment":[{"href":"https:\/\/www.autismeurope.org\/fr\/wp-json\/wp\/v2\/media?parent=3823"}],"curies":[{"name":"wp","href":"https:\/\/api.w.org\/{rel}","templated":true}]}}