{"id":3831,"date":"2017-09-13T10:30:24","date_gmt":"2017-09-13T08:30:24","guid":{"rendered":"http:\/\/autismeurope.akimedia.eu\/fr\/?page_id=3831"},"modified":"2019-02-20T12:36:12","modified_gmt":"2019-02-20T11:36:12","slug":"acquisnotables","status":"publish","type":"page","link":"https:\/\/www.autismeurope.org\/fr\/qui-sommes-nous\/acquisnotables\/","title":{"rendered":"Acquis notables"},"content":{"rendered":"<p><span style=\"font-size: 12pt\">En 1980, plusieurs associations de parents de personnes autistes, en provenance de diff\u00e9rents pays europ\u00e9ens, se sont rassembl\u00e9es en vue d\u2019organiser leur premier congr\u00e8s. Le but \u00e9tait d\u2019encourager l\u2019\u00e9change de connaissances entre les chercheurs, les m\u00e9decins et les autres professionnels concern\u00e9s par l\u2019autisme. Par cons\u00e9quent, l\u2019information sur les causes de l\u2019autisme, le diagnostic, la prise en charge, la gestion et l\u2019\u00e9ducation est devenue plus accessible aux parents et a servi de terreau \u00e0 leurs activit\u00e9s.<\/span><\/p>\n<p><span style=\"font-size: 12pt\">Durant la pr\u00e9paration du deuxi\u00e8me congr\u00e8s de 1983, les associations impliqu\u00e9es ont d\u00e9cid\u00e9 de cr\u00e9er une organisation f\u00e9d\u00e9rative permanente d\u2019associations de l\u2019autisme qu\u2019ils ont appel\u00e9e Autisme-Europe. A la base, Autisme-Europe \u00e9tait compos\u00e9e de 23 associations nationales et r\u00e9gionales.<\/span><\/p>\n<p><span style=\"font-size: 12pt\">Autisme-Europe a \u00e9t\u00e9 cr\u00e9e \u00e0 une p\u00e9riode de changement dans la compr\u00e9hension du handicap en g\u00e9n\u00e9ral. Un nouveau concept du handicap a vu le jour, celui du \u00ab\u00a0mod\u00e8le social du handicap\u00a0\u00bb (par opposition au \u00ab\u00a0mod\u00e8le m\u00e9dicalis\u00e9 \u00bb) qui vise \u00e0 red\u00e9finir la notion de handicap en en mettant l\u2019accent sur la relation entre la personne et son environnement.<\/span><\/p>\n<p><span style=\"font-size: 12pt\">Autisme-Europe a obtenu des acquis notables depuis le d\u00e9but de ses activit\u00e9s, dont voici les principaux\u00a0:<\/span><\/p>\n<ul>\n<li><span style=\"font-size: 12pt\"><strong>Meilleure sensibilisation \u00e0 l&rsquo;autisme<\/strong>\u00a0dans toute l&rsquo;Europe (depuis 1983);<\/span><\/li>\n<li><span style=\"font-size: 12pt\"><strong>Charte des droits des personnes autistes<\/strong>\u00a0adopt\u00e9e en tant que d\u00e9claration \u00e9crite du Parlement europ\u00e9en (1996) ;<\/span><\/li>\n<li><span style=\"font-size: 12pt\"><strong>D\u00e9cision historique du Conseil de l&rsquo;Europe<\/strong>\u00a0(Autisme-Europe c. France, r\u00e9clamation n\u00b0 13\/2002) condamnant la France pour ne pas avoir respect\u00e9 les droits des enfants autistes \u00e0 recevoir une \u00e9ducation, en vertu de la Charte sociale europ\u00e9enne. Il s&rsquo;agit de la premi\u00e8re r\u00e9clamation collective de d\u00e9fense des droits des personnes handicap\u00e9es en Europe (2004) ;<\/span><\/li>\n<li><span style=\"font-size: 12pt\"><strong>R\u00e9solution ResAP (2007)4 du Conseil de l&rsquo;Europe<\/strong>\u00a0sur l&rsquo;\u00e9ducation et l&rsquo;inclusion sociale des enfants et des jeunes atteints d\u2019autisme r\u00e9dig\u00e9e avec l&rsquo;expertise d&rsquo;Autisme-Europe (2007) ;<\/span><\/li>\n<li><span style=\"font-size: 12pt\"><strong>Convention des Nations Unies sur les droits des personnes handicap\u00e9es<\/strong>\u00a0r\u00e9dig\u00e9e avec la participation d&rsquo;Autisme-Europe (2007) ;<\/span><\/li>\n<li><span style=\"font-size: 12pt\"><strong>Adoption de la D\u00e9claration \u00e9crite sur l&rsquo;autisme<\/strong>, co-sign\u00e9e par 418 membres du Parlement europ\u00e9en (MPE). Le document encourage l&rsquo;Union europ\u00e9enne et ses \u00c9tats membres \u00e0 adopter une strat\u00e9gie europ\u00e9enne pour l&rsquo;autisme (2015).<\/span>\n<div><span style=\"font-size: 12pt\">\u00a0<\/span><\/div>\n<\/li>\n<\/ul>\n<blockquote>\n<div><span style=\"font-size: 12pt\"><strong>Vous trouverez plus d&rsquo;informations sur nos avanc\u00e9es et sur la fa\u00e7on dont nos membres per\u00e7oivent notre travail dans\u00a0<a href=\"http:\/\/autismeurope.akimedia.eu\/wp-content\/uploads\/2017\/09\/Fr\u00e9d_LINK-59FR_BAT3.pdf\" target=\"_blank\" rel=\"noopener\">l&rsquo;\u00e9dition sp\u00e9ciale du LINK marquant le 30e anniversaire d\u2019Autisme-Europe<\/a>.<\/strong><\/span><\/div>\n<\/blockquote>\n","protected":false},"excerpt":{"rendered":"<p>En 1980, plusieurs associations de parents de personnes autistes, en provenance de diff\u00e9rents pays europ\u00e9ens, se sont rassembl\u00e9es en vue d\u2019organiser leur premier congr\u00e8s. Le but \u00e9tait d\u2019encourager l\u2019\u00e9change de &hellip; <\/p>\n<p class=\"link-more\"><a href=\"https:\/\/www.autismeurope.org\/fr\/qui-sommes-nous\/acquisnotables\/\" class=\"more-link\">Continue reading<span class=\"screen-reader-text\"> \u00ab\u00a0Acquis notables\u00a0\u00bb<\/span><\/a><\/p>\n","protected":false},"author":32,"featured_media":0,"parent":106,"menu_order":2,"comment_status":"closed","ping_status":"closed","template":"","meta":{"_acf_changed":false,"_bbp_topic_count":0,"_bbp_reply_count":0,"_bbp_total_topic_count":0,"_bbp_total_reply_count":0,"_bbp_voice_count":0,"_bbp_anonymous_reply_count":0,"_bbp_topic_count_hidden":0,"_bbp_reply_count_hidden":0,"_bbp_forum_subforum_count":0,"footnotes":""},"class_list":["post-3831","page","type-page","status-publish","hentry"],"acf":[],"_links":{"self":[{"href":"https:\/\/www.autismeurope.org\/fr\/wp-json\/wp\/v2\/pages\/3831","targetHints":{"allow":["GET"]}}],"collection":[{"href":"https:\/\/www.autismeurope.org\/fr\/wp-json\/wp\/v2\/pages"}],"about":[{"href":"https:\/\/www.autismeurope.org\/fr\/wp-json\/wp\/v2\/types\/page"}],"author":[{"embeddable":true,"href":"https:\/\/www.autismeurope.org\/fr\/wp-json\/wp\/v2\/users\/32"}],"replies":[{"embeddable":true,"href":"https:\/\/www.autismeurope.org\/fr\/wp-json\/wp\/v2\/comments?post=3831"}],"version-history":[{"count":7,"href":"https:\/\/www.autismeurope.org\/fr\/wp-json\/wp\/v2\/pages\/3831\/revisions"}],"predecessor-version":[{"id":29848,"href":"https:\/\/www.autismeurope.org\/fr\/wp-json\/wp\/v2\/pages\/3831\/revisions\/29848"}],"up":[{"embeddable":true,"href":"https:\/\/www.autismeurope.org\/fr\/wp-json\/wp\/v2\/pages\/106"}],"wp:attachment":[{"href":"https:\/\/www.autismeurope.org\/fr\/wp-json\/wp\/v2\/media?parent=3831"}],"curies":[{"name":"wp","href":"https:\/\/api.w.org\/{rel}","templated":true}]}}