{"id":3837,"date":"2017-09-13T12:21:43","date_gmt":"2017-09-13T10:21:43","guid":{"rendered":"http:\/\/autismeurope.akimedia.eu\/fr\/?page_id=3837"},"modified":"2020-01-16T12:06:42","modified_gmt":"2020-01-16T11:06:42","slug":"notre-structure","status":"publish","type":"page","link":"https:\/\/www.autismeurope.org\/fr\/qui-sommes-nous\/notre-structure\/","title":{"rendered":"Notre structure"},"content":{"rendered":"<p><span style=\"font-size: 12pt\">Les statuts d\u2019Autisme-Europe ont \u00e9t\u00e9 r\u00e9dig\u00e9s afin que tous les pays de l\u2019UE soient repr\u00e9sent\u00e9s au sein du\u00a0<a href=\"https:\/\/www.autismeurope.org\/fr\/qui-sommes-nous\/notre-structure\/conseil-dadministration\/\" target=\"_blank\" rel=\"noopener noreferrer\"><strong>Conseil d\u2019Administration<\/strong><\/a>. Une large majorit\u00e9 des membres du Conseil d\u2019Administration d\u2019AE se compose de parents qui ont d\u00e9cid\u00e9 de repr\u00e9senter leurs enfants ne pouvant se repr\u00e9senter eux-m\u00eames. En outre, un certain nombre de si\u00e8ges du Conseil d\u2019Administration sont r\u00e9serv\u00e9s \u00e0 des personnes autistes (autorepr\u00e9sentation). Tous les membres d\u2019AE ont le droit de participer aux\u00a0<strong>Assembl\u00e9es G\u00e9n\u00e9rales<\/strong>.<\/span><\/p>\n<p><span style=\"font-size: 12pt\">Tous les deux ans, l\u2019Assembl\u00e9e G\u00e9n\u00e9rale \u00e9lit le Conseil d\u2019Administration, qui est alors renouvel\u00e9 de moiti\u00e9. Le Conseil d\u2019Administration \u00e9lit un Pr\u00e9sident parmi ses membres. Le Pr\u00e9sident doit \u00eatre une personne avec autisme ou un parent.<\/span><\/p>\n<p><span style=\"font-size: 12pt\">Le pr\u00e9sident nomme au minimum 5 membres du\u00a0<a href=\"https:\/\/www.autismeurope.org\/fr\/qui-sommes-nous\/notre-structure\/comite-executif\/\" target=\"_blank\" rel=\"noopener noreferrer\"><strong>Comit\u00e9 Ex\u00e9cutif<\/strong><\/a>. Le choix du Pr\u00e9sident est ensuite soumis au Conseil d\u2019Administration pour approbation. Le Comit\u00e9 Ex\u00e9cutif est un organe op\u00e9rationnel charg\u00e9 de tous les aspects pratiques en ce qui concerne la gestion d\u2019Autisme-Europe.<\/span><\/p>\n","protected":false},"excerpt":{"rendered":"<p>Les statuts d\u2019Autisme-Europe ont \u00e9t\u00e9 r\u00e9dig\u00e9s afin que tous les pays de l\u2019UE soient repr\u00e9sent\u00e9s au sein du\u00a0Conseil d\u2019Administration. Une large majorit\u00e9 des membres du Conseil d\u2019Administration d\u2019AE se compose &hellip; <\/p>\n<p class=\"link-more\"><a href=\"https:\/\/www.autismeurope.org\/fr\/qui-sommes-nous\/notre-structure\/\" class=\"more-link\">Continue reading<span class=\"screen-reader-text\"> \u00ab\u00a0Notre structure\u00a0\u00bb<\/span><\/a><\/p>\n","protected":false},"author":32,"featured_media":0,"parent":106,"menu_order":3,"comment_status":"closed","ping_status":"closed","template":"","meta":{"_acf_changed":false,"_bbp_topic_count":0,"_bbp_reply_count":0,"_bbp_total_topic_count":0,"_bbp_total_reply_count":0,"_bbp_voice_count":0,"_bbp_anonymous_reply_count":0,"_bbp_topic_count_hidden":0,"_bbp_reply_count_hidden":0,"_bbp_forum_subforum_count":0,"footnotes":""},"class_list":["post-3837","page","type-page","status-publish","hentry"],"acf":[],"_links":{"self":[{"href":"https:\/\/www.autismeurope.org\/fr\/wp-json\/wp\/v2\/pages\/3837","targetHints":{"allow":["GET"]}}],"collection":[{"href":"https:\/\/www.autismeurope.org\/fr\/wp-json\/wp\/v2\/pages"}],"about":[{"href":"https:\/\/www.autismeurope.org\/fr\/wp-json\/wp\/v2\/types\/page"}],"author":[{"embeddable":true,"href":"https:\/\/www.autismeurope.org\/fr\/wp-json\/wp\/v2\/users\/32"}],"replies":[{"embeddable":true,"href":"https:\/\/www.autismeurope.org\/fr\/wp-json\/wp\/v2\/comments?post=3837"}],"version-history":[{"count":3,"href":"https:\/\/www.autismeurope.org\/fr\/wp-json\/wp\/v2\/pages\/3837\/revisions"}],"predecessor-version":[{"id":43137,"href":"https:\/\/www.autismeurope.org\/fr\/wp-json\/wp\/v2\/pages\/3837\/revisions\/43137"}],"up":[{"embeddable":true,"href":"https:\/\/www.autismeurope.org\/fr\/wp-json\/wp\/v2\/pages\/106"}],"wp:attachment":[{"href":"https:\/\/www.autismeurope.org\/fr\/wp-json\/wp\/v2\/media?parent=3837"}],"curies":[{"name":"wp","href":"https:\/\/api.w.org\/{rel}","templated":true}]}}