{"id":3839,"date":"2017-09-13T13:00:52","date_gmt":"2017-09-13T11:00:52","guid":{"rendered":"http:\/\/autismeurope.akimedia.eu\/fr\/?page_id=3839"},"modified":"2024-06-13T13:49:51","modified_gmt":"2024-06-13T11:49:51","slug":"notre-equipe","status":"publish","type":"page","link":"https:\/\/www.autismeurope.org\/fr\/qui-sommes-nous\/notre-structure\/notre-equipe\/","title":{"rendered":"Notre \u00e9quipe"},"content":{"rendered":"<p><span style=\"font-size: 12pt\">Le personnel d\u2019Autisme-Europe, dont le si\u00e8ge est situ\u00e9 \u00e0 Bruxelles, s\u2019occupe de tous les aspects du travail de l\u2019organisation. Les membres du personnel sont tr\u00e8s d\u00e9vou\u00e9s \u00e0 la cause de l\u2019autisme et qualifi\u00e9s dans leurs domaines de comp\u00e9tences respectifs.<\/span><\/p>\n","protected":false},"excerpt":{"rendered":"<p>Le personnel d\u2019Autisme-Europe, dont le si\u00e8ge est situ\u00e9 \u00e0 Bruxelles, s\u2019occupe de tous les aspects du travail de l\u2019organisation. Les membres du personnel sont tr\u00e8s d\u00e9vou\u00e9s \u00e0 la cause de &hellip; <\/p>\n<p class=\"link-more\"><a href=\"https:\/\/www.autismeurope.org\/fr\/qui-sommes-nous\/notre-structure\/notre-equipe\/\" class=\"more-link\">Continue reading<span class=\"screen-reader-text\"> \u00ab\u00a0Notre \u00e9quipe\u00a0\u00bb<\/span><\/a><\/p>\n","protected":false},"author":32,"featured_media":0,"parent":3837,"menu_order":3,"comment_status":"closed","ping_status":"closed","template":"","meta":{"_acf_changed":false,"_bbp_topic_count":0,"_bbp_reply_count":0,"_bbp_total_topic_count":0,"_bbp_total_reply_count":0,"_bbp_voice_count":0,"_bbp_anonymous_reply_count":0,"_bbp_topic_count_hidden":0,"_bbp_reply_count_hidden":0,"_bbp_forum_subforum_count":0,"footnotes":""},"class_list":["post-3839","page","type-page","status-publish","hentry"],"acf":[],"_links":{"self":[{"href":"https:\/\/www.autismeurope.org\/fr\/wp-json\/wp\/v2\/pages\/3839","targetHints":{"allow":["GET"]}}],"collection":[{"href":"https:\/\/www.autismeurope.org\/fr\/wp-json\/wp\/v2\/pages"}],"about":[{"href":"https:\/\/www.autismeurope.org\/fr\/wp-json\/wp\/v2\/types\/page"}],"author":[{"embeddable":true,"href":"https:\/\/www.autismeurope.org\/fr\/wp-json\/wp\/v2\/users\/32"}],"replies":[{"embeddable":true,"href":"https:\/\/www.autismeurope.org\/fr\/wp-json\/wp\/v2\/comments?post=3839"}],"version-history":[{"count":24,"href":"https:\/\/www.autismeurope.org\/fr\/wp-json\/wp\/v2\/pages\/3839\/revisions"}],"predecessor-version":[{"id":49365,"href":"https:\/\/www.autismeurope.org\/fr\/wp-json\/wp\/v2\/pages\/3839\/revisions\/49365"}],"up":[{"embeddable":true,"href":"https:\/\/www.autismeurope.org\/fr\/wp-json\/wp\/v2\/pages\/3837"}],"wp:attachment":[{"href":"https:\/\/www.autismeurope.org\/fr\/wp-json\/wp\/v2\/media?parent=3839"}],"curies":[{"name":"wp","href":"https:\/\/api.w.org\/{rel}","templated":true}]}}