{"id":3845,"date":"2017-09-13T17:22:42","date_gmt":"2017-09-13T15:22:42","guid":{"rendered":"http:\/\/autismeurope.akimedia.eu\/fr\/?page_id=3845"},"modified":"2026-02-02T16:57:23","modified_gmt":"2026-02-02T15:57:23","slug":"comite-executif","status":"publish","type":"page","link":"https:\/\/www.autismeurope.org\/fr\/qui-sommes-nous\/notre-structure\/comite-executif\/","title":{"rendered":"Comit\u00e9 ex\u00e9cutif"},"content":{"rendered":"<p><span style=\"font-size: 12pt\">Le Comit\u00e9 a pour objectif de refl\u00e9ter la diversit\u00e9 de l\u2019Europe, avec la plupart des r\u00e9gions g\u00e9ographiques de l\u2019Europe repr\u00e9sent\u00e9s. Son mandat actuel est de 2024 jusqu\u2019\u00e0 2027.<\/span><\/p>\n<p><!--more--><\/p>\n<div class=\"member_biography_content\"><\/div>\n","protected":false},"excerpt":{"rendered":"<p>Le Comit\u00e9 a pour objectif de refl\u00e9ter la diversit\u00e9 de l\u2019Europe, avec la plupart des r\u00e9gions g\u00e9ographiques de l\u2019Europe repr\u00e9sent\u00e9s. Son mandat actuel est de 2024 jusqu\u2019\u00e0 2027.<\/p>\n","protected":false},"author":32,"featured_media":0,"parent":3837,"menu_order":1,"comment_status":"closed","ping_status":"closed","template":"","meta":{"_acf_changed":false,"_bbp_topic_count":0,"_bbp_reply_count":0,"_bbp_total_topic_count":0,"_bbp_total_reply_count":0,"_bbp_voice_count":0,"_bbp_anonymous_reply_count":0,"_bbp_topic_count_hidden":0,"_bbp_reply_count_hidden":0,"_bbp_forum_subforum_count":0,"footnotes":""},"class_list":["post-3845","page","type-page","status-publish","hentry"],"acf":[],"_links":{"self":[{"href":"https:\/\/www.autismeurope.org\/fr\/wp-json\/wp\/v2\/pages\/3845","targetHints":{"allow":["GET"]}}],"collection":[{"href":"https:\/\/www.autismeurope.org\/fr\/wp-json\/wp\/v2\/pages"}],"about":[{"href":"https:\/\/www.autismeurope.org\/fr\/wp-json\/wp\/v2\/types\/page"}],"author":[{"embeddable":true,"href":"https:\/\/www.autismeurope.org\/fr\/wp-json\/wp\/v2\/users\/32"}],"replies":[{"embeddable":true,"href":"https:\/\/www.autismeurope.org\/fr\/wp-json\/wp\/v2\/comments?post=3845"}],"version-history":[{"count":35,"href":"https:\/\/www.autismeurope.org\/fr\/wp-json\/wp\/v2\/pages\/3845\/revisions"}],"predecessor-version":[{"id":50796,"href":"https:\/\/www.autismeurope.org\/fr\/wp-json\/wp\/v2\/pages\/3845\/revisions\/50796"}],"up":[{"embeddable":true,"href":"https:\/\/www.autismeurope.org\/fr\/wp-json\/wp\/v2\/pages\/3837"}],"wp:attachment":[{"href":"https:\/\/www.autismeurope.org\/fr\/wp-json\/wp\/v2\/media?parent=3845"}],"curies":[{"name":"wp","href":"https:\/\/api.w.org\/{rel}","templated":true}]}}