{"id":3851,"date":"2017-09-14T10:08:24","date_gmt":"2017-09-14T08:08:24","guid":{"rendered":"http:\/\/autismeurope.akimedia.eu\/fr\/?page_id=3851"},"modified":"2025-05-14T17:00:22","modified_gmt":"2025-05-14T15:00:22","slug":"nos-membres","status":"publish","type":"page","link":"https:\/\/www.autismeurope.org\/fr\/qui-sommes-nous\/nos-membres\/","title":{"rendered":"Nos membres"},"content":{"rendered":"<p><span style=\"font-size: 12pt\"><strong>Autisme-Europe est une organisation f\u00e9d\u00e9rative qui repr\u00e9sente<\/strong> le nombre estim\u00e9 de 5 millions de personnes \u00e0 travers l\u2019Europe. <strong>Elle rassemble pr\u00e8s de 90 associations<\/strong>&#8211;<strong>membres<\/strong> et des auto-repr\u00e9sentants, originaires de 38 pays en Europe et au-del\u00e0, <strong>qui d\u00e9fendent et font valoir les droits des personnes autistes.<\/strong><\/span><\/p>\n<blockquote><p><a href=\"https:\/\/www.autismeurope.org\/wp-content\/uploads\/2025\/05\/Members-associations-of-Autism-Europe_May2025.pdf\"><span style=\"font-size: 12pt\"><strong>T\u00e9l\u00e9charger la liste des associations-membres d\u2019Autisme-Europe<\/strong><\/span><\/a><\/p><\/blockquote>\n<p><span style=\"font-size: 12pt\">Cette <strong>carte interactive<\/strong> peut vous aider \u00e0 localiser et contacter les associations-membres d\u2019Autisme-Europe.<\/span><\/p>\n    <div class=\"home_googlemaps_wrapper\">\n        <div class=\"home_googlemaps\" id=\"googlemapsMembers\"><\/div>\n        <div class=\"home_maps_filters\">\n            <p>Filter by:<\/p>\n            <ul>\n                <li><a href=\"#\" class=\"active\" data-category=\"all\">All<\/a><\/li>\n                <li><span class=\"map_legend_color color_member\"><\/span><a href=\"#\" data-category=\"member\">Member<\/a><\/li>\n                <li><span class=\"map_legend_color color_service\"><\/span><a href=\"#\" data-category=\"service\">Service<\/a><\/li>\n            <\/ul>\n        <\/div>\n    <\/div>\n    \n<p><span style=\"font-size: 10pt\"><em>*La carte des services pour l\u2019autisme a \u00e9t\u00e9 cr\u00e9\u00e9e en tant que plateforme de partage d&rsquo;informations, et comprend des recommandations ext\u00e9rieures. Veuillez noter qu&rsquo;Autisme-Europe n&rsquo;est pas en mesure de garantir la qualit\u00e9 de tous les services ou centres mentionn\u00e9s.<\/em><\/span><\/p>\n","protected":false},"excerpt":{"rendered":"<p>Autisme-Europe est une organisation f\u00e9d\u00e9rative qui repr\u00e9sente le nombre estim\u00e9 de 5 millions de personnes \u00e0 travers l\u2019Europe. Elle rassemble pr\u00e8s de 90 associations&#8211;membres et des auto-repr\u00e9sentants, originaires de 38 &hellip; <\/p>\n<p class=\"link-more\"><a href=\"https:\/\/www.autismeurope.org\/fr\/qui-sommes-nous\/nos-membres\/\" class=\"more-link\">Continue reading<span class=\"screen-reader-text\"> \u00ab\u00a0Nos membres\u00a0\u00bb<\/span><\/a><\/p>\n","protected":false},"author":32,"featured_media":0,"parent":106,"menu_order":4,"comment_status":"closed","ping_status":"closed","template":"","meta":{"_acf_changed":false,"_bbp_topic_count":0,"_bbp_reply_count":0,"_bbp_total_topic_count":0,"_bbp_total_reply_count":0,"_bbp_voice_count":0,"_bbp_anonymous_reply_count":0,"_bbp_topic_count_hidden":0,"_bbp_reply_count_hidden":0,"_bbp_forum_subforum_count":0,"footnotes":""},"class_list":["post-3851","page","type-page","status-publish","hentry"],"acf":[],"_links":{"self":[{"href":"https:\/\/www.autismeurope.org\/fr\/wp-json\/wp\/v2\/pages\/3851","targetHints":{"allow":["GET"]}}],"collection":[{"href":"https:\/\/www.autismeurope.org\/fr\/wp-json\/wp\/v2\/pages"}],"about":[{"href":"https:\/\/www.autismeurope.org\/fr\/wp-json\/wp\/v2\/types\/page"}],"author":[{"embeddable":true,"href":"https:\/\/www.autismeurope.org\/fr\/wp-json\/wp\/v2\/users\/32"}],"replies":[{"embeddable":true,"href":"https:\/\/www.autismeurope.org\/fr\/wp-json\/wp\/v2\/comments?post=3851"}],"version-history":[{"count":19,"href":"https:\/\/www.autismeurope.org\/fr\/wp-json\/wp\/v2\/pages\/3851\/revisions"}],"predecessor-version":[{"id":50327,"href":"https:\/\/www.autismeurope.org\/fr\/wp-json\/wp\/v2\/pages\/3851\/revisions\/50327"}],"up":[{"embeddable":true,"href":"https:\/\/www.autismeurope.org\/fr\/wp-json\/wp\/v2\/pages\/106"}],"wp:attachment":[{"href":"https:\/\/www.autismeurope.org\/fr\/wp-json\/wp\/v2\/media?parent=3851"}],"curies":[{"name":"wp","href":"https:\/\/api.w.org\/{rel}","templated":true}]}}