{"id":3861,"date":"2017-09-14T12:08:42","date_gmt":"2017-09-14T10:08:42","guid":{"rendered":"http:\/\/autismeurope.akimedia.eu\/fr\/?page_id=3861"},"modified":"2018-02-02T11:35:51","modified_gmt":"2018-02-02T10:35:51","slug":"soutien-a-la-vie-quotidienne-et-au-logement","status":"publish","type":"page","link":"https:\/\/www.autismeurope.org\/fr\/que-faisons-nous\/domaines-activite\/soutien-a-la-vie-quotidienne-et-au-logement\/","title":{"rendered":"Soutien \u00e0 la vie quotidienne et au logement"},"content":{"rendered":"<p><span style=\"font-size: 12pt\">Les personnes autistes qui sont capables de vivre de fa\u00e7on autonome ont parfois besoin de soutien. Le soutien dont une personne aura besoin d\u00e9pend de ses difficult\u00e9s individuelles. Cela peut \u00eatre, par exemple, du soutien pour comprendre le courrier et payer les factures, g\u00e9rer son budget, prendre des d\u00e9cisions ou encore r\u00e9soudre un probl\u00e8me.<\/span><\/p>\n<p><span style=\"font-size: 12pt\">Ind\u00e9pendamment du niveau du soutien requis, toutes les personnes autistes ont le droit de vivre de fa\u00e7on aussi ind\u00e9pendante que possible et d&rsquo;\u00eatre incluses dans la communaut\u00e9, en vertu de la Convention des Nations Unies relative aux droits des personnes handicap\u00e9es.<\/span><\/p>\n<p><span style=\"font-size: 12pt\">Recevoir un soutien sp\u00e9cifique est essentiel pour permettre aux personnes autistes de mener une vie ind\u00e9pendante et \u00e9panouissante et d&rsquo;\u00eatre incluses dans la communaut\u00e9.\u00a0<\/span><\/p>\n<p><span style=\"font-size: 12pt\">En revanche, un manque de soutien conduit souvent les personnes autistes \u00e0 vivre isol\u00e9es et \u00e0 d\u00e9pendre fortement de leur famille. Dans certaines r\u00e9gions d&rsquo;Europe, de nombreuses personnes autistes sont souvent contraintes de vivre dans de grandes institutions o\u00f9 elles ne peuvent aller \u00e0 l&rsquo;ext\u00e9rieur ni m\u00eame quitter leur lit, o\u00f9 elles sont priv\u00e9es de leurs droits fondamentaux, n\u00e9glig\u00e9es voire maltrait\u00e9es.<\/span><\/p>\n<p><span style=\"font-size: 12pt\">Autisme-Europe plaide en faveur de la d\u00e9sinstitutionnalisation, du droit au logement et d&rsquo;un soutien tout au long de la vie selon les besoins individuels de chaque personne, et du droit des personnes autistes de d\u00e9cider de leur propre situation.<\/span><\/p>\n<p><span style=\"font-size: 12pt\">En vertu de la Convention des Nations Unies relative aux droits des personnes handicap\u00e9es, les personnes autistes ont droit \u00e0 un logement et \u00e0 un soutien \u00e0 vie adapt\u00e9s \u00e0 leurs besoins.<\/span><\/p>\n<h2><span style=\"font-size: 14pt\"><strong>Les ressources d\u2019Autisme-Europe<\/strong><\/span><\/h2>\n<ul>\n<li><span style=\"font-size: 12pt\"><a href=\"http:\/\/www.autismeurope.org\/fr\/projet-inclus-dans-la-societe-desinstitutionalisation-des-personnes-handicapees-2003-2004\/\"><strong>Projet: Included in Society<\/strong>\u00a0<\/a>\u2013 D\u00e9sinstitutionnalisation des personnes handicap\u00e9es (2003- 2004)<\/span><\/li>\n<li><span style=\"font-size: 12pt\"><a href=\"http:\/\/www.autismeurope.org\/fr\/la-coalition-europeenne-pour-la-vie-en-communaute\/\">La Coalition europ\u00e9enne pour la vie dans le tissu social<\/a><\/span><\/li>\n<\/ul>\n<h2><span style=\"font-size: 14pt\"><strong>Publications li\u00e9es<\/strong><\/span><\/h2>\n<blockquote><p><span style=\"font-size: 12pt\"><a href=\"http:\/\/www.autismeurope.org\/fr\/blog\/2015\/03\/02\/les-conseils-dutilisateurs-pour-des-services-aux-personnes-handicapees\/\" target=\"_blank\" rel=\"noopener\"><strong>Les conseils d\u2019utilisateurs pour des services aux personnes handicap\u00e9es<\/strong><\/a><\/span><\/p>\n<p><span style=\"font-size: 12pt\"><a href=\"http:\/\/www.autismeurope.org\/fr\/blog\/2015\/02\/03\/atteindre-la-qualite-implication-des-consommateurs-dans-la-qualite-de-leducation-et-des-services\/\" target=\"_blank\" rel=\"noopener\"><strong>Atteindre la qualit\u00e9 \u2013 Implication des consommateurs dans la qualit\u00e9 de l\u2019\u00e9ducation et des services<\/strong><\/a><\/span><\/p><\/blockquote>\n","protected":false},"excerpt":{"rendered":"<p>Les personnes autistes qui sont capables de vivre de fa\u00e7on autonome ont parfois besoin de soutien. Le soutien dont une personne aura besoin d\u00e9pend de ses difficult\u00e9s individuelles. Cela peut &hellip; <\/p>\n<p class=\"link-more\"><a href=\"https:\/\/www.autismeurope.org\/fr\/que-faisons-nous\/domaines-activite\/soutien-a-la-vie-quotidienne-et-au-logement\/\" class=\"more-link\">Continue reading<span class=\"screen-reader-text\"> \u00ab\u00a0Soutien \u00e0 la vie quotidienne et au logement\u00a0\u00bb<\/span><\/a><\/p>\n","protected":false},"author":32,"featured_media":0,"parent":3179,"menu_order":6,"comment_status":"closed","ping_status":"closed","template":"","meta":{"_acf_changed":false,"_bbp_topic_count":0,"_bbp_reply_count":0,"_bbp_total_topic_count":0,"_bbp_total_reply_count":0,"_bbp_voice_count":0,"_bbp_anonymous_reply_count":0,"_bbp_topic_count_hidden":0,"_bbp_reply_count_hidden":0,"_bbp_forum_subforum_count":0,"footnotes":""},"class_list":["post-3861","page","type-page","status-publish","hentry"],"acf":[],"_links":{"self":[{"href":"https:\/\/www.autismeurope.org\/fr\/wp-json\/wp\/v2\/pages\/3861","targetHints":{"allow":["GET"]}}],"collection":[{"href":"https:\/\/www.autismeurope.org\/fr\/wp-json\/wp\/v2\/pages"}],"about":[{"href":"https:\/\/www.autismeurope.org\/fr\/wp-json\/wp\/v2\/types\/page"}],"author":[{"embeddable":true,"href":"https:\/\/www.autismeurope.org\/fr\/wp-json\/wp\/v2\/users\/32"}],"replies":[{"embeddable":true,"href":"https:\/\/www.autismeurope.org\/fr\/wp-json\/wp\/v2\/comments?post=3861"}],"version-history":[{"count":5,"href":"https:\/\/www.autismeurope.org\/fr\/wp-json\/wp\/v2\/pages\/3861\/revisions"}],"predecessor-version":[{"id":25822,"href":"https:\/\/www.autismeurope.org\/fr\/wp-json\/wp\/v2\/pages\/3861\/revisions\/25822"}],"up":[{"embeddable":true,"href":"https:\/\/www.autismeurope.org\/fr\/wp-json\/wp\/v2\/pages\/3179"}],"wp:attachment":[{"href":"https:\/\/www.autismeurope.org\/fr\/wp-json\/wp\/v2\/media?parent=3861"}],"curies":[{"name":"wp","href":"https:\/\/api.w.org\/{rel}","templated":true}]}}