{"id":3863,"date":"2017-09-14T14:37:38","date_gmt":"2017-09-14T12:37:38","guid":{"rendered":"http:\/\/autismeurope.akimedia.eu\/fr\/?page_id=3863"},"modified":"2021-05-27T09:52:35","modified_gmt":"2021-05-27T07:52:35","slug":"affiliations","status":"publish","type":"page","link":"https:\/\/www.autismeurope.org\/fr\/qui-sommes-nous\/affiliations\/","title":{"rendered":"Affiliations"},"content":{"rendered":"<h2><span style=\"font-size: 14pt\"><strong>Forum Europ\u00e9en des Personnes Handicap\u00e9es<\/strong><\/span><\/h2>\n<p><span style=\"font-size: 12pt\">Le Forum Europ\u00e9en des Personnes Handicap\u00e9es (FEPH) est une organisation non gouvernementale ind\u00e9pendante repr\u00e9sentant les int\u00e9r\u00eats de 80 millions de personnes handicap\u00e9es. C\u2019est la seule plateforme europ\u00e9enne \u00e0 \u00eatre g\u00e9r\u00e9e par des personnes handicap\u00e9es et leurs familles. Le FEPH est la voix des personnes handicap\u00e9es en Europe.<\/span><\/p>\n<blockquote><p><span style=\"font-size: 12pt\"><strong><a href=\"http:\/\/www.edf-feph.org\/\" target=\"_blank\" rel=\"noopener\">En savoir plus<\/a><\/strong><\/span><\/p><\/blockquote>\n<h2><span style=\"font-size: 14pt\"><strong>La Plateforme sociale<\/strong><\/span><\/h2>\n<p><span style=\"font-size: 12pt\">La Plateforme des ONG europ\u00e9ennes du secteur social (Plateforme sociale) est une alliance de f\u00e9d\u00e9rations et de r\u00e9seaux d\u2019organisations non gouvernementales, actives dans le secteur social<\/span><\/p>\n<blockquote><p><span style=\"font-size: 12pt\"><strong><a href=\"http:\/\/www.socialplatform.org\/\" target=\"_blank\" rel=\"noopener\">En savoir plus<\/a><\/strong><\/span><\/p><\/blockquote>\n<h2><span style=\"font-size: 14pt\"><strong>Coalition Europ\u00e9enne pour la Vie dans le Tissu Social<\/strong><\/span><\/h2>\n<p><span style=\"font-size: 12pt\">La Coalition Europ\u00e9enne pour la Vie dans le Tissu Social (ECCL) est une initiative europ\u00e9enne qui \u0153uvre pour l\u2019inclusion sociale des personnes handicap\u00e9es en encourageant la fourniture de logements bas\u00e9s sur la vie dans la communaut\u00e9 et de services d\u2019aide \u00e0 la vie autonome complets et de qualit\u00e9 en tant qu\u2019alternatives \u00e0 l\u2019institutionnalisation.<\/span><\/p>\n<blockquote><p><span style=\"font-size: 12pt\"><a href=\"http:\/\/www.autismeurope.org\/fr\/la-coalition-europeenne-pour-la-vie-en-communaute\/\" target=\"_blank\" rel=\"noopener\"><strong>En savoir plus<\/strong><\/a><\/span><\/p><\/blockquote>\n<h2><span style=\"font-size: 14pt\">Groupe europ\u00e9en d\u2019experts sur la transition des soins en institution vers les soins de proximit\u00e9<\/span><\/h2>\n<p><span style=\"font-size: 12pt\">Le Groupe europ\u00e9en d\u2019experts sur la transition des soins en institution vers les soins de proximit\u00e9 (EEG) est une vaste coalition rassemblant des parties prenantes repr\u00e9sentant les personnes ayant des besoins en mati\u00e8re de soins ou d\u2019aide et leur famille, y compris les enfants, les personnes handicap\u00e9es, les personnes sans abri, les personnes ayant des probl\u00e8mes de sant\u00e9 mentale; ainsi que des prestataires de services, des autorit\u00e9s publiques et des organisations intergouvernementales.<\/span><\/p>\n<blockquote><p><span style=\"font-size: 12pt\"><strong><a href=\"https:\/\/deinstitutionalisation.com\/\" target=\"_blank\" rel=\"noopener\">En savoir plus<\/a><\/strong><\/span><\/p><\/blockquote>\n<h2><span style=\"font-size: 14pt\"><strong>Association pour une Ethique dans les R\u00e9coltes de Fonds<\/strong><\/span><\/h2>\n<p><span style=\"font-size: 12pt\">Autisme-Europe est membre de l\u2019Association pour une Ethique dans les R\u00e9coles de Fonds. En d\u2019autres termes, Autisme-Europe adh\u00e8re \u00e0 son code \u00e9thique et respecte le droit \u00e0 l\u2019information du donateur.<\/span><\/p>\n<blockquote><p><span style=\"font-size: 12pt\"><a href=\"http:\/\/www.vef-aerf.be\/spip.php?article342\"><strong>En savoir plus<\/strong><\/a><\/span><\/p><\/blockquote>\n<h2 class=\"entry-title\"><span style=\"font-size: 14pt\">R\u00e9seau d\u2019organisations \u0153uvrant pour la diversit\u00e9 et l\u2019inclusion de l\u2019EPSO<\/span><\/h2>\n<p><span style=\"font-size: 12pt\">Autisme-Europe fait partie du r\u00e9seau d&rsquo;organisations de diversit\u00e9 et d&rsquo;inclusion de l&rsquo;EPSO afin de promouvoir les carri\u00e8res dans l&rsquo;UE aupr\u00e8s de vos membres. Par cons\u00e9quent, Autism-Europe vous fournit r\u00e9guli\u00e8rement des informations sur les possibilit\u00e9s d&#8217;emploi dans les institutions europ\u00e9ennes et les proc\u00e9dures de s\u00e9lection publi\u00e9es.<\/span><\/p>\n<blockquote><p><span style=\"font-size: 12pt\"><strong><a href=\"https:\/\/www.autismeurope.org\/fr\/impliquez-vous\/reseau-dorganisations-oeuvrant-pour-la-diversite-et-linclusion-de-lepso\/\" target=\"_blank\" rel=\"noopener\">En savoir plus<\/a><\/strong><\/span><\/p><\/blockquote>\n","protected":false},"excerpt":{"rendered":"<p>Forum Europ\u00e9en des Personnes Handicap\u00e9es Le Forum Europ\u00e9en des Personnes Handicap\u00e9es (FEPH) est une organisation non gouvernementale ind\u00e9pendante repr\u00e9sentant les int\u00e9r\u00eats de 80 millions de personnes handicap\u00e9es. C\u2019est la seule &hellip; <\/p>\n<p class=\"link-more\"><a href=\"https:\/\/www.autismeurope.org\/fr\/qui-sommes-nous\/affiliations\/\" class=\"more-link\">Continue reading<span class=\"screen-reader-text\"> \u00ab\u00a0Affiliations\u00a0\u00bb<\/span><\/a><\/p>\n","protected":false},"author":32,"featured_media":0,"parent":106,"menu_order":5,"comment_status":"closed","ping_status":"closed","template":"","meta":{"_acf_changed":false,"_bbp_topic_count":0,"_bbp_reply_count":0,"_bbp_total_topic_count":0,"_bbp_total_reply_count":0,"_bbp_voice_count":0,"_bbp_anonymous_reply_count":0,"_bbp_topic_count_hidden":0,"_bbp_reply_count_hidden":0,"_bbp_forum_subforum_count":0,"footnotes":""},"class_list":["post-3863","page","type-page","status-publish","hentry"],"acf":[],"_links":{"self":[{"href":"https:\/\/www.autismeurope.org\/fr\/wp-json\/wp\/v2\/pages\/3863","targetHints":{"allow":["GET"]}}],"collection":[{"href":"https:\/\/www.autismeurope.org\/fr\/wp-json\/wp\/v2\/pages"}],"about":[{"href":"https:\/\/www.autismeurope.org\/fr\/wp-json\/wp\/v2\/types\/page"}],"author":[{"embeddable":true,"href":"https:\/\/www.autismeurope.org\/fr\/wp-json\/wp\/v2\/users\/32"}],"replies":[{"embeddable":true,"href":"https:\/\/www.autismeurope.org\/fr\/wp-json\/wp\/v2\/comments?post=3863"}],"version-history":[{"count":9,"href":"https:\/\/www.autismeurope.org\/fr\/wp-json\/wp\/v2\/pages\/3863\/revisions"}],"predecessor-version":[{"id":46048,"href":"https:\/\/www.autismeurope.org\/fr\/wp-json\/wp\/v2\/pages\/3863\/revisions\/46048"}],"up":[{"embeddable":true,"href":"https:\/\/www.autismeurope.org\/fr\/wp-json\/wp\/v2\/pages\/106"}],"wp:attachment":[{"href":"https:\/\/www.autismeurope.org\/fr\/wp-json\/wp\/v2\/media?parent=3863"}],"curies":[{"name":"wp","href":"https:\/\/api.w.org\/{rel}","templated":true}]}}