{"id":3865,"date":"2017-09-14T14:45:48","date_gmt":"2017-09-14T12:45:48","guid":{"rendered":"http:\/\/autismeurope.akimedia.eu\/fr\/?page_id=3865"},"modified":"2024-11-13T14:39:31","modified_gmt":"2024-11-13T13:39:31","slug":"nos-supporteurs","status":"publish","type":"page","link":"https:\/\/www.autismeurope.org\/fr\/qui-sommes-nous\/nos-supporteurs\/","title":{"rendered":"Nos supporteurs"},"content":{"rendered":"<p><span style=\"font-size: 12pt\">Le programme contribue au d\u00e9veloppement d&rsquo;un domaine o\u00f9 l&rsquo;\u00e9galit\u00e9 et les droits des personnes, tels qu&rsquo;ils sont \u00e9nonc\u00e9s dans le Trait\u00e9, la Charte et les conventions internationales relatives aux droits de l&rsquo;homme, sont promus et prot\u00e9g\u00e9s. Ses neuf objectifs sp\u00e9cifiques sont les suivants:<\/span><\/p>\n<ul>\n<li><span style=\"font-size: 12pt\">Promouvoir la non-discrimination<\/span><\/li>\n<li><span style=\"font-size: 12pt\">Combattre le racisme, la x\u00e9nophobie, l&rsquo;homophobie et d&rsquo;autres formes d&rsquo;intol\u00e9rance<\/span><\/li>\n<li><span style=\"font-size: 12pt\">Promouvoir les droits des personnes handicap\u00e9es<\/span><\/li>\n<li><span style=\"font-size: 12pt\">Promouvoir l&rsquo;\u00e9galit\u00e9 entre les femmes et les hommes et l&rsquo;int\u00e9gration de la dimension de genre<\/span><\/li>\n<li><span style=\"font-size: 12pt\">Emp\u00eacher la violence \u00e0 l&rsquo;\u00e9gard des enfants, des jeunes, des femmes et d&rsquo;autres groupes \u00e0 risque (Daphne)<\/span><\/li>\n<li><span style=\"font-size: 12pt\">Promouvoir les droits de l&rsquo;enfant<\/span><\/li>\n<li><span style=\"font-size: 12pt\">Assurer le plus haut niveau de protection des donn\u00e9es<\/span><\/li>\n<li><span style=\"font-size: 12pt\">Promouvoir les droits li\u00e9s \u00e0 la citoyennet\u00e9 de l&rsquo;Union europ\u00e9enne<\/span><\/li>\n<li><span style=\"font-size: 12pt\">Faire respecter les droits des consommateurs<\/span><\/li>\n<\/ul>\n<p><span style=\"font-size: 12pt\">Les informations contenues sur ce site ne refl\u00e8tent pas n\u00e9cessairement le point de vue ou les avis de la Commission europ\u00e9enne.<\/span><\/p>\n<blockquote><p><span style=\"font-size: 12pt\"><strong><a href=\"https:\/\/publications.europa.eu\/en\/publication-detail\/-\/publication\/bfbbd566-db37-4eff-85c2-b68b0b223b19\" target=\"_blank\" rel=\"noopener\">T\u00e9l\u00e9charger le d\u00e9pliant du programme 2014-2020 sur les droits, l&rsquo;\u00e9galit\u00e9 et la citoyennet\u00e9 de l&rsquo;UE dans toutes les langues de l&rsquo;UE<\/a><\/strong><\/span><\/p><\/blockquote>\n","protected":false},"excerpt":{"rendered":"<p>Le programme contribue au d\u00e9veloppement d&rsquo;un domaine o\u00f9 l&rsquo;\u00e9galit\u00e9 et les droits des personnes, tels qu&rsquo;ils sont \u00e9nonc\u00e9s dans le Trait\u00e9, la Charte et les conventions internationales relatives aux droits &hellip; <\/p>\n<p class=\"link-more\"><a href=\"https:\/\/www.autismeurope.org\/fr\/qui-sommes-nous\/nos-supporteurs\/\" class=\"more-link\">Continue reading<span class=\"screen-reader-text\"> \u00ab\u00a0Nos supporteurs\u00a0\u00bb<\/span><\/a><\/p>\n","protected":false},"author":32,"featured_media":0,"parent":106,"menu_order":6,"comment_status":"closed","ping_status":"closed","template":"","meta":{"_acf_changed":false,"_bbp_topic_count":0,"_bbp_reply_count":0,"_bbp_total_topic_count":0,"_bbp_total_reply_count":0,"_bbp_voice_count":0,"_bbp_anonymous_reply_count":0,"_bbp_topic_count_hidden":0,"_bbp_reply_count_hidden":0,"_bbp_forum_subforum_count":0,"footnotes":""},"class_list":["post-3865","page","type-page","status-publish","hentry"],"acf":[],"_links":{"self":[{"href":"https:\/\/www.autismeurope.org\/fr\/wp-json\/wp\/v2\/pages\/3865","targetHints":{"allow":["GET"]}}],"collection":[{"href":"https:\/\/www.autismeurope.org\/fr\/wp-json\/wp\/v2\/pages"}],"about":[{"href":"https:\/\/www.autismeurope.org\/fr\/wp-json\/wp\/v2\/types\/page"}],"author":[{"embeddable":true,"href":"https:\/\/www.autismeurope.org\/fr\/wp-json\/wp\/v2\/users\/32"}],"replies":[{"embeddable":true,"href":"https:\/\/www.autismeurope.org\/fr\/wp-json\/wp\/v2\/comments?post=3865"}],"version-history":[{"count":5,"href":"https:\/\/www.autismeurope.org\/fr\/wp-json\/wp\/v2\/pages\/3865\/revisions"}],"predecessor-version":[{"id":49884,"href":"https:\/\/www.autismeurope.org\/fr\/wp-json\/wp\/v2\/pages\/3865\/revisions\/49884"}],"up":[{"embeddable":true,"href":"https:\/\/www.autismeurope.org\/fr\/wp-json\/wp\/v2\/pages\/106"}],"wp:attachment":[{"href":"https:\/\/www.autismeurope.org\/fr\/wp-json\/wp\/v2\/media?parent=3865"}],"curies":[{"name":"wp","href":"https:\/\/api.w.org\/{rel}","templated":true}]}}