{"id":3881,"date":"2017-09-14T16:35:44","date_gmt":"2017-09-14T14:35:44","guid":{"rendered":"http:\/\/autismeurope.akimedia.eu\/fr\/?page_id=3881"},"modified":"2019-06-18T11:38:07","modified_gmt":"2019-06-18T09:38:07","slug":"devenir-membre","status":"publish","type":"page","link":"https:\/\/www.autismeurope.org\/fr\/impliquez-vous\/adhesion\/devenir-membre\/","title":{"rendered":"Devenir membre"},"content":{"rendered":"<p><strong><span style=\"font-size: 12pt\">Si vous souhaitez devenir membre :<\/span><\/strong><\/p>\n<ul>\n<li>\n<blockquote><p><strong><span style=\"font-size: 12pt\"> Veuillez nous envoyer un e-mail \u00e0 secretariat@autismeurope.org avec vos donn\u00e9es de contact (nom, pr\u00e9nom, e-mail, adresse postale), votre choix de langue (anglais ou fran\u00e7ais) et la m\u00e9thode de paiement choisie (PayPal ou virement bancaire).<\/span><\/strong><\/p><\/blockquote>\n<\/li>\n<li>\n<blockquote><p><strong><a href=\"https:\/\/www.autismeurope.org\/fr\/impliquez-vous\/adhesion\/paiement-cotisation\/\" target=\"_blank\" rel=\"noopener noreferrer\"><span style=\"font-size: 12pt\">Cliquez ici pour payer votre cotisation\u00a0<\/span><\/a><\/strong><\/p><\/blockquote>\n<\/li>\n<\/ul>\n<p><span style=\"font-size: 12pt\">Nous vous enverrons une confirmation sur r\u00e9ception de votre paiement. Veuillez noter que l\u2019adh\u00e9sion est bas\u00e9e sur l\u2019ann\u00e9e civile et court de janvier \u00e0 d\u00e9cembre.<\/span><\/p>\n<p><strong><span style=\"font-size: 12pt\">Autisme-Europe compte les cat\u00e9gories de membres suivantes :<\/span><\/strong><\/p>\n<h2><span style=\"font-size: 14pt\">Membre individuel<\/span><\/h2>\n<p><span style=\"font-size: 12pt\">Vous pouvez soutenir les actions d\u2019Autisme-Europe en faveur des personnes autistes en devenant membre individuel. La cotisation annuelle est de \u20ac30 et comprend l\u2019abonnement d\u2019un an \u00e0 notre magazine semetrielle LINK.<\/span><\/p>\n<h2><span style=\"font-size: 14pt\">Membre d\u2019honneur\u00a0<\/span><\/h2>\n<p><span style=\"font-size: 12pt\">La cotisation annuelle pour les membres d\u2019honneur est de 150\u20ac. Les membres d&rsquo;honneur sont des personnes morales, soci\u00e9t\u00e9s commerciales ou personnes physiques d\u00e9sirant marquer leur soutien particulier \u00e0 l\u2019action d\u2019Autisme-Europe. L\u2019abonnement d\u2019un an \u00e0 notre magazine semetrielle LINK est compris.<\/span><\/p>\n<p><span style=\"font-size: 12pt\">Les membres individuels et les membres d\u2019honneur disposent chacun d\u2019une voix (vote direct ou par procuration).<\/span><\/p>\n<h2><span style=\"font-size: 14pt\">Association membre<\/span><\/h2>\n<p><span style=\"font-size: 12pt\">En tant qu&rsquo;organisation, il est \u00e9galement possible de devenir membre (membre effectif, membre affili\u00e9, membre associ\u00e9 ou membre non europ\u00e9en). Vous pouvez <a href=\"http:\/\/www.autismeurope.org\/fr\/impliquez-vous\/adhesion\/\" target=\"_blank\" rel=\"noopener noreferrer\">en savoir plus sur la proc\u00e9dure en cliquant ici<\/a>.<\/span><\/p>\n","protected":false},"excerpt":{"rendered":"<p>Si vous souhaitez devenir membre : Veuillez nous envoyer un e-mail \u00e0 secretariat@autismeurope.org avec vos donn\u00e9es de contact (nom, pr\u00e9nom, e-mail, adresse postale), votre choix de langue (anglais ou fran\u00e7ais) &hellip; <\/p>\n<p class=\"link-more\"><a href=\"https:\/\/www.autismeurope.org\/fr\/impliquez-vous\/adhesion\/devenir-membre\/\" class=\"more-link\">Continue reading<span class=\"screen-reader-text\"> \u00ab\u00a0Devenir membre\u00a0\u00bb<\/span><\/a><\/p>\n","protected":false},"author":32,"featured_media":0,"parent":3884,"menu_order":0,"comment_status":"closed","ping_status":"closed","template":"","meta":{"_acf_changed":false,"_bbp_topic_count":0,"_bbp_reply_count":0,"_bbp_total_topic_count":0,"_bbp_total_reply_count":0,"_bbp_voice_count":0,"_bbp_anonymous_reply_count":0,"_bbp_topic_count_hidden":0,"_bbp_reply_count_hidden":0,"_bbp_forum_subforum_count":0,"footnotes":""},"class_list":["post-3881","page","type-page","status-publish","hentry"],"acf":[],"_links":{"self":[{"href":"https:\/\/www.autismeurope.org\/fr\/wp-json\/wp\/v2\/pages\/3881","targetHints":{"allow":["GET"]}}],"collection":[{"href":"https:\/\/www.autismeurope.org\/fr\/wp-json\/wp\/v2\/pages"}],"about":[{"href":"https:\/\/www.autismeurope.org\/fr\/wp-json\/wp\/v2\/types\/page"}],"author":[{"embeddable":true,"href":"https:\/\/www.autismeurope.org\/fr\/wp-json\/wp\/v2\/users\/32"}],"replies":[{"embeddable":true,"href":"https:\/\/www.autismeurope.org\/fr\/wp-json\/wp\/v2\/comments?post=3881"}],"version-history":[{"count":12,"href":"https:\/\/www.autismeurope.org\/fr\/wp-json\/wp\/v2\/pages\/3881\/revisions"}],"predecessor-version":[{"id":31893,"href":"https:\/\/www.autismeurope.org\/fr\/wp-json\/wp\/v2\/pages\/3881\/revisions\/31893"}],"up":[{"embeddable":true,"href":"https:\/\/www.autismeurope.org\/fr\/wp-json\/wp\/v2\/pages\/3884"}],"wp:attachment":[{"href":"https:\/\/www.autismeurope.org\/fr\/wp-json\/wp\/v2\/media?parent=3881"}],"curies":[{"name":"wp","href":"https:\/\/api.w.org\/{rel}","templated":true}]}}