{"id":3922,"date":"2017-09-19T15:11:29","date_gmt":"2017-09-19T13:11:29","guid":{"rendered":"http:\/\/autismeurope.akimedia.eu\/fr\/?page_id=3922"},"modified":"2019-03-15T16:32:03","modified_gmt":"2019-03-15T15:32:03","slug":"taux-de-prevalence","status":"publish","type":"page","link":"https:\/\/www.autismeurope.org\/fr\/a-propos-dautism-europe\/taux-de-prevalence\/","title":{"rendered":"Pr\u00e9valence de l&rsquo;autisme"},"content":{"rendered":"<p><span style=\"font-size: 12pt\">Au cours des trente derni\u00e8res ann\u00e9es, le nombre de cas rapport\u00e9s d\u2019autisme a augment\u00e9 rapidement dans tous les pays o\u00f9 des \u00e9tudes de pr\u00e9valence ont \u00e9t\u00e9 men\u00e9es.<\/span><\/p>\n<p><span style=\"font-size: 12pt\">Cette augmentation est en partie due \u00e0\u00a0:<\/span><\/p>\n<ul>\n<li><span style=\"font-size: 12pt\">une meilleure sensibilisation \u00e0 l\u2019autisme aupr\u00e8s des professionnels de la sant\u00e9, des parents et de l\u2019ensemble de la population\u00a0;<\/span><\/li>\n<li><span style=\"font-size: 12pt\">des changements apport\u00e9s aux crit\u00e8res de diagnostic de l\u2019autisme\u00a0;<\/span><\/li>\n<li><span style=\"font-size: 12pt\">un diagnostic plus pr\u00e9coce de l\u2019autisme\u00a0;<\/span><\/li>\n<li><span style=\"font-size: 12pt\">des variables d\u00e9mographiques et g\u00e9ographiques.<\/span><\/li>\n<\/ul>\n<p><span style=\"font-size: 12pt\">Des facteurs environnementaux peuvent \u00e9galement contribuer \u00e0 l\u2019augmentation de la pr\u00e9valence de l\u2019autisme. Cet aspect n\u00e9cessite cependant des recherches plus approfondies.<\/span><\/p>\n<p><span style=\"font-size: 12pt\">D\u2019autres \u00e9tudes ont trouv\u00e9 des taux de pr\u00e9valence plus faibles ou plus \u00e9lev\u00e9s. Ceci est \u00e0 pr\u00e9voir, \u00e9tant donn\u00e9 que les \u00e9tudes de pr\u00e9valence varient selon leur m\u00e9thode scientifique et que la plupart se basent sur un \u00e9chantillon limit\u00e9 de la population d\u2019un pays plut\u00f4t que sur des statistiques nationales.<\/span><\/p>\n<p><span style=\"font-size: 12pt\"><a href=\"http:\/\/asdeu.eu\/\" target=\"_blank\" rel=\"noopener noreferrer\">L&rsquo;ASDEU<\/a> a r\u00e9cemment men\u00e9 une s\u00e9rie d&rsquo;<a href=\"http:\/\/asdeu.eu\/wp-content\/uploads\/2016\/12\/WP1_Prevalence_13_7_18_MP.pdf\" target=\"_blank\" rel=\"noopener noreferrer\">\u00e9tudes pilotes sur la pr\u00e9valence de l&rsquo;autisme<\/a> et a \u00e9mis des recommandations en vue d\u2019am\u00e9liorer la recherche sur la pr\u00e9valence de l&rsquo;autisme en Europe.<\/span><\/p>\n<p><span style=\"font-size: 8pt\">* Elsabbagh et al. 2012; Fombonne, 2011; ADDM 2012; Mattila et al. 2011; Saemundsen et al. 2013; Baird et al. 2011.<\/span><\/p>\n","protected":false},"excerpt":{"rendered":"<p>Au cours des trente derni\u00e8res ann\u00e9es, le nombre de cas rapport\u00e9s d\u2019autisme a augment\u00e9 rapidement dans tous les pays o\u00f9 des \u00e9tudes de pr\u00e9valence ont \u00e9t\u00e9 men\u00e9es. Cette augmentation est &hellip; <\/p>\n<p class=\"link-more\"><a href=\"https:\/\/www.autismeurope.org\/fr\/a-propos-dautism-europe\/taux-de-prevalence\/\" class=\"more-link\">Continue reading<span class=\"screen-reader-text\"> \u00ab\u00a0Pr\u00e9valence de l&rsquo;autisme\u00a0\u00bb<\/span><\/a><\/p>\n","protected":false},"author":32,"featured_media":0,"parent":28,"menu_order":2,"comment_status":"closed","ping_status":"closed","template":"","meta":{"_acf_changed":false,"_bbp_topic_count":0,"_bbp_reply_count":0,"_bbp_total_topic_count":0,"_bbp_total_reply_count":0,"_bbp_voice_count":0,"_bbp_anonymous_reply_count":0,"_bbp_topic_count_hidden":0,"_bbp_reply_count_hidden":0,"_bbp_forum_subforum_count":0,"footnotes":""},"class_list":["post-3922","page","type-page","status-publish","hentry"],"acf":[],"_links":{"self":[{"href":"https:\/\/www.autismeurope.org\/fr\/wp-json\/wp\/v2\/pages\/3922","targetHints":{"allow":["GET"]}}],"collection":[{"href":"https:\/\/www.autismeurope.org\/fr\/wp-json\/wp\/v2\/pages"}],"about":[{"href":"https:\/\/www.autismeurope.org\/fr\/wp-json\/wp\/v2\/types\/page"}],"author":[{"embeddable":true,"href":"https:\/\/www.autismeurope.org\/fr\/wp-json\/wp\/v2\/users\/32"}],"replies":[{"embeddable":true,"href":"https:\/\/www.autismeurope.org\/fr\/wp-json\/wp\/v2\/comments?post=3922"}],"version-history":[{"count":5,"href":"https:\/\/www.autismeurope.org\/fr\/wp-json\/wp\/v2\/pages\/3922\/revisions"}],"predecessor-version":[{"id":30160,"href":"https:\/\/www.autismeurope.org\/fr\/wp-json\/wp\/v2\/pages\/3922\/revisions\/30160"}],"up":[{"embeddable":true,"href":"https:\/\/www.autismeurope.org\/fr\/wp-json\/wp\/v2\/pages\/28"}],"wp:attachment":[{"href":"https:\/\/www.autismeurope.org\/fr\/wp-json\/wp\/v2\/media?parent=3922"}],"curies":[{"name":"wp","href":"https:\/\/api.w.org\/{rel}","templated":true}]}}