{"id":3924,"date":"2017-09-19T15:16:44","date_gmt":"2017-09-19T13:16:44","guid":{"rendered":"http:\/\/autismeurope.akimedia.eu\/fr\/?page_id=3924"},"modified":"2018-04-09T09:04:47","modified_gmt":"2018-04-09T07:04:47","slug":"lautisme-a-travers-leurope","status":"publish","type":"page","link":"https:\/\/www.autismeurope.org\/fr\/a-propos-dautism-europe\/lautisme-a-travers-leurope\/","title":{"rendered":"L&rsquo;autisme \u00e0 travers l&rsquo;Europe"},"content":{"rendered":"<p><span style=\"font-size: 12pt\">Les l\u00e9gislations relatives \u00e0 l\u2019autisme dans les diff\u00e9rents Etats membres varient par leur forme et leur champ d\u2019application\u00a0: il peut s\u2019agir de simples politiques ayant trait \u00e0 un domaine sp\u00e9cifique tout comme des strat\u00e9gies ou des plans nationaux de l\u2019autisme qui englobent tous les domaines. Il existe aussi des divergences dans la capacit\u00e9 des Etats membres \u00e0 mettre en \u0153uvre leur politique. Dans les pays s\u00e9v\u00e8rement affect\u00e9s par la crise financi\u00e8re, la mise en place de politiques de l\u2019autisme s\u2019inscrit dans un contexte o\u00f9 le taux de ch\u00f4mage est \u00e9lev\u00e9 et o\u00f9 les services manquent de financement.<\/span><\/p>\n<p><span style=\"font-size: 12pt\">La ratification de la Convention des Nations Unies relative aux Droits des Personnes Handicap\u00e9es (CNUDPH) par l\u2019UE et par l\u2019ensemble les Etats membres, \u00e0 l\u2019exception d\u2019un Etat membre, a eu un impact \u00e9vident sur les prestations de services aux personnes autistes. L\u2019un des effets les plus marquants est la d\u00e9sinstitutionnalisation progressive induite sur le continent, conform\u00e9ment \u00e0 l\u2019article 19 de la CNUDPH <a href=\"http:\/\/autismeurope.akimedia.eu\/about-autism\/autism-across-europe\/#_ftn2\">[2]<\/a>. Dans presque tous les Etats membres, on constate une meilleure inclusion des enfants handicap\u00e9s dans les milieux \u00e9ducatifs ordinaires ainsi que des mesures pour aider les personnes handicap\u00e9es \u00e0 acc\u00e9der au march\u00e9 du travail.<\/span><\/p>\n<p><span style=\"font-size: 12pt\">En outre, pour pr\u00e9parer la ratification de la convention, presque tous les Etats membres ont introduit des strat\u00e9gies nationales du handicap et des r\u00e9formes de la l\u00e9gislation existantes. Au niveau europ\u00e9en, la ratification de la CNUDPH en 2010 a d\u00e9bouch\u00e9 sur la cr\u00e9ation de la Strat\u00e9gie 2010-2020 en faveur des personnes handicap\u00e9es. Cependant, en d\u00e9pit d\u2019un appel \u00e0 l\u2019action du Parlement europ\u00e9en, la Commission n\u2019a pas encore pr\u00e9vu de strat\u00e9gie sp\u00e9cifique pour l\u2019autisme, comme l\u2019a r\u00e9clam\u00e9 Autisme-Europe dans le pass\u00e9 et continue de le faire.<\/span><\/p>\n<p><span style=\"font-size: 12pt\">En d\u00e9pit des disparit\u00e9s dans la fa\u00e7on dont est fourni le soutien aux personnes autistes \u00e0 travers l\u2019UE, plusieurs points communs subsistent. Dans tous les Etats membres, les personnes handicap\u00e9es ont consid\u00e9rablement moins de chances de quitter l\u2019\u00e9cole avec une qualification, d\u2019aller \u00e0 l\u2019universit\u00e9 ou de trouver un emploi. Elles sont \u00e9galement plus vuln\u00e9rables \u00e0 la pr\u00e9carit\u00e9 que la population moyenne. Une communication claire entre les prestataires de services et les personnes handicap\u00e9es est une question r\u00e9currente et une meilleure formation pour le personnel amen\u00e9 \u00e0 travailler avec des personnes autistes et handicap\u00e9es apparait n\u00e9cessaire dans tous les services publics.<\/span><\/p>\n<blockquote><p><span style=\"font-size: 12pt\"><strong>Information en lien avec cette page:\u00a0<\/strong><\/span><\/p>\n<p><span style=\"font-size: 12pt\"><strong><a href=\"http:\/\/autismeurope.akimedia.eu\/programme-asdeu-autism-spectrum-disorders-in-the-european-union-2015-2017\/\" target=\"_blank\" rel=\"noopener\">Programme:\u00a0ASDEU\u00a0\u2013 les troubles du spectre autistique dans l\u2019Union europ\u00e9enne (2015- 2017)<\/a><\/strong><\/span><\/p><\/blockquote>\n<p><span style=\"font-size: 8pt\"><a href=\"http:\/\/autismeurope.akimedia.eu\/about-autism\/autism-across-europe\/#_ftnref1\">[1]<\/a>\u00a0Della Fina, V. and Cera, R., (2015).\u00a0<em>Protecting the Rights of People with Autism in the Fields of Education and Employment: International, European and National Perspectives.<\/em>\u00a0Springer Open, Suisse.<\/span><br \/>\n<span style=\"font-size: 8pt\"> <a href=\"http:\/\/autismeurope.akimedia.eu\/about-autism\/autism-across-europe\/#_ftnref2\">[2]<\/a>\u00a0Disponible \u00e0 ce lien\u00a0:\u00a0<a href=\"http:\/\/www.un.org\/disabilities\/convention\/conventionfull.shtml\">http:\/\/www.un.org\/disabilities\/convention\/conventionfull.shtml<\/a>\u00a0[Accessed 12\/07\/2016]<\/span><\/p>\n","protected":false},"excerpt":{"rendered":"<p>Les l\u00e9gislations relatives \u00e0 l\u2019autisme dans les diff\u00e9rents Etats membres varient par leur forme et leur champ d\u2019application\u00a0: il peut s\u2019agir de simples politiques ayant trait \u00e0 un domaine sp\u00e9cifique &hellip; <\/p>\n<p class=\"link-more\"><a href=\"https:\/\/www.autismeurope.org\/fr\/a-propos-dautism-europe\/lautisme-a-travers-leurope\/\" class=\"more-link\">Continue reading<span class=\"screen-reader-text\"> \u00ab\u00a0L&rsquo;autisme \u00e0 travers l&rsquo;Europe\u00a0\u00bb<\/span><\/a><\/p>\n","protected":false},"author":32,"featured_media":0,"parent":28,"menu_order":3,"comment_status":"closed","ping_status":"closed","template":"","meta":{"_acf_changed":false,"_bbp_topic_count":0,"_bbp_reply_count":0,"_bbp_total_topic_count":0,"_bbp_total_reply_count":0,"_bbp_voice_count":0,"_bbp_anonymous_reply_count":0,"_bbp_topic_count_hidden":0,"_bbp_reply_count_hidden":0,"_bbp_forum_subforum_count":0,"footnotes":""},"class_list":["post-3924","page","type-page","status-publish","hentry"],"acf":[],"_links":{"self":[{"href":"https:\/\/www.autismeurope.org\/fr\/wp-json\/wp\/v2\/pages\/3924","targetHints":{"allow":["GET"]}}],"collection":[{"href":"https:\/\/www.autismeurope.org\/fr\/wp-json\/wp\/v2\/pages"}],"about":[{"href":"https:\/\/www.autismeurope.org\/fr\/wp-json\/wp\/v2\/types\/page"}],"author":[{"embeddable":true,"href":"https:\/\/www.autismeurope.org\/fr\/wp-json\/wp\/v2\/users\/32"}],"replies":[{"embeddable":true,"href":"https:\/\/www.autismeurope.org\/fr\/wp-json\/wp\/v2\/comments?post=3924"}],"version-history":[{"count":3,"href":"https:\/\/www.autismeurope.org\/fr\/wp-json\/wp\/v2\/pages\/3924\/revisions"}],"predecessor-version":[{"id":4066,"href":"https:\/\/www.autismeurope.org\/fr\/wp-json\/wp\/v2\/pages\/3924\/revisions\/4066"}],"up":[{"embeddable":true,"href":"https:\/\/www.autismeurope.org\/fr\/wp-json\/wp\/v2\/pages\/28"}],"wp:attachment":[{"href":"https:\/\/www.autismeurope.org\/fr\/wp-json\/wp\/v2\/media?parent=3924"}],"curies":[{"name":"wp","href":"https:\/\/api.w.org\/{rel}","templated":true}]}}