{"id":3927,"date":"2017-09-19T15:19:46","date_gmt":"2017-09-19T13:19:46","guid":{"rendered":"http:\/\/autismeurope.akimedia.eu\/fr\/?page_id=3927"},"modified":"2022-07-07T15:41:58","modified_gmt":"2022-07-07T13:41:58","slug":"guides-internationales","status":"publish","type":"page","link":"https:\/\/www.autismeurope.org\/fr\/a-propos-dautism-europe\/guides-internationales\/","title":{"rendered":"l-Lignes directrices internationales"},"content":{"rendered":"<h2><span style=\"font-size: 14pt\"><strong>Publications\u00a0<\/strong><\/span><\/h2>\n<blockquote><p><span style=\"font-size: 12pt\"><strong><a href=\"http:\/\/www.autismeurope.org\/fr\/blog\/2017\/12\/21\/trouble-du-spectre-de-lautisme-interventions-et-parcours-de-vie-de-ladulte\/\" target=\"_blank\" rel=\"noopener noreferrer\">Trouble du spectre de l&rsquo;autisme : Interventions et parcours de vie de l&rsquo;adulte- Recommandations de bonnes pratiques professionnelles<\/a><\/strong><\/span><\/p>\n<p><span style=\"font-size: 12pt\"><a href=\"http:\/\/www.autismeurope.org\/fr\/blog\/2016\/10\/17\/boite_a_outils_pour_professionnels\/\" target=\"_blank\" rel=\"noopener noreferrer\"><strong>Bo\u00eete \u00e0 outils d\u2019interventions pour les adultes avec autisme destin\u00e9e aux professionnels<\/strong><\/a><\/span><\/p>\n<p><span style=\"font-size: 12pt\"><a href=\"http:\/\/www.autismeurope.org\/fr\/blog\/2014\/02\/28\/parametre-de-pratique-pour-levaluation-et-le-traitement-des-enfants-autistes\/\" target=\"_blank\" rel=\"noopener noreferrer\"><strong>Param\u00e8tre de pratique pour l\u2019\u00e9valuation et le traitement des enfants autistes<\/strong><\/a><\/span><\/p>\n<p><span style=\"font-size: 12pt\"><a href=\"http:\/\/www.autismeurope.org\/fr\/blog\/2014\/10\/12\/autisme-gerer-et-soutenir-des-enfants-et-des-jeunes-sur-le-spectre-de-lautisme\/\" target=\"_blank\" rel=\"noopener noreferrer\"><strong>Autisme. G\u00e9rer et soutenir des enfants et des jeunes sur le spectre de l\u2019autisme<\/strong><\/a><\/span><\/p>\n<p><span style=\"font-size: 12pt\"><a href=\"http:\/\/www.autismeurope.org\/fr\/blog\/2015\/12\/15\/troubles-du-spectre-autistique-chapitre-c-2-iacapap\/\" target=\"_blank\" rel=\"noopener noreferrer\"><strong>Troubles du spectre autistique \u2013 Chapitre C.2 IACAPAP<\/strong><\/a><\/span><\/p>\n<p><span style=\"font-size: 12pt\"><a href=\"http:\/\/www.autismeurope.org\/fr\/blog\/2012\/11\/10\/troubles-du-spectre-autistique-guide-des-interventions-basees-sur-la-preuve\/\" target=\"_blank\" rel=\"noopener noreferrer\"><strong>Troubles du spectre autistique : Guide des interventions bas\u00e9es sur la preuve<\/strong><\/a><\/span><\/p>\n<p><span style=\"font-size: 12pt\"><a href=\"http:\/\/www.autismeurope.org\/fr\/blog\/2012\/11\/15\/autisme-reconnaissance-reference-diagnostic-et-prise-en-charge-des-adultes-autistes\/\" target=\"_blank\" rel=\"noopener noreferrer\"><strong>Autisme : reconnaissance, r\u00e9f\u00e9rence, diagnostic et prise en charge des adultes autistes<\/strong><\/a><\/span><\/p>\n<p><a href=\"https:\/\/www.autismeurope.org\/fr\/blog\/2019\/09\/16\/les-personnes-avec-autisme-identification-comprehension-intervention-troisieme-edition\/\" target=\"_blank\" rel=\"noopener noreferrer\"><span style=\"font-size: 12pt\"><strong>Les personnes atteintes d\u2019autisme : Identification, Compr\u00e9hension, Intervention- Troisi\u00e8me \u00e9dition (2019)<\/strong><\/span><\/a><\/p>\n<p><span style=\"font-size: 12pt\"><a href=\"http:\/\/www.autismeurope.org\/fr\/blog\/2007\/10\/15\/evaluation-diagnostic-et-interventions-cliniques-pour-lautisme\/\" target=\"_blank\" rel=\"noopener noreferrer\"><strong>\u00c9valuation, diagnostic et interventions cliniques pour l\u2019autisme<\/strong><\/a><\/span><\/p>\n<p><span style=\"font-size: 12pt\"><a href=\"http:\/\/www.autismeurope.org\/wp-admin\/post.php?post=26734&amp;action=edit&amp;lang=fr\" target=\"_blank\" rel=\"noopener noreferrer\"><strong>Management of Autism in Children and Young People : a good clinical practice guideline (Belgique 2014)<\/strong><\/a><\/span><\/p>\n<p><strong><span style=\"font-size: 12pt\"><a href=\"https:\/\/www.autismeurope.org\/fr\/blog\/2020\/07\/01\/guide-pratique-de-lescap-pour-lautisme-une-synthese-des-recommandations-fondees-sur-des-donnees-probantes-pour-le-diagnostic-et-le-traitement\/\" target=\"_blank\" rel=\"noopener noreferrer\">Guide pratique de l\u2019ESCAP pour l\u2019autisme: une synth\u00e8se des recommandations fond\u00e9es sur des donn\u00e9es probantes pour le diagnostic et le traitement- 2020<\/a><\/span><\/strong><\/p><\/blockquote>\n","protected":false},"excerpt":{"rendered":"<p>Publications\u00a0 Trouble du spectre de l&rsquo;autisme : Interventions et parcours de vie de l&rsquo;adulte- Recommandations de bonnes pratiques professionnelles Bo\u00eete \u00e0 outils d\u2019interventions pour les adultes avec autisme destin\u00e9e aux &hellip; <\/p>\n<p class=\"link-more\"><a href=\"https:\/\/www.autismeurope.org\/fr\/a-propos-dautism-europe\/guides-internationales\/\" class=\"more-link\">Continue reading<span class=\"screen-reader-text\"> \u00ab\u00a0l-Lignes directrices internationales\u00a0\u00bb<\/span><\/a><\/p>\n","protected":false},"author":32,"featured_media":0,"parent":28,"menu_order":4,"comment_status":"closed","ping_status":"closed","template":"","meta":{"_acf_changed":false,"_bbp_topic_count":0,"_bbp_reply_count":0,"_bbp_total_topic_count":0,"_bbp_total_reply_count":0,"_bbp_voice_count":0,"_bbp_anonymous_reply_count":0,"_bbp_topic_count_hidden":0,"_bbp_reply_count_hidden":0,"_bbp_forum_subforum_count":0,"footnotes":""},"class_list":["post-3927","page","type-page","status-publish","hentry"],"acf":[],"_links":{"self":[{"href":"https:\/\/www.autismeurope.org\/fr\/wp-json\/wp\/v2\/pages\/3927","targetHints":{"allow":["GET"]}}],"collection":[{"href":"https:\/\/www.autismeurope.org\/fr\/wp-json\/wp\/v2\/pages"}],"about":[{"href":"https:\/\/www.autismeurope.org\/fr\/wp-json\/wp\/v2\/types\/page"}],"author":[{"embeddable":true,"href":"https:\/\/www.autismeurope.org\/fr\/wp-json\/wp\/v2\/users\/32"}],"replies":[{"embeddable":true,"href":"https:\/\/www.autismeurope.org\/fr\/wp-json\/wp\/v2\/comments?post=3927"}],"version-history":[{"count":11,"href":"https:\/\/www.autismeurope.org\/fr\/wp-json\/wp\/v2\/pages\/3927\/revisions"}],"predecessor-version":[{"id":46937,"href":"https:\/\/www.autismeurope.org\/fr\/wp-json\/wp\/v2\/pages\/3927\/revisions\/46937"}],"up":[{"embeddable":true,"href":"https:\/\/www.autismeurope.org\/fr\/wp-json\/wp\/v2\/pages\/28"}],"wp:attachment":[{"href":"https:\/\/www.autismeurope.org\/fr\/wp-json\/wp\/v2\/media?parent=3927"}],"curies":[{"name":"wp","href":"https:\/\/api.w.org\/{rel}","templated":true}]}}