{"id":3937,"date":"2017-09-19T15:31:39","date_gmt":"2017-09-19T13:31:39","guid":{"rendered":"http:\/\/autismeurope.akimedia.eu\/fr\/?page_id=3937"},"modified":"2017-09-19T15:36:22","modified_gmt":"2017-09-19T13:36:22","slug":"calendrier-des-evenements","status":"publish","type":"page","link":"https:\/\/www.autismeurope.org\/fr\/que-faisons-nous\/calendrier-des-evenements\/","title":{"rendered":"Calendrier des \u00e9v\u00e9nements"},"content":{"rendered":"<blockquote><p><span style=\"font-size: 14pt\"><strong><a href=\"http:\/\/autismeurope.akimedia.eu\/events\/\" target=\"_blank\" rel=\"noopener\">Parcourir le calendrier<\/a><\/strong><\/span><\/p><\/blockquote>\n<h2><span style=\"font-size: 14pt\"><strong>Ev\u00e9nements \u00e0 venir<\/strong><\/span><\/h2>\n<div class=\"ecs-no-events\">Il n\u2019y a pas d\u2019\u00e9v\u00e8nements \u00e0 venir.<\/div>\n","protected":false},"excerpt":{"rendered":"<p>Parcourir le calendrier Ev\u00e9nements \u00e0 venir<\/p>\n","protected":false},"author":32,"featured_media":0,"parent":105,"menu_order":8,"comment_status":"closed","ping_status":"closed","template":"","meta":{"_acf_changed":false,"_bbp_topic_count":0,"_bbp_reply_count":0,"_bbp_total_topic_count":0,"_bbp_total_reply_count":0,"_bbp_voice_count":0,"_bbp_anonymous_reply_count":0,"_bbp_topic_count_hidden":0,"_bbp_reply_count_hidden":0,"_bbp_forum_subforum_count":0,"footnotes":""},"class_list":["post-3937","page","type-page","status-publish","hentry"],"acf":[],"_links":{"self":[{"href":"https:\/\/www.autismeurope.org\/fr\/wp-json\/wp\/v2\/pages\/3937","targetHints":{"allow":["GET"]}}],"collection":[{"href":"https:\/\/www.autismeurope.org\/fr\/wp-json\/wp\/v2\/pages"}],"about":[{"href":"https:\/\/www.autismeurope.org\/fr\/wp-json\/wp\/v2\/types\/page"}],"author":[{"embeddable":true,"href":"https:\/\/www.autismeurope.org\/fr\/wp-json\/wp\/v2\/users\/32"}],"replies":[{"embeddable":true,"href":"https:\/\/www.autismeurope.org\/fr\/wp-json\/wp\/v2\/comments?post=3937"}],"version-history":[{"count":4,"href":"https:\/\/www.autismeurope.org\/fr\/wp-json\/wp\/v2\/pages\/3937\/revisions"}],"predecessor-version":[{"id":3942,"href":"https:\/\/www.autismeurope.org\/fr\/wp-json\/wp\/v2\/pages\/3937\/revisions\/3942"}],"up":[{"embeddable":true,"href":"https:\/\/www.autismeurope.org\/fr\/wp-json\/wp\/v2\/pages\/105"}],"wp:attachment":[{"href":"https:\/\/www.autismeurope.org\/fr\/wp-json\/wp\/v2\/media?parent=3937"}],"curies":[{"name":"wp","href":"https:\/\/api.w.org\/{rel}","templated":true}]}}